{"id":25451,"date":"2024-02-29T19:06:32","date_gmt":"2024-02-29T18:06:32","guid":{"rendered":"https:\/\/jzi.org.pl\/?page_id=25451"},"modified":"2024-02-29T19:16:41","modified_gmt":"2024-02-29T18:16:41","slug":"nalepka-jzi-na-samochod-zvvytmjcvbhkrwc","status":"publish","type":"page","link":"https:\/\/jzi.org.pl\/en\/nalepka-jzi-na-samochod-zvvytmjcvbhkrwc\/","title":{"rendered":"Nalepka JZI na samoch\u00f3d"},"content":{"rendered":"<p>Jest mo\u017cliwo\u015b\u0107 otrzymania nalepki reklamuj\u0105cej JZI na samoch\u00f3d. Nalepka, stanowi\u0105ca kolorystyczn\u0105 wariacj\u0119 logo JZI, jest dyskretna, nie jest krzykliwa. Mo\u017cliwe s\u0105 dwa warianty nalepki: jasnoszara na ciemny samoch\u00f3d i ciemnoszara na jasny samoch\u00f3d. Na zdj\u0119ciach przyk\u0142adowe aran\u017cacje.<\/p>\n<p><a href=\"https:\/\/jzi.org.pl\/wp-content\/uploads\/2024\/02\/samochod-bialy.jpg\"><img loading=\"lazy\" decoding=\"async\" class=\"aligncenter size-medium wp-image-25452\" src=\"https:\/\/jzi.org.pl\/wp-content\/uploads\/2024\/02\/samochod-bialy-300x169.jpg\" alt=\"\" width=\"300\" height=\"169\" srcset=\"https:\/\/jzi.org.pl\/wp-content\/uploads\/2024\/02\/samochod-bialy-300x169.jpg 300w, https:\/\/jzi.org.pl\/wp-content\/uploads\/2024\/02\/samochod-bialy-1024x576.jpg 1024w, https:\/\/jzi.org.pl\/wp-content\/uploads\/2024\/02\/samochod-bialy-768x432.jpg 768w, https:\/\/jzi.org.pl\/wp-content\/uploads\/2024\/02\/samochod-bialy-1536x864.jpg 1536w, https:\/\/jzi.org.pl\/wp-content\/uploads\/2024\/02\/samochod-bialy-18x10.jpg 18w, https:\/\/jzi.org.pl\/wp-content\/uploads\/2024\/02\/samochod-bialy-416x234.jpg 416w, https:\/\/jzi.org.pl\/wp-content\/uploads\/2024\/02\/samochod-bialy.jpg 1920w\" sizes=\"auto, (max-width: 300px) 100vw, 300px\" \/><\/a><\/p>\n<p><a href=\"https:\/\/jzi.org.pl\/wp-content\/uploads\/2024\/02\/samochod-czarny.jpg\"><img loading=\"lazy\" decoding=\"async\" class=\"size-medium wp-image-25453 aligncenter\" src=\"https:\/\/jzi.org.pl\/wp-content\/uploads\/2024\/02\/samochod-czarny-300x169.jpg\" alt=\"\" width=\"300\" height=\"169\" srcset=\"https:\/\/jzi.org.pl\/wp-content\/uploads\/2024\/02\/samochod-czarny-300x169.jpg 300w, https:\/\/jzi.org.pl\/wp-content\/uploads\/2024\/02\/samochod-czarny-1024x576.jpg 1024w, https:\/\/jzi.org.pl\/wp-content\/uploads\/2024\/02\/samochod-czarny-768x432.jpg 768w, https:\/\/jzi.org.pl\/wp-content\/uploads\/2024\/02\/samochod-czarny-18x10.jpg 18w, https:\/\/jzi.org.pl\/wp-content\/uploads\/2024\/02\/samochod-czarny-416x234.jpg 416w, https:\/\/jzi.org.pl\/wp-content\/uploads\/2024\/02\/samochod-czarny.jpg 1365w\" sizes=\"auto, (max-width: 300px) 100vw, 300px\" \/><\/a><\/p>\n<p><span>Adres jzi.org.pl na nalepce mog\u0105 w ci\u0105gu miesi\u0105ca zobaczy\u0107 tysi\u0105ce os\u00f3b, nawet je\u015bli samoch\u00f3d nie stoi w korkach, lecz jest zaparkowany przy ulicy. Dziwaczna nazwa stowarzyszenia (dziwaczna nazwa dla zwyk\u0142ego cz\u0142owieka) mo\u017ce spowodowa\u0107, \u017ce obserwator z ciekawo\u015bci wejdzie na t\u0119 stron\u0119, zaciekawi si\u0119, przeczyta, mo\u017ce znajdzie co\u015b dla siebie. Poza tym u\u017cytkownik samochodu w ten spos\u00f3b identyfikuje si\u0119 ze stowarzyszeniem, do kt\u00f3rego nale\u017cy.<br \/>\n<\/span><\/p>\n<p>Parametry nalepki:<br \/>\n\u2022\u00a0\u00a0\u00a0 Szeroko\u015b\u0107 130 mm<br \/>\n\u2022\u00a0\u00a0\u00a0 Wysoko\u015b\u0107 130 mm<br \/>\n\u2022\u00a0\u00a0\u00a0 Pod\u0142o\u017ce: Folia samoprzylepna prze\u017aroczysta b\u0142ysk<br \/>\n\u2022\u00a0\u00a0\u00a0 Zabezpieczenie: Laminat b\u0142ysk<\/p>\n<h4>Z\u0142\u00f3\u017c deklaracj\u0119 i wype\u0142nij formularz<\/h4>\n<div class=\"wpforms-container wpforms-container-full\" id=\"wpforms-25443\"><form id=\"wpforms-form-25443\" class=\"wpforms-validate wpforms-form wpforms-ajax-form\" data-formid=\"25443\" method=\"post\" enctype=\"multipart\/form-data\" action=\"\/en\/wp-json\/wp\/v2\/pages\/25451\" data-token=\"9687d7f40dce141d337bbc71477728d7\" data-token-time=\"1775730010\"><noscript class=\"wpforms-error-noscript\">Please enable JavaScript in your browser to complete this form.<\/noscript><div class=\"wpforms-field-container\"><div id=\"wpforms-25443-field_1-container\" class=\"wpforms-field wpforms-field-checkbox\" data-field-id=\"1\"><label class=\"wpforms-field-label\">Rodzaj nalepki <span class=\"wpforms-required-label\">*<\/span><\/label><ul id=\"wpforms-25443-field_1\" class=\"wpforms-field-required\" data-choice-limit=\"2\"><li class=\"choice-1 depth-1\"><input type=\"checkbox\" id=\"wpforms-25443-field_1_1\" data-rule-check-limit=\"true\" name=\"wpforms[fields][1][]\" value=\"Ciemnoszara nalepka na jasny samoch\u00f3d\" required ><label class=\"wpforms-field-label-inline\" for=\"wpforms-25443-field_1_1\">Ciemnoszara nalepka na jasny samoch\u00f3d<\/label><\/li><li class=\"choice-2 depth-1\"><input type=\"checkbox\" id=\"wpforms-25443-field_1_2\" data-rule-check-limit=\"true\" name=\"wpforms[fields][1][]\" value=\"Jasnoszara nalepka na ciemny samoch\u00f3d\" required ><label class=\"wpforms-field-label-inline\" for=\"wpforms-25443-field_1_2\">Jasnoszara nalepka na ciemny samoch\u00f3d<\/label><\/li><li class=\"choice-3 depth-1\"><input type=\"checkbox\" id=\"wpforms-25443-field_1_3\" data-rule-check-limit=\"true\" name=\"wpforms[fields][1][]\" value=\"Nie chc\u0119 w ten spos\u00f3b reklamowa\u0107 JZI\" required ><label class=\"wpforms-field-label-inline\" for=\"wpforms-25443-field_1_3\">Nie chc\u0119 w ten spos\u00f3b reklamowa\u0107 JZI<\/label><\/li><\/ul><\/div><div id=\"wpforms-25443-field_2-container\" class=\"wpforms-field wpforms-field-number\" data-field-id=\"2\"><label class=\"wpforms-field-label\" for=\"wpforms-25443-field_2\">Ile sztuk?<\/label><input type=\"number\" id=\"wpforms-25443-field_2\" class=\"wpforms-field-medium\" name=\"wpforms[fields][2]\" step=\"any\" ><div class=\"wpforms-field-description\">Gdy mam wi\u0119cej ni\u017c jeden samoch\u00f3d<\/div><\/div><div id=\"wpforms-25443-field_6-container\" class=\"wpforms-field wpforms-field-checkbox\" data-field-id=\"6\"><label class=\"wpforms-field-label\">Deklaracja wsp\u00f3\u0142finansowania<\/label><ul id=\"wpforms-25443-field_6\"><li class=\"choice-1 depth-1\"><input type=\"checkbox\" id=\"wpforms-25443-field_6_1\" name=\"wpforms[fields][6][]\" value=\"Tak, jestem got\u00f3w wesprze\u0107 JZI darowizn\u0105 w wysoko\u015bci 5 z\u0142 za nalepk\u0119\"  ><label class=\"wpforms-field-label-inline\" for=\"wpforms-25443-field_6_1\">Tak, jestem got\u00f3w wesprze\u0107 JZI darowizn\u0105 w wysoko\u015bci 5 z\u0142 za nalepk\u0119<\/label><\/li><\/ul><\/div><div id=\"wpforms-25443-field_5-container\" class=\"wpforms-field wpforms-field-textarea\" data-field-id=\"5\"><label class=\"wpforms-field-label\" for=\"wpforms-25443-field_5\">Komentarz<\/label><textarea id=\"wpforms-25443-field_5\" class=\"wpforms-field-medium\" name=\"wpforms[fields][5]\" ><\/textarea><div class=\"wpforms-field-description\">Tu wpisz cokolwiek Ci przychodzi do g\u0142owy<\/div><\/div><div id=\"wpforms-25443-field_4-container\" class=\"wpforms-field wpforms-field-name\" data-field-id=\"4\"><label class=\"wpforms-field-label\" for=\"wpforms-25443-field_4\">Imi\u0119 i nazwisko<\/label><div class=\"wpforms-field-row wpforms-field-medium\"><div class=\"wpforms-field-row-block wpforms-first wpforms-one-half\"><input type=\"text\" id=\"wpforms-25443-field_4\" class=\"wpforms-field-name-first\" name=\"wpforms[fields][4][first]\" placeholder=\"Imi\u0119\" ><label for=\"wpforms-25443-field_4\" class=\"wpforms-field-sublabel after wpforms-sublabel-hide\">First<\/label><\/div><div class=\"wpforms-field-row-block wpforms-one-half\"><input type=\"text\" id=\"wpforms-25443-field_4-last\" class=\"wpforms-field-name-last\" name=\"wpforms[fields][4][last]\" placeholder=\"Nazwisko\" ><label for=\"wpforms-25443-field_4-last\" class=\"wpforms-field-sublabel after wpforms-sublabel-hide\">Last<\/label><\/div><\/div><\/div><\/div><!-- .wpforms-field-container --><div class=\"wpforms-submit-container\" ><input type=\"hidden\" name=\"wpforms[id]\" value=\"25443\"><input type=\"hidden\" name=\"page_title\" value=\"\"><input type=\"hidden\" name=\"page_url\" value=\"https:\/\/jzi.org.pl\/en\/wp-json\/wp\/v2\/pages\/25451\"><input type=\"hidden\" name=\"url_referer\" value=\"\"><button type=\"submit\" name=\"wpforms[submit]\" id=\"wpforms-submit-25443\" class=\"wpforms-submit\" data-alt-text=\"Wysy\u0142anie...\" data-submit-text=\"Prze\u015blij\" aria-live=\"assertive\" value=\"wpforms-submit\">Prze\u015blij<\/button><img loading=\"lazy\" decoding=\"async\" src=\"https:\/\/jzi.org.pl\/wp-content\/plugins\/wpforms-lite\/assets\/images\/submit-spin.svg\" class=\"wpforms-submit-spinner\" style=\"display: none;\" width=\"26\" height=\"26\" alt=\"Loading\"><\/div><input type=\"hidden\" id=\"ct_checkjs_wpforms_a3c65c2974270fd093ee8a9bf8ae7d0b\" name=\"ct_checkjs_wpforms\" value=\"0\" \/><script>setTimeout(function(){var ct_input_name = \"ct_checkjs_wpforms_a3c65c2974270fd093ee8a9bf8ae7d0b\";if (document.getElementById(ct_input_name) !== null) {var ct_input_value = document.getElementById(ct_input_name).value;document.getElementById(ct_input_name).value = document.getElementById(ct_input_name).value.replace(ct_input_value, '19825d086f94cf378b4fb01d8b3937cdeaee95d874c70bdad09919b79370032f');}}, 1000);<\/script><input\n                    class=\"apbct_special_field apbct_email_id__wp_wpforms\"\n                    name=\"apbct__email_id__wp_wpforms\"\n                    aria-label=\"apbct__label_id__wp_wpforms\"\n                    type=\"text\" size=\"30\" maxlength=\"200\" autocomplete=\"off\"\n                    value=\"\"\n                \/><\/form><\/div>  <!-- .wpforms-container -->\n","protected":false},"excerpt":{"rendered":"<p>Jest mo\u017cliwo\u015b\u0107 otrzymania nalepki reklamuj\u0105cej JZI na samoch\u00f3d. Nalepka, stanowi\u0105ca kolorystyczn\u0105 wariacj\u0119 logo JZI, jest dyskretna, nie jest krzykliwa. Mo\u017cliwe s\u0105 dwa warianty nalepki: jasnoszara na ciemny samoch\u00f3d i ciemnoszara na jasny samoch\u00f3d. Na zdj\u0119ciach przyk\u0142adowe aran\u017cacje. Adres jzi.org.pl na nalepce mog\u0105 w ci\u0105gu miesi\u0105ca zobaczy\u0107 tysi\u0105ce os\u00f3b, nawet je\u015bli samoch\u00f3d nie stoi w korkach, [&hellip;]<\/p>\n","protected":false},"author":1,"featured_media":0,"parent":0,"menu_order":0,"comment_status":"closed","ping_status":"closed","template":"","meta":{"h5ap_radio_sources":[],"jetpack_post_was_ever_published":false,"footnotes":""},"class_list":["post-25451","page","type-page","status-publish","hentry"],"yoast_head":"<!-- This site is optimized with the Yoast SEO plugin v27.3 - https:\/\/yoast.com\/product\/yoast-seo-wordpress\/ -->\n<title>Nalepka JZI na samoch\u00f3d - Jami\u0144ski Zesp\u00f3\u0142 Indeksacyjny<\/title>\n<meta name=\"robots\" content=\"noindex, nofollow\" \/>\n<meta property=\"og:locale\" content=\"en_US\" \/>\n<meta property=\"og:type\" content=\"article\" \/>\n<meta property=\"og:title\" content=\"Nalepka JZI na samoch\u00f3d - Jami\u0144ski Zesp\u00f3\u0142 Indeksacyjny\" \/>\n<meta property=\"og:description\" content=\"Jest mo\u017cliwo\u015b\u0107 otrzymania nalepki reklamuj\u0105cej JZI na samoch\u00f3d. Nalepka, stanowi\u0105ca kolorystyczn\u0105 wariacj\u0119 logo JZI, jest dyskretna, nie jest krzykliwa. Mo\u017cliwe s\u0105 dwa warianty nalepki: jasnoszara na ciemny samoch\u00f3d i ciemnoszara na jasny samoch\u00f3d. Na zdj\u0119ciach przyk\u0142adowe aran\u017cacje. Adres jzi.org.pl na nalepce mog\u0105 w ci\u0105gu miesi\u0105ca zobaczy\u0107 tysi\u0105ce os\u00f3b, nawet je\u015bli samoch\u00f3d nie stoi w korkach, [&hellip;]\" \/>\n<meta property=\"og:url\" content=\"https:\/\/jzi.org.pl\/en\/nalepka-jzi-na-samochod-zvvytmjcvbhkrwc\/\" \/>\n<meta property=\"og:site_name\" content=\"Jami\u0144ski Zesp\u00f3\u0142 Indeksacyjny\" \/>\n<meta property=\"article:publisher\" content=\"https:\/\/www.facebook.com\/Jaminski.Zespol.Indeksacyjny\/\" \/>\n<meta property=\"article:modified_time\" content=\"2024-02-29T18:16:41+00:00\" \/>\n<meta property=\"og:image\" content=\"https:\/\/jzi.org.pl\/wp-content\/uploads\/2024\/02\/samochod-bialy-300x169.jpg\" \/>\n<meta name=\"twitter:card\" content=\"summary_large_image\" \/>\n<meta name=\"twitter:label1\" content=\"Est. reading time\" \/>\n\t<meta name=\"twitter:data1\" content=\"2 minutes\" \/>\n<script type=\"application\/ld+json\" class=\"yoast-schema-graph\">{\"@context\":\"https:\\\/\\\/schema.org\",\"@graph\":[{\"@type\":\"WebPage\",\"@id\":\"https:\\\/\\\/jzi.org.pl\\\/nalepka-jzi-na-samochod-zvvytmjcvbhkrwc\\\/\",\"url\":\"https:\\\/\\\/jzi.org.pl\\\/nalepka-jzi-na-samochod-zvvytmjcvbhkrwc\\\/\",\"name\":\"Nalepka JZI na samoch\u00f3d - Jami\u0144ski Zesp\u00f3\u0142 Indeksacyjny\",\"isPartOf\":{\"@id\":\"https:\\\/\\\/jzi.org.pl\\\/#website\"},\"primaryImageOfPage\":{\"@id\":\"https:\\\/\\\/jzi.org.pl\\\/nalepka-jzi-na-samochod-zvvytmjcvbhkrwc\\\/#primaryimage\"},\"image\":{\"@id\":\"https:\\\/\\\/jzi.org.pl\\\/nalepka-jzi-na-samochod-zvvytmjcvbhkrwc\\\/#primaryimage\"},\"thumbnailUrl\":\"https:\\\/\\\/jzi.org.pl\\\/wp-content\\\/uploads\\\/2024\\\/02\\\/samochod-bialy-300x169.jpg\",\"datePublished\":\"2024-02-29T18:06:32+00:00\",\"dateModified\":\"2024-02-29T18:16:41+00:00\",\"breadcrumb\":{\"@id\":\"https:\\\/\\\/jzi.org.pl\\\/nalepka-jzi-na-samochod-zvvytmjcvbhkrwc\\\/#breadcrumb\"},\"inLanguage\":\"en-US\",\"potentialAction\":[{\"@type\":\"ReadAction\",\"target\":[\"https:\\\/\\\/jzi.org.pl\\\/nalepka-jzi-na-samochod-zvvytmjcvbhkrwc\\\/\"]}]},{\"@type\":\"ImageObject\",\"inLanguage\":\"en-US\",\"@id\":\"https:\\\/\\\/jzi.org.pl\\\/nalepka-jzi-na-samochod-zvvytmjcvbhkrwc\\\/#primaryimage\",\"url\":\"https:\\\/\\\/jzi.org.pl\\\/wp-content\\\/uploads\\\/2024\\\/02\\\/samochod-bialy-300x169.jpg\",\"contentUrl\":\"https:\\\/\\\/jzi.org.pl\\\/wp-content\\\/uploads\\\/2024\\\/02\\\/samochod-bialy-300x169.jpg\"},{\"@type\":\"BreadcrumbList\",\"@id\":\"https:\\\/\\\/jzi.org.pl\\\/nalepka-jzi-na-samochod-zvvytmjcvbhkrwc\\\/#breadcrumb\",\"itemListElement\":[{\"@type\":\"ListItem\",\"position\":1,\"name\":\"Strona g\u0142\u00f3wna\",\"item\":\"https:\\\/\\\/jzi.org.pl\\\/\"},{\"@type\":\"ListItem\",\"position\":2,\"name\":\"Nalepka JZI na samoch\u00f3d\"}]},{\"@type\":\"WebSite\",\"@id\":\"https:\\\/\\\/jzi.org.pl\\\/#website\",\"url\":\"https:\\\/\\\/jzi.org.pl\\\/\",\"name\":\"Jami\u0144ski Zesp\u00f3\u0142 Indeksacyjny\",\"description\":\"\",\"publisher\":{\"@id\":\"https:\\\/\\\/jzi.org.pl\\\/#organization\"},\"potentialAction\":[{\"@type\":\"SearchAction\",\"target\":{\"@type\":\"EntryPoint\",\"urlTemplate\":\"https:\\\/\\\/jzi.org.pl\\\/?s={search_term_string}\"},\"query-input\":{\"@type\":\"PropertyValueSpecification\",\"valueRequired\":true,\"valueName\":\"search_term_string\"}}],\"inLanguage\":\"en-US\"},{\"@type\":\"Organization\",\"@id\":\"https:\\\/\\\/jzi.org.pl\\\/#organization\",\"name\":\"Jami\u0144ski Zesp\u00f3\u0142 Indeksacyjny\",\"url\":\"https:\\\/\\\/jzi.org.pl\\\/\",\"logo\":{\"@type\":\"ImageObject\",\"inLanguage\":\"en-US\",\"@id\":\"https:\\\/\\\/jzi.org.pl\\\/#\\\/schema\\\/logo\\\/image\\\/\",\"url\":\"https:\\\/\\\/jzi.org.pl\\\/wp-content\\\/uploads\\\/2019\\\/03\\\/logo-stowarzyszenie-jzi.png\",\"contentUrl\":\"https:\\\/\\\/jzi.org.pl\\\/wp-content\\\/uploads\\\/2019\\\/03\\\/logo-stowarzyszenie-jzi.png\",\"width\":931,\"height\":990,\"caption\":\"Jami\u0144ski Zesp\u00f3\u0142 Indeksacyjny\"},\"image\":{\"@id\":\"https:\\\/\\\/jzi.org.pl\\\/#\\\/schema\\\/logo\\\/image\\\/\"},\"sameAs\":[\"https:\\\/\\\/www.facebook.com\\\/Jaminski.Zespol.Indeksacyjny\\\/\"]}]}<\/script>\n<!-- \/ Yoast SEO plugin. -->","yoast_head_json":{"title":"Nalepka JZI na samoch\u00f3d - Jami\u0144ski Zesp\u00f3\u0142 Indeksacyjny","robots":{"index":"noindex","follow":"nofollow"},"og_locale":"en_US","og_type":"article","og_title":"Nalepka JZI na samoch\u00f3d - Jami\u0144ski Zesp\u00f3\u0142 Indeksacyjny","og_description":"Jest mo\u017cliwo\u015b\u0107 otrzymania nalepki reklamuj\u0105cej JZI na samoch\u00f3d. Nalepka, stanowi\u0105ca kolorystyczn\u0105 wariacj\u0119 logo JZI, jest dyskretna, nie jest krzykliwa. Mo\u017cliwe s\u0105 dwa warianty nalepki: jasnoszara na ciemny samoch\u00f3d i ciemnoszara na jasny samoch\u00f3d. Na zdj\u0119ciach przyk\u0142adowe aran\u017cacje. Adres jzi.org.pl na nalepce mog\u0105 w ci\u0105gu miesi\u0105ca zobaczy\u0107 tysi\u0105ce os\u00f3b, nawet je\u015bli samoch\u00f3d nie stoi w korkach, [&hellip;]","og_url":"https:\/\/jzi.org.pl\/en\/nalepka-jzi-na-samochod-zvvytmjcvbhkrwc\/","og_site_name":"Jami\u0144ski Zesp\u00f3\u0142 Indeksacyjny","article_publisher":"https:\/\/www.facebook.com\/Jaminski.Zespol.Indeksacyjny\/","article_modified_time":"2024-02-29T18:16:41+00:00","og_image":[{"url":"https:\/\/jzi.org.pl\/wp-content\/uploads\/2024\/02\/samochod-bialy-300x169.jpg","type":"","width":"","height":""}],"twitter_card":"summary_large_image","twitter_misc":{"Est. reading time":"2 minutes"},"schema":{"@context":"https:\/\/schema.org","@graph":[{"@type":"WebPage","@id":"https:\/\/jzi.org.pl\/nalepka-jzi-na-samochod-zvvytmjcvbhkrwc\/","url":"https:\/\/jzi.org.pl\/nalepka-jzi-na-samochod-zvvytmjcvbhkrwc\/","name":"Nalepka JZI na samoch\u00f3d - Jami\u0144ski Zesp\u00f3\u0142 Indeksacyjny","isPartOf":{"@id":"https:\/\/jzi.org.pl\/#website"},"primaryImageOfPage":{"@id":"https:\/\/jzi.org.pl\/nalepka-jzi-na-samochod-zvvytmjcvbhkrwc\/#primaryimage"},"image":{"@id":"https:\/\/jzi.org.pl\/nalepka-jzi-na-samochod-zvvytmjcvbhkrwc\/#primaryimage"},"thumbnailUrl":"https:\/\/jzi.org.pl\/wp-content\/uploads\/2024\/02\/samochod-bialy-300x169.jpg","datePublished":"2024-02-29T18:06:32+00:00","dateModified":"2024-02-29T18:16:41+00:00","breadcrumb":{"@id":"https:\/\/jzi.org.pl\/nalepka-jzi-na-samochod-zvvytmjcvbhkrwc\/#breadcrumb"},"inLanguage":"en-US","potentialAction":[{"@type":"ReadAction","target":["https:\/\/jzi.org.pl\/nalepka-jzi-na-samochod-zvvytmjcvbhkrwc\/"]}]},{"@type":"ImageObject","inLanguage":"en-US","@id":"https:\/\/jzi.org.pl\/nalepka-jzi-na-samochod-zvvytmjcvbhkrwc\/#primaryimage","url":"https:\/\/jzi.org.pl\/wp-content\/uploads\/2024\/02\/samochod-bialy-300x169.jpg","contentUrl":"https:\/\/jzi.org.pl\/wp-content\/uploads\/2024\/02\/samochod-bialy-300x169.jpg"},{"@type":"BreadcrumbList","@id":"https:\/\/jzi.org.pl\/nalepka-jzi-na-samochod-zvvytmjcvbhkrwc\/#breadcrumb","itemListElement":[{"@type":"ListItem","position":1,"name":"Strona g\u0142\u00f3wna","item":"https:\/\/jzi.org.pl\/"},{"@type":"ListItem","position":2,"name":"Nalepka JZI na samoch\u00f3d"}]},{"@type":"WebSite","@id":"https:\/\/jzi.org.pl\/#website","url":"https:\/\/jzi.org.pl\/","name":"Jaminy Indexing Team","description":"","publisher":{"@id":"https:\/\/jzi.org.pl\/#organization"},"potentialAction":[{"@type":"SearchAction","target":{"@type":"EntryPoint","urlTemplate":"https:\/\/jzi.org.pl\/?s={search_term_string}"},"query-input":{"@type":"PropertyValueSpecification","valueRequired":true,"valueName":"search_term_string"}}],"inLanguage":"en-US"},{"@type":"Organization","@id":"https:\/\/jzi.org.pl\/#organization","name":"Jaminy Indexing Team","url":"https:\/\/jzi.org.pl\/","logo":{"@type":"ImageObject","inLanguage":"en-US","@id":"https:\/\/jzi.org.pl\/#\/schema\/logo\/image\/","url":"https:\/\/jzi.org.pl\/wp-content\/uploads\/2019\/03\/logo-stowarzyszenie-jzi.png","contentUrl":"https:\/\/jzi.org.pl\/wp-content\/uploads\/2019\/03\/logo-stowarzyszenie-jzi.png","width":931,"height":990,"caption":"Jami\u0144ski Zesp\u00f3\u0142 Indeksacyjny"},"image":{"@id":"https:\/\/jzi.org.pl\/#\/schema\/logo\/image\/"},"sameAs":["https:\/\/www.facebook.com\/Jaminski.Zespol.Indeksacyjny\/"]}]}},"jetpack_likes_enabled":true,"jetpack_sharing_enabled":true,"_links":{"self":[{"href":"https:\/\/jzi.org.pl\/en\/wp-json\/wp\/v2\/pages\/25451","targetHints":{"allow":["GET"]}}],"collection":[{"href":"https:\/\/jzi.org.pl\/en\/wp-json\/wp\/v2\/pages"}],"about":[{"href":"https:\/\/jzi.org.pl\/en\/wp-json\/wp\/v2\/types\/page"}],"author":[{"embeddable":true,"href":"https:\/\/jzi.org.pl\/en\/wp-json\/wp\/v2\/users\/1"}],"replies":[{"embeddable":true,"href":"https:\/\/jzi.org.pl\/en\/wp-json\/wp\/v2\/comments?post=25451"}],"version-history":[{"count":0,"href":"https:\/\/jzi.org.pl\/en\/wp-json\/wp\/v2\/pages\/25451\/revisions"}],"wp:attachment":[{"href":"https:\/\/jzi.org.pl\/en\/wp-json\/wp\/v2\/media?parent=25451"}],"curies":[{"name":"wp","href":"https:\/\/api.w.org\/{rel}","templated":true}]}}