{"id":25278,"date":"2024-02-08T19:23:26","date_gmt":"2024-02-08T18:23:26","guid":{"rendered":"https:\/\/jzi.org.pl\/?page_id=25278"},"modified":"2024-02-09T08:31:24","modified_gmt":"2024-02-09T07:31:24","slug":"przywilej-dla-adama-chreptowicza-na-dobra-lipsk-i-krasnybor-z-1506-r","status":"publish","type":"page","link":"https:\/\/jzi.org.pl\/en\/galerie\/przywilej-dla-adama-chreptowicza-na-dobra-lipsk-i-krasnybor-z-1506-r\/","title":{"rendered":"Przywilej dla Adama Chreptowicza na dobra Lipsk i Krasnyb\u00f3r z 1506 r."},"content":{"rendered":"<p><span aria-level=\"4\"><span>Odpis przywileju nadanego przez kr\u00f3la Aleksandra Jagiello\u0144czyka w roku 1506 na dobra Lipsk i Krasnyb\u00f3r wraz z przyleg\u0142o\u015bciami dla Adama Chreptowicza (AGAD MK 410). Adam Chreptowicz to przodek hrabiego Karola Brzostowskiego (po matce Ewie Brzostowskiej z Chreptowicz\u00f3w).<\/span><\/span><\/p>\n<style type=\"text\/css\">\n#foogallery-gallery-25266.fg-justified .fg-item { margin-right: 1px; margin-bottom: 1px; }\n#foogallery-gallery-25266.fg-justified .fg-image { height: 150px; }<\/style>\n\t\t\t<div class=\"foogallery foogallery-container foogallery-justified foogallery-lightbox-none fg-justified fg-ready fg-light fg-border-thin fg-shadow-outline fg-loading-default fg-loaded-fade-in fg-caption-hover fg-hover-fade fg-hover-zoom\" id=\"foogallery-gallery-25266\" data-foogallery=\"{&quot;item&quot;:{&quot;showCaptionTitle&quot;:true,&quot;showCaptionDescription&quot;:true},&quot;lazy&quot;:true,&quot;template&quot;:{&quot;rowHeight&quot;:150,&quot;maxRowHeight&quot;:250,&quot;margins&quot;:1,&quot;align&quot;:&quot;center&quot;,&quot;lastRow&quot;:&quot;smart&quot;}}\" style=\"--fg-title-line-clamp: 0; --fg-description-line-clamp: 0;\" >\n\t<div class=\"fg-item fg-type-image fg-idle\"><figure class=\"fg-item-inner\"><a href=\"https:\/\/jzi.org.pl\/wp-content\/uploads\/2024\/02\/przywilej-adam-chreprowicz-867.jpg\" data-attachment-id=\"25267\" data-type=\"image\" class=\"fg-thumb\"><span class=\"fg-image-wrap\"><img decoding=\"async\" height=\"250\" width=\"160\" class=\"skip-lazy fg-image\" data-src-fg=\"https:\/\/jzi.org.pl\/wp-content\/uploads\/cache\/2024\/02\/przywilej-adam-chreprowicz-867\/4134544759.jpg\" src=\"data:image\/svg+xml,%3Csvg%20xmlns%3D%22http%3A%2F%2Fwww.w3.org%2F2000%2Fsvg%22%20width%3D%22160%22%20height%3D%22250%22%20viewBox%3D%220%200%20160%20250%22%3E%3C%2Fsvg%3E\" loading=\"eager\"><\/span><span class=\"fg-image-overlay\"><\/span><\/a><\/figure><div class=\"fg-loader\"><\/div><\/div><div class=\"fg-item fg-type-image fg-idle\"><figure class=\"fg-item-inner\"><a href=\"https:\/\/jzi.org.pl\/wp-content\/uploads\/2024\/02\/przywilej-adam-chreprowicz-868.jpg\" data-attachment-id=\"25268\" data-type=\"image\" class=\"fg-thumb\"><span class=\"fg-image-wrap\"><img decoding=\"async\" height=\"250\" width=\"165\" class=\"skip-lazy fg-image\" data-src-fg=\"https:\/\/jzi.org.pl\/wp-content\/uploads\/cache\/2024\/02\/przywilej-adam-chreprowicz-868\/2116839210.jpg\" src=\"data:image\/svg+xml,%3Csvg%20xmlns%3D%22http%3A%2F%2Fwww.w3.org%2F2000%2Fsvg%22%20width%3D%22165%22%20height%3D%22250%22%20viewBox%3D%220%200%20165%20250%22%3E%3C%2Fsvg%3E\" loading=\"eager\"><\/span><span class=\"fg-image-overlay\"><\/span><\/a><\/figure><div class=\"fg-loader\"><\/div><\/div><div class=\"fg-item fg-type-image fg-idle\"><figure class=\"fg-item-inner\"><a href=\"https:\/\/jzi.org.pl\/wp-content\/uploads\/2024\/02\/przywilej-adam-chreprowicz-869.jpg\" data-attachment-id=\"25269\" data-type=\"image\" class=\"fg-thumb\"><span class=\"fg-image-wrap\"><img decoding=\"async\" height=\"250\" width=\"161\" class=\"skip-lazy fg-image\" data-src-fg=\"https:\/\/jzi.org.pl\/wp-content\/uploads\/cache\/2024\/02\/przywilej-adam-chreprowicz-869\/4100067185.jpg\" src=\"data:image\/svg+xml,%3Csvg%20xmlns%3D%22http%3A%2F%2Fwww.w3.org%2F2000%2Fsvg%22%20width%3D%22161%22%20height%3D%22250%22%20viewBox%3D%220%200%20161%20250%22%3E%3C%2Fsvg%3E\" loading=\"eager\"><\/span><span class=\"fg-image-overlay\"><\/span><\/a><\/figure><div class=\"fg-loader\"><\/div><\/div><div class=\"fg-item fg-type-image fg-idle\"><figure class=\"fg-item-inner\"><a href=\"https:\/\/jzi.org.pl\/wp-content\/uploads\/2024\/02\/przywilej-adam-chreprowicz-870.jpg\" data-attachment-id=\"25270\" data-type=\"image\" class=\"fg-thumb\"><span class=\"fg-image-wrap\"><img decoding=\"async\" height=\"250\" width=\"165\" class=\"skip-lazy fg-image\" data-src-fg=\"https:\/\/jzi.org.pl\/wp-content\/uploads\/cache\/2024\/02\/przywilej-adam-chreprowicz-870\/189462112.jpg\" src=\"data:image\/svg+xml,%3Csvg%20xmlns%3D%22http%3A%2F%2Fwww.w3.org%2F2000%2Fsvg%22%20width%3D%22165%22%20height%3D%22250%22%20viewBox%3D%220%200%20165%20250%22%3E%3C%2Fsvg%3E\" loading=\"eager\"><\/span><span class=\"fg-image-overlay\"><\/span><\/a><\/figure><div class=\"fg-loader\"><\/div><\/div><div class=\"fg-item fg-type-image fg-idle\"><figure class=\"fg-item-inner\"><a href=\"https:\/\/jzi.org.pl\/wp-content\/uploads\/2024\/02\/przywilej-adam-chreprowicz-871.jpg\" data-attachment-id=\"25271\" data-type=\"image\" class=\"fg-thumb\"><span class=\"fg-image-wrap\"><img decoding=\"async\" height=\"250\" width=\"162\" class=\"skip-lazy fg-image\" data-src-fg=\"https:\/\/jzi.org.pl\/wp-content\/uploads\/cache\/2024\/02\/przywilej-adam-chreprowicz-871\/2164563515.jpg\" src=\"data:image\/svg+xml,%3Csvg%20xmlns%3D%22http%3A%2F%2Fwww.w3.org%2F2000%2Fsvg%22%20width%3D%22162%22%20height%3D%22250%22%20viewBox%3D%220%200%20162%20250%22%3E%3C%2Fsvg%3E\" loading=\"eager\"><\/span><span class=\"fg-image-overlay\"><\/span><\/a><\/figure><div class=\"fg-loader\"><\/div><\/div><div class=\"fg-item fg-type-image fg-idle\"><figure class=\"fg-item-inner\"><a href=\"https:\/\/jzi.org.pl\/wp-content\/uploads\/2024\/02\/przywilej-adam-chreprowicz-872.jpg\" data-attachment-id=\"25272\" data-type=\"image\" class=\"fg-thumb\"><span class=\"fg-image-wrap\"><img decoding=\"async\" height=\"250\" width=\"164\" class=\"skip-lazy fg-image\" data-src-fg=\"https:\/\/jzi.org.pl\/wp-content\/uploads\/cache\/2024\/02\/przywilej-adam-chreprowicz-872\/3299287191.jpg\" src=\"data:image\/svg+xml,%3Csvg%20xmlns%3D%22http%3A%2F%2Fwww.w3.org%2F2000%2Fsvg%22%20width%3D%22164%22%20height%3D%22250%22%20viewBox%3D%220%200%20164%20250%22%3E%3C%2Fsvg%3E\" loading=\"eager\"><\/span><span class=\"fg-image-overlay\"><\/span><\/a><\/figure><div class=\"fg-loader\"><\/div><\/div><div class=\"fg-item fg-type-image fg-idle\"><figure class=\"fg-item-inner\"><a href=\"https:\/\/jzi.org.pl\/wp-content\/uploads\/2024\/02\/przywilej-adam-chreprowicz-873.jpg\" data-attachment-id=\"25273\" data-type=\"image\" class=\"fg-thumb\"><span class=\"fg-image-wrap\"><img decoding=\"async\" height=\"250\" width=\"159\" class=\"skip-lazy fg-image\" data-src-fg=\"https:\/\/jzi.org.pl\/wp-content\/uploads\/cache\/2024\/02\/przywilej-adam-chreprowicz-873\/1323911372.jpg\" src=\"data:image\/svg+xml,%3Csvg%20xmlns%3D%22http%3A%2F%2Fwww.w3.org%2F2000%2Fsvg%22%20width%3D%22159%22%20height%3D%22250%22%20viewBox%3D%220%200%20159%20250%22%3E%3C%2Fsvg%3E\" loading=\"eager\"><\/span><span class=\"fg-image-overlay\"><\/span><\/a><\/figure><div class=\"fg-loader\"><\/div><\/div><div class=\"fg-item fg-type-image fg-idle\"><figure class=\"fg-item-inner\"><a href=\"https:\/\/jzi.org.pl\/wp-content\/uploads\/2024\/02\/przywilej-adam-chreprowicz-874.jpg\" data-attachment-id=\"25274\" data-type=\"image\" class=\"fg-thumb\"><span class=\"fg-image-wrap\"><img decoding=\"async\" height=\"250\" width=\"164\" class=\"skip-lazy fg-image\" data-src-fg=\"https:\/\/jzi.org.pl\/wp-content\/uploads\/cache\/2024\/02\/przywilej-adam-chreprowicz-874\/1340104143.jpg\" src=\"data:image\/svg+xml,%3Csvg%20xmlns%3D%22http%3A%2F%2Fwww.w3.org%2F2000%2Fsvg%22%20width%3D%22164%22%20height%3D%22250%22%20viewBox%3D%220%200%20164%20250%22%3E%3C%2Fsvg%3E\" loading=\"eager\"><\/span><span class=\"fg-image-overlay\"><\/span><\/a><\/figure><div class=\"fg-loader\"><\/div><\/div><div class=\"fg-item fg-type-image fg-idle\"><figure class=\"fg-item-inner\"><a href=\"https:\/\/jzi.org.pl\/wp-content\/uploads\/2024\/02\/przywilej-adam-chreprowicz-875.jpg\" data-attachment-id=\"25275\" data-type=\"image\" class=\"fg-thumb\"><span class=\"fg-image-wrap\"><img decoding=\"async\" height=\"250\" width=\"161\" class=\"skip-lazy fg-image\" data-src-fg=\"https:\/\/jzi.org.pl\/wp-content\/uploads\/cache\/2024\/02\/przywilej-adam-chreprowicz-875\/3316528532.jpg\" src=\"data:image\/svg+xml,%3Csvg%20xmlns%3D%22http%3A%2F%2Fwww.w3.org%2F2000%2Fsvg%22%20width%3D%22161%22%20height%3D%22250%22%20viewBox%3D%220%200%20161%20250%22%3E%3C%2Fsvg%3E\" loading=\"eager\"><\/span><span class=\"fg-image-overlay\"><\/span><\/a><\/figure><div class=\"fg-loader\"><\/div><\/div><div class=\"fg-item fg-type-image fg-idle\"><figure class=\"fg-item-inner\"><a href=\"https:\/\/jzi.org.pl\/wp-content\/uploads\/2024\/02\/przywilej-adam-chreprowicz-876.jpg\" data-attachment-id=\"25276\" data-type=\"image\" class=\"fg-thumb\"><span class=\"fg-image-wrap\"><img decoding=\"async\" height=\"250\" width=\"165\" class=\"skip-lazy fg-image\" data-src-fg=\"https:\/\/jzi.org.pl\/wp-content\/uploads\/cache\/2024\/02\/przywilej-adam-chreprowicz-876\/2148371256.jpg\" src=\"data:image\/svg+xml,%3Csvg%20xmlns%3D%22http%3A%2F%2Fwww.w3.org%2F2000%2Fsvg%22%20width%3D%22165%22%20height%3D%22250%22%20viewBox%3D%220%200%20165%20250%22%3E%3C%2Fsvg%3E\" loading=\"eager\"><\/span><span class=\"fg-image-overlay\"><\/span><\/a><\/figure><div class=\"fg-loader\"><\/div><\/div><div class=\"fg-item fg-type-image fg-idle\"><figure class=\"fg-item-inner\"><a href=\"https:\/\/jzi.org.pl\/wp-content\/uploads\/2024\/02\/przywilej-adam-chreprowicz-877.jpg\" data-attachment-id=\"25277\" data-type=\"image\" class=\"fg-thumb\"><span class=\"fg-image-wrap\"><img decoding=\"async\" height=\"250\" width=\"160\" class=\"skip-lazy fg-image\" data-src-fg=\"https:\/\/jzi.org.pl\/wp-content\/uploads\/cache\/2024\/02\/przywilej-adam-chreprowicz-877\/172221283.jpg\" src=\"data:image\/svg+xml,%3Csvg%20xmlns%3D%22http%3A%2F%2Fwww.w3.org%2F2000%2Fsvg%22%20width%3D%22160%22%20height%3D%22250%22%20viewBox%3D%220%200%20160%20250%22%3E%3C%2Fsvg%3E\" loading=\"eager\"><\/span><span class=\"fg-image-overlay\"><\/span><\/a><\/figure><div class=\"fg-loader\"><\/div><\/div><\/div>","protected":false},"excerpt":{"rendered":"<p>Odpis przywileju nadanego przez kr\u00f3la Aleksandra Jagiello\u0144czyka w roku 1506 na dobra Lipsk i Krasnyb\u00f3r wraz z przyleg\u0142o\u015bciami dla Adama Chreptowicza (AGAD MK 410). Adam Chreptowicz to przodek hrabiego Karola Brzostowskiego (po matce Ewie Brzostowskiej z Chreptowicz\u00f3w).<\/p>","protected":false},"author":1,"featured_media":25267,"parent":1158,"menu_order":0,"comment_status":"open","ping_status":"open","template":"","meta":{"h5ap_radio_sources":[],"jetpack_post_was_ever_published":false,"footnotes":""},"class_list":["post-25278","page","type-page","status-publish","has-post-thumbnail","hentry"],"yoast_head":"<!-- This site is optimized with the Yoast SEO plugin v27.4 - https:\/\/yoast.com\/product\/yoast-seo-wordpress\/ -->\n<title>Przywilej dla Adama Chreptowicza na dobra Lipsk i Krasnyb\u00f3r z 1506 r. - Jami\u0144ski Zesp\u00f3\u0142 Indeksacyjny<\/title>\n<meta name=\"robots\" content=\"index, follow, max-snippet:-1, max-image-preview:large, max-video-preview:-1\" \/>\n<link rel=\"canonical\" href=\"http:\/\/jzi.org.pl\/en\/galerie\/przywilej-dla-adama-chreptowicza-na-dobra-lipsk-i-krasnybor-z-1506-r\/\" \/>\n<meta property=\"og:locale\" content=\"en_US\" \/>\n<meta property=\"og:type\" content=\"article\" \/>\n<meta property=\"og:title\" content=\"Przywilej dla Adama Chreptowicza na dobra Lipsk i Krasnyb\u00f3r z 1506 r. - Jami\u0144ski Zesp\u00f3\u0142 Indeksacyjny\" \/>\n<meta property=\"og:description\" content=\"Odpis przywileju nadanego przez kr\u00f3la Aleksandra Jagiello\u0144czyka w roku 1506 na dobra Lipsk i Krasnyb\u00f3r wraz z przyleg\u0142o\u015bciami dla Adama Chreptowicza (AGAD MK 410). Adam Chreptowicz to przodek hrabiego Karola Brzostowskiego (po matce Ewie Brzostowskiej z Chreptowicz\u00f3w).\" \/>\n<meta property=\"og:url\" content=\"http:\/\/jzi.org.pl\/en\/galerie\/przywilej-dla-adama-chreptowicza-na-dobra-lipsk-i-krasnybor-z-1506-r\/\" \/>\n<meta property=\"og:site_name\" content=\"Jami\u0144ski Zesp\u00f3\u0142 Indeksacyjny\" \/>\n<meta property=\"article:publisher\" content=\"https:\/\/www.facebook.com\/Jaminski.Zespol.Indeksacyjny\/\" \/>\n<meta property=\"article:modified_time\" content=\"2024-02-09T07:31:24+00:00\" \/>\n<meta property=\"og:image\" content=\"http:\/\/jzi.org.pl\/wp-content\/uploads\/2024\/02\/przywilej-adam-chreprowicz-867.jpg\" \/>\n\t<meta property=\"og:image:width\" content=\"1313\" \/>\n\t<meta property=\"og:image:height\" content=\"2048\" \/>\n\t<meta property=\"og:image:type\" content=\"image\/jpeg\" \/>\n<meta name=\"twitter:card\" content=\"summary_large_image\" \/>\n<meta name=\"twitter:label1\" content=\"Est. reading time\" \/>\n\t<meta name=\"twitter:data1\" content=\"1 minute\" \/>\n<script type=\"application\/ld+json\" class=\"yoast-schema-graph\">{\"@context\":\"https:\\\/\\\/schema.org\",\"@graph\":[{\"@type\":\"WebPage\",\"@id\":\"http:\\\/\\\/jzi.org.pl\\\/en\\\/galerie\\\/przywilej-dla-adama-chreptowicza-na-dobra-lipsk-i-krasnybor-z-1506-r\\\/\",\"url\":\"http:\\\/\\\/jzi.org.pl\\\/en\\\/galerie\\\/przywilej-dla-adama-chreptowicza-na-dobra-lipsk-i-krasnybor-z-1506-r\\\/\",\"name\":\"Przywilej dla Adama Chreptowicza na dobra Lipsk i Krasnyb\u00f3r z 1506 r. - Jami\u0144ski Zesp\u00f3\u0142 Indeksacyjny\",\"isPartOf\":{\"@id\":\"https:\\\/\\\/jzi.org.pl\\\/#website\"},\"primaryImageOfPage\":{\"@id\":\"http:\\\/\\\/jzi.org.pl\\\/en\\\/galerie\\\/przywilej-dla-adama-chreptowicza-na-dobra-lipsk-i-krasnybor-z-1506-r\\\/#primaryimage\"},\"image\":{\"@id\":\"http:\\\/\\\/jzi.org.pl\\\/en\\\/galerie\\\/przywilej-dla-adama-chreptowicza-na-dobra-lipsk-i-krasnybor-z-1506-r\\\/#primaryimage\"},\"thumbnailUrl\":\"https:\\\/\\\/jzi.org.pl\\\/wp-content\\\/uploads\\\/2024\\\/02\\\/przywilej-adam-chreprowicz-867.jpg\",\"datePublished\":\"2024-02-08T18:23:26+00:00\",\"dateModified\":\"2024-02-09T07:31:24+00:00\",\"breadcrumb\":{\"@id\":\"http:\\\/\\\/jzi.org.pl\\\/en\\\/galerie\\\/przywilej-dla-adama-chreptowicza-na-dobra-lipsk-i-krasnybor-z-1506-r\\\/#breadcrumb\"},\"inLanguage\":\"en-US\",\"potentialAction\":[{\"@type\":\"ReadAction\",\"target\":[\"http:\\\/\\\/jzi.org.pl\\\/en\\\/galerie\\\/przywilej-dla-adama-chreptowicza-na-dobra-lipsk-i-krasnybor-z-1506-r\\\/\"]}]},{\"@type\":\"ImageObject\",\"inLanguage\":\"en-US\",\"@id\":\"http:\\\/\\\/jzi.org.pl\\\/en\\\/galerie\\\/przywilej-dla-adama-chreptowicza-na-dobra-lipsk-i-krasnybor-z-1506-r\\\/#primaryimage\",\"url\":\"https:\\\/\\\/jzi.org.pl\\\/wp-content\\\/uploads\\\/2024\\\/02\\\/przywilej-adam-chreprowicz-867.jpg\",\"contentUrl\":\"https:\\\/\\\/jzi.org.pl\\\/wp-content\\\/uploads\\\/2024\\\/02\\\/przywilej-adam-chreprowicz-867.jpg\",\"width\":1313,\"height\":2048},{\"@type\":\"BreadcrumbList\",\"@id\":\"http:\\\/\\\/jzi.org.pl\\\/en\\\/galerie\\\/przywilej-dla-adama-chreptowicza-na-dobra-lipsk-i-krasnybor-z-1506-r\\\/#breadcrumb\",\"itemListElement\":[{\"@type\":\"ListItem\",\"position\":1,\"name\":\"Strona g\u0142\u00f3wna\",\"item\":\"https:\\\/\\\/jzi.org.pl\\\/\"},{\"@type\":\"ListItem\",\"position\":2,\"name\":\"Galerie\",\"item\":\"https:\\\/\\\/jzi.org.pl\\\/galerie\\\/\"},{\"@type\":\"ListItem\",\"position\":3,\"name\":\"Przywilej dla Adama Chreptowicza na dobra Lipsk i Krasnyb\u00f3r z 1506 r.\"}]},{\"@type\":\"WebSite\",\"@id\":\"https:\\\/\\\/jzi.org.pl\\\/#website\",\"url\":\"https:\\\/\\\/jzi.org.pl\\\/\",\"name\":\"Jami\u0144ski Zesp\u00f3\u0142 Indeksacyjny\",\"description\":\"\",\"publisher\":{\"@id\":\"https:\\\/\\\/jzi.org.pl\\\/#organization\"},\"potentialAction\":[{\"@type\":\"SearchAction\",\"target\":{\"@type\":\"EntryPoint\",\"urlTemplate\":\"https:\\\/\\\/jzi.org.pl\\\/?s={search_term_string}\"},\"query-input\":{\"@type\":\"PropertyValueSpecification\",\"valueRequired\":true,\"valueName\":\"search_term_string\"}}],\"inLanguage\":\"en-US\"},{\"@type\":\"Organization\",\"@id\":\"https:\\\/\\\/jzi.org.pl\\\/#organization\",\"name\":\"Jami\u0144ski Zesp\u00f3\u0142 Indeksacyjny\",\"url\":\"https:\\\/\\\/jzi.org.pl\\\/\",\"logo\":{\"@type\":\"ImageObject\",\"inLanguage\":\"en-US\",\"@id\":\"https:\\\/\\\/jzi.org.pl\\\/#\\\/schema\\\/logo\\\/image\\\/\",\"url\":\"https:\\\/\\\/jzi.org.pl\\\/wp-content\\\/uploads\\\/2019\\\/03\\\/logo-stowarzyszenie-jzi.png\",\"contentUrl\":\"https:\\\/\\\/jzi.org.pl\\\/wp-content\\\/uploads\\\/2019\\\/03\\\/logo-stowarzyszenie-jzi.png\",\"width\":931,\"height\":990,\"caption\":\"Jami\u0144ski Zesp\u00f3\u0142 Indeksacyjny\"},\"image\":{\"@id\":\"https:\\\/\\\/jzi.org.pl\\\/#\\\/schema\\\/logo\\\/image\\\/\"},\"sameAs\":[\"https:\\\/\\\/www.facebook.com\\\/Jaminski.Zespol.Indeksacyjny\\\/\"]}]}<\/script>\n<!-- \/ Yoast SEO plugin. -->","yoast_head_json":{"title":"Przywilej dla Adama Chreptowicza na dobra Lipsk i Krasnyb\u00f3r z 1506 r. - Jami\u0144ski Zesp\u00f3\u0142 Indeksacyjny","robots":{"index":"index","follow":"follow","max-snippet":"max-snippet:-1","max-image-preview":"max-image-preview:large","max-video-preview":"max-video-preview:-1"},"canonical":"http:\/\/jzi.org.pl\/en\/galerie\/przywilej-dla-adama-chreptowicza-na-dobra-lipsk-i-krasnybor-z-1506-r\/","og_locale":"en_US","og_type":"article","og_title":"Przywilej dla Adama Chreptowicza na dobra Lipsk i Krasnyb\u00f3r z 1506 r. - Jami\u0144ski Zesp\u00f3\u0142 Indeksacyjny","og_description":"Odpis przywileju nadanego przez kr\u00f3la Aleksandra Jagiello\u0144czyka w roku 1506 na dobra Lipsk i Krasnyb\u00f3r wraz z przyleg\u0142o\u015bciami dla Adama Chreptowicza (AGAD MK 410). Adam Chreptowicz to przodek hrabiego Karola Brzostowskiego (po matce Ewie Brzostowskiej z Chreptowicz\u00f3w).","og_url":"http:\/\/jzi.org.pl\/en\/galerie\/przywilej-dla-adama-chreptowicza-na-dobra-lipsk-i-krasnybor-z-1506-r\/","og_site_name":"Jami\u0144ski Zesp\u00f3\u0142 Indeksacyjny","article_publisher":"https:\/\/www.facebook.com\/Jaminski.Zespol.Indeksacyjny\/","article_modified_time":"2024-02-09T07:31:24+00:00","og_image":[{"width":1313,"height":2048,"url":"http:\/\/jzi.org.pl\/wp-content\/uploads\/2024\/02\/przywilej-adam-chreprowicz-867.jpg","type":"image\/jpeg"}],"twitter_card":"summary_large_image","twitter_misc":{"Est. reading time":"1 minute"},"schema":{"@context":"https:\/\/schema.org","@graph":[{"@type":"WebPage","@id":"http:\/\/jzi.org.pl\/en\/galerie\/przywilej-dla-adama-chreptowicza-na-dobra-lipsk-i-krasnybor-z-1506-r\/","url":"http:\/\/jzi.org.pl\/en\/galerie\/przywilej-dla-adama-chreptowicza-na-dobra-lipsk-i-krasnybor-z-1506-r\/","name":"Przywilej dla Adama Chreptowicza na dobra Lipsk i Krasnyb\u00f3r z 1506 r. - Jami\u0144ski Zesp\u00f3\u0142 Indeksacyjny","isPartOf":{"@id":"https:\/\/jzi.org.pl\/#website"},"primaryImageOfPage":{"@id":"http:\/\/jzi.org.pl\/en\/galerie\/przywilej-dla-adama-chreptowicza-na-dobra-lipsk-i-krasnybor-z-1506-r\/#primaryimage"},"image":{"@id":"http:\/\/jzi.org.pl\/en\/galerie\/przywilej-dla-adama-chreptowicza-na-dobra-lipsk-i-krasnybor-z-1506-r\/#primaryimage"},"thumbnailUrl":"https:\/\/jzi.org.pl\/wp-content\/uploads\/2024\/02\/przywilej-adam-chreprowicz-867.jpg","datePublished":"2024-02-08T18:23:26+00:00","dateModified":"2024-02-09T07:31:24+00:00","breadcrumb":{"@id":"http:\/\/jzi.org.pl\/en\/galerie\/przywilej-dla-adama-chreptowicza-na-dobra-lipsk-i-krasnybor-z-1506-r\/#breadcrumb"},"inLanguage":"en-US","potentialAction":[{"@type":"ReadAction","target":["http:\/\/jzi.org.pl\/en\/galerie\/przywilej-dla-adama-chreptowicza-na-dobra-lipsk-i-krasnybor-z-1506-r\/"]}]},{"@type":"ImageObject","inLanguage":"en-US","@id":"http:\/\/jzi.org.pl\/en\/galerie\/przywilej-dla-adama-chreptowicza-na-dobra-lipsk-i-krasnybor-z-1506-r\/#primaryimage","url":"https:\/\/jzi.org.pl\/wp-content\/uploads\/2024\/02\/przywilej-adam-chreprowicz-867.jpg","contentUrl":"https:\/\/jzi.org.pl\/wp-content\/uploads\/2024\/02\/przywilej-adam-chreprowicz-867.jpg","width":1313,"height":2048},{"@type":"BreadcrumbList","@id":"http:\/\/jzi.org.pl\/en\/galerie\/przywilej-dla-adama-chreptowicza-na-dobra-lipsk-i-krasnybor-z-1506-r\/#breadcrumb","itemListElement":[{"@type":"ListItem","position":1,"name":"Strona g\u0142\u00f3wna","item":"https:\/\/jzi.org.pl\/"},{"@type":"ListItem","position":2,"name":"Galerie","item":"https:\/\/jzi.org.pl\/galerie\/"},{"@type":"ListItem","position":3,"name":"Przywilej dla Adama Chreptowicza na dobra Lipsk i Krasnyb\u00f3r z 1506 r."}]},{"@type":"WebSite","@id":"https:\/\/jzi.org.pl\/#website","url":"https:\/\/jzi.org.pl\/","name":"Jaminy Indexing Team","description":"","publisher":{"@id":"https:\/\/jzi.org.pl\/#organization"},"potentialAction":[{"@type":"SearchAction","target":{"@type":"EntryPoint","urlTemplate":"https:\/\/jzi.org.pl\/?s={search_term_string}"},"query-input":{"@type":"PropertyValueSpecification","valueRequired":true,"valueName":"search_term_string"}}],"inLanguage":"en-US"},{"@type":"Organization","@id":"https:\/\/jzi.org.pl\/#organization","name":"Jaminy Indexing Team","url":"https:\/\/jzi.org.pl\/","logo":{"@type":"ImageObject","inLanguage":"en-US","@id":"https:\/\/jzi.org.pl\/#\/schema\/logo\/image\/","url":"https:\/\/jzi.org.pl\/wp-content\/uploads\/2019\/03\/logo-stowarzyszenie-jzi.png","contentUrl":"https:\/\/jzi.org.pl\/wp-content\/uploads\/2019\/03\/logo-stowarzyszenie-jzi.png","width":931,"height":990,"caption":"Jami\u0144ski Zesp\u00f3\u0142 Indeksacyjny"},"image":{"@id":"https:\/\/jzi.org.pl\/#\/schema\/logo\/image\/"},"sameAs":["https:\/\/www.facebook.com\/Jaminski.Zespol.Indeksacyjny\/"]}]}},"jetpack_likes_enabled":true,"jetpack_sharing_enabled":true,"_links":{"self":[{"href":"https:\/\/jzi.org.pl\/en\/wp-json\/wp\/v2\/pages\/25278","targetHints":{"allow":["GET"]}}],"collection":[{"href":"https:\/\/jzi.org.pl\/en\/wp-json\/wp\/v2\/pages"}],"about":[{"href":"https:\/\/jzi.org.pl\/en\/wp-json\/wp\/v2\/types\/page"}],"author":[{"embeddable":true,"href":"https:\/\/jzi.org.pl\/en\/wp-json\/wp\/v2\/users\/1"}],"replies":[{"embeddable":true,"href":"https:\/\/jzi.org.pl\/en\/wp-json\/wp\/v2\/comments?post=25278"}],"version-history":[{"count":0,"href":"https:\/\/jzi.org.pl\/en\/wp-json\/wp\/v2\/pages\/25278\/revisions"}],"up":[{"embeddable":true,"href":"https:\/\/jzi.org.pl\/en\/wp-json\/wp\/v2\/pages\/1158"}],"wp:featuredmedia":[{"embeddable":true,"href":"https:\/\/jzi.org.pl\/en\/wp-json\/wp\/v2\/media\/25267"}],"wp:attachment":[{"href":"https:\/\/jzi.org.pl\/en\/wp-json\/wp\/v2\/media?parent=25278"}],"curies":[{"name":"wp","href":"https:\/\/api.w.org\/{rel}","templated":true}]}}