{"id":24403,"date":"2023-11-17T14:46:17","date_gmt":"2023-11-17T13:46:17","guid":{"rendered":"https:\/\/jzi.org.pl\/?page_id=24403"},"modified":"2023-11-17T14:48:17","modified_gmt":"2023-11-17T13:48:17","slug":"slownik-funkcji-koscielnych-lac-pol","status":"publish","type":"page","link":"https:\/\/jzi.org.pl\/en\/pomoce\/dla-indeksujacych\/slownik-funkcji-koscielnych-lac-pol\/","title":{"rendered":"S\u0142ownik funkcji ko\u015bcielnych \u0142ac.-pol."},"content":{"rendered":"<p><strong>Oznaczenia:<\/strong><br \/>\n(o) &#8211; litera dodawana do wyrazu<br \/>\n(-o) &#8211; litera wymieniana w wyrazie<\/p>\n<table class=\"sgjptable\" border=\"0\">\n<thead>\n<tr>\n<th class=\"headerSort\" tabindex=\"0\">J\u0119zyk \u0142aci\u0144ski<\/th>\n<th class=\"headerSort\" tabindex=\"0\"><a class=\"external text\" href=\"http:\/\/pl.wikipedia.org\/wiki\/Abrewiatura\" target=\"_blank\" rel=\"nofollow noopener\">Skr\u00f3t<\/a><\/th>\n<th class=\"headerSort\" tabindex=\"0\">J\u0119zyk polski<\/th>\n<\/tr>\n<\/thead>\n<tbody>\n<tr>\n<td>A sacris.<\/td>\n<td><\/td>\n<td>&#8211; Kapelan<\/td>\n<\/tr>\n<tr>\n<td>A confessionibus.<\/td>\n<td><\/td>\n<td>&#8211; spowiednik<\/td>\n<\/tr>\n<tr>\n<td>Abbas<\/td>\n<td><\/td>\n<td>&#8211; Opat<\/td>\n<\/tr>\n<tr>\n<td>Administrator<\/td>\n<td><\/td>\n<td>&#8211; pe\u0142ni obowi\u0105zki proboszcza w okresie vacatu; tytu\u0142 odnosi si\u0119 tak\u017ce do funkcji szpitalnej, bursy<\/td>\n<\/tr>\n<tr>\n<td>Admundum<\/td>\n<td>Admdum, Adm<\/td>\n<td>&#8211; Godny (okre\u015blenie ksi\u0119dza)<\/td>\n<\/tr>\n<tr>\n<td>Admodum Reverendus<\/td>\n<td>Adm Rndus<\/td>\n<td>&#8211; Przewielebny (okre\u015blenie ksi\u0119dza)<\/td>\n<\/tr>\n<tr>\n<td>Admodum Reverendus Pater<\/td>\n<td>ARP<\/td>\n<td>&#8211; Przewielebny Ojciec (okre\u015blenie ksi\u0119dza)<\/td>\n<\/tr>\n<tr>\n<td>Anous<\/td>\n<td><\/td>\n<td>&#8211; Przewielebny (okre\u015blenie ksi\u0119dza)<\/td>\n<\/tr>\n<tr>\n<td>Altari(-y)sta<\/td>\n<td><\/td>\n<td>&#8211; duchowny pe\u0142ni\u0105cy obowi\u0105zki przy pewnym o\u0142tarzu i pobieraj\u0105cy zwi\u0105zane z tym dochody<\/td>\n<\/tr>\n<tr>\n<td>Altarium<\/td>\n<td><\/td>\n<td>&#8211; o\u0142tarz<\/td>\n<\/tr>\n<tr>\n<td>annutiatio<\/td>\n<td><\/td>\n<td>&#8211; zwiastowanie (przy wezwaniu ko\u015bcio\u0142a) powiadomienie (w pozosta\u0142ych przypadkach)<\/td>\n<\/tr>\n<tr>\n<td>Antistes<\/td>\n<td><\/td>\n<td>&#8211; Proboszcz<\/td>\n<\/tr>\n<tr>\n<td>Augustiniamus<\/td>\n<td><\/td>\n<td>&#8211; Augustianin<\/td>\n<\/tr>\n<tr>\n<td>Archidiaconatus<\/td>\n<td><\/td>\n<td>&#8211; archidiakonatu<\/td>\n<\/tr>\n<tr>\n<td>Beatae Virginis Mariae<\/td>\n<td>BVM.<\/td>\n<td>&#8211; Naj\u015bwi\u0119tszej Marii Panny<\/td>\n<\/tr>\n<tr>\n<td>Beatae Virginis Mariae Auxilium Christianorum<\/td>\n<td>BVM. Auxilium Christianorum<\/td>\n<td>&#8211; Naj\u015bwi\u0119tszej Marii Panny Wspomo\u017cycielki Wiernych<\/td>\n<\/tr>\n<tr>\n<td>Beatae Virginis Mariae Claramontana<\/td>\n<td>BVM. Claramontana<\/td>\n<td>&#8211; NMP Jasnog\u00f3rska<\/td>\n<\/tr>\n<tr>\n<td>Beata Maria Virgo dolorosa<\/td>\n<td>BMV. Dolor.<\/td>\n<td>&#8211; NMP Bole\u015bciwa<\/td>\n<\/tr>\n<tr>\n<td>Cancu\u00a0?<\/td>\n<td><\/td>\n<td>&#8211; Kanonik<\/td>\n<\/tr>\n<tr>\n<td>Canonicus<\/td>\n<td>Cncus<\/td>\n<td>&#8211; Kanonik<\/td>\n<\/tr>\n<tr>\n<td>Capellani<\/td>\n<td><\/td>\n<td>&#8211; kapelana<\/td>\n<\/tr>\n<tr>\n<td>Capelanus<\/td>\n<td><\/td>\n<td>&#8211; Kapelan<\/td>\n<\/tr>\n<tr>\n<td>Carmalitorum<\/td>\n<td><\/td>\n<td>&#8211; Karmelitan\u00f3w<\/td>\n<\/tr>\n<tr>\n<td><\/td>\n<td>Coll: Infu. Vicaria<\/td>\n<td>&#8211; wikariusz infu\u0142at kolegiaty<\/td>\n<\/tr>\n<tr>\n<td>Comentazin\u00a0?<\/td>\n<td><\/td>\n<td>&#8211; Komendarz<\/td>\n<\/tr>\n<tr>\n<td>Commendarius<\/td>\n<td>Commend., Comendarius<\/td>\n<td>&#8211; Komendarz, zarz\u0105dca (duchowny), tymczasowy administrator beneficjum ko\u015bcielnego, czasowy administrator (proboszcz)<\/td>\n<\/tr>\n<tr>\n<td>Commendario<\/td>\n<td><\/td>\n<td>&#8211; Komendarza<\/td>\n<\/tr>\n<tr>\n<td>Commissarius<\/td>\n<td><\/td>\n<td>&#8211; komisarz<\/td>\n<\/tr>\n<tr>\n<td>Confessarium<\/td>\n<td><\/td>\n<td>&#8211; spowiednika<\/td>\n<\/tr>\n<tr>\n<td>Consistorium<\/td>\n<td><\/td>\n<td>&#8211; Konsystorz<\/td>\n<\/tr>\n<tr>\n<td>Consistorium Generale<\/td>\n<td><\/td>\n<td>&#8211; Konsystorz Generalny<\/td>\n<\/tr>\n<tr>\n<td>Consistorij Generalis<\/td>\n<td>Conrij Gnalis<\/td>\n<td>&#8211; Konsystorza Generalnego<\/td>\n<\/tr>\n<tr>\n<td>Cooperator<\/td>\n<td>Coop.<\/td>\n<td>&#8211; Wikariusz<\/td>\n<\/tr>\n<tr>\n<td>Cooperator loci<\/td>\n<td>Coop. loci lub Coop. l.<\/td>\n<td>&#8211; wikariusz miejscowy<\/td>\n<\/tr>\n<tr>\n<td>Curator<\/td>\n<td>Cur.<\/td>\n<td>&#8211; Proboszcz<\/td>\n<\/tr>\n<tr>\n<td>Curatum<\/td>\n<td><\/td>\n<td>&#8211; Plebana<\/td>\n<\/tr>\n<tr>\n<td>Curatus<\/td>\n<td><\/td>\n<td>&#8211; faktyczny duszpasterz (proboszcz); opiekuj\u0105cy si\u0119 <a class=\"new\" title=\"Kuracj\u0105 (strona nie istnieje)\" href=\"https:\/\/web.archive.org\/web\/20211016055951\/http:\/\/genepedia.pl\/index.php?title=Kuracj%C4%85&amp;action=edit&amp;redlink=1\">Kuracj\u0105<\/a><\/td>\n<\/tr>\n<tr>\n<td>Curatus Loci<\/td>\n<td><\/td>\n<td>&#8211; Pleban miejscowy<\/td>\n<\/tr>\n<tr>\n<td>Decano<\/td>\n<td><\/td>\n<td>&#8211; Dziekana<\/td>\n<\/tr>\n<tr>\n<td>Decanus<\/td>\n<td><\/td>\n<td>&#8211; Dziekan<\/td>\n<\/tr>\n<tr>\n<td>Decanus Forancus<\/td>\n<td><\/td>\n<td>&#8211; Dziekan Foralny<\/td>\n<\/tr>\n<tr>\n<td>Decollatii Sancti Joanni Baptisti<\/td>\n<td>Decoll. S. Joan. Bapt.<\/td>\n<td>&#8211; \u015aci\u0119cia \u015awi\u0119tego Jana Chrzciciela?<\/td>\n<\/tr>\n<tr>\n<td>decretum Judicii Patrimonialis<\/td>\n<td><\/td>\n<td>&#8211; dekretem S\u0105du Ma\u0142\u017ce\u0144skiego<\/td>\n<\/tr>\n<tr>\n<td>Ecclesia Parochiali<\/td>\n<td><\/td>\n<td>&#8211; ko\u015bciele parafialnym<\/td>\n<\/tr>\n<tr>\n<td>Ecclesiae<\/td>\n<td>Eccleae, Eccae, Ea<\/td>\n<td>&#8211; ko\u015bcio\u0142a<\/td>\n<\/tr>\n<tr>\n<td>Ecela<\/td>\n<td><\/td>\n<td>&#8211; ko\u015bcio\u0142a<\/td>\n<\/tr>\n<tr>\n<td>Episcopus<\/td>\n<td><\/td>\n<td>&#8211; Biskup<\/td>\n<\/tr>\n<tr>\n<td>Expositorii Canonicalis<\/td>\n<td>EC<\/td>\n<td>&#8211; kanonik (honorowa godno\u015b\u0107 ko\u015bcielna, wyr\u00f3\u017cnienie, po\u0142\u0105czone z przywilejem noszenia pelerynki)<\/td>\n<\/tr>\n<tr>\n<td>Frater<\/td>\n<td>Fr<\/td>\n<td>&#8211; Brat (funkcja ko\u015bcielna)<\/td>\n<\/tr>\n<tr>\n<td>flaminium<\/td>\n<td><\/td>\n<td>&#8211; urz\u0105d kap\u0142a\u0144ski<\/td>\n<\/tr>\n<tr>\n<td>Honestus<\/td>\n<td><\/td>\n<td>&#8211; dostojny znakomity, szanowany (okre\u015blenie duchownego prawos\u0142awnego lub unickiego)<\/td>\n<\/tr>\n<tr>\n<td>Honorabilis<\/td>\n<td><\/td>\n<td>&#8211; zaszczytny, czcigodny, dostojny, godny szacunku (okre\u015blenie wiejskiego plebana, wikariusza)<\/td>\n<\/tr>\n<tr>\n<td>Illustrissimi<\/td>\n<td>Illrimi<\/td>\n<td>&#8211; Najja\u015bniejszego (okre\u015blenie ksi\u0119dza)<\/td>\n<\/tr>\n<tr>\n<td>Illustrissimo<\/td>\n<td><\/td>\n<td>&#8211; Prze\u015bwietnego, Przes\u0142awnego (okre\u015blenie ksi\u0119dza)<\/td>\n<\/tr>\n<tr>\n<td>In Communione Sanctae Matris Ecclesiae<\/td>\n<td>In Communione Sae Matris Ecclesiae<\/td>\n<td>&#8211; we wsp\u00f3lnocie \u015awi\u0119tej Matki Ko\u015bcio\u0142a<\/td>\n<\/tr>\n<tr>\n<td>manu propria<\/td>\n<td>mp<\/td>\n<td>&#8211; r\u0119k\u0105 w\u0142asn\u0105<\/td>\n<\/tr>\n<tr>\n<td>monasterii<\/td>\n<td>mon<\/td>\n<td>&#8211; opactwa<\/td>\n<\/tr>\n<tr>\n<td>Mandrita<\/td>\n<td><\/td>\n<td>&#8211; Pasterz (w latina) u\u017cywane jako mnich<\/td>\n<\/tr>\n<tr>\n<td>Mansionarius<\/td>\n<td><\/td>\n<td>&#8211; mansjonarz; cz\u0119sty dodatek do wikariusz. Okre\u015bla\u0142 wikariusza ze sta\u0142ym dochodem , cz\u0119sto z ziemi.<\/td>\n<\/tr>\n<tr>\n<td>Nativitatis Beatae Mariae Virginis<\/td>\n<td>Nat. BVM.<\/td>\n<td>&#8211; Narodzenia NMP<\/td>\n<\/tr>\n<tr>\n<td>Officiali<\/td>\n<td><\/td>\n<td>&#8211; Oficja\u0142a<\/td>\n<\/tr>\n<tr>\n<td>Officium Consistorij Generalis<\/td>\n<td>Officium Conrij Gnalis<\/td>\n<td>&#8211; Urz\u0105d Konsystorza Generalnego<\/td>\n<\/tr>\n<tr>\n<td>Officium parochiale<\/td>\n<td><\/td>\n<td>&#8211; Urz\u0105d parafialny<\/td>\n<\/tr>\n<tr>\n<td>Ordinis<\/td>\n<td><\/td>\n<td>&#8211; Zakonu<\/td>\n<\/tr>\n<tr>\n<td>Parochia(e)<\/td>\n<td><\/td>\n<td>&#8211; parafii, parafiach<\/td>\n<\/tr>\n<tr>\n<td>Parochus<\/td>\n<td>P.<\/td>\n<td>&#8211; Proboszcz<\/td>\n<\/tr>\n<tr>\n<td>Parochus loci<\/td>\n<td>P. Loci<\/td>\n<td>&#8211; Proboszcz miejscowy<\/td>\n<\/tr>\n<tr>\n<td>parochiali<\/td>\n<td><\/td>\n<td>&#8211; proboszcza<\/td>\n<\/tr>\n<tr>\n<td>Pastor<\/td>\n<td><\/td>\n<td>&#8211; Pasterz, Proboszcz (ale raczej w rycie protestanckim)<\/td>\n<\/tr>\n<tr>\n<td>Perillustrem<\/td>\n<td>Perillrem<\/td>\n<td>&#8211; Prze\u015bwietnego (okre\u015blenie ksi\u0119dza)<\/td>\n<\/tr>\n<tr>\n<td>Plebanus<\/td>\n<td>P.<\/td>\n<td>&#8211; Pleban (proboszcz parafii)<\/td>\n<\/tr>\n<tr>\n<td>Pontifex<\/td>\n<td><\/td>\n<td>&#8211; Biskup<\/td>\n<\/tr>\n<tr>\n<td>Post Visitationem Archipresbiteralem<\/td>\n<td><\/td>\n<td>&#8211; Po wizytacji archiprezbiteralnej (dekanalnej)<\/td>\n<\/tr>\n<tr>\n<td>Praeposito<\/td>\n<td>Praep., Praepto<\/td>\n<td>&#8211; Prepozyta<\/td>\n<\/tr>\n<tr>\n<td>Praepositus<\/td>\n<td>Praep., Praepus, Praeptus<\/td>\n<td>&#8211; Prepozyt (przewodnicz\u0105cy kapitu\u0142y katedralnej, proboszcz kolegiaty, zast\u0119pca opata lub przeora w niekt\u00f3rych zakonach)<\/td>\n<\/tr>\n<tr>\n<td>Preapositus<\/td>\n<td><\/td>\n<td>&#8211; Proboszcz maj\u0105cy wikariuszy; najcz\u0119\u015bciej zarz\u0105dza\u0142 parafi\u0105 miejsk\u0105<\/td>\n<\/tr>\n<tr>\n<td>Prebendarius<\/td>\n<td><\/td>\n<td>&#8211; prebendarz<\/td>\n<\/tr>\n<tr>\n<td>Primas<\/td>\n<td><\/td>\n<td>&#8211; Prymas<\/td>\n<\/tr>\n<tr>\n<td>Princeps archiepiscoporum<\/td>\n<td><\/td>\n<td>&#8211; Prymas<\/td>\n<\/tr>\n<tr>\n<td>Productum<\/td>\n<td>Product<\/td>\n<td>&#8211; Przed\u0142o\u017cono<\/td>\n<\/tr>\n<tr>\n<td>Professus<\/td>\n<td>Prof<\/td>\n<td>&#8211; profes (zakonnik po z\u0142o\u017ceniu \u015blub\u00f3w)<\/td>\n<\/tr>\n<tr>\n<td>Promotor<\/td>\n<td>Pro<\/td>\n<td>&#8211; Promotor<\/td>\n<\/tr>\n<tr>\n<td>Proptus\u00a0?<\/td>\n<td><\/td>\n<td>&#8211; Prepozyt<\/td>\n<\/tr>\n<tr>\n<td>Protektor<\/td>\n<td><\/td>\n<td>&#8211; opiekun stowarzyszenia, zakonu. Nie administrowa\u0142 tylko reprezentowa\u0142 przed w\u0142adz\u0105 zwierzchni\u0105 np. za\u0142atwia\u0142 sprawy zakonu \u017ce\u0144skiego u biskupa<\/td>\n<\/tr>\n<tr>\n<td>provisor ecclesia<\/td>\n<td><\/td>\n<td>&#8211; \u015bwiecki zarz\u0105dca ko\u015bcio\u0142a<\/td>\n<\/tr>\n<tr>\n<td>Purissimi Cordis Beatae Mariae Virginis<\/td>\n<td>P. Cor. BVM.<\/td>\n<td>&#8211; Najczystszego serca NMP<\/td>\n<\/tr>\n<tr>\n<td>Rector Parochiae<\/td>\n<td><\/td>\n<td>&#8211; administrator parafii (bez pe\u0142nej sta\u0142o\u015bci)<\/td>\n<\/tr>\n<tr>\n<td>Reverendissimus<\/td>\n<td><\/td>\n<td>&#8211; przewielebny (tytu\u0142, kt\u00f3rym okre\u015blano duchownego wy\u017cszej rangi np. biskupa)<\/td>\n<\/tr>\n<tr>\n<td>Reverendus<\/td>\n<td>Rndus, <a class=\"external text\" href=\"http:\/\/pl.wikipedia.org\/wiki\/Znaki_specjalne\" target=\"_blank\" rel=\"nofollow noopener\">Rnd9<\/a><\/td>\n<td>&#8211; Wielebny (opat, biskup sufragan, pra\u0142at)<\/td>\n<\/tr>\n<tr>\n<td>Reverendus Dominus<\/td>\n<td>R.D.<\/td>\n<td>&#8211; Wielebny Ksi\u0105dz<\/td>\n<\/tr>\n<tr>\n<td>reverendi<\/td>\n<td>Rndi<\/td>\n<td>&#8211; wielebnego<\/td>\n<\/tr>\n<tr>\n<td>revisum<\/td>\n<td><\/td>\n<td>&#8211; przejrzano<\/td>\n<\/tr>\n<tr>\n<td>ritus graeci<\/td>\n<td>r.g.<\/td>\n<td>&#8211; obrz\u0105dku greckiego<\/td>\n<\/tr>\n<tr>\n<td>ritus graecus<\/td>\n<td>r.g.<\/td>\n<td>&#8211; rytu greckiego; skr\u00f3t wyst\u0119pujacy przy nazwiskach \u015bwiadk\u00f3w w aktach chrztu<\/td>\n<\/tr>\n<tr>\n<td>ritus latini<\/td>\n<td>rit. lat., r.l.<\/td>\n<td>&#8211; obrz\u0105dku \u0142aci\u0144skiego<\/td>\n<\/tr>\n<tr>\n<td>Sacellanus<\/td>\n<td><\/td>\n<td>&#8211; ksi\u0105dz, kap\u0142an<\/td>\n<\/tr>\n<tr>\n<td>Sacerdos<\/td>\n<td><\/td>\n<td>&#8211; ksi\u0105dz, kap\u0142an<\/td>\n<\/tr>\n<tr>\n<td>Sacerdote<\/td>\n<td><\/td>\n<td>&#8211; kap\u0142ana<\/td>\n<\/tr>\n<tr>\n<td>Sacerdotis<\/td>\n<td><\/td>\n<td>&#8211; ksi\u0119dza<\/td>\n<\/tr>\n<tr>\n<td>Sancti<\/td>\n<td>S.<\/td>\n<td>&#8211; \u015awi\u0119tego (\u015aw.)<\/td>\n<\/tr>\n<tr>\n<td>Sancti Josephi Sponsi Beatae Virginis Mariae<\/td>\n<td>S. Jos. Sp. BVM.<\/td>\n<td>&#8211; \u015awi\u0119tego J\u00f3zefa Oblubie\u0144ca NMP<\/td>\n<\/tr>\n<tr>\n<td><\/td>\n<td>S. Familia. Curam. Anim. Gerit. Congr. S. Franc. Sal.<\/td>\n<td>&#8211; \u015aw. Rodziny pod opiek\u0105 duchow\u0105\/duszpastersk\u0105 bractwa Zgromadzenia \u015aw. Franciszka Salezego<\/td>\n<\/tr>\n<tr>\n<td>Sancti Spiritus<\/td>\n<td>S. Spiritus<\/td>\n<td>&#8211; \u015awi\u0119tego Ducha<\/td>\n<\/tr>\n<tr>\n<td>Sanctissimum Nomen Maria<\/td>\n<td>SS. Nomen M.<\/td>\n<td>&#8211; Naj\u015bwi\u0119tsze Imi\u0119 Maria<\/td>\n<\/tr>\n<tr>\n<td>Sedis Apostolicae<\/td>\n<td>Sed Apostolicae<\/td>\n<td>&#8211; Stolicy Apostolskiej<\/td>\n<\/tr>\n<tr>\n<td>Senior<\/td>\n<td><\/td>\n<td>&#8211; Przeor<\/td>\n<\/tr>\n<tr>\n<td>Soldatis marianus<\/td>\n<td><\/td>\n<td>&#8211; sodalicja maria\u0144ska<\/td>\n<\/tr>\n<tr>\n<td>SS.Rosarij<\/td>\n<td><\/td>\n<td>&#8211; Naj\u015bwi\u0119tszego R\u00f3\u017ca\u0144ca<\/td>\n<\/tr>\n<tr>\n<td>Theologia Doctor<\/td>\n<td><\/td>\n<td>&#8211; doktor (\u015awi\u0119tej\u00a0???) Teologii<\/td>\n<\/tr>\n<tr>\n<td>Transfigurationis Domini Nostri Jesu Christi<\/td>\n<td>Transfig. D. N.j. Ch.<\/td>\n<td>&#8211; Przemienienia Pana Naszego Jezusa Chrystusa<\/td>\n<\/tr>\n<tr>\n<td>U[triusque] I[uris] D[octor]<\/td>\n<td>U.I.D.<\/td>\n<td>&#8211; doktor praw obojga<\/td>\n<\/tr>\n<tr>\n<td>Venerabilis<\/td>\n<td><\/td>\n<td>&#8211; od venerabilitas przewielebno\u015b\u0107 (tytu\u0142 dostojnik\u00f3w duchownych, stosowany dla proboszca lub cz\u0142onka kapitu\u0142y, kanonik)<\/td>\n<\/tr>\n<tr>\n<td>Vicarius<\/td>\n<td>Vic. lub Vicar.<\/td>\n<td>&#8211; Wikariusz<\/td>\n<\/tr>\n<tr>\n<td>Vicarius loci<\/td>\n<td><\/td>\n<td>&#8211; Wikariusz miejscowy<\/td>\n<\/tr>\n<tr>\n<td>visitatio<\/td>\n<td><\/td>\n<td>&#8211; nawiedzenie (przy wezwaniu ko\u015bcio\u0142a), wizytacja lub odwiedziny(w pozosta\u0142ych przypadkach)<\/td>\n<\/tr>\n<tr>\n<td>Visitationis Generalis<\/td>\n<td><\/td>\n<td>&#8211; wizytacji generalnej<\/td>\n<\/tr>\n<tr>\n<td>Vitricus Eclesie Radlinem<\/td>\n<td><\/td>\n<td>&#8211; zarz\u0105dzaj\u0105cy kas\u0105 ko\u015bcio\u0142a &#8211; tu nazwa miejscowo\u015bci (np. radli\u0144skiego)<\/td>\n<\/tr>\n<tr>\n<td>Vyscupas<\/td>\n<td><\/td>\n<td>&#8211; Biskup<\/td>\n<\/tr>\n<\/tbody>\n<\/table>\n","protected":false},"excerpt":{"rendered":"<p>Oznaczenia: (o) &#8211; litera dodawana do wyrazu (-o) &#8211; litera wymieniana w wyrazie J\u0119zyk \u0142aci\u0144ski Skr\u00f3t J\u0119zyk polski A sacris. &#8211; Kapelan A confessionibus. &#8211; spowiednik Abbas &#8211; Opat Administrator &#8211; pe\u0142ni obowi\u0105zki proboszcza w okresie vacatu; tytu\u0142 odnosi si\u0119 tak\u017ce do funkcji szpitalnej, bursy Admundum Admdum, Adm &#8211; Godny (okre\u015blenie ksi\u0119dza) Admodum Reverendus Adm [&hellip;]<\/p>\n","protected":false},"author":1,"featured_media":24405,"parent":14534,"menu_order":0,"comment_status":"closed","ping_status":"closed","template":"","meta":{"h5ap_radio_sources":[],"jetpack_post_was_ever_published":false,"footnotes":""},"class_list":["post-24403","page","type-page","status-publish","has-post-thumbnail","hentry"],"yoast_head":"<!-- This site is optimized with the Yoast SEO plugin v27.4 - https:\/\/yoast.com\/product\/yoast-seo-wordpress\/ -->\n<title>S\u0142ownik funkcji ko\u015bcielnych \u0142ac.-pol. - Jami\u0144ski Zesp\u00f3\u0142 Indeksacyjny<\/title>\n<meta name=\"robots\" content=\"index, follow, max-snippet:-1, max-image-preview:large, max-video-preview:-1\" \/>\n<link rel=\"canonical\" href=\"https:\/\/jzi.org.pl\/en\/pomoce\/dla-indeksujacych\/slownik-funkcji-koscielnych-lac-pol\/\" \/>\n<meta property=\"og:locale\" content=\"en_US\" \/>\n<meta property=\"og:type\" content=\"article\" \/>\n<meta property=\"og:title\" content=\"S\u0142ownik funkcji ko\u015bcielnych \u0142ac.-pol. - Jami\u0144ski Zesp\u00f3\u0142 Indeksacyjny\" \/>\n<meta property=\"og:description\" content=\"Oznaczenia: (o) &#8211; litera dodawana do wyrazu (-o) &#8211; litera wymieniana w wyrazie J\u0119zyk \u0142aci\u0144ski Skr\u00f3t J\u0119zyk polski A sacris. &#8211; Kapelan A confessionibus. &#8211; spowiednik Abbas &#8211; Opat Administrator &#8211; pe\u0142ni obowi\u0105zki proboszcza w okresie vacatu; tytu\u0142 odnosi si\u0119 tak\u017ce do funkcji szpitalnej, bursy Admundum Admdum, Adm &#8211; Godny (okre\u015blenie ksi\u0119dza) Admodum Reverendus Adm [&hellip;]\" \/>\n<meta property=\"og:url\" content=\"https:\/\/jzi.org.pl\/en\/pomoce\/dla-indeksujacych\/slownik-funkcji-koscielnych-lac-pol\/\" \/>\n<meta property=\"og:site_name\" content=\"Jami\u0144ski Zesp\u00f3\u0142 Indeksacyjny\" \/>\n<meta property=\"article:publisher\" content=\"https:\/\/www.facebook.com\/Jaminski.Zespol.Indeksacyjny\/\" \/>\n<meta property=\"article:modified_time\" content=\"2023-11-17T13:48:17+00:00\" \/>\n<meta property=\"og:image\" content=\"https:\/\/jzi.org.pl\/wp-content\/uploads\/2023\/11\/funkcje-koscielne.jpg\" \/>\n\t<meta property=\"og:image:width\" content=\"1000\" \/>\n\t<meta property=\"og:image:height\" content=\"664\" \/>\n\t<meta property=\"og:image:type\" content=\"image\/jpeg\" \/>\n<meta name=\"twitter:card\" content=\"summary_large_image\" \/>\n<meta name=\"twitter:label1\" content=\"Est. reading time\" \/>\n\t<meta name=\"twitter:data1\" content=\"5 minutes\" \/>\n<script type=\"application\/ld+json\" class=\"yoast-schema-graph\">{\"@context\":\"https:\\\/\\\/schema.org\",\"@graph\":[{\"@type\":\"WebPage\",\"@id\":\"https:\\\/\\\/jzi.org.pl\\\/en\\\/pomoce\\\/dla-indeksujacych\\\/slownik-funkcji-koscielnych-lac-pol\\\/\",\"url\":\"https:\\\/\\\/jzi.org.pl\\\/en\\\/pomoce\\\/dla-indeksujacych\\\/slownik-funkcji-koscielnych-lac-pol\\\/\",\"name\":\"S\u0142ownik funkcji ko\u015bcielnych \u0142ac.-pol. - Jami\u0144ski Zesp\u00f3\u0142 Indeksacyjny\",\"isPartOf\":{\"@id\":\"https:\\\/\\\/jzi.org.pl\\\/#website\"},\"primaryImageOfPage\":{\"@id\":\"https:\\\/\\\/jzi.org.pl\\\/en\\\/pomoce\\\/dla-indeksujacych\\\/slownik-funkcji-koscielnych-lac-pol\\\/#primaryimage\"},\"image\":{\"@id\":\"https:\\\/\\\/jzi.org.pl\\\/en\\\/pomoce\\\/dla-indeksujacych\\\/slownik-funkcji-koscielnych-lac-pol\\\/#primaryimage\"},\"thumbnailUrl\":\"https:\\\/\\\/jzi.org.pl\\\/wp-content\\\/uploads\\\/2023\\\/11\\\/funkcje-koscielne.jpg\",\"datePublished\":\"2023-11-17T13:46:17+00:00\",\"dateModified\":\"2023-11-17T13:48:17+00:00\",\"breadcrumb\":{\"@id\":\"https:\\\/\\\/jzi.org.pl\\\/en\\\/pomoce\\\/dla-indeksujacych\\\/slownik-funkcji-koscielnych-lac-pol\\\/#breadcrumb\"},\"inLanguage\":\"en-US\",\"potentialAction\":[{\"@type\":\"ReadAction\",\"target\":[\"https:\\\/\\\/jzi.org.pl\\\/en\\\/pomoce\\\/dla-indeksujacych\\\/slownik-funkcji-koscielnych-lac-pol\\\/\"]}]},{\"@type\":\"ImageObject\",\"inLanguage\":\"en-US\",\"@id\":\"https:\\\/\\\/jzi.org.pl\\\/en\\\/pomoce\\\/dla-indeksujacych\\\/slownik-funkcji-koscielnych-lac-pol\\\/#primaryimage\",\"url\":\"https:\\\/\\\/jzi.org.pl\\\/wp-content\\\/uploads\\\/2023\\\/11\\\/funkcje-koscielne.jpg\",\"contentUrl\":\"https:\\\/\\\/jzi.org.pl\\\/wp-content\\\/uploads\\\/2023\\\/11\\\/funkcje-koscielne.jpg\",\"width\":1000,\"height\":664},{\"@type\":\"BreadcrumbList\",\"@id\":\"https:\\\/\\\/jzi.org.pl\\\/en\\\/pomoce\\\/dla-indeksujacych\\\/slownik-funkcji-koscielnych-lac-pol\\\/#breadcrumb\",\"itemListElement\":[{\"@type\":\"ListItem\",\"position\":1,\"name\":\"Strona g\u0142\u00f3wna\",\"item\":\"https:\\\/\\\/jzi.org.pl\\\/\"},{\"@type\":\"ListItem\",\"position\":2,\"name\":\"Pomoce\",\"item\":\"https:\\\/\\\/jzi.org.pl\\\/pomoce\\\/\"},{\"@type\":\"ListItem\",\"position\":3,\"name\":\"Dla indeksuj\u0105cych\",\"item\":\"https:\\\/\\\/jzi.org.pl\\\/pomoce\\\/dla-indeksujacych\\\/\"},{\"@type\":\"ListItem\",\"position\":4,\"name\":\"S\u0142ownik funkcji ko\u015bcielnych \u0142ac.-pol.\"}]},{\"@type\":\"WebSite\",\"@id\":\"https:\\\/\\\/jzi.org.pl\\\/#website\",\"url\":\"https:\\\/\\\/jzi.org.pl\\\/\",\"name\":\"Jami\u0144ski Zesp\u00f3\u0142 Indeksacyjny\",\"description\":\"\",\"publisher\":{\"@id\":\"https:\\\/\\\/jzi.org.pl\\\/#organization\"},\"potentialAction\":[{\"@type\":\"SearchAction\",\"target\":{\"@type\":\"EntryPoint\",\"urlTemplate\":\"https:\\\/\\\/jzi.org.pl\\\/?s={search_term_string}\"},\"query-input\":{\"@type\":\"PropertyValueSpecification\",\"valueRequired\":true,\"valueName\":\"search_term_string\"}}],\"inLanguage\":\"en-US\"},{\"@type\":\"Organization\",\"@id\":\"https:\\\/\\\/jzi.org.pl\\\/#organization\",\"name\":\"Jami\u0144ski Zesp\u00f3\u0142 Indeksacyjny\",\"url\":\"https:\\\/\\\/jzi.org.pl\\\/\",\"logo\":{\"@type\":\"ImageObject\",\"inLanguage\":\"en-US\",\"@id\":\"https:\\\/\\\/jzi.org.pl\\\/#\\\/schema\\\/logo\\\/image\\\/\",\"url\":\"https:\\\/\\\/jzi.org.pl\\\/wp-content\\\/uploads\\\/2019\\\/03\\\/logo-stowarzyszenie-jzi.png\",\"contentUrl\":\"https:\\\/\\\/jzi.org.pl\\\/wp-content\\\/uploads\\\/2019\\\/03\\\/logo-stowarzyszenie-jzi.png\",\"width\":931,\"height\":990,\"caption\":\"Jami\u0144ski Zesp\u00f3\u0142 Indeksacyjny\"},\"image\":{\"@id\":\"https:\\\/\\\/jzi.org.pl\\\/#\\\/schema\\\/logo\\\/image\\\/\"},\"sameAs\":[\"https:\\\/\\\/www.facebook.com\\\/Jaminski.Zespol.Indeksacyjny\\\/\"]}]}<\/script>\n<!-- \/ Yoast SEO plugin. -->","yoast_head_json":{"title":"S\u0142ownik funkcji ko\u015bcielnych \u0142ac.-pol. - Jami\u0144ski Zesp\u00f3\u0142 Indeksacyjny","robots":{"index":"index","follow":"follow","max-snippet":"max-snippet:-1","max-image-preview":"max-image-preview:large","max-video-preview":"max-video-preview:-1"},"canonical":"https:\/\/jzi.org.pl\/en\/pomoce\/dla-indeksujacych\/slownik-funkcji-koscielnych-lac-pol\/","og_locale":"en_US","og_type":"article","og_title":"S\u0142ownik funkcji ko\u015bcielnych \u0142ac.-pol. - Jami\u0144ski Zesp\u00f3\u0142 Indeksacyjny","og_description":"Oznaczenia: (o) &#8211; litera dodawana do wyrazu (-o) &#8211; litera wymieniana w wyrazie J\u0119zyk \u0142aci\u0144ski Skr\u00f3t J\u0119zyk polski A sacris. &#8211; Kapelan A confessionibus. &#8211; spowiednik Abbas &#8211; Opat Administrator &#8211; pe\u0142ni obowi\u0105zki proboszcza w okresie vacatu; tytu\u0142 odnosi si\u0119 tak\u017ce do funkcji szpitalnej, bursy Admundum Admdum, Adm &#8211; Godny (okre\u015blenie ksi\u0119dza) Admodum Reverendus Adm [&hellip;]","og_url":"https:\/\/jzi.org.pl\/en\/pomoce\/dla-indeksujacych\/slownik-funkcji-koscielnych-lac-pol\/","og_site_name":"Jami\u0144ski Zesp\u00f3\u0142 Indeksacyjny","article_publisher":"https:\/\/www.facebook.com\/Jaminski.Zespol.Indeksacyjny\/","article_modified_time":"2023-11-17T13:48:17+00:00","og_image":[{"width":1000,"height":664,"url":"https:\/\/jzi.org.pl\/wp-content\/uploads\/2023\/11\/funkcje-koscielne.jpg","type":"image\/jpeg"}],"twitter_card":"summary_large_image","twitter_misc":{"Est. reading time":"5 minutes"},"schema":{"@context":"https:\/\/schema.org","@graph":[{"@type":"WebPage","@id":"https:\/\/jzi.org.pl\/en\/pomoce\/dla-indeksujacych\/slownik-funkcji-koscielnych-lac-pol\/","url":"https:\/\/jzi.org.pl\/en\/pomoce\/dla-indeksujacych\/slownik-funkcji-koscielnych-lac-pol\/","name":"S\u0142ownik funkcji ko\u015bcielnych \u0142ac.-pol. - Jami\u0144ski Zesp\u00f3\u0142 Indeksacyjny","isPartOf":{"@id":"https:\/\/jzi.org.pl\/#website"},"primaryImageOfPage":{"@id":"https:\/\/jzi.org.pl\/en\/pomoce\/dla-indeksujacych\/slownik-funkcji-koscielnych-lac-pol\/#primaryimage"},"image":{"@id":"https:\/\/jzi.org.pl\/en\/pomoce\/dla-indeksujacych\/slownik-funkcji-koscielnych-lac-pol\/#primaryimage"},"thumbnailUrl":"https:\/\/jzi.org.pl\/wp-content\/uploads\/2023\/11\/funkcje-koscielne.jpg","datePublished":"2023-11-17T13:46:17+00:00","dateModified":"2023-11-17T13:48:17+00:00","breadcrumb":{"@id":"https:\/\/jzi.org.pl\/en\/pomoce\/dla-indeksujacych\/slownik-funkcji-koscielnych-lac-pol\/#breadcrumb"},"inLanguage":"en-US","potentialAction":[{"@type":"ReadAction","target":["https:\/\/jzi.org.pl\/en\/pomoce\/dla-indeksujacych\/slownik-funkcji-koscielnych-lac-pol\/"]}]},{"@type":"ImageObject","inLanguage":"en-US","@id":"https:\/\/jzi.org.pl\/en\/pomoce\/dla-indeksujacych\/slownik-funkcji-koscielnych-lac-pol\/#primaryimage","url":"https:\/\/jzi.org.pl\/wp-content\/uploads\/2023\/11\/funkcje-koscielne.jpg","contentUrl":"https:\/\/jzi.org.pl\/wp-content\/uploads\/2023\/11\/funkcje-koscielne.jpg","width":1000,"height":664},{"@type":"BreadcrumbList","@id":"https:\/\/jzi.org.pl\/en\/pomoce\/dla-indeksujacych\/slownik-funkcji-koscielnych-lac-pol\/#breadcrumb","itemListElement":[{"@type":"ListItem","position":1,"name":"Strona g\u0142\u00f3wna","item":"https:\/\/jzi.org.pl\/"},{"@type":"ListItem","position":2,"name":"Pomoce","item":"https:\/\/jzi.org.pl\/pomoce\/"},{"@type":"ListItem","position":3,"name":"Dla indeksuj\u0105cych","item":"https:\/\/jzi.org.pl\/pomoce\/dla-indeksujacych\/"},{"@type":"ListItem","position":4,"name":"S\u0142ownik funkcji ko\u015bcielnych \u0142ac.-pol."}]},{"@type":"WebSite","@id":"https:\/\/jzi.org.pl\/#website","url":"https:\/\/jzi.org.pl\/","name":"Jaminy Indexing Team","description":"","publisher":{"@id":"https:\/\/jzi.org.pl\/#organization"},"potentialAction":[{"@type":"SearchAction","target":{"@type":"EntryPoint","urlTemplate":"https:\/\/jzi.org.pl\/?s={search_term_string}"},"query-input":{"@type":"PropertyValueSpecification","valueRequired":true,"valueName":"search_term_string"}}],"inLanguage":"en-US"},{"@type":"Organization","@id":"https:\/\/jzi.org.pl\/#organization","name":"Jaminy Indexing Team","url":"https:\/\/jzi.org.pl\/","logo":{"@type":"ImageObject","inLanguage":"en-US","@id":"https:\/\/jzi.org.pl\/#\/schema\/logo\/image\/","url":"https:\/\/jzi.org.pl\/wp-content\/uploads\/2019\/03\/logo-stowarzyszenie-jzi.png","contentUrl":"https:\/\/jzi.org.pl\/wp-content\/uploads\/2019\/03\/logo-stowarzyszenie-jzi.png","width":931,"height":990,"caption":"Jami\u0144ski Zesp\u00f3\u0142 Indeksacyjny"},"image":{"@id":"https:\/\/jzi.org.pl\/#\/schema\/logo\/image\/"},"sameAs":["https:\/\/www.facebook.com\/Jaminski.Zespol.Indeksacyjny\/"]}]}},"jetpack_likes_enabled":true,"jetpack_sharing_enabled":true,"_links":{"self":[{"href":"https:\/\/jzi.org.pl\/en\/wp-json\/wp\/v2\/pages\/24403","targetHints":{"allow":["GET"]}}],"collection":[{"href":"https:\/\/jzi.org.pl\/en\/wp-json\/wp\/v2\/pages"}],"about":[{"href":"https:\/\/jzi.org.pl\/en\/wp-json\/wp\/v2\/types\/page"}],"author":[{"embeddable":true,"href":"https:\/\/jzi.org.pl\/en\/wp-json\/wp\/v2\/users\/1"}],"replies":[{"embeddable":true,"href":"https:\/\/jzi.org.pl\/en\/wp-json\/wp\/v2\/comments?post=24403"}],"version-history":[{"count":0,"href":"https:\/\/jzi.org.pl\/en\/wp-json\/wp\/v2\/pages\/24403\/revisions"}],"up":[{"embeddable":true,"href":"https:\/\/jzi.org.pl\/en\/wp-json\/wp\/v2\/pages\/14534"}],"wp:featuredmedia":[{"embeddable":true,"href":"https:\/\/jzi.org.pl\/en\/wp-json\/wp\/v2\/media\/24405"}],"wp:attachment":[{"href":"https:\/\/jzi.org.pl\/en\/wp-json\/wp\/v2\/media?parent=24403"}],"curies":[{"name":"wp","href":"https:\/\/api.w.org\/{rel}","templated":true}]}}