{"id":24384,"date":"2023-11-17T12:44:20","date_gmt":"2023-11-17T11:44:20","guid":{"rendered":"https:\/\/jzi.org.pl\/?page_id=24384"},"modified":"2023-11-17T13:29:20","modified_gmt":"2023-11-17T12:29:20","slug":"slownik-terminologii-nieslubnej-lac-pol","status":"publish","type":"page","link":"https:\/\/jzi.org.pl\/en\/pomoce\/dla-indeksujacych\/slownik-terminologii-nieslubnej-lac-pol\/","title":{"rendered":"S\u0142ownik terminologii \u201enie\u015blubnej\u201d \u0142ac.-pol."},"content":{"rendered":"<p><strong>Oznaczenia:<br \/>\n<\/strong>(o) &#8211; litera dodawana do wyrazu<br \/>\n(-o) &#8211; litera wymieniana w wyrazie<\/p>\n<table class=\"sgjptable\" border=\"0\">\n<tbody>\n<tr>\n<th>J\u0119zyk \u0142aci\u0144ski<\/th>\n<th>J\u0119zyk polski<\/th>\n<\/tr>\n<tr>\n<td>adulter(ator)<\/td>\n<td>\u2013 cudzo\u0142o\u017cnik<\/td>\n<\/tr>\n<tr>\n<td>adultera(trix)<\/td>\n<td>\u2013 cudzo\u0142o\u017cnica<\/td>\n<\/tr>\n<tr>\n<td>Concuba, concubina<\/td>\n<td>&#8211; na\u0142o\u017cnica, kochanka; kobieta \u017cyj\u0105ca w sta\u0142ym pozama\u0142\u017ce\u0144skim zwi\u0105zku<\/td>\n<\/tr>\n<tr>\n<td>Concubinator<\/td>\n<td>&#8211; cudzo\u0142o\u017cnik<\/td>\n<\/tr>\n<tr>\n<td>Contubernium<\/td>\n<td>&#8211; po\u017cycie m\u0119\u017cczyzny z kobiet\u0105 o charakterze zwi\u0105zku faktycznego<\/td>\n<\/tr>\n<tr>\n<td>eadem die incerte Patris<\/td>\n<td>&#8211; w\u0142a\u015bnie tutaj niepewny ojciec<\/td>\n<\/tr>\n<tr>\n<td>filius naturalis<\/td>\n<td>&#8211; syn naturalny, syn nie\u015blubny<\/td>\n<\/tr>\n<tr>\n<td>Illegitimus(a, um)<\/td>\n<td>&#8211; nieprawy, nie\u015blubny<\/td>\n<\/tr>\n<tr>\n<td>Illegitimum matrimonium<\/td>\n<td>&#8211; ma\u0142\u017ce\u0144stwo prawnie niewa\u017cne<\/td>\n<\/tr>\n<tr>\n<td>Illegitimi t(h)ori<\/td>\n<td>&#8211; z nieprawego \u0142o\u017ca<\/td>\n<\/tr>\n<tr>\n<td>Illegitimitas(tis)<\/td>\n<td>&#8211; bezprawie, niezalegalizowany zwi\u0105zek ma\u0142\u017ce\u0144ski, pochodzenie z takiego zwi\u0105zku<\/td>\n<\/tr>\n<tr>\n<td>Illegitimatio(nis)<\/td>\n<td>&#8211; pochodzenie z nieprawego \u0142o\u017ca<\/td>\n<\/tr>\n<tr>\n<td>illegis.<\/td>\n<td>&#8211; nie\u015blubny<\/td>\n<\/tr>\n<tr>\n<td>Ignotus<\/td>\n<td>&#8211; nieznany, niewiadomy<\/td>\n<\/tr>\n<tr>\n<td>impuditia<\/td>\n<td>&#8211; nierz\u0105d<\/td>\n<\/tr>\n<tr>\n<td>Incertus<\/td>\n<td>&#8211; niepewny, w\u0105tpliwy, nieokre\u015blony<\/td>\n<\/tr>\n<tr>\n<td>incestus<\/td>\n<td>&#8211; kazirodztwo czy kazirodczy\u00a0?<\/td>\n<\/tr>\n<tr>\n<td>infidelis<\/td>\n<td>&#8211; niewierny,wiaro\u0142omny, spotykane jako \u017byd<\/td>\n<\/tr>\n<tr>\n<td>inventus<\/td>\n<td>&#8211; znajda, podrzutek (dziecko)<\/td>\n<\/tr>\n<tr>\n<td>Liberi naturales<\/td>\n<td>&#8211; 1. dzieci zrodzone w konkubinacie lub w contubernium; 2. dzieci rodzone w przeciwie\u0144stwie do adoptowanych<\/td>\n<\/tr>\n<tr>\n<td>Liberuli(orum)<\/td>\n<td>&#8211; ma\u0142e dzieci<\/td>\n<\/tr>\n<tr>\n<td>Manser<\/td>\n<td>&#8211; \u015bred. dziecko nie\u015blubne<\/td>\n<\/tr>\n<tr>\n<td>Meretricium<\/td>\n<td>&#8211; nierz\u0105d, prostytucja<\/td>\n<\/tr>\n<tr>\n<td>meretrix<\/td>\n<td>&#8211; nierz\u0105dnica,kobieta lekkich obyczaj\u00f3w<\/td>\n<\/tr>\n<tr>\n<td>moecha<\/td>\n<td>&#8211; cudzo\u0142o\u017cnica<\/td>\n<\/tr>\n<tr>\n<td>muliercula<\/td>\n<td>&#8211; nierz\u0105dnica<\/td>\n<\/tr>\n<tr>\n<td>Naturalis(is)<\/td>\n<td>&#8211; dziecko nie\u015blubne, dziecko naturalne; przymiotnik: opieraj\u0105cy si\u0119 na urodzeniu, urodzony<\/td>\n<\/tr>\n<tr>\n<td>nothus<\/td>\n<td>&#8211; dziecko nie\u015blubne<\/td>\n<\/tr>\n<tr>\n<td>paelex<\/td>\n<td>&#8211; nierz\u0105dnica<\/td>\n<\/tr>\n<tr>\n<td>paelicatus<\/td>\n<td>\u2013 konkubinat (wsp\u00f3\u0142\u017cycie bez sakramentu ma\u0142\u017ce\u0144stwa)<\/td>\n<\/tr>\n<tr>\n<td>pa(-e)llex<\/td>\n<td>&#8211; konkubina<\/td>\n<\/tr>\n<tr>\n<td>Prostitutio<\/td>\n<td>&#8211; oddawanie si\u0119 nierz\u0105dowi<\/td>\n<\/tr>\n<tr>\n<td>scortatio<\/td>\n<td>&#8211; cudzo\u0142\u00f3stwo<\/td>\n<\/tr>\n<tr>\n<td>Spuria<\/td>\n<td>&#8211; dziewczyna z nieprawego \u0142o\u017ca<\/td>\n<\/tr>\n<tr>\n<td>Spurio<\/td>\n<td>&#8211; b\u0119kart (\u015bredniowieczne)<\/td>\n<\/tr>\n<tr>\n<td>Spurius(a, um)<\/td>\n<td>&#8211; b\u0119kart, bastard (nie\u015blubny, nieprawy, pozama\u0142\u017ce\u0144ski, z nieznanego ojca)<\/td>\n<\/tr>\n<tr>\n<td>Spurius filius<\/td>\n<td>&#8211; syn pozama\u0142\u017ce\u0144ski<\/td>\n<\/tr>\n<tr>\n<td>Spuria filia<\/td>\n<td>&#8211; c\u00f3rka pozama\u0142\u017ce\u0144ska<\/td>\n<\/tr>\n<tr>\n<td>stuprum violenlium<\/td>\n<td>&#8211; gwa\u0142t<\/td>\n<\/tr>\n<tr>\n<td>subnuba<\/td>\n<td>&#8211; na\u0142o\u017cnica<\/td>\n<\/tr>\n<tr>\n<td>Torale<\/td>\n<td>&#8211; wezg\u0142owie<\/td>\n<\/tr>\n<tr>\n<td>uxor gratuita<\/td>\n<td>&#8211; konkubina<\/td>\n<\/tr>\n<tr>\n<td>violationis<\/td>\n<td>&#8211; zgwa\u0142cenie<\/td>\n<\/tr>\n<tr>\n<td>Violentum stuprum<\/td>\n<td>&#8211; zgwa\u0142cenie kobiety<\/td>\n<\/tr>\n<tr>\n<td>vulgo quaesitus<\/td>\n<td>&#8211; nie\u015blubne dziecko<\/td>\n<\/tr>\n<\/tbody>\n<\/table>","protected":false},"excerpt":{"rendered":"<p>Oznaczenia: (o) &#8211; litera dodawana do wyrazu (-o) &#8211; litera wymieniana w wyrazie J\u0119zyk \u0142aci\u0144ski J\u0119zyk polski adulter(ator) \u2013 cudzo\u0142o\u017cnik adultera(trix) \u2013 cudzo\u0142o\u017cnica Concuba, concubina &#8211; na\u0142o\u017cnica, kochanka; kobieta \u017cyj\u0105ca w sta\u0142ym pozama\u0142\u017ce\u0144skim zwi\u0105zku Concubinator &#8211; cudzo\u0142o\u017cnik Contubernium &#8211; po\u017cycie m\u0119\u017cczyzny z kobiet\u0105 o charakterze zwi\u0105zku faktycznego eadem die incerte Patris &#8211; w\u0142a\u015bnie tutaj niepewny [&hellip;]<\/p>\n","protected":false},"author":1,"featured_media":24385,"parent":14534,"menu_order":0,"comment_status":"closed","ping_status":"closed","template":"","meta":{"h5ap_radio_sources":[],"jetpack_post_was_ever_published":false,"footnotes":""},"class_list":["post-24384","page","type-page","status-publish","has-post-thumbnail","hentry"],"yoast_head":"<!-- This site is optimized with the Yoast SEO plugin v27.3 - https:\/\/yoast.com\/product\/yoast-seo-wordpress\/ -->\n<title>S\u0142ownik terminologii \u201enie\u015blubnej\u201d \u0142ac.-pol. - Jami\u0144ski Zesp\u00f3\u0142 Indeksacyjny<\/title>\n<meta name=\"robots\" content=\"index, follow, max-snippet:-1, max-image-preview:large, max-video-preview:-1\" \/>\n<link rel=\"canonical\" href=\"https:\/\/jzi.org.pl\/en\/pomoce\/dla-indeksujacych\/slownik-terminologii-nieslubnej-lac-pol\/\" \/>\n<meta property=\"og:locale\" content=\"en_US\" \/>\n<meta property=\"og:type\" content=\"article\" \/>\n<meta property=\"og:title\" content=\"S\u0142ownik terminologii \u201enie\u015blubnej\u201d \u0142ac.-pol. - Jami\u0144ski Zesp\u00f3\u0142 Indeksacyjny\" \/>\n<meta property=\"og:description\" content=\"Oznaczenia: (o) &#8211; litera dodawana do wyrazu (-o) &#8211; litera wymieniana w wyrazie J\u0119zyk \u0142aci\u0144ski J\u0119zyk polski adulter(ator) \u2013 cudzo\u0142o\u017cnik adultera(trix) \u2013 cudzo\u0142o\u017cnica Concuba, concubina &#8211; na\u0142o\u017cnica, kochanka; kobieta \u017cyj\u0105ca w sta\u0142ym pozama\u0142\u017ce\u0144skim zwi\u0105zku Concubinator &#8211; cudzo\u0142o\u017cnik Contubernium &#8211; po\u017cycie m\u0119\u017cczyzny z kobiet\u0105 o charakterze zwi\u0105zku faktycznego eadem die incerte Patris &#8211; w\u0142a\u015bnie tutaj niepewny [&hellip;]\" \/>\n<meta property=\"og:url\" content=\"https:\/\/jzi.org.pl\/en\/pomoce\/dla-indeksujacych\/slownik-terminologii-nieslubnej-lac-pol\/\" \/>\n<meta property=\"og:site_name\" content=\"Jami\u0144ski Zesp\u00f3\u0142 Indeksacyjny\" \/>\n<meta property=\"article:publisher\" content=\"https:\/\/www.facebook.com\/Jaminski.Zespol.Indeksacyjny\/\" \/>\n<meta property=\"article:modified_time\" content=\"2023-11-17T12:29:20+00:00\" \/>\n<meta property=\"og:image\" content=\"https:\/\/jzi.org.pl\/wp-content\/uploads\/2023\/11\/terminologia-nieslubna.jpg\" \/>\n\t<meta property=\"og:image:width\" content=\"464\" \/>\n\t<meta property=\"og:image:height\" content=\"371\" \/>\n\t<meta property=\"og:image:type\" content=\"image\/jpeg\" \/>\n<meta name=\"twitter:card\" content=\"summary_large_image\" \/>\n<meta name=\"twitter:label1\" content=\"Est. reading time\" \/>\n\t<meta name=\"twitter:data1\" content=\"2 minutes\" \/>\n<script type=\"application\/ld+json\" class=\"yoast-schema-graph\">{\"@context\":\"https:\\\/\\\/schema.org\",\"@graph\":[{\"@type\":\"WebPage\",\"@id\":\"https:\\\/\\\/jzi.org.pl\\\/pomoce\\\/dla-indeksujacych\\\/slownik-terminologii-nieslubnej-lac-pol\\\/\",\"url\":\"https:\\\/\\\/jzi.org.pl\\\/pomoce\\\/dla-indeksujacych\\\/slownik-terminologii-nieslubnej-lac-pol\\\/\",\"name\":\"S\u0142ownik terminologii \u201enie\u015blubnej\u201d \u0142ac.-pol. - Jami\u0144ski Zesp\u00f3\u0142 Indeksacyjny\",\"isPartOf\":{\"@id\":\"https:\\\/\\\/jzi.org.pl\\\/#website\"},\"primaryImageOfPage\":{\"@id\":\"https:\\\/\\\/jzi.org.pl\\\/pomoce\\\/dla-indeksujacych\\\/slownik-terminologii-nieslubnej-lac-pol\\\/#primaryimage\"},\"image\":{\"@id\":\"https:\\\/\\\/jzi.org.pl\\\/pomoce\\\/dla-indeksujacych\\\/slownik-terminologii-nieslubnej-lac-pol\\\/#primaryimage\"},\"thumbnailUrl\":\"https:\\\/\\\/jzi.org.pl\\\/wp-content\\\/uploads\\\/2023\\\/11\\\/terminologia-nieslubna.jpg\",\"datePublished\":\"2023-11-17T11:44:20+00:00\",\"dateModified\":\"2023-11-17T12:29:20+00:00\",\"breadcrumb\":{\"@id\":\"https:\\\/\\\/jzi.org.pl\\\/pomoce\\\/dla-indeksujacych\\\/slownik-terminologii-nieslubnej-lac-pol\\\/#breadcrumb\"},\"inLanguage\":\"en-US\",\"potentialAction\":[{\"@type\":\"ReadAction\",\"target\":[\"https:\\\/\\\/jzi.org.pl\\\/pomoce\\\/dla-indeksujacych\\\/slownik-terminologii-nieslubnej-lac-pol\\\/\"]}]},{\"@type\":\"ImageObject\",\"inLanguage\":\"en-US\",\"@id\":\"https:\\\/\\\/jzi.org.pl\\\/pomoce\\\/dla-indeksujacych\\\/slownik-terminologii-nieslubnej-lac-pol\\\/#primaryimage\",\"url\":\"https:\\\/\\\/jzi.org.pl\\\/wp-content\\\/uploads\\\/2023\\\/11\\\/terminologia-nieslubna.jpg\",\"contentUrl\":\"https:\\\/\\\/jzi.org.pl\\\/wp-content\\\/uploads\\\/2023\\\/11\\\/terminologia-nieslubna.jpg\",\"width\":464,\"height\":371,\"caption\":\"Illustration from the story Manon Lescaut by Abbe Prevost. Set in France and Louisiana in the early 18th century, the story follows the hero, the Chevalier des Grieux, and his lover, Manon Lescaut. Young lovers kissing, 18th Century\"},{\"@type\":\"BreadcrumbList\",\"@id\":\"https:\\\/\\\/jzi.org.pl\\\/pomoce\\\/dla-indeksujacych\\\/slownik-terminologii-nieslubnej-lac-pol\\\/#breadcrumb\",\"itemListElement\":[{\"@type\":\"ListItem\",\"position\":1,\"name\":\"Strona g\u0142\u00f3wna\",\"item\":\"https:\\\/\\\/jzi.org.pl\\\/\"},{\"@type\":\"ListItem\",\"position\":2,\"name\":\"Pomoce\",\"item\":\"https:\\\/\\\/jzi.org.pl\\\/pomoce\\\/\"},{\"@type\":\"ListItem\",\"position\":3,\"name\":\"Dla indeksuj\u0105cych\",\"item\":\"https:\\\/\\\/jzi.org.pl\\\/pomoce\\\/dla-indeksujacych\\\/\"},{\"@type\":\"ListItem\",\"position\":4,\"name\":\"S\u0142ownik terminologii \u201enie\u015blubnej\u201d \u0142ac.-pol.\"}]},{\"@type\":\"WebSite\",\"@id\":\"https:\\\/\\\/jzi.org.pl\\\/#website\",\"url\":\"https:\\\/\\\/jzi.org.pl\\\/\",\"name\":\"Jami\u0144ski Zesp\u00f3\u0142 Indeksacyjny\",\"description\":\"\",\"publisher\":{\"@id\":\"https:\\\/\\\/jzi.org.pl\\\/#organization\"},\"potentialAction\":[{\"@type\":\"SearchAction\",\"target\":{\"@type\":\"EntryPoint\",\"urlTemplate\":\"https:\\\/\\\/jzi.org.pl\\\/?s={search_term_string}\"},\"query-input\":{\"@type\":\"PropertyValueSpecification\",\"valueRequired\":true,\"valueName\":\"search_term_string\"}}],\"inLanguage\":\"en-US\"},{\"@type\":\"Organization\",\"@id\":\"https:\\\/\\\/jzi.org.pl\\\/#organization\",\"name\":\"Jami\u0144ski Zesp\u00f3\u0142 Indeksacyjny\",\"url\":\"https:\\\/\\\/jzi.org.pl\\\/\",\"logo\":{\"@type\":\"ImageObject\",\"inLanguage\":\"en-US\",\"@id\":\"https:\\\/\\\/jzi.org.pl\\\/#\\\/schema\\\/logo\\\/image\\\/\",\"url\":\"https:\\\/\\\/jzi.org.pl\\\/wp-content\\\/uploads\\\/2019\\\/03\\\/logo-stowarzyszenie-jzi.png\",\"contentUrl\":\"https:\\\/\\\/jzi.org.pl\\\/wp-content\\\/uploads\\\/2019\\\/03\\\/logo-stowarzyszenie-jzi.png\",\"width\":931,\"height\":990,\"caption\":\"Jami\u0144ski Zesp\u00f3\u0142 Indeksacyjny\"},\"image\":{\"@id\":\"https:\\\/\\\/jzi.org.pl\\\/#\\\/schema\\\/logo\\\/image\\\/\"},\"sameAs\":[\"https:\\\/\\\/www.facebook.com\\\/Jaminski.Zespol.Indeksacyjny\\\/\"]}]}<\/script>\n<!-- \/ Yoast SEO plugin. -->","yoast_head_json":{"title":"S\u0142ownik terminologii \u201enie\u015blubnej\u201d \u0142ac.-pol. - Jami\u0144ski Zesp\u00f3\u0142 Indeksacyjny","robots":{"index":"index","follow":"follow","max-snippet":"max-snippet:-1","max-image-preview":"max-image-preview:large","max-video-preview":"max-video-preview:-1"},"canonical":"https:\/\/jzi.org.pl\/en\/pomoce\/dla-indeksujacych\/slownik-terminologii-nieslubnej-lac-pol\/","og_locale":"en_US","og_type":"article","og_title":"S\u0142ownik terminologii \u201enie\u015blubnej\u201d \u0142ac.-pol. - Jami\u0144ski Zesp\u00f3\u0142 Indeksacyjny","og_description":"Oznaczenia: (o) &#8211; litera dodawana do wyrazu (-o) &#8211; litera wymieniana w wyrazie J\u0119zyk \u0142aci\u0144ski J\u0119zyk polski adulter(ator) \u2013 cudzo\u0142o\u017cnik adultera(trix) \u2013 cudzo\u0142o\u017cnica Concuba, concubina &#8211; na\u0142o\u017cnica, kochanka; kobieta \u017cyj\u0105ca w sta\u0142ym pozama\u0142\u017ce\u0144skim zwi\u0105zku Concubinator &#8211; cudzo\u0142o\u017cnik Contubernium &#8211; po\u017cycie m\u0119\u017cczyzny z kobiet\u0105 o charakterze zwi\u0105zku faktycznego eadem die incerte Patris &#8211; w\u0142a\u015bnie tutaj niepewny [&hellip;]","og_url":"https:\/\/jzi.org.pl\/en\/pomoce\/dla-indeksujacych\/slownik-terminologii-nieslubnej-lac-pol\/","og_site_name":"Jami\u0144ski Zesp\u00f3\u0142 Indeksacyjny","article_publisher":"https:\/\/www.facebook.com\/Jaminski.Zespol.Indeksacyjny\/","article_modified_time":"2023-11-17T12:29:20+00:00","og_image":[{"width":464,"height":371,"url":"https:\/\/jzi.org.pl\/wp-content\/uploads\/2023\/11\/terminologia-nieslubna.jpg","type":"image\/jpeg"}],"twitter_card":"summary_large_image","twitter_misc":{"Est. reading time":"2 minutes"},"schema":{"@context":"https:\/\/schema.org","@graph":[{"@type":"WebPage","@id":"https:\/\/jzi.org.pl\/pomoce\/dla-indeksujacych\/slownik-terminologii-nieslubnej-lac-pol\/","url":"https:\/\/jzi.org.pl\/pomoce\/dla-indeksujacych\/slownik-terminologii-nieslubnej-lac-pol\/","name":"S\u0142ownik terminologii \u201enie\u015blubnej\u201d \u0142ac.-pol. - Jami\u0144ski Zesp\u00f3\u0142 Indeksacyjny","isPartOf":{"@id":"https:\/\/jzi.org.pl\/#website"},"primaryImageOfPage":{"@id":"https:\/\/jzi.org.pl\/pomoce\/dla-indeksujacych\/slownik-terminologii-nieslubnej-lac-pol\/#primaryimage"},"image":{"@id":"https:\/\/jzi.org.pl\/pomoce\/dla-indeksujacych\/slownik-terminologii-nieslubnej-lac-pol\/#primaryimage"},"thumbnailUrl":"https:\/\/jzi.org.pl\/wp-content\/uploads\/2023\/11\/terminologia-nieslubna.jpg","datePublished":"2023-11-17T11:44:20+00:00","dateModified":"2023-11-17T12:29:20+00:00","breadcrumb":{"@id":"https:\/\/jzi.org.pl\/pomoce\/dla-indeksujacych\/slownik-terminologii-nieslubnej-lac-pol\/#breadcrumb"},"inLanguage":"en-US","potentialAction":[{"@type":"ReadAction","target":["https:\/\/jzi.org.pl\/pomoce\/dla-indeksujacych\/slownik-terminologii-nieslubnej-lac-pol\/"]}]},{"@type":"ImageObject","inLanguage":"en-US","@id":"https:\/\/jzi.org.pl\/pomoce\/dla-indeksujacych\/slownik-terminologii-nieslubnej-lac-pol\/#primaryimage","url":"https:\/\/jzi.org.pl\/wp-content\/uploads\/2023\/11\/terminologia-nieslubna.jpg","contentUrl":"https:\/\/jzi.org.pl\/wp-content\/uploads\/2023\/11\/terminologia-nieslubna.jpg","width":464,"height":371,"caption":"Illustration from the story Manon Lescaut by Abbe Prevost. Set in France and Louisiana in the early 18th century, the story follows the hero, the Chevalier des Grieux, and his lover, Manon Lescaut. Young lovers kissing, 18th Century"},{"@type":"BreadcrumbList","@id":"https:\/\/jzi.org.pl\/pomoce\/dla-indeksujacych\/slownik-terminologii-nieslubnej-lac-pol\/#breadcrumb","itemListElement":[{"@type":"ListItem","position":1,"name":"Strona g\u0142\u00f3wna","item":"https:\/\/jzi.org.pl\/"},{"@type":"ListItem","position":2,"name":"Pomoce","item":"https:\/\/jzi.org.pl\/pomoce\/"},{"@type":"ListItem","position":3,"name":"Dla indeksuj\u0105cych","item":"https:\/\/jzi.org.pl\/pomoce\/dla-indeksujacych\/"},{"@type":"ListItem","position":4,"name":"S\u0142ownik terminologii \u201enie\u015blubnej\u201d \u0142ac.-pol."}]},{"@type":"WebSite","@id":"https:\/\/jzi.org.pl\/#website","url":"https:\/\/jzi.org.pl\/","name":"Jaminy Indexing Team","description":"","publisher":{"@id":"https:\/\/jzi.org.pl\/#organization"},"potentialAction":[{"@type":"SearchAction","target":{"@type":"EntryPoint","urlTemplate":"https:\/\/jzi.org.pl\/?s={search_term_string}"},"query-input":{"@type":"PropertyValueSpecification","valueRequired":true,"valueName":"search_term_string"}}],"inLanguage":"en-US"},{"@type":"Organization","@id":"https:\/\/jzi.org.pl\/#organization","name":"Jaminy Indexing Team","url":"https:\/\/jzi.org.pl\/","logo":{"@type":"ImageObject","inLanguage":"en-US","@id":"https:\/\/jzi.org.pl\/#\/schema\/logo\/image\/","url":"https:\/\/jzi.org.pl\/wp-content\/uploads\/2019\/03\/logo-stowarzyszenie-jzi.png","contentUrl":"https:\/\/jzi.org.pl\/wp-content\/uploads\/2019\/03\/logo-stowarzyszenie-jzi.png","width":931,"height":990,"caption":"Jami\u0144ski Zesp\u00f3\u0142 Indeksacyjny"},"image":{"@id":"https:\/\/jzi.org.pl\/#\/schema\/logo\/image\/"},"sameAs":["https:\/\/www.facebook.com\/Jaminski.Zespol.Indeksacyjny\/"]}]}},"jetpack_likes_enabled":true,"jetpack_sharing_enabled":true,"_links":{"self":[{"href":"https:\/\/jzi.org.pl\/en\/wp-json\/wp\/v2\/pages\/24384","targetHints":{"allow":["GET"]}}],"collection":[{"href":"https:\/\/jzi.org.pl\/en\/wp-json\/wp\/v2\/pages"}],"about":[{"href":"https:\/\/jzi.org.pl\/en\/wp-json\/wp\/v2\/types\/page"}],"author":[{"embeddable":true,"href":"https:\/\/jzi.org.pl\/en\/wp-json\/wp\/v2\/users\/1"}],"replies":[{"embeddable":true,"href":"https:\/\/jzi.org.pl\/en\/wp-json\/wp\/v2\/comments?post=24384"}],"version-history":[{"count":0,"href":"https:\/\/jzi.org.pl\/en\/wp-json\/wp\/v2\/pages\/24384\/revisions"}],"up":[{"embeddable":true,"href":"https:\/\/jzi.org.pl\/en\/wp-json\/wp\/v2\/pages\/14534"}],"wp:featuredmedia":[{"embeddable":true,"href":"https:\/\/jzi.org.pl\/en\/wp-json\/wp\/v2\/media\/24385"}],"wp:attachment":[{"href":"https:\/\/jzi.org.pl\/en\/wp-json\/wp\/v2\/media?parent=24384"}],"curies":[{"name":"wp","href":"https:\/\/api.w.org\/{rel}","templated":true}]}}