{"id":2382,"date":"2017-08-17T00:00:00","date_gmt":"2017-08-16T22:00:00","guid":{"rendered":"http:\/\/jzi.org.pl\/?page_id=2382"},"modified":"2020-02-27T21:47:53","modified_gmt":"2020-02-27T20:47:53","slug":"paypal","status":"publish","type":"page","link":"https:\/\/jzi.org.pl\/en\/paypal\/","title":{"rendered":"Paypal"},"content":{"rendered":"<div id=\"pl-2382\"  class=\"panel-layout\" ><div id=\"pg-2382-0\"  class=\"panel-grid panel-no-style\" ><div id=\"pgc-2382-0-0\"  class=\"panel-grid-cell\" ><div id=\"panel-2382-0-0-0\" class=\"so-panel widget widget_paypal_donations panel-first-child panel-last-child\" data-index=\"0\" ><h3 class=\"widget-title\">Support us<\/h3><p>If you think the information on this page is valuable, consider a donation of any value. Each sum will help us to add new indexes.<br \/>\nKonto: 37 1600 1462 1834 7686 6000 0001 w BG\u017b BNP<\/p>\n<!-- Begin PayPal Donations by https:\/\/www.tipsandtricks-hq.com\/paypal-donations-widgets-plugin -->\n\n<form action=\"https:\/\/www.paypal.com\/cgi-bin\/webscr\" method=\"post\" target=\"_blank\">\n    <div class=\"paypal-donations\">\n        <input type=\"hidden\" name=\"cmd\" value=\"_donations\" \/>\n        <input type=\"hidden\" name=\"bn\" value=\"TipsandTricks_SP\" \/>\n        <input type=\"hidden\" name=\"business\" value=\"jaminski.zespol.indeksacyjny@gmail.com\" \/>\n        <input type=\"hidden\" name=\"return\" value=\"http:\/\/.\/dziekujemy-za-przekazanie-darowizny\" \/>\n        <input type=\"hidden\" name=\"item_name\" value=\"Darowizna na cele statutowe\" \/>\n        <input type=\"hidden\" name=\"rm\" value=\"0\" \/>\n        <input type=\"hidden\" name=\"currency_code\" value=\"PLN\" \/>\n        <input type=\"image\" style=\"cursor: pointer;\" src=\"https:\/\/www.paypalobjects.com\/pl_PL\/PL\/i\/btn\/btn_donateCC_LG.gif\" name=\"submit\" alt=\"PayPal - The safer, easier way to pay online.\" \/>\n        <img loading=\"lazy\" decoding=\"async\" alt=\"\" src=\"https:\/\/www.paypalobjects.com\/en_US\/i\/scr\/pixel.gif\" width=\"1\" height=\"1\" \/>\n    <\/div>\n<\/form>\n<!-- End PayPal Donations -->\n<\/div><\/div><\/div><\/div>","protected":false},"excerpt":{"rendered":"<p>Wspom\u00f3\u017c nasJe\u015bli uwa\u017casz, \u017ce informacje zawarte na tej stronie s\u0105 warto\u015bciowe, rozwa\u017c przekazanie dotacji w dowolnej wysoko\u015bci. Ka\u017cda suma wspomo\u017ce dodawanie nowych indeks\u00f3w. Konto: 37 1600 1462 1834 7686 6000 0001 w BG\u017b BNP<\/p>","protected":false},"author":1,"featured_media":0,"parent":0,"menu_order":0,"comment_status":"open","ping_status":"open","template":"","meta":{"h5ap_radio_sources":[],"jetpack_post_was_ever_published":false,"footnotes":""},"class_list":["post-2382","page","type-page","status-publish","hentry"],"yoast_head":"<!-- This site is optimized with the Yoast SEO plugin v27.3 - https:\/\/yoast.com\/product\/yoast-seo-wordpress\/ -->\n<title>Paypal - Jami\u0144ski Zesp\u00f3\u0142 Indeksacyjny<\/title>\n<meta name=\"robots\" content=\"index, follow, max-snippet:-1, max-image-preview:large, max-video-preview:-1\" \/>\n<link rel=\"canonical\" href=\"https:\/\/jzi.org.pl\/en\/paypal\/\" \/>\n<meta property=\"og:locale\" content=\"en_US\" \/>\n<meta property=\"og:type\" content=\"article\" \/>\n<meta property=\"og:title\" content=\"Wspom\u00f3\u017c nas\" \/>\n<meta property=\"og:description\" content=\"Je\u015bli uwa\u017casz, \u017ce informacje zawarte na tej stronie s\u0105 warto\u015bciowe, rozwa\u017c przekazanie dotacji w dowolnej wysoko\u015bci. Ka\u017cda suma wspomo\u017ce dodawanie nowych indeks\u00f3w. Konto: 37 1600 1462 1834 7686 6000 0001 w BG\u017b BNP\" \/>\n<meta property=\"og:url\" content=\"https:\/\/jzi.org.pl\/en\/paypal\/\" \/>\n<meta property=\"og:site_name\" content=\"Jami\u0144ski Zesp\u00f3\u0142 Indeksacyjny\" \/>\n<meta property=\"article:publisher\" content=\"https:\/\/www.facebook.com\/Jaminski.Zespol.Indeksacyjny\/\" \/>\n<meta property=\"article:modified_time\" content=\"2020-02-27T20:47:53+00:00\" \/>\n<meta property=\"og:image\" content=\"https:\/\/jzi.org.pl\/wp-content\/uploads\/2017\/07\/JZI-Logo.jpg\" \/>\n\t<meta property=\"og:image:width\" content=\"502\" \/>\n\t<meta property=\"og:image:height\" content=\"515\" \/>\n\t<meta property=\"og:image:type\" content=\"image\/jpeg\" \/>\n<meta name=\"twitter:card\" content=\"summary_large_image\" \/>\n<script type=\"application\/ld+json\" class=\"yoast-schema-graph\">{\"@context\":\"https:\\\/\\\/schema.org\",\"@graph\":[{\"@type\":\"WebPage\",\"@id\":\"https:\\\/\\\/jzi.org.pl\\\/en\\\/paypal\\\/\",\"url\":\"https:\\\/\\\/jzi.org.pl\\\/en\\\/paypal\\\/\",\"name\":\"Paypal - Jami\u0144ski Zesp\u00f3\u0142 Indeksacyjny\",\"isPartOf\":{\"@id\":\"https:\\\/\\\/jzi.org.pl\\\/#website\"},\"primaryImageOfPage\":{\"@id\":\"https:\\\/\\\/jzi.org.pl\\\/en\\\/paypal\\\/#primaryimage\"},\"image\":{\"@id\":\"https:\\\/\\\/jzi.org.pl\\\/en\\\/paypal\\\/#primaryimage\"},\"thumbnailUrl\":\"https:\\\/\\\/www.paypal.com\\\/en_US\\\/i\\\/scr\\\/pixel.gif\",\"datePublished\":\"2017-08-16T22:00:00+00:00\",\"dateModified\":\"2020-02-27T20:47:53+00:00\",\"breadcrumb\":{\"@id\":\"https:\\\/\\\/jzi.org.pl\\\/en\\\/paypal\\\/#breadcrumb\"},\"inLanguage\":\"en-US\",\"potentialAction\":[{\"@type\":\"ReadAction\",\"target\":[\"https:\\\/\\\/jzi.org.pl\\\/en\\\/paypal\\\/\"]}]},{\"@type\":\"ImageObject\",\"inLanguage\":\"en-US\",\"@id\":\"https:\\\/\\\/jzi.org.pl\\\/en\\\/paypal\\\/#primaryimage\",\"url\":\"https:\\\/\\\/www.paypal.com\\\/en_US\\\/i\\\/scr\\\/pixel.gif\",\"contentUrl\":\"https:\\\/\\\/www.paypal.com\\\/en_US\\\/i\\\/scr\\\/pixel.gif\"},{\"@type\":\"BreadcrumbList\",\"@id\":\"https:\\\/\\\/jzi.org.pl\\\/en\\\/paypal\\\/#breadcrumb\",\"itemListElement\":[{\"@type\":\"ListItem\",\"position\":1,\"name\":\"Strona g\u0142\u00f3wna\",\"item\":\"https:\\\/\\\/jzi.org.pl\\\/\"},{\"@type\":\"ListItem\",\"position\":2,\"name\":\"Paypal\"}]},{\"@type\":\"WebSite\",\"@id\":\"https:\\\/\\\/jzi.org.pl\\\/#website\",\"url\":\"https:\\\/\\\/jzi.org.pl\\\/\",\"name\":\"Jami\u0144ski Zesp\u00f3\u0142 Indeksacyjny\",\"description\":\"\",\"publisher\":{\"@id\":\"https:\\\/\\\/jzi.org.pl\\\/#organization\"},\"potentialAction\":[{\"@type\":\"SearchAction\",\"target\":{\"@type\":\"EntryPoint\",\"urlTemplate\":\"https:\\\/\\\/jzi.org.pl\\\/?s={search_term_string}\"},\"query-input\":{\"@type\":\"PropertyValueSpecification\",\"valueRequired\":true,\"valueName\":\"search_term_string\"}}],\"inLanguage\":\"en-US\"},{\"@type\":\"Organization\",\"@id\":\"https:\\\/\\\/jzi.org.pl\\\/#organization\",\"name\":\"Jami\u0144ski Zesp\u00f3\u0142 Indeksacyjny\",\"url\":\"https:\\\/\\\/jzi.org.pl\\\/\",\"logo\":{\"@type\":\"ImageObject\",\"inLanguage\":\"en-US\",\"@id\":\"https:\\\/\\\/jzi.org.pl\\\/#\\\/schema\\\/logo\\\/image\\\/\",\"url\":\"https:\\\/\\\/jzi.org.pl\\\/wp-content\\\/uploads\\\/2019\\\/03\\\/logo-stowarzyszenie-jzi.png\",\"contentUrl\":\"https:\\\/\\\/jzi.org.pl\\\/wp-content\\\/uploads\\\/2019\\\/03\\\/logo-stowarzyszenie-jzi.png\",\"width\":931,\"height\":990,\"caption\":\"Jami\u0144ski Zesp\u00f3\u0142 Indeksacyjny\"},\"image\":{\"@id\":\"https:\\\/\\\/jzi.org.pl\\\/#\\\/schema\\\/logo\\\/image\\\/\"},\"sameAs\":[\"https:\\\/\\\/www.facebook.com\\\/Jaminski.Zespol.Indeksacyjny\\\/\"]}]}<\/script>\n<!-- \/ Yoast SEO plugin. -->","yoast_head_json":{"title":"Paypal - Jami\u0144ski Zesp\u00f3\u0142 Indeksacyjny","robots":{"index":"index","follow":"follow","max-snippet":"max-snippet:-1","max-image-preview":"max-image-preview:large","max-video-preview":"max-video-preview:-1"},"canonical":"https:\/\/jzi.org.pl\/en\/paypal\/","og_locale":"en_US","og_type":"article","og_title":"Wspom\u00f3\u017c nas","og_description":"Je\u015bli uwa\u017casz, \u017ce informacje zawarte na tej stronie s\u0105 warto\u015bciowe, rozwa\u017c przekazanie dotacji w dowolnej wysoko\u015bci. Ka\u017cda suma wspomo\u017ce dodawanie nowych indeks\u00f3w. Konto: 37 1600 1462 1834 7686 6000 0001 w BG\u017b BNP","og_url":"https:\/\/jzi.org.pl\/en\/paypal\/","og_site_name":"Jami\u0144ski Zesp\u00f3\u0142 Indeksacyjny","article_publisher":"https:\/\/www.facebook.com\/Jaminski.Zespol.Indeksacyjny\/","article_modified_time":"2020-02-27T20:47:53+00:00","og_image":[{"width":502,"height":515,"url":"https:\/\/jzi.org.pl\/wp-content\/uploads\/2017\/07\/JZI-Logo.jpg","type":"image\/jpeg"}],"twitter_card":"summary_large_image","schema":{"@context":"https:\/\/schema.org","@graph":[{"@type":"WebPage","@id":"https:\/\/jzi.org.pl\/en\/paypal\/","url":"https:\/\/jzi.org.pl\/en\/paypal\/","name":"Paypal - Jami\u0144ski Zesp\u00f3\u0142 Indeksacyjny","isPartOf":{"@id":"https:\/\/jzi.org.pl\/#website"},"primaryImageOfPage":{"@id":"https:\/\/jzi.org.pl\/en\/paypal\/#primaryimage"},"image":{"@id":"https:\/\/jzi.org.pl\/en\/paypal\/#primaryimage"},"thumbnailUrl":"https:\/\/www.paypal.com\/en_US\/i\/scr\/pixel.gif","datePublished":"2017-08-16T22:00:00+00:00","dateModified":"2020-02-27T20:47:53+00:00","breadcrumb":{"@id":"https:\/\/jzi.org.pl\/en\/paypal\/#breadcrumb"},"inLanguage":"en-US","potentialAction":[{"@type":"ReadAction","target":["https:\/\/jzi.org.pl\/en\/paypal\/"]}]},{"@type":"ImageObject","inLanguage":"en-US","@id":"https:\/\/jzi.org.pl\/en\/paypal\/#primaryimage","url":"https:\/\/www.paypal.com\/en_US\/i\/scr\/pixel.gif","contentUrl":"https:\/\/www.paypal.com\/en_US\/i\/scr\/pixel.gif"},{"@type":"BreadcrumbList","@id":"https:\/\/jzi.org.pl\/en\/paypal\/#breadcrumb","itemListElement":[{"@type":"ListItem","position":1,"name":"Strona g\u0142\u00f3wna","item":"https:\/\/jzi.org.pl\/"},{"@type":"ListItem","position":2,"name":"Paypal"}]},{"@type":"WebSite","@id":"https:\/\/jzi.org.pl\/#website","url":"https:\/\/jzi.org.pl\/","name":"Jaminy Indexing Team","description":"","publisher":{"@id":"https:\/\/jzi.org.pl\/#organization"},"potentialAction":[{"@type":"SearchAction","target":{"@type":"EntryPoint","urlTemplate":"https:\/\/jzi.org.pl\/?s={search_term_string}"},"query-input":{"@type":"PropertyValueSpecification","valueRequired":true,"valueName":"search_term_string"}}],"inLanguage":"en-US"},{"@type":"Organization","@id":"https:\/\/jzi.org.pl\/#organization","name":"Jaminy Indexing Team","url":"https:\/\/jzi.org.pl\/","logo":{"@type":"ImageObject","inLanguage":"en-US","@id":"https:\/\/jzi.org.pl\/#\/schema\/logo\/image\/","url":"https:\/\/jzi.org.pl\/wp-content\/uploads\/2019\/03\/logo-stowarzyszenie-jzi.png","contentUrl":"https:\/\/jzi.org.pl\/wp-content\/uploads\/2019\/03\/logo-stowarzyszenie-jzi.png","width":931,"height":990,"caption":"Jami\u0144ski Zesp\u00f3\u0142 Indeksacyjny"},"image":{"@id":"https:\/\/jzi.org.pl\/#\/schema\/logo\/image\/"},"sameAs":["https:\/\/www.facebook.com\/Jaminski.Zespol.Indeksacyjny\/"]}]}},"jetpack_likes_enabled":true,"jetpack_sharing_enabled":true,"_links":{"self":[{"href":"https:\/\/jzi.org.pl\/en\/wp-json\/wp\/v2\/pages\/2382","targetHints":{"allow":["GET"]}}],"collection":[{"href":"https:\/\/jzi.org.pl\/en\/wp-json\/wp\/v2\/pages"}],"about":[{"href":"https:\/\/jzi.org.pl\/en\/wp-json\/wp\/v2\/types\/page"}],"author":[{"embeddable":true,"href":"https:\/\/jzi.org.pl\/en\/wp-json\/wp\/v2\/users\/1"}],"replies":[{"embeddable":true,"href":"https:\/\/jzi.org.pl\/en\/wp-json\/wp\/v2\/comments?post=2382"}],"version-history":[{"count":0,"href":"https:\/\/jzi.org.pl\/en\/wp-json\/wp\/v2\/pages\/2382\/revisions"}],"wp:attachment":[{"href":"https:\/\/jzi.org.pl\/en\/wp-json\/wp\/v2\/media?parent=2382"}],"curies":[{"name":"wp","href":"https:\/\/api.w.org\/{rel}","templated":true}]}}