{"id":22597,"date":"2022-11-13T07:49:17","date_gmt":"2022-11-13T06:49:17","guid":{"rendered":"https:\/\/jzi.org.pl\/?page_id=22597"},"modified":"2022-11-13T07:49:17","modified_gmt":"2022-11-13T06:49:17","slug":"ignacy-bialynicki-birula","status":"publish","type":"page","link":"https:\/\/jzi.org.pl\/en\/galerie\/ludzie-stad\/ignacy-bialynicki-birula\/","title":{"rendered":"Ignacy Bia\u0142ynicki-Birula"},"content":{"rendered":"<p>Ignacy Bia\u0142ynicki-Birula urodzi\u0142 si\u0119 13 lutego 1897 roku w Zabrodziu (powiat ihume\u0144ski, w\u00f3wczas terytorium Cesarstwa Rosyjskiego) jako syn Franciszka i Zofii z domu Wiernikowskiej. Podczas I wojny \u015bwiatowej walczy\u0142 w I Brygadzie Legion\u00f3w. W 1916 roku zosta\u0142 powo\u0142any do armii carskiej. W 1917 roku uko\u0144czy\u0142 szko\u0142\u0119 dla chor\u0105\u017cych w Orenburgu (zachodnia Rosja). Ju\u017c latem 1917 roku trafi\u0142 na front w okolice Marjupola (dzi\u015b Ukraina).<\/p>\n<p>W dniu 10 grudnia 1918 roku wst\u0105pi\u0142 jako ochotnik w szeregi tworz\u0105cego si\u0119 Wojska Polskiego. By\u0142 tak\u017ce ochotnikiem wojny polsko-bolszewickiej. W 1919 roku zaci\u0105gn\u0105\u0142 si\u0119 do 86. Mi\u0144skiego Pu\u0142ku Piechoty. Jego osi\u0105gni\u0119cia na polu walki s\u0105 znaczne o czym pisali jego dow\u00f3dcy charakteryzuj\u0105c jego osob\u0119 w sprawozdaniach bojowych: &#8222;Otrzymawszy rozkaz wzi\u0105\u015b\u0107 Gracewicze i dosta\u0107 je\u0144ca porucznik Bia\u0142ynicki-Birula z kompani\u0105 noc\u0105 dnia 15 marca 1920 roku skrycie poszed\u0142 pod sam\u0105 pozycj\u0119 Gracewicze (Wile\u0144szczyzna), na czele swej kompani, rzuci\u0142 si\u0119 do ataku na bagnety i po zawzi\u0119tej walce na bagnety, nara\u017caj\u0105c swe \u017cycie, nie zwa\u017caj\u0105c na silny ogie\u0144 karabinowy i KM [karabin maszynowy &#8211; G.S.], toruj\u0105c drog\u0119 bagnetami, zaj\u0105\u0142 ufortyfikowan\u0105 pozycj\u0119 \u2013 zachodni\u0105 cz\u0119\u015b\u0107 Gracewicz, bior\u0105c do niewoli oko\u0142o 15 je\u0144c\u00f3w, zdobywaj\u0105c 1 KM, pozostawiaj\u0105c 17 zabitych i 13 rannych, Nasze straty 1 ranny, (&#8230;) bolszewicy w bez\u0142adnej uciecze porzucili pozycje&#8221;. Dalej oceniano posta\u0107 porucznika Biruli w nast\u0119puj\u0105cy spos\u00f3b: &#8222;Porucznik Bia\u0142ynicki-Birula nadzwyczaj \u015bmia\u0142y w boju, zimnej krwi&#8221;, (&#8230;) odznacza\u0142 si\u0119 zimn\u0105 krwi\u0105 i bohatersk\u0105 brawur\u0105 (&#8230;)&#8221;.<\/p>\n<p>W maju 1920 roku zosta\u0142 ranny w zwyci\u0119skiej bitwie z bolszewikami w rejonie Ostrowa (wie\u015b J\u00f3zef\u00f3w), za co otrzyma\u0142 Krzy\u017c Virtutti Militari V klasy. Porucznik Birula \u015bmia\u0142ym atakiem zmusi\u0142 bolszewik\u00f3w do panicznej ucieczki.<a href=\"#_ftn1\" name=\"_ftnref1\"><span>[1]<\/span><\/a> Do rezerwy przeszed\u0142 7 maja 1923 roku.<\/p>\n<p>W dniu 28 czerwca 1927 roku uzyska\u0142 tytu\u0142 in\u017cyniera le\u015bnictwa ko\u0144cz\u0105c Wydzia\u0142 Rolniczo-Le\u015bny na Uniwersytecie Pozna\u0144skim. Za prac\u0119 dyplomow\u0105 Grzyby Okolic Perehi\u0144ska (Karpaty Wschodnie) otrzyma\u0142 ocen\u0105 bardzo dobr\u0105<a href=\"#_ftn2\" name=\"_ftnref2\"><span>[2]<\/span><\/a>. Jesieni\u0105 1927 roku przyj\u0119to go na s\u0142u\u017cb\u0119 do Nadle\u015bnictwa Rospuda. Tam pracowa\u0142 \u2013 w charakterze le\u015bniczego \u2013 do 11 sierpnia 1936 roku, kiedy to powierzono mu pe\u0142nienie obowi\u0105zk\u00f3w nadle\u015bniczego Nadle\u015bnictwa Sejny z osad\u0105 w Pomorzu.<a href=\"#_ftn3\" name=\"_ftnref3\"><span>[3]<\/span><\/a> Ignacy Bia\u0142ynicki-Birula kierowa\u0142 Nadle\u015bnictwem Sejny do po\u0142owy wrze\u015bnia 1939 roku. Nast\u0119pnie zacz\u0105\u0142 si\u0119 ukrywa\u0107 pod przybranym nazwiskiem i pracowa\u0142 jako robotnik le\u015bny.<\/p>\n<p>Pod koniec 1944 roku zosta\u0142 zadenuncjowany i aresztowany przez NKWD. Wywieziono go do Charkowa, gdzie przebywa\u0142 w tych samych barakach, w kt\u00f3rych przetrzymywano polskich oficer\u00f3w rozstrzelanych w kwietniu 1940 roku. Do domu wys\u0142a\u0142 jeden, jedyny list, a raczej co\u015b w rodzaju grypsu na tekturce, gdzie prosi\u0142 o przys\u0142anie suchego prowiantu, ubra\u0144 i insuliny \u2013 by\u0142 bowiem chory na cukrzyc\u0119. Zmar\u0142 po kilku miesi\u0105cach od aresztowania. Spoczywa w nieznanym miejscu, najprawdopodobniej w Charkowie.<a href=\"#_ftn4\" name=\"_ftnref4\"><span>[4]<\/span><\/a><\/p>\n<p><a href=\"https:\/\/jzi.org.pl\/wp-content\/uploads\/2022\/11\/ignacy-bialynicki-birula-2.jpg\"><img loading=\"lazy\" decoding=\"async\" class=\"aligncenter size-full wp-image-22598\" src=\"https:\/\/jzi.org.pl\/wp-content\/uploads\/2022\/11\/ignacy-bialynicki-birula-2.jpg\" alt=\"\" width=\"1777\" height=\"1391\" srcset=\"https:\/\/jzi.org.pl\/wp-content\/uploads\/2022\/11\/ignacy-bialynicki-birula-2.jpg 1777w, https:\/\/jzi.org.pl\/wp-content\/uploads\/2022\/11\/ignacy-bialynicki-birula-2-300x235.jpg 300w, https:\/\/jzi.org.pl\/wp-content\/uploads\/2022\/11\/ignacy-bialynicki-birula-2-1024x802.jpg 1024w, https:\/\/jzi.org.pl\/wp-content\/uploads\/2022\/11\/ignacy-bialynicki-birula-2-768x601.jpg 768w, https:\/\/jzi.org.pl\/wp-content\/uploads\/2022\/11\/ignacy-bialynicki-birula-2-1536x1202.jpg 1536w, https:\/\/jzi.org.pl\/wp-content\/uploads\/2022\/11\/ignacy-bialynicki-birula-2-15x12.jpg 15w, https:\/\/jzi.org.pl\/wp-content\/uploads\/2022\/11\/ignacy-bialynicki-birula-2-416x326.jpg 416w\" sizes=\"auto, (max-width: 1777px) 100vw, 1777px\" \/><\/a><\/p>\n<p><a href=\"#_ftnref1\" name=\"_ftn1\"><span>[1]<\/span><\/a> Zarys Historii Wojennej 86-go Mi\u0144skiego Pu\u0142ku Piechoty, oprac. kpt. Stanis\u0142aw Mieczkowski, Warszawa 1929, s. 12.<\/p>\n<p><a href=\"#_ftnref2\" name=\"_ftn2\"><span>[2]<\/span><\/a> Dyplom uko\u0144czenia Wydzia\u0142u Rolniczo-Le\u015bnego Uniwersytetu w Poznaniu z 28 czerwca 1927 roku (fotokopia udost\u0119pniona przez wnuka Paw\u0142a Bia\u0142ynickiego-Birul\u0119); Strona tytu\u0142owa pracy dyplomowej Ignacego Bia\u0142ynickiego-Biruli: Grzyby Okolic Perehi\u0144ska (Karpaty Wschodnie), Pozna\u0144 1927.<\/p>\n<p><a href=\"#_ftnref3\" name=\"_ftn3\"><span>[3]<\/span><\/a> AP w Suwa\u0142kach, Nadle\u015bnictwo Pa\u0144stwowe Sejny w osadzie Pomorze (1919-1939), sygn. 50, Przej\u0119cie Nadle\u015bnictwa 1936 r., k. (brak paginacji).<\/p>\n<p><a href=\"#_ftnref4\" name=\"_ftn4\"><span>[4]<\/span><\/a> Wywiad przeprowadzony z Paw\u0142em Bia\u0142ynickim-Birul\u0105 z 20 IX 2020 roku; Gryps I. Bia\u0142ynickiego-Biruli (fotokopia przekazana przez wnuka Paw\u0142a Bia\u0142ynickiego-Biruli.<\/p>\n<hr \/>\n<p style=\"text-align: right;\">Autor: Grzegorz Sado<\/p>\n","protected":false},"excerpt":{"rendered":"<p>Ignacy Bia\u0142ynicki-Birula urodzi\u0142 si\u0119 13 lutego 1897 roku w Zabrodziu (powiat ihume\u0144ski, w\u00f3wczas terytorium Cesarstwa Rosyjskiego) jako syn Franciszka i Zofii z domu Wiernikowskiej. Podczas I wojny \u015bwiatowej walczy\u0142 w I Brygadzie Legion\u00f3w. W 1916 roku zosta\u0142 powo\u0142any do armii carskiej. W 1917 roku uko\u0144czy\u0142 szko\u0142\u0119 dla chor\u0105\u017cych w Orenburgu (zachodnia Rosja). Ju\u017c latem 1917 [&hellip;]<\/p>\n","protected":false},"author":1,"featured_media":22599,"parent":1223,"menu_order":0,"comment_status":"closed","ping_status":"closed","template":"","meta":{"h5ap_radio_sources":[],"jetpack_post_was_ever_published":false,"footnotes":""},"class_list":["post-22597","page","type-page","status-publish","has-post-thumbnail","hentry"],"yoast_head":"<!-- This site is optimized with the Yoast SEO plugin v27.4 - https:\/\/yoast.com\/product\/yoast-seo-wordpress\/ -->\n<title>Ignacy Bia\u0142ynicki-Birula - Jami\u0144ski Zesp\u00f3\u0142 Indeksacyjny<\/title>\n<meta name=\"robots\" content=\"index, follow, max-snippet:-1, max-image-preview:large, max-video-preview:-1\" \/>\n<link rel=\"canonical\" href=\"https:\/\/jzi.org.pl\/en\/galerie\/ludzie-stad\/ignacy-bialynicki-birula\/\" \/>\n<meta property=\"og:locale\" content=\"en_US\" \/>\n<meta property=\"og:type\" content=\"article\" \/>\n<meta property=\"og:title\" content=\"Ignacy Bia\u0142ynicki-Birula - Jami\u0144ski Zesp\u00f3\u0142 Indeksacyjny\" \/>\n<meta property=\"og:description\" content=\"Ignacy Bia\u0142ynicki-Birula urodzi\u0142 si\u0119 13 lutego 1897 roku w Zabrodziu (powiat ihume\u0144ski, w\u00f3wczas terytorium Cesarstwa Rosyjskiego) jako syn Franciszka i Zofii z domu Wiernikowskiej. Podczas I wojny \u015bwiatowej walczy\u0142 w I Brygadzie Legion\u00f3w. W 1916 roku zosta\u0142 powo\u0142any do armii carskiej. W 1917 roku uko\u0144czy\u0142 szko\u0142\u0119 dla chor\u0105\u017cych w Orenburgu (zachodnia Rosja). Ju\u017c latem 1917 [&hellip;]\" \/>\n<meta property=\"og:url\" content=\"https:\/\/jzi.org.pl\/en\/galerie\/ludzie-stad\/ignacy-bialynicki-birula\/\" \/>\n<meta property=\"og:site_name\" content=\"Jami\u0144ski Zesp\u00f3\u0142 Indeksacyjny\" \/>\n<meta property=\"article:publisher\" content=\"https:\/\/www.facebook.com\/Jaminski.Zespol.Indeksacyjny\/\" \/>\n<meta property=\"og:image\" content=\"https:\/\/jzi.org.pl\/wp-content\/uploads\/2022\/11\/ignacy-bialynicki-birula-1.jpg\" \/>\n\t<meta property=\"og:image:width\" content=\"2010\" \/>\n\t<meta property=\"og:image:height\" content=\"1144\" \/>\n\t<meta property=\"og:image:type\" content=\"image\/jpeg\" \/>\n<meta name=\"twitter:card\" content=\"summary_large_image\" \/>\n<meta name=\"twitter:label1\" content=\"Est. reading time\" \/>\n\t<meta name=\"twitter:data1\" content=\"4 minutes\" \/>\n<script type=\"application\/ld+json\" class=\"yoast-schema-graph\">{\"@context\":\"https:\\\/\\\/schema.org\",\"@graph\":[{\"@type\":\"WebPage\",\"@id\":\"https:\\\/\\\/jzi.org.pl\\\/en\\\/galerie\\\/ludzie-stad\\\/ignacy-bialynicki-birula\\\/\",\"url\":\"https:\\\/\\\/jzi.org.pl\\\/en\\\/galerie\\\/ludzie-stad\\\/ignacy-bialynicki-birula\\\/\",\"name\":\"Ignacy Bia\u0142ynicki-Birula - Jami\u0144ski Zesp\u00f3\u0142 Indeksacyjny\",\"isPartOf\":{\"@id\":\"https:\\\/\\\/jzi.org.pl\\\/#website\"},\"primaryImageOfPage\":{\"@id\":\"https:\\\/\\\/jzi.org.pl\\\/en\\\/galerie\\\/ludzie-stad\\\/ignacy-bialynicki-birula\\\/#primaryimage\"},\"image\":{\"@id\":\"https:\\\/\\\/jzi.org.pl\\\/en\\\/galerie\\\/ludzie-stad\\\/ignacy-bialynicki-birula\\\/#primaryimage\"},\"thumbnailUrl\":\"https:\\\/\\\/jzi.org.pl\\\/wp-content\\\/uploads\\\/2022\\\/11\\\/ignacy-bialynicki-birula-1.jpg\",\"datePublished\":\"2022-11-13T06:49:17+00:00\",\"breadcrumb\":{\"@id\":\"https:\\\/\\\/jzi.org.pl\\\/en\\\/galerie\\\/ludzie-stad\\\/ignacy-bialynicki-birula\\\/#breadcrumb\"},\"inLanguage\":\"en-US\",\"potentialAction\":[{\"@type\":\"ReadAction\",\"target\":[\"https:\\\/\\\/jzi.org.pl\\\/en\\\/galerie\\\/ludzie-stad\\\/ignacy-bialynicki-birula\\\/\"]}]},{\"@type\":\"ImageObject\",\"inLanguage\":\"en-US\",\"@id\":\"https:\\\/\\\/jzi.org.pl\\\/en\\\/galerie\\\/ludzie-stad\\\/ignacy-bialynicki-birula\\\/#primaryimage\",\"url\":\"https:\\\/\\\/jzi.org.pl\\\/wp-content\\\/uploads\\\/2022\\\/11\\\/ignacy-bialynicki-birula-1.jpg\",\"contentUrl\":\"https:\\\/\\\/jzi.org.pl\\\/wp-content\\\/uploads\\\/2022\\\/11\\\/ignacy-bialynicki-birula-1.jpg\",\"width\":2010,\"height\":1144},{\"@type\":\"BreadcrumbList\",\"@id\":\"https:\\\/\\\/jzi.org.pl\\\/en\\\/galerie\\\/ludzie-stad\\\/ignacy-bialynicki-birula\\\/#breadcrumb\",\"itemListElement\":[{\"@type\":\"ListItem\",\"position\":1,\"name\":\"Strona g\u0142\u00f3wna\",\"item\":\"https:\\\/\\\/jzi.org.pl\\\/\"},{\"@type\":\"ListItem\",\"position\":2,\"name\":\"Galerie\",\"item\":\"https:\\\/\\\/jzi.org.pl\\\/galerie\\\/\"},{\"@type\":\"ListItem\",\"position\":3,\"name\":\"Ludzie st\u0105d\",\"item\":\"https:\\\/\\\/jzi.org.pl\\\/galerie\\\/ludzie-stad\\\/\"},{\"@type\":\"ListItem\",\"position\":4,\"name\":\"Ignacy Bia\u0142ynicki-Birula\"}]},{\"@type\":\"WebSite\",\"@id\":\"https:\\\/\\\/jzi.org.pl\\\/#website\",\"url\":\"https:\\\/\\\/jzi.org.pl\\\/\",\"name\":\"Jami\u0144ski Zesp\u00f3\u0142 Indeksacyjny\",\"description\":\"\",\"publisher\":{\"@id\":\"https:\\\/\\\/jzi.org.pl\\\/#organization\"},\"potentialAction\":[{\"@type\":\"SearchAction\",\"target\":{\"@type\":\"EntryPoint\",\"urlTemplate\":\"https:\\\/\\\/jzi.org.pl\\\/?s={search_term_string}\"},\"query-input\":{\"@type\":\"PropertyValueSpecification\",\"valueRequired\":true,\"valueName\":\"search_term_string\"}}],\"inLanguage\":\"en-US\"},{\"@type\":\"Organization\",\"@id\":\"https:\\\/\\\/jzi.org.pl\\\/#organization\",\"name\":\"Jami\u0144ski Zesp\u00f3\u0142 Indeksacyjny\",\"url\":\"https:\\\/\\\/jzi.org.pl\\\/\",\"logo\":{\"@type\":\"ImageObject\",\"inLanguage\":\"en-US\",\"@id\":\"https:\\\/\\\/jzi.org.pl\\\/#\\\/schema\\\/logo\\\/image\\\/\",\"url\":\"https:\\\/\\\/jzi.org.pl\\\/wp-content\\\/uploads\\\/2019\\\/03\\\/logo-stowarzyszenie-jzi.png\",\"contentUrl\":\"https:\\\/\\\/jzi.org.pl\\\/wp-content\\\/uploads\\\/2019\\\/03\\\/logo-stowarzyszenie-jzi.png\",\"width\":931,\"height\":990,\"caption\":\"Jami\u0144ski Zesp\u00f3\u0142 Indeksacyjny\"},\"image\":{\"@id\":\"https:\\\/\\\/jzi.org.pl\\\/#\\\/schema\\\/logo\\\/image\\\/\"},\"sameAs\":[\"https:\\\/\\\/www.facebook.com\\\/Jaminski.Zespol.Indeksacyjny\\\/\"]}]}<\/script>\n<!-- \/ Yoast SEO plugin. -->","yoast_head_json":{"title":"Ignacy Bia\u0142ynicki-Birula - Jami\u0144ski Zesp\u00f3\u0142 Indeksacyjny","robots":{"index":"index","follow":"follow","max-snippet":"max-snippet:-1","max-image-preview":"max-image-preview:large","max-video-preview":"max-video-preview:-1"},"canonical":"https:\/\/jzi.org.pl\/en\/galerie\/ludzie-stad\/ignacy-bialynicki-birula\/","og_locale":"en_US","og_type":"article","og_title":"Ignacy Bia\u0142ynicki-Birula - Jami\u0144ski Zesp\u00f3\u0142 Indeksacyjny","og_description":"Ignacy Bia\u0142ynicki-Birula urodzi\u0142 si\u0119 13 lutego 1897 roku w Zabrodziu (powiat ihume\u0144ski, w\u00f3wczas terytorium Cesarstwa Rosyjskiego) jako syn Franciszka i Zofii z domu Wiernikowskiej. Podczas I wojny \u015bwiatowej walczy\u0142 w I Brygadzie Legion\u00f3w. W 1916 roku zosta\u0142 powo\u0142any do armii carskiej. W 1917 roku uko\u0144czy\u0142 szko\u0142\u0119 dla chor\u0105\u017cych w Orenburgu (zachodnia Rosja). Ju\u017c latem 1917 [&hellip;]","og_url":"https:\/\/jzi.org.pl\/en\/galerie\/ludzie-stad\/ignacy-bialynicki-birula\/","og_site_name":"Jami\u0144ski Zesp\u00f3\u0142 Indeksacyjny","article_publisher":"https:\/\/www.facebook.com\/Jaminski.Zespol.Indeksacyjny\/","og_image":[{"width":2010,"height":1144,"url":"https:\/\/jzi.org.pl\/wp-content\/uploads\/2022\/11\/ignacy-bialynicki-birula-1.jpg","type":"image\/jpeg"}],"twitter_card":"summary_large_image","twitter_misc":{"Est. reading time":"4 minutes"},"schema":{"@context":"https:\/\/schema.org","@graph":[{"@type":"WebPage","@id":"https:\/\/jzi.org.pl\/en\/galerie\/ludzie-stad\/ignacy-bialynicki-birula\/","url":"https:\/\/jzi.org.pl\/en\/galerie\/ludzie-stad\/ignacy-bialynicki-birula\/","name":"Ignacy Bia\u0142ynicki-Birula - Jami\u0144ski Zesp\u00f3\u0142 Indeksacyjny","isPartOf":{"@id":"https:\/\/jzi.org.pl\/#website"},"primaryImageOfPage":{"@id":"https:\/\/jzi.org.pl\/en\/galerie\/ludzie-stad\/ignacy-bialynicki-birula\/#primaryimage"},"image":{"@id":"https:\/\/jzi.org.pl\/en\/galerie\/ludzie-stad\/ignacy-bialynicki-birula\/#primaryimage"},"thumbnailUrl":"https:\/\/jzi.org.pl\/wp-content\/uploads\/2022\/11\/ignacy-bialynicki-birula-1.jpg","datePublished":"2022-11-13T06:49:17+00:00","breadcrumb":{"@id":"https:\/\/jzi.org.pl\/en\/galerie\/ludzie-stad\/ignacy-bialynicki-birula\/#breadcrumb"},"inLanguage":"en-US","potentialAction":[{"@type":"ReadAction","target":["https:\/\/jzi.org.pl\/en\/galerie\/ludzie-stad\/ignacy-bialynicki-birula\/"]}]},{"@type":"ImageObject","inLanguage":"en-US","@id":"https:\/\/jzi.org.pl\/en\/galerie\/ludzie-stad\/ignacy-bialynicki-birula\/#primaryimage","url":"https:\/\/jzi.org.pl\/wp-content\/uploads\/2022\/11\/ignacy-bialynicki-birula-1.jpg","contentUrl":"https:\/\/jzi.org.pl\/wp-content\/uploads\/2022\/11\/ignacy-bialynicki-birula-1.jpg","width":2010,"height":1144},{"@type":"BreadcrumbList","@id":"https:\/\/jzi.org.pl\/en\/galerie\/ludzie-stad\/ignacy-bialynicki-birula\/#breadcrumb","itemListElement":[{"@type":"ListItem","position":1,"name":"Strona g\u0142\u00f3wna","item":"https:\/\/jzi.org.pl\/"},{"@type":"ListItem","position":2,"name":"Galerie","item":"https:\/\/jzi.org.pl\/galerie\/"},{"@type":"ListItem","position":3,"name":"Ludzie st\u0105d","item":"https:\/\/jzi.org.pl\/galerie\/ludzie-stad\/"},{"@type":"ListItem","position":4,"name":"Ignacy Bia\u0142ynicki-Birula"}]},{"@type":"WebSite","@id":"https:\/\/jzi.org.pl\/#website","url":"https:\/\/jzi.org.pl\/","name":"Jaminy Indexing Team","description":"","publisher":{"@id":"https:\/\/jzi.org.pl\/#organization"},"potentialAction":[{"@type":"SearchAction","target":{"@type":"EntryPoint","urlTemplate":"https:\/\/jzi.org.pl\/?s={search_term_string}"},"query-input":{"@type":"PropertyValueSpecification","valueRequired":true,"valueName":"search_term_string"}}],"inLanguage":"en-US"},{"@type":"Organization","@id":"https:\/\/jzi.org.pl\/#organization","name":"Jaminy Indexing Team","url":"https:\/\/jzi.org.pl\/","logo":{"@type":"ImageObject","inLanguage":"en-US","@id":"https:\/\/jzi.org.pl\/#\/schema\/logo\/image\/","url":"https:\/\/jzi.org.pl\/wp-content\/uploads\/2019\/03\/logo-stowarzyszenie-jzi.png","contentUrl":"https:\/\/jzi.org.pl\/wp-content\/uploads\/2019\/03\/logo-stowarzyszenie-jzi.png","width":931,"height":990,"caption":"Jami\u0144ski Zesp\u00f3\u0142 Indeksacyjny"},"image":{"@id":"https:\/\/jzi.org.pl\/#\/schema\/logo\/image\/"},"sameAs":["https:\/\/www.facebook.com\/Jaminski.Zespol.Indeksacyjny\/"]}]}},"jetpack_likes_enabled":true,"jetpack_sharing_enabled":true,"_links":{"self":[{"href":"https:\/\/jzi.org.pl\/en\/wp-json\/wp\/v2\/pages\/22597","targetHints":{"allow":["GET"]}}],"collection":[{"href":"https:\/\/jzi.org.pl\/en\/wp-json\/wp\/v2\/pages"}],"about":[{"href":"https:\/\/jzi.org.pl\/en\/wp-json\/wp\/v2\/types\/page"}],"author":[{"embeddable":true,"href":"https:\/\/jzi.org.pl\/en\/wp-json\/wp\/v2\/users\/1"}],"replies":[{"embeddable":true,"href":"https:\/\/jzi.org.pl\/en\/wp-json\/wp\/v2\/comments?post=22597"}],"version-history":[{"count":0,"href":"https:\/\/jzi.org.pl\/en\/wp-json\/wp\/v2\/pages\/22597\/revisions"}],"up":[{"embeddable":true,"href":"https:\/\/jzi.org.pl\/en\/wp-json\/wp\/v2\/pages\/1223"}],"wp:featuredmedia":[{"embeddable":true,"href":"https:\/\/jzi.org.pl\/en\/wp-json\/wp\/v2\/media\/22599"}],"wp:attachment":[{"href":"https:\/\/jzi.org.pl\/en\/wp-json\/wp\/v2\/media?parent=22597"}],"curies":[{"name":"wp","href":"https:\/\/api.w.org\/{rel}","templated":true}]}}