{"id":2063,"date":"2017-07-29T00:00:00","date_gmt":"2017-07-28T22:00:00","guid":{"rendered":"http:\/\/jzi.org.pl\/?page_id=2063"},"modified":"2020-02-27T21:47:49","modified_gmt":"2020-02-27T20:47:49","slug":"bunt-chlopski-tajnie-1853-roku","status":"publish","type":"page","link":"https:\/\/jzi.org.pl\/en\/publikacje\/inne-publikacje\/bunt-chlopski-tajnie-1853-roku\/","title":{"rendered":"Bunt ch\u0142opski w Tajnie w 1853 roku"},"content":{"rendered":"<div id=\"pl-2063\"  class=\"panel-layout\"><div id=\"pg-2063-0\"  class=\"panel-grid panel-no-style\"><div id=\"pgc-2063-0-0\"  class=\"panel-grid-cell\"><div id=\"panel-2063-0-0-0\" class=\"so-panel widget widget_sow-editor panel-first-child panel-last-child\" data-index=\"0\"><div\n\t\t\t\n\t\t\tclass=\"so-widget-sow-editor so-widget-sow-editor-base\">\n<div class=\"siteorigin-widget-tinymce textwidget\">\n\t<div class='black' style='background:rgb(238, 238, 238); border:solid 0px rgba(0,0,0,0); border-radius:0px; padding:0px 0px 0px 0px;'>\n<div id='slider_2062' class='owl-carousel sa_owl_theme owl-pagination-true autohide-arrows' data-slider-id='slider_2062' style='visibility:hidden;'>\n<div id='slider_2062_slide01' class='sa_hover_container' style='padding:2% 2%; margin:0px 0%; '>\n<p><a href=\"https:\/\/jzi.org.pl\/wp-content\/uploads\/2017\/07\/MoreMaiorum_maj_2017-p16.png\"><img loading=\"lazy\" decoding=\"async\" class=\"alignnone wp-image-2058 size-full\" src=\"https:\/\/jzi.org.pl\/wp-content\/uploads\/2017\/07\/MoreMaiorum_maj_2017-p16.png\" alt=\"\" width=\"2382\" height=\"1684\" srcset=\"https:\/\/jzi.org.pl\/wp-content\/uploads\/2017\/07\/MoreMaiorum_maj_2017-p16.png 2382w, https:\/\/jzi.org.pl\/wp-content\/uploads\/2017\/07\/MoreMaiorum_maj_2017-p16-416x294.png 416w, https:\/\/jzi.org.pl\/wp-content\/uploads\/2017\/07\/MoreMaiorum_maj_2017-p16-300x212.png 300w, https:\/\/jzi.org.pl\/wp-content\/uploads\/2017\/07\/MoreMaiorum_maj_2017-p16-768x543.png 768w, https:\/\/jzi.org.pl\/wp-content\/uploads\/2017\/07\/MoreMaiorum_maj_2017-p16-1024x724.png 1024w\" sizes=\"auto, (max-width: 2382px) 100vw, 2382px\" \/><\/a><\/p>\n<\/div>\n<div id='slider_2062_slide02' class='sa_hover_container' style='padding:2% 2%; margin:0px 0%; '>\n<p><a href=\"https:\/\/jzi.org.pl\/wp-content\/uploads\/2017\/07\/MoreMaiorum_maj_2017-p17.png\"><img loading=\"lazy\" decoding=\"async\" class=\"wp-image-2059 size-full alignnone\" src=\"https:\/\/jzi.org.pl\/wp-content\/uploads\/2017\/07\/MoreMaiorum_maj_2017-p17.png\" alt=\"\" width=\"2382\" height=\"1684\" srcset=\"https:\/\/jzi.org.pl\/wp-content\/uploads\/2017\/07\/MoreMaiorum_maj_2017-p17.png 2382w, https:\/\/jzi.org.pl\/wp-content\/uploads\/2017\/07\/MoreMaiorum_maj_2017-p17-416x294.png 416w, https:\/\/jzi.org.pl\/wp-content\/uploads\/2017\/07\/MoreMaiorum_maj_2017-p17-300x212.png 300w, https:\/\/jzi.org.pl\/wp-content\/uploads\/2017\/07\/MoreMaiorum_maj_2017-p17-768x543.png 768w, https:\/\/jzi.org.pl\/wp-content\/uploads\/2017\/07\/MoreMaiorum_maj_2017-p17-1024x724.png 1024w\" sizes=\"auto, (max-width: 2382px) 100vw, 2382px\" \/><\/a><\/p>\n<\/div>\n<div id='slider_2062_slide03' class='sa_hover_container' style='padding:2% 2%; margin:0px 0%; '>\n<p><a href=\"https:\/\/jzi.org.pl\/wp-content\/uploads\/2017\/07\/MoreMaiorum_maj_2017-p18.png\"><img loading=\"lazy\" decoding=\"async\" class=\"alignnone wp-image-2060 size-full\" src=\"https:\/\/jzi.org.pl\/wp-content\/uploads\/2017\/07\/MoreMaiorum_maj_2017-p18.png\" alt=\"\" width=\"2382\" height=\"1684\" srcset=\"https:\/\/jzi.org.pl\/wp-content\/uploads\/2017\/07\/MoreMaiorum_maj_2017-p18.png 2382w, https:\/\/jzi.org.pl\/wp-content\/uploads\/2017\/07\/MoreMaiorum_maj_2017-p18-416x294.png 416w, https:\/\/jzi.org.pl\/wp-content\/uploads\/2017\/07\/MoreMaiorum_maj_2017-p18-300x212.png 300w, https:\/\/jzi.org.pl\/wp-content\/uploads\/2017\/07\/MoreMaiorum_maj_2017-p18-768x543.png 768w, https:\/\/jzi.org.pl\/wp-content\/uploads\/2017\/07\/MoreMaiorum_maj_2017-p18-1024x724.png 1024w\" sizes=\"auto, (max-width: 2382px) 100vw, 2382px\" \/><\/a><\/p>\n<\/div>\n<\/div>\n<\/div>\n<p><script type='text\/javascript'>\n\tjQuery(document).ready(function() {\n\t\tjQuery('#slider_2062').owlCarousel({\n\t\t\titems : 1,\n\t\t\tsmartSpeed : 400,\n\t\t\tautoplay : true,\n\t\t\tautoplayTimeout : 4000,\n\t\t\tautoplayHoverPause : true,\n\t\t\tsmartSpeed : 400,\n\t\t\tfluidSpeed : 400,\n\t\t\tautoplaySpeed : 400,\n\t\t\tnavSpeed : 400,\n\t\t\tdotsSpeed : 400,\n\t\t\tloop : true,\n\t\t\tnav : true,\n\t\t\tnavText : ['Previous','Next'],\n\t\t\tdots : true,\n\t\t\tresponsiveRefreshRate : 200,\n\t\t\tslideBy : 1,\n\t\t\tmergeFit : true,\n\t\t\tautoHeight : false,\n\t\t\tmouseDrag : true,\n\t\t\ttouchDrag : true\n\t\t});\n\t\tjQuery('#slider_2062').css('visibility', 'visible');\n\t\tsa_resize_slider_2062();\n\t\twindow.addEventListener('resize', sa_resize_slider_2062);\n\t\tfunction sa_resize_slider_2062() {\n\t\t\tvar min_height = '50';\n\t\t\tvar win_width = jQuery(window).width();\n\t\t\tvar slider_width = jQuery('#slider_2062').width();\n\t\t\tif (win_width < 480) {\n\t\t\t\tvar slide_width = slider_width \/ 1;\n\t\t\t} else if (win_width < 768) {\n\t\t\t\tvar slide_width = slider_width \/ 1;\n\t\t\t} else if (win_width < 980) {\n\t\t\t\tvar slide_width = slider_width \/ 1;\n\t\t\t} else if (win_width < 1200) {\n\t\t\t\tvar slide_width = slider_width \/ 1;\n\t\t\t} else if (win_width < 1500) {\n\t\t\t\tvar slide_width = slider_width \/ 1;\n\t\t\t} else {\n\t\t\t\tvar slide_width = slider_width \/ 1;\n\t\t\t}\n\t\t\tslide_width = Math.round(slide_width);\n\t\t\tvar slide_height = '0';\n\t\t\tif (min_height == 'aspect43') {\n\t\t\t\tslide_height = (slide_width \/ 4) * 3;\t\t\t\tslide_height = Math.round(slide_height);\n\t\t\t} else if (min_height == 'aspect169') {\n\t\t\t\tslide_height = (slide_width \/ 16) * 9;\t\t\t\tslide_height = Math.round(slide_height);\n\t\t\t} else {\n\t\t\t\tslide_height = (slide_width \/ 100) * min_height;\t\t\t\tslide_height = Math.round(slide_height);\n\t\t\t}\n\t\t\tjQuery('#slider_2062 .owl-item .sa_hover_container').css('min-height', slide_height+'px');\n\t\t}\n\t\tvar owl_goto = jQuery('#slider_2062');\n\t\tjQuery('.slider_2062_goto1').click(function(event){\n\t\t\towl_goto.trigger('to.owl.carousel', 0);\n\t\t});\n\t\tjQuery('.slider_2062_goto2').click(function(event){\n\t\t\towl_goto.trigger('to.owl.carousel', 1);\n\t\t});\n\t\tjQuery('.slider_2062_goto3').click(function(event){\n\t\t\towl_goto.trigger('to.owl.carousel', 2);\n\t\t});\n\t\tvar resize_2062 = jQuery('.owl-carousel');\n\t\tresize_2062.on('initialized.owl.carousel', function(e) {\n\t\t\tif (typeof(Event) === 'function') {\n\t\t\t\twindow.dispatchEvent(new Event('resize'));\n\t\t\t} else {\n\t\t\t\tvar evt = window.document.createEvent('UIEvents');\n\t\t\t\tevt.initUIEvent('resize', true, false, window, 0);\n\t\t\t\twindow.dispatchEvent(evt);\n\t\t\t}\n\t\t});\n\t});\n<\/script><\/p>\n<\/div>\n<\/div><\/div><\/div><div id=\"pgc-2063-0-1\"  class=\"panel-grid-cell\"><div id=\"panel-2063-0-1-0\" class=\"so-panel widget widget_sow-editor panel-first-child panel-last-child\" data-index=\"1\"><div\n\t\t\t\n\t\t\tclass=\"so-widget-sow-editor so-widget-sow-editor-base\">\n<div class=\"siteorigin-widget-tinymce textwidget\">\n\t<h2>Bunt ch\u0142opski w Tajnie w 1853 roku<\/h2>\n<h4>Jay M. Orbik<\/h4>\n<hr \/>\n<h4>More Maiorum #5\/2017<\/h4>\n<\/div>\n<\/div><\/div><\/div><\/div><div id=\"pg-2063-1\"  class=\"panel-grid panel-no-style\"><div id=\"pgc-2063-1-0\"  class=\"panel-grid-cell\"><div id=\"panel-2063-1-0-0\" class=\"so-panel widget widget_sow-editor panel-first-child panel-last-child\" data-index=\"2\"><div\n\t\t\t\n\t\t\tclass=\"so-widget-sow-editor so-widget-sow-editor-base\">\n<div class=\"siteorigin-widget-tinymce textwidget\">\n\t<p>Ka\u017cdy, kto ma podstawow\u0105 wiedz\u0119 o historii Polski dobrze wie o wielkich powstaniach z lat 1794, 1830 i 1863. Jednak wiele os\u00f3b prawdopodobnie nigdy nie s\u0142ysza\u0142o o \"wielkim\" buncie ch\u0142opskim w miejscowo\u015bci Tajno w 1853 roku.<\/p>\n<p>Pierwsz\u0105 wzmiank\u0105 o nim, na kt\u00f3r\u0105 natrafi\u0142em by\u0142 jeden akapit w broszurze pod tytu\u0142em Uw\u0142aszczenie ch\u0142op\u00f3w w p\u00f3\u0142nocno wschodniej cz\u0119\u015bci Kr\u00f3lestwa Polskiego 1846-1871 autorstwa Jerzego Szumskiego.[1]<\/p>\n<p>W majoracie Pruska Tajno w powiecie augustowskim dosz\u0142o w 1853 roku do czynnego oporu przeciwko pa\u0144szczy\u017anie \u2013 21 ch\u0142op\u00f3w ze wsi Tajno i Wo\u017anawie\u015b odm\u00f3wi\u0142o odrabiania pa\u0144szczyzny, \u017c\u0105daj\u0105c natychmiastowego oczynszowania. Wyst\u0105pienia ch\u0142op\u00f3w majorackich przeciwko pa\u0144szczy\u017anie nie nale\u017ca\u0142y do rzadko\u015bci. Du\u017ca cz\u0119\u015b\u0107 w\u0142a\u015bcicieli majorat\u00f3w zwleka\u0142a z podj\u0119ciem regulacji w obawie o utrat\u0119 dochod\u00f3w, a tak\u017ce lekcewa\u017c\u0105c, przyj\u0119ty na siebie przy nadawaniu d\u00f3br, obowi\u0105zek urz\u0105dzenia ch\u0142op\u00f3w.<\/p>\n<p><\/p><\/div><\/div><\/div><\/div><\/div><\/div><p> <a href=\"https:\/\/jzi.org.pl\/en\/publikacje\/inne-publikacje\/bunt-chlopski-tajnie-1853-roku\/#more-2063\" class=\"more-link\">Read More<\/a><\/p>","protected":false},"excerpt":{"rendered":"<p>Bunt ch\u0142opski w Tajnie w 1853 roku Jay M. Orbik More Maiorum #5\/2017 Ka\u017cdy, kto ma podstawow\u0105 wiedz\u0119 o historii Polski dobrze wie o wielkich powstaniach z lat 1794, 1830 i 1863. Jednak wiele os\u00f3b prawdopodobnie nigdy nie s\u0142ysza\u0142o o &#8222;wielkim&#8221; buncie ch\u0142opskim w miejscowo\u015bci Tajno w 1853 roku. Pierwsz\u0105 wzmiank\u0105 o nim, na kt\u00f3r\u0105 [&hellip;]<\/p>\n","protected":false},"author":1,"featured_media":0,"parent":2036,"menu_order":0,"comment_status":"open","ping_status":"open","template":"","meta":{"h5ap_radio_sources":[],"jetpack_post_was_ever_published":false,"footnotes":""},"class_list":["post-2063","page","type-page","status-publish","hentry"],"yoast_head":"<!-- This site is optimized with the Yoast SEO plugin v27.3 - https:\/\/yoast.com\/product\/yoast-seo-wordpress\/ -->\n<title>Bunt ch\u0142opski w Tajnie w 1853 roku - Jami\u0144ski Zesp\u00f3\u0142 Indeksacyjny<\/title>\n<meta name=\"robots\" content=\"index, follow, max-snippet:-1, max-image-preview:large, max-video-preview:-1\" \/>\n<link rel=\"canonical\" href=\"https:\/\/jzi.org.pl\/en\/publikacje\/inne-publikacje\/bunt-chlopski-tajnie-1853-roku\/\" \/>\n<meta property=\"og:locale\" content=\"en_US\" \/>\n<meta property=\"og:type\" content=\"article\" \/>\n<meta property=\"og:title\" content=\"Bunt ch\u0142opski w Tajnie w 1853 roku - Jami\u0144ski Zesp\u00f3\u0142 Indeksacyjny\" \/>\n<meta property=\"og:description\" content=\"Bunt ch\u0142opski w Tajnie w 1853 roku Jay M. Orbik More Maiorum #5\/2017 Ka\u017cdy, kto ma podstawow\u0105 wiedz\u0119 o historii Polski dobrze wie o wielkich powstaniach z lat 1794, 1830 i 1863. Jednak wiele os\u00f3b prawdopodobnie nigdy nie s\u0142ysza\u0142o o &quot;wielkim&quot; buncie ch\u0142opskim w miejscowo\u015bci Tajno w 1853 roku. Pierwsz\u0105 wzmiank\u0105 o nim, na kt\u00f3r\u0105 [&hellip;]\" \/>\n<meta property=\"og:url\" content=\"https:\/\/jzi.org.pl\/en\/publikacje\/inne-publikacje\/bunt-chlopski-tajnie-1853-roku\/\" \/>\n<meta property=\"og:site_name\" content=\"Jami\u0144ski Zesp\u00f3\u0142 Indeksacyjny\" \/>\n<meta property=\"article:publisher\" content=\"https:\/\/www.facebook.com\/Jaminski.Zespol.Indeksacyjny\/\" \/>\n<meta property=\"article:modified_time\" content=\"2020-02-27T20:47:49+00:00\" \/>\n<meta property=\"og:image\" content=\"https:\/\/jzi.org.pl\/wp-content\/uploads\/2019\/03\/logo-stowarzyszenie-jzi-1.png\" \/>\n\t<meta property=\"og:image:width\" content=\"931\" \/>\n\t<meta property=\"og:image:height\" content=\"990\" \/>\n\t<meta property=\"og:image:type\" content=\"image\/png\" \/>\n<meta name=\"twitter:card\" content=\"summary_large_image\" \/>\n<meta name=\"twitter:label1\" content=\"Est. reading time\" \/>\n\t<meta name=\"twitter:data1\" content=\"10 minutes\" \/>\n<script type=\"application\/ld+json\" class=\"yoast-schema-graph\">{\"@context\":\"https:\\\/\\\/schema.org\",\"@graph\":[{\"@type\":\"WebPage\",\"@id\":\"https:\\\/\\\/jzi.org.pl\\\/en\\\/publikacje\\\/inne-publikacje\\\/bunt-chlopski-tajnie-1853-roku\\\/\",\"url\":\"https:\\\/\\\/jzi.org.pl\\\/en\\\/publikacje\\\/inne-publikacje\\\/bunt-chlopski-tajnie-1853-roku\\\/\",\"name\":\"Bunt ch\u0142opski w Tajnie w 1853 roku - Jami\u0144ski Zesp\u00f3\u0142 Indeksacyjny\",\"isPartOf\":{\"@id\":\"https:\\\/\\\/jzi.org.pl\\\/#website\"},\"datePublished\":\"2017-07-28T22:00:00+00:00\",\"dateModified\":\"2020-02-27T20:47:49+00:00\",\"breadcrumb\":{\"@id\":\"https:\\\/\\\/jzi.org.pl\\\/en\\\/publikacje\\\/inne-publikacje\\\/bunt-chlopski-tajnie-1853-roku\\\/#breadcrumb\"},\"inLanguage\":\"en-US\",\"potentialAction\":[{\"@type\":\"ReadAction\",\"target\":[\"https:\\\/\\\/jzi.org.pl\\\/en\\\/publikacje\\\/inne-publikacje\\\/bunt-chlopski-tajnie-1853-roku\\\/\"]}]},{\"@type\":\"BreadcrumbList\",\"@id\":\"https:\\\/\\\/jzi.org.pl\\\/en\\\/publikacje\\\/inne-publikacje\\\/bunt-chlopski-tajnie-1853-roku\\\/#breadcrumb\",\"itemListElement\":[{\"@type\":\"ListItem\",\"position\":1,\"name\":\"Strona g\u0142\u00f3wna\",\"item\":\"https:\\\/\\\/jzi.org.pl\\\/\"},{\"@type\":\"ListItem\",\"position\":2,\"name\":\"Publikacje\",\"item\":\"https:\\\/\\\/jzi.org.pl\\\/publikacje\\\/\"},{\"@type\":\"ListItem\",\"position\":3,\"name\":\"Inne publikacje\",\"item\":\"https:\\\/\\\/jzi.org.pl\\\/publikacje\\\/inne-publikacje\\\/\"},{\"@type\":\"ListItem\",\"position\":4,\"name\":\"Bunt ch\u0142opski w Tajnie w 1853 roku\"}]},{\"@type\":\"WebSite\",\"@id\":\"https:\\\/\\\/jzi.org.pl\\\/#website\",\"url\":\"https:\\\/\\\/jzi.org.pl\\\/\",\"name\":\"Jami\u0144ski Zesp\u00f3\u0142 Indeksacyjny\",\"description\":\"\",\"publisher\":{\"@id\":\"https:\\\/\\\/jzi.org.pl\\\/#organization\"},\"potentialAction\":[{\"@type\":\"SearchAction\",\"target\":{\"@type\":\"EntryPoint\",\"urlTemplate\":\"https:\\\/\\\/jzi.org.pl\\\/?s={search_term_string}\"},\"query-input\":{\"@type\":\"PropertyValueSpecification\",\"valueRequired\":true,\"valueName\":\"search_term_string\"}}],\"inLanguage\":\"en-US\"},{\"@type\":\"Organization\",\"@id\":\"https:\\\/\\\/jzi.org.pl\\\/#organization\",\"name\":\"Jami\u0144ski Zesp\u00f3\u0142 Indeksacyjny\",\"url\":\"https:\\\/\\\/jzi.org.pl\\\/\",\"logo\":{\"@type\":\"ImageObject\",\"inLanguage\":\"en-US\",\"@id\":\"https:\\\/\\\/jzi.org.pl\\\/#\\\/schema\\\/logo\\\/image\\\/\",\"url\":\"https:\\\/\\\/jzi.org.pl\\\/wp-content\\\/uploads\\\/2019\\\/03\\\/logo-stowarzyszenie-jzi.png\",\"contentUrl\":\"https:\\\/\\\/jzi.org.pl\\\/wp-content\\\/uploads\\\/2019\\\/03\\\/logo-stowarzyszenie-jzi.png\",\"width\":931,\"height\":990,\"caption\":\"Jami\u0144ski Zesp\u00f3\u0142 Indeksacyjny\"},\"image\":{\"@id\":\"https:\\\/\\\/jzi.org.pl\\\/#\\\/schema\\\/logo\\\/image\\\/\"},\"sameAs\":[\"https:\\\/\\\/www.facebook.com\\\/Jaminski.Zespol.Indeksacyjny\\\/\"]}]}<\/script>\n<!-- \/ Yoast SEO plugin. -->","yoast_head_json":{"title":"Bunt ch\u0142opski w Tajnie w 1853 roku - Jami\u0144ski Zesp\u00f3\u0142 Indeksacyjny","robots":{"index":"index","follow":"follow","max-snippet":"max-snippet:-1","max-image-preview":"max-image-preview:large","max-video-preview":"max-video-preview:-1"},"canonical":"https:\/\/jzi.org.pl\/en\/publikacje\/inne-publikacje\/bunt-chlopski-tajnie-1853-roku\/","og_locale":"en_US","og_type":"article","og_title":"Bunt ch\u0142opski w Tajnie w 1853 roku - Jami\u0144ski Zesp\u00f3\u0142 Indeksacyjny","og_description":"Bunt ch\u0142opski w Tajnie w 1853 roku Jay M. Orbik More Maiorum #5\/2017 Ka\u017cdy, kto ma podstawow\u0105 wiedz\u0119 o historii Polski dobrze wie o wielkich powstaniach z lat 1794, 1830 i 1863. Jednak wiele os\u00f3b prawdopodobnie nigdy nie s\u0142ysza\u0142o o \"wielkim\" buncie ch\u0142opskim w miejscowo\u015bci Tajno w 1853 roku. Pierwsz\u0105 wzmiank\u0105 o nim, na kt\u00f3r\u0105 [&hellip;]","og_url":"https:\/\/jzi.org.pl\/en\/publikacje\/inne-publikacje\/bunt-chlopski-tajnie-1853-roku\/","og_site_name":"Jami\u0144ski Zesp\u00f3\u0142 Indeksacyjny","article_publisher":"https:\/\/www.facebook.com\/Jaminski.Zespol.Indeksacyjny\/","article_modified_time":"2020-02-27T20:47:49+00:00","og_image":[{"width":931,"height":990,"url":"https:\/\/jzi.org.pl\/wp-content\/uploads\/2019\/03\/logo-stowarzyszenie-jzi-1.png","type":"image\/png"}],"twitter_card":"summary_large_image","twitter_misc":{"Est. reading time":"10 minutes"},"schema":{"@context":"https:\/\/schema.org","@graph":[{"@type":"WebPage","@id":"https:\/\/jzi.org.pl\/en\/publikacje\/inne-publikacje\/bunt-chlopski-tajnie-1853-roku\/","url":"https:\/\/jzi.org.pl\/en\/publikacje\/inne-publikacje\/bunt-chlopski-tajnie-1853-roku\/","name":"Bunt ch\u0142opski w Tajnie w 1853 roku - Jami\u0144ski Zesp\u00f3\u0142 Indeksacyjny","isPartOf":{"@id":"https:\/\/jzi.org.pl\/#website"},"datePublished":"2017-07-28T22:00:00+00:00","dateModified":"2020-02-27T20:47:49+00:00","breadcrumb":{"@id":"https:\/\/jzi.org.pl\/en\/publikacje\/inne-publikacje\/bunt-chlopski-tajnie-1853-roku\/#breadcrumb"},"inLanguage":"en-US","potentialAction":[{"@type":"ReadAction","target":["https:\/\/jzi.org.pl\/en\/publikacje\/inne-publikacje\/bunt-chlopski-tajnie-1853-roku\/"]}]},{"@type":"BreadcrumbList","@id":"https:\/\/jzi.org.pl\/en\/publikacje\/inne-publikacje\/bunt-chlopski-tajnie-1853-roku\/#breadcrumb","itemListElement":[{"@type":"ListItem","position":1,"name":"Strona g\u0142\u00f3wna","item":"https:\/\/jzi.org.pl\/"},{"@type":"ListItem","position":2,"name":"Publikacje","item":"https:\/\/jzi.org.pl\/publikacje\/"},{"@type":"ListItem","position":3,"name":"Inne publikacje","item":"https:\/\/jzi.org.pl\/publikacje\/inne-publikacje\/"},{"@type":"ListItem","position":4,"name":"Bunt ch\u0142opski w Tajnie w 1853 roku"}]},{"@type":"WebSite","@id":"https:\/\/jzi.org.pl\/#website","url":"https:\/\/jzi.org.pl\/","name":"Jaminy Indexing Team","description":"","publisher":{"@id":"https:\/\/jzi.org.pl\/#organization"},"potentialAction":[{"@type":"SearchAction","target":{"@type":"EntryPoint","urlTemplate":"https:\/\/jzi.org.pl\/?s={search_term_string}"},"query-input":{"@type":"PropertyValueSpecification","valueRequired":true,"valueName":"search_term_string"}}],"inLanguage":"en-US"},{"@type":"Organization","@id":"https:\/\/jzi.org.pl\/#organization","name":"Jaminy Indexing Team","url":"https:\/\/jzi.org.pl\/","logo":{"@type":"ImageObject","inLanguage":"en-US","@id":"https:\/\/jzi.org.pl\/#\/schema\/logo\/image\/","url":"https:\/\/jzi.org.pl\/wp-content\/uploads\/2019\/03\/logo-stowarzyszenie-jzi.png","contentUrl":"https:\/\/jzi.org.pl\/wp-content\/uploads\/2019\/03\/logo-stowarzyszenie-jzi.png","width":931,"height":990,"caption":"Jami\u0144ski Zesp\u00f3\u0142 Indeksacyjny"},"image":{"@id":"https:\/\/jzi.org.pl\/#\/schema\/logo\/image\/"},"sameAs":["https:\/\/www.facebook.com\/Jaminski.Zespol.Indeksacyjny\/"]}]}},"jetpack_likes_enabled":true,"jetpack_sharing_enabled":true,"_links":{"self":[{"href":"https:\/\/jzi.org.pl\/en\/wp-json\/wp\/v2\/pages\/2063","targetHints":{"allow":["GET"]}}],"collection":[{"href":"https:\/\/jzi.org.pl\/en\/wp-json\/wp\/v2\/pages"}],"about":[{"href":"https:\/\/jzi.org.pl\/en\/wp-json\/wp\/v2\/types\/page"}],"author":[{"embeddable":true,"href":"https:\/\/jzi.org.pl\/en\/wp-json\/wp\/v2\/users\/1"}],"replies":[{"embeddable":true,"href":"https:\/\/jzi.org.pl\/en\/wp-json\/wp\/v2\/comments?post=2063"}],"version-history":[{"count":0,"href":"https:\/\/jzi.org.pl\/en\/wp-json\/wp\/v2\/pages\/2063\/revisions"}],"up":[{"embeddable":true,"href":"https:\/\/jzi.org.pl\/en\/wp-json\/wp\/v2\/pages\/2036"}],"wp:attachment":[{"href":"https:\/\/jzi.org.pl\/en\/wp-json\/wp\/v2\/media?parent=2063"}],"curies":[{"name":"wp","href":"https:\/\/api.w.org\/{rel}","templated":true}]}}