{"id":2036,"date":"2017-07-29T00:00:00","date_gmt":"2017-07-28T22:00:00","guid":{"rendered":"http:\/\/jzi.org.pl\/?page_id=2036"},"modified":"2024-05-21T14:52:33","modified_gmt":"2024-05-21T12:52:33","slug":"inne-publikacje","status":"publish","type":"page","link":"https:\/\/jzi.org.pl\/en\/publikacje\/inne-publikacje\/","title":{"rendered":"Other publications"},"content":{"rendered":"<div id=\"pl-2036\"  class=\"panel-layout\" ><div id=\"pg-2036-0\"  class=\"panel-grid panel-no-style\" ><div id=\"pgc-2036-0-0\"  class=\"panel-grid-cell\" ><div id=\"panel-2036-0-0-0\" class=\"so-panel widget widget_sow-editor panel-first-child panel-last-child\" data-index=\"0\" ><div\n\t\t\t\n\t\t\tclass=\"so-widget-sow-editor so-widget-sow-editor-base\"\n\t\t\t\n\t\t>\n<div class=\"siteorigin-widget-tinymce textwidget\">\n\t<table id=\"tablepress-6\" class=\"tablepress tablepress-id-6\">\n<tbody class=\"row-striping row-hover\">\n<tr class=\"row-1\">\n<td class=\"column-1\"><a href=\"https:\/\/jzi.org.pl\/en\/publikacje\/inne-publikacje\/chasing-down-footnotes-from-polish-history-books-to-find-records-in-polish-archives\/\"><img decoding=\"async\" src=\"https:\/\/jzi.org.pl\/wp-content\/uploads\/2018\/04\/EEG-Summer-2008-8-232x300.jpg\" alt=\"\" width=\"150\" class=\"alignleft size-medium wp-image-4291\" srcset=\"https:\/\/jzi.org.pl\/wp-content\/uploads\/2018\/04\/EEG-Summer-2008-8-232x300.jpg 232w, https:\/\/jzi.org.pl\/wp-content\/uploads\/2018\/04\/EEG-Summer-2008-8-768x994.jpg 768w, https:\/\/jzi.org.pl\/wp-content\/uploads\/2018\/04\/EEG-Summer-2008-8-791x1024.jpg 791w, https:\/\/jzi.org.pl\/wp-content\/uploads\/2018\/04\/EEG-Summer-2008-8-416x538.jpg 416w, https:\/\/jzi.org.pl\/wp-content\/uploads\/2018\/04\/EEG-Summer-2008-8.jpg 1224w\" sizes=\"(max-width: 232px) 100vw, 232px\" \/><\/a><\/td>\n<td class=\"column-2\">Chasing Down Footnotes From Polish History Books To Find Records In Polish Archives<\/td>\n<td class=\"column-3\">Jay M. Orbik<\/td>\n<td class=\"column-4\">East European Genealogist<\/td>\n<td class=\"column-5\">Vol 16 No 4, Summer 2008<\/td>\n<td class=\"column-6\"><a href=\"https:\/\/jzi.org.pl\/en\/publikacje\/inne-publikacje\/chasing-down-footnotes-from-polish-history-books-to-find-records-in-polish-archives\/\">Read<\/a><\/td>\n<\/tr>\n<tr class=\"row-2\">\n<td class=\"column-1\"><a href=\"https:\/\/jzi.org.pl\/en\/publikacje\/inne-publikacje\/anna-rostkowska-przeciwko-mieszkancom-polkowa\/\"><img decoding=\"async\" src=\"https:\/\/jzi.org.pl\/wp-content\/uploads\/2017\/07\/Anna-Rostkowska-przeciwko-mieszka\u0144com-Polkowa-p1-211x300.jpg\" alt=\"\" width=\"150\" class=\"aligncenter size-medium wp-image-2031\" srcset=\"https:\/\/jzi.org.pl\/wp-content\/uploads\/2017\/07\/Anna-Rostkowska-przeciwko-mieszka\u0144com-Polkowa-p1-211x300.jpg 211w, https:\/\/jzi.org.pl\/wp-content\/uploads\/2017\/07\/Anna-Rostkowska-przeciwko-mieszka\u0144com-Polkowa-p1-416x591.jpg 416w, https:\/\/jzi.org.pl\/wp-content\/uploads\/2017\/07\/Anna-Rostkowska-przeciwko-mieszka\u0144com-Polkowa-p1-768x1092.jpg 768w, https:\/\/jzi.org.pl\/wp-content\/uploads\/2017\/07\/Anna-Rostkowska-przeciwko-mieszka\u0144com-Polkowa-p1-720x1024.jpg 720w, https:\/\/jzi.org.pl\/wp-content\/uploads\/2017\/07\/Anna-Rostkowska-przeciwko-mieszka\u0144com-Polkowa-p1.jpg 1200w\" sizes=\"(max-width: 211px) 100vw, 211px\" \/><\/a><\/td>\n<td class=\"column-2\">Anna Rostkowska przeciwko mieszka\u0144com Polkowa<\/td>\n<td class=\"column-3\">Jay M. Orbik<\/td>\n<td class=\"column-4\">Nasz Sztabi\u0144ski Dom<\/td>\n<td class=\"column-5\">#9\/2013<\/td>\n<td class=\"column-6\"><a href=\"https:\/\/jzi.org.pl\/en\/publikacje\/inne-publikacje\/anna-rostkowska-przeciwko-mieszkancom-polkowa\/\">Read<\/a><\/td>\n<\/tr>\n<tr class=\"row-3\">\n<td class=\"column-1\"><a href=\"https:\/\/jzi.org.pl\/wp-content\/uploads\/2017\/07\/NSzD-2015-06-Makatka-kuchenna.jpg\"><img decoding=\"async\" src=\"https:\/\/jzi.org.pl\/wp-content\/uploads\/2017\/07\/NSzD-2015-06-Makatka-kuchenna-212x300.jpg\" alt=\"\" width=\"150\" class=\"alignleft size-medium wp-image-2050\" srcset=\"https:\/\/jzi.org.pl\/wp-content\/uploads\/2017\/07\/NSzD-2015-06-Makatka-kuchenna-212x300.jpg 212w, https:\/\/jzi.org.pl\/wp-content\/uploads\/2017\/07\/NSzD-2015-06-Makatka-kuchenna-416x588.jpg 416w, https:\/\/jzi.org.pl\/wp-content\/uploads\/2017\/07\/NSzD-2015-06-Makatka-kuchenna-768x1085.jpg 768w, https:\/\/jzi.org.pl\/wp-content\/uploads\/2017\/07\/NSzD-2015-06-Makatka-kuchenna-725x1024.jpg 725w\" sizes=\"(max-width: 212px) 100vw, 212px\" \/><\/a><\/td>\n<td class=\"column-2\">Makatka kuchenna<\/td>\n<td class=\"column-3\">Aneta Cich<\/td>\n<td class=\"column-4\">Nasz Sztabi\u0144ski Dom<\/td>\n<td class=\"column-5\">#6\/2015<\/td>\n<td class=\"column-6\"><a href=\"https:\/\/jzi.org.pl\/en\/publikacje\/inne-publikacje\/makatka-kuchenna\/\">Read<\/a><\/td>\n<\/tr>\n<tr class=\"row-4\">\n<td class=\"column-1\"><a href=\"https:\/\/jzi.org.pl\/wp-content\/uploads\/2017\/07\/NSzD-2015-06-\u015aladami-przodk\u00f3w.jpg\"><img decoding=\"async\" src=\"https:\/\/jzi.org.pl\/wp-content\/uploads\/2017\/07\/NSzD-2015-06-\u015aladami-przodk\u00f3w-212x300.jpg\" alt=\"\" width=\"150\" class=\"alignleft size-medium wp-image-2052\" srcset=\"https:\/\/jzi.org.pl\/wp-content\/uploads\/2017\/07\/NSzD-2015-06-\u015aladami-przodk\u00f3w-212x300.jpg 212w, https:\/\/jzi.org.pl\/wp-content\/uploads\/2017\/07\/NSzD-2015-06-\u015aladami-przodk\u00f3w-416x588.jpg 416w, https:\/\/jzi.org.pl\/wp-content\/uploads\/2017\/07\/NSzD-2015-06-\u015aladami-przodk\u00f3w-768x1085.jpg 768w, https:\/\/jzi.org.pl\/wp-content\/uploads\/2017\/07\/NSzD-2015-06-\u015aladami-przodk\u00f3w-725x1024.jpg 725w\" sizes=\"(max-width: 212px) 100vw, 212px\" \/><\/a><\/td>\n<td class=\"column-2\">\u015aladami przodk\u00f3w - IV spotkanie Jami\u0144skiego Zespo\u0142u Indeksacyjnego<\/td>\n<td class=\"column-3\">Jaminy Indexing Team<\/td>\n<td class=\"column-4\">Nasz Sztabi\u0144ski Dom<\/td>\n<td class=\"column-5\">#6\/2015<\/td>\n<td class=\"column-6\"><a href=\"https:\/\/jzi.org.pl\/en\/publikacje\/inne-publikacje\/sladami-przodkow-iv-spotkanie-jaminskiego-zespolu-indeksacyjnego\/\">Read<\/a><\/td>\n<\/tr>\n<tr class=\"row-5\">\n<td class=\"column-1\"><a href=\"https:\/\/jzi.org.pl\/en\/publikacje\/inne-publikacje\/bunt-chlopski-tajnie-1853-roku\/\"><img decoding=\"async\" src=\"https:\/\/jzi.org.pl\/wp-content\/uploads\/2017\/07\/MoreMaiorum_maj_2017-p16-300x212.png\" alt=\"\" width=\"150\" class=\"alignleft size-medium wp-image-2058\" srcset=\"https:\/\/jzi.org.pl\/wp-content\/uploads\/2017\/07\/MoreMaiorum_maj_2017-p16-300x212.png 300w, https:\/\/jzi.org.pl\/wp-content\/uploads\/2017\/07\/MoreMaiorum_maj_2017-p16-416x294.png 416w, https:\/\/jzi.org.pl\/wp-content\/uploads\/2017\/07\/MoreMaiorum_maj_2017-p16-768x543.png 768w, https:\/\/jzi.org.pl\/wp-content\/uploads\/2017\/07\/MoreMaiorum_maj_2017-p16-1024x724.png 1024w\" sizes=\"(max-width: 300px) 100vw, 300px\" \/><\/a><\/td>\n<td class=\"column-2\">Bunt ch\u0142opski w Tajnie w 1853 roku<\/td>\n<td class=\"column-3\">Jay M. Orbik<\/td>\n<td class=\"column-4\">More Maiorum<\/td>\n<td class=\"column-5\">#5\/2017<\/td>\n<td class=\"column-6\"><a href=\"https:\/\/jzi.org.pl\/en\/publikacje\/inne-publikacje\/bunt-chlopski-tajnie-1853-roku\/\">Read<\/a><\/td>\n<\/tr>\n<tr class=\"row-6\">\n<td class=\"column-1\"><a href=\"https:\/\/jzi.org.pl\/wp-content\/uploads\/2018\/06\/7-zjazd-stowarzyszenia-JZI.jpg\"><img decoding=\"async\" src=\"https:\/\/jzi.org.pl\/wp-content\/uploads\/2018\/06\/7-zjazd-stowarzyszenia-JZI-207x300.jpg\" alt=\"\" width=\"150\" class=\"aligncenter size-medium wp-image-5211\" srcset=\"https:\/\/jzi.org.pl\/wp-content\/uploads\/2018\/06\/7-zjazd-stowarzyszenia-JZI-207x300.jpg 207w, https:\/\/jzi.org.pl\/wp-content\/uploads\/2018\/06\/7-zjazd-stowarzyszenia-JZI-768x1112.jpg 768w, https:\/\/jzi.org.pl\/wp-content\/uploads\/2018\/06\/7-zjazd-stowarzyszenia-JZI-708x1024.jpg 708w, https:\/\/jzi.org.pl\/wp-content\/uploads\/2018\/06\/7-zjazd-stowarzyszenia-JZI-416x602.jpg 416w\" sizes=\"(max-width: 207px) 100vw, 207px\" \/><\/a><\/td>\n<td class=\"column-2\">VII zjazd Stowarzyszenia \"Jami\u0144ski Zesp\u00f3\u0142 Indeksacyjny\"<\/td>\n<td class=\"column-3\">Ryszard Kor\u0105kiewicz<\/td>\n<td class=\"column-4\">Nasz Sztabi\u0144ski Dom<\/td>\n<td class=\"column-5\">#6\/2018<\/td>\n<td class=\"column-6\"><a href=\"https:\/\/jzi.org.pl\/en\/publikacje\/inne-publikacje\/7-zjazd-stowarzyszenia-jaminski-zespol-indeksacyjny\/\">Read<\/a><\/td>\n<\/tr>\n<\/tbody>\n<\/table>\n<p><!-- #tablepress-6 from cache --><\/p>\n<\/div>\n<\/div><\/div><\/div><\/div><\/div>","protected":false},"excerpt":{"rendered":"<p>Chasing Down Footnotes From Polish History Books To Find Records In Polish Archives Jay M. Orbik East European Genealogist Vol 16 No 4, Summer 2008 Czytaj Anna Rostkowska przeciwko mieszka\u0144com Polkowa Jay M. Orbik Nasz Sztabi\u0144ski Dom #9\/2013 Czytaj Makatka kuchenna Aneta Cich Nasz Sztabi\u0144ski Dom #6\/2015 Czytaj \u015aladami przodk\u00f3w &#8211; IV spotkanie Jami\u0144skiego Zespo\u0142u [&hellip;]<\/p>\n","protected":false},"author":1,"featured_media":0,"parent":26,"menu_order":0,"comment_status":"open","ping_status":"open","template":"","meta":{"h5ap_radio_sources":[],"jetpack_post_was_ever_published":false,"footnotes":""},"class_list":["post-2036","page","type-page","status-publish","hentry"],"yoast_head":"<!-- This site is optimized with the Yoast SEO plugin v27.4 - https:\/\/yoast.com\/product\/yoast-seo-wordpress\/ -->\n<title>Inne publikacje - Jami\u0144ski Zesp\u00f3\u0142 Indeksacyjny<\/title>\n<meta name=\"robots\" content=\"index, follow, max-snippet:-1, max-image-preview:large, max-video-preview:-1\" \/>\n<link rel=\"canonical\" href=\"https:\/\/jzi.org.pl\/en\/publikacje\/inne-publikacje\/\" \/>\n<meta property=\"og:locale\" content=\"en_US\" \/>\n<meta property=\"og:type\" content=\"article\" \/>\n<meta property=\"og:title\" content=\"Inne publikacje - Jami\u0144ski Zesp\u00f3\u0142 Indeksacyjny\" \/>\n<meta property=\"og:description\" content=\"Chasing Down Footnotes From Polish History Books To Find Records In Polish Archives Jay M. Orbik East European Genealogist Vol 16 No 4, Summer 2008 Czytaj Anna Rostkowska przeciwko mieszka\u0144com Polkowa Jay M. Orbik Nasz Sztabi\u0144ski Dom #9\/2013 Czytaj Makatka kuchenna Aneta Cich Nasz Sztabi\u0144ski Dom #6\/2015 Czytaj \u015aladami przodk\u00f3w - IV spotkanie Jami\u0144skiego Zespo\u0142u [&hellip;]\" \/>\n<meta property=\"og:url\" content=\"https:\/\/jzi.org.pl\/en\/publikacje\/inne-publikacje\/\" \/>\n<meta property=\"og:site_name\" content=\"Jami\u0144ski Zesp\u00f3\u0142 Indeksacyjny\" \/>\n<meta property=\"article:publisher\" content=\"https:\/\/www.facebook.com\/Jaminski.Zespol.Indeksacyjny\/\" \/>\n<meta property=\"article:modified_time\" content=\"2024-05-21T12:52:33+00:00\" \/>\n<meta property=\"og:image\" content=\"https:\/\/jzi.org.pl\/wp-content\/uploads\/2018\/04\/EEG-Summer-2008-8-232x300.jpg\" \/>\n<meta name=\"twitter:card\" content=\"summary_large_image\" \/>\n<meta name=\"twitter:label1\" content=\"Est. reading time\" \/>\n\t<meta name=\"twitter:data1\" content=\"3 minutes\" \/>\n<script type=\"application\/ld+json\" class=\"yoast-schema-graph\">{\"@context\":\"https:\\\/\\\/schema.org\",\"@graph\":[{\"@type\":\"WebPage\",\"@id\":\"https:\\\/\\\/jzi.org.pl\\\/publikacje\\\/inne-publikacje\\\/\",\"url\":\"https:\\\/\\\/jzi.org.pl\\\/publikacje\\\/inne-publikacje\\\/\",\"name\":\"Inne publikacje - Jami\u0144ski Zesp\u00f3\u0142 Indeksacyjny\",\"isPartOf\":{\"@id\":\"https:\\\/\\\/jzi.org.pl\\\/#website\"},\"primaryImageOfPage\":{\"@id\":\"https:\\\/\\\/jzi.org.pl\\\/publikacje\\\/inne-publikacje\\\/#primaryimage\"},\"image\":{\"@id\":\"https:\\\/\\\/jzi.org.pl\\\/publikacje\\\/inne-publikacje\\\/#primaryimage\"},\"thumbnailUrl\":\"https:\\\/\\\/jzi.org.pl\\\/wp-content\\\/uploads\\\/2018\\\/04\\\/EEG-Summer-2008-8-232x300.jpg\",\"datePublished\":\"2017-07-28T22:00:00+00:00\",\"dateModified\":\"2024-05-21T12:52:33+00:00\",\"breadcrumb\":{\"@id\":\"https:\\\/\\\/jzi.org.pl\\\/publikacje\\\/inne-publikacje\\\/#breadcrumb\"},\"inLanguage\":\"en-US\",\"potentialAction\":[{\"@type\":\"ReadAction\",\"target\":[\"https:\\\/\\\/jzi.org.pl\\\/publikacje\\\/inne-publikacje\\\/\"]}]},{\"@type\":\"ImageObject\",\"inLanguage\":\"en-US\",\"@id\":\"https:\\\/\\\/jzi.org.pl\\\/publikacje\\\/inne-publikacje\\\/#primaryimage\",\"url\":\"https:\\\/\\\/jzi.org.pl\\\/wp-content\\\/uploads\\\/2018\\\/04\\\/EEG-Summer-2008-8-232x300.jpg\",\"contentUrl\":\"https:\\\/\\\/jzi.org.pl\\\/wp-content\\\/uploads\\\/2018\\\/04\\\/EEG-Summer-2008-8-232x300.jpg\"},{\"@type\":\"BreadcrumbList\",\"@id\":\"https:\\\/\\\/jzi.org.pl\\\/publikacje\\\/inne-publikacje\\\/#breadcrumb\",\"itemListElement\":[{\"@type\":\"ListItem\",\"position\":1,\"name\":\"Strona g\u0142\u00f3wna\",\"item\":\"https:\\\/\\\/jzi.org.pl\\\/\"},{\"@type\":\"ListItem\",\"position\":2,\"name\":\"Publikacje\",\"item\":\"https:\\\/\\\/jzi.org.pl\\\/publikacje\\\/\"},{\"@type\":\"ListItem\",\"position\":3,\"name\":\"Inne publikacje\"}]},{\"@type\":\"WebSite\",\"@id\":\"https:\\\/\\\/jzi.org.pl\\\/#website\",\"url\":\"https:\\\/\\\/jzi.org.pl\\\/\",\"name\":\"Jami\u0144ski Zesp\u00f3\u0142 Indeksacyjny\",\"description\":\"\",\"publisher\":{\"@id\":\"https:\\\/\\\/jzi.org.pl\\\/#organization\"},\"potentialAction\":[{\"@type\":\"SearchAction\",\"target\":{\"@type\":\"EntryPoint\",\"urlTemplate\":\"https:\\\/\\\/jzi.org.pl\\\/?s={search_term_string}\"},\"query-input\":{\"@type\":\"PropertyValueSpecification\",\"valueRequired\":true,\"valueName\":\"search_term_string\"}}],\"inLanguage\":\"en-US\"},{\"@type\":\"Organization\",\"@id\":\"https:\\\/\\\/jzi.org.pl\\\/#organization\",\"name\":\"Jami\u0144ski Zesp\u00f3\u0142 Indeksacyjny\",\"url\":\"https:\\\/\\\/jzi.org.pl\\\/\",\"logo\":{\"@type\":\"ImageObject\",\"inLanguage\":\"en-US\",\"@id\":\"https:\\\/\\\/jzi.org.pl\\\/#\\\/schema\\\/logo\\\/image\\\/\",\"url\":\"https:\\\/\\\/jzi.org.pl\\\/wp-content\\\/uploads\\\/2019\\\/03\\\/logo-stowarzyszenie-jzi.png\",\"contentUrl\":\"https:\\\/\\\/jzi.org.pl\\\/wp-content\\\/uploads\\\/2019\\\/03\\\/logo-stowarzyszenie-jzi.png\",\"width\":931,\"height\":990,\"caption\":\"Jami\u0144ski Zesp\u00f3\u0142 Indeksacyjny\"},\"image\":{\"@id\":\"https:\\\/\\\/jzi.org.pl\\\/#\\\/schema\\\/logo\\\/image\\\/\"},\"sameAs\":[\"https:\\\/\\\/www.facebook.com\\\/Jaminski.Zespol.Indeksacyjny\\\/\"]}]}<\/script>\n<!-- \/ Yoast SEO plugin. -->","yoast_head_json":{"title":"Inne publikacje - Jami\u0144ski Zesp\u00f3\u0142 Indeksacyjny","robots":{"index":"index","follow":"follow","max-snippet":"max-snippet:-1","max-image-preview":"max-image-preview:large","max-video-preview":"max-video-preview:-1"},"canonical":"https:\/\/jzi.org.pl\/en\/publikacje\/inne-publikacje\/","og_locale":"en_US","og_type":"article","og_title":"Inne publikacje - Jami\u0144ski Zesp\u00f3\u0142 Indeksacyjny","og_description":"Chasing Down Footnotes From Polish History Books To Find Records In Polish Archives Jay M. Orbik East European Genealogist Vol 16 No 4, Summer 2008 Czytaj Anna Rostkowska przeciwko mieszka\u0144com Polkowa Jay M. Orbik Nasz Sztabi\u0144ski Dom #9\/2013 Czytaj Makatka kuchenna Aneta Cich Nasz Sztabi\u0144ski Dom #6\/2015 Czytaj \u015aladami przodk\u00f3w - IV spotkanie Jami\u0144skiego Zespo\u0142u [&hellip;]","og_url":"https:\/\/jzi.org.pl\/en\/publikacje\/inne-publikacje\/","og_site_name":"Jami\u0144ski Zesp\u00f3\u0142 Indeksacyjny","article_publisher":"https:\/\/www.facebook.com\/Jaminski.Zespol.Indeksacyjny\/","article_modified_time":"2024-05-21T12:52:33+00:00","og_image":[{"url":"https:\/\/jzi.org.pl\/wp-content\/uploads\/2018\/04\/EEG-Summer-2008-8-232x300.jpg","type":"","width":"","height":""}],"twitter_card":"summary_large_image","twitter_misc":{"Est. reading time":"3 minutes"},"schema":{"@context":"https:\/\/schema.org","@graph":[{"@type":"WebPage","@id":"https:\/\/jzi.org.pl\/publikacje\/inne-publikacje\/","url":"https:\/\/jzi.org.pl\/publikacje\/inne-publikacje\/","name":"Inne publikacje - Jami\u0144ski Zesp\u00f3\u0142 Indeksacyjny","isPartOf":{"@id":"https:\/\/jzi.org.pl\/#website"},"primaryImageOfPage":{"@id":"https:\/\/jzi.org.pl\/publikacje\/inne-publikacje\/#primaryimage"},"image":{"@id":"https:\/\/jzi.org.pl\/publikacje\/inne-publikacje\/#primaryimage"},"thumbnailUrl":"https:\/\/jzi.org.pl\/wp-content\/uploads\/2018\/04\/EEG-Summer-2008-8-232x300.jpg","datePublished":"2017-07-28T22:00:00+00:00","dateModified":"2024-05-21T12:52:33+00:00","breadcrumb":{"@id":"https:\/\/jzi.org.pl\/publikacje\/inne-publikacje\/#breadcrumb"},"inLanguage":"en-US","potentialAction":[{"@type":"ReadAction","target":["https:\/\/jzi.org.pl\/publikacje\/inne-publikacje\/"]}]},{"@type":"ImageObject","inLanguage":"en-US","@id":"https:\/\/jzi.org.pl\/publikacje\/inne-publikacje\/#primaryimage","url":"https:\/\/jzi.org.pl\/wp-content\/uploads\/2018\/04\/EEG-Summer-2008-8-232x300.jpg","contentUrl":"https:\/\/jzi.org.pl\/wp-content\/uploads\/2018\/04\/EEG-Summer-2008-8-232x300.jpg"},{"@type":"BreadcrumbList","@id":"https:\/\/jzi.org.pl\/publikacje\/inne-publikacje\/#breadcrumb","itemListElement":[{"@type":"ListItem","position":1,"name":"Strona g\u0142\u00f3wna","item":"https:\/\/jzi.org.pl\/"},{"@type":"ListItem","position":2,"name":"Publikacje","item":"https:\/\/jzi.org.pl\/publikacje\/"},{"@type":"ListItem","position":3,"name":"Inne publikacje"}]},{"@type":"WebSite","@id":"https:\/\/jzi.org.pl\/#website","url":"https:\/\/jzi.org.pl\/","name":"Jaminy Indexing Team","description":"","publisher":{"@id":"https:\/\/jzi.org.pl\/#organization"},"potentialAction":[{"@type":"SearchAction","target":{"@type":"EntryPoint","urlTemplate":"https:\/\/jzi.org.pl\/?s={search_term_string}"},"query-input":{"@type":"PropertyValueSpecification","valueRequired":true,"valueName":"search_term_string"}}],"inLanguage":"en-US"},{"@type":"Organization","@id":"https:\/\/jzi.org.pl\/#organization","name":"Jaminy Indexing Team","url":"https:\/\/jzi.org.pl\/","logo":{"@type":"ImageObject","inLanguage":"en-US","@id":"https:\/\/jzi.org.pl\/#\/schema\/logo\/image\/","url":"https:\/\/jzi.org.pl\/wp-content\/uploads\/2019\/03\/logo-stowarzyszenie-jzi.png","contentUrl":"https:\/\/jzi.org.pl\/wp-content\/uploads\/2019\/03\/logo-stowarzyszenie-jzi.png","width":931,"height":990,"caption":"Jami\u0144ski Zesp\u00f3\u0142 Indeksacyjny"},"image":{"@id":"https:\/\/jzi.org.pl\/#\/schema\/logo\/image\/"},"sameAs":["https:\/\/www.facebook.com\/Jaminski.Zespol.Indeksacyjny\/"]}]}},"jetpack_likes_enabled":true,"jetpack_sharing_enabled":true,"_links":{"self":[{"href":"https:\/\/jzi.org.pl\/en\/wp-json\/wp\/v2\/pages\/2036","targetHints":{"allow":["GET"]}}],"collection":[{"href":"https:\/\/jzi.org.pl\/en\/wp-json\/wp\/v2\/pages"}],"about":[{"href":"https:\/\/jzi.org.pl\/en\/wp-json\/wp\/v2\/types\/page"}],"author":[{"embeddable":true,"href":"https:\/\/jzi.org.pl\/en\/wp-json\/wp\/v2\/users\/1"}],"replies":[{"embeddable":true,"href":"https:\/\/jzi.org.pl\/en\/wp-json\/wp\/v2\/comments?post=2036"}],"version-history":[{"count":0,"href":"https:\/\/jzi.org.pl\/en\/wp-json\/wp\/v2\/pages\/2036\/revisions"}],"up":[{"embeddable":true,"href":"https:\/\/jzi.org.pl\/en\/wp-json\/wp\/v2\/pages\/26"}],"wp:attachment":[{"href":"https:\/\/jzi.org.pl\/en\/wp-json\/wp\/v2\/media?parent=2036"}],"curies":[{"name":"wp","href":"https:\/\/api.w.org\/{rel}","templated":true}]}}