{"id":20182,"date":"2022-05-23T16:45:57","date_gmt":"2022-05-23T14:45:57","guid":{"rendered":"https:\/\/jzi.org.pl\/?page_id=20182"},"modified":"2022-08-26T12:03:41","modified_gmt":"2022-08-26T10:03:41","slug":"zamowienia-mailowe-i-telefoniczne","status":"publish","type":"page","link":"https:\/\/jzi.org.pl\/en\/sklep\/zamowienie\/zamowienia-mailowe-i-telefoniczne\/","title":{"rendered":"Zam\u00f3wienia mailowe i telefoniczne"},"content":{"rendered":"<h4>Szanowni Sympatycy!<\/h4>\n<p>Co jaki\u015b czas niekt\u00f3rzy z Was maj\u0105 k\u0142opoty ze z\u0142o\u017ceniem zam\u00f3wienia. W za\u0142o\u017ceniach proces jest prosty, ale osoby mniej obyte z zakupami przez Internet maj\u0105 szans\u0119 si\u0119 pogubi\u0107. Dlatego wprowadzamy mo\u017cliwo\u015b\u0107 mailowego i telefonicznego sk\u0142adania zam\u00f3wie\u0144.<\/p>\n<h4>Zam\u00f3wienia mailowe<\/h4>\n<p>Aby z\u0142o\u017cy\u0107 zam\u00f3wienie nale\u017cy wys\u0142a\u0107 do nas maila na adres <a href=\"mailto:or***@*****rg.pl\" data-original-string=\"20UPib3wVny+j1g5eVPGFw==2a3IOMCtAj\/5Bgzqq0w8oI0AYn\/oGAaOMuYhMN3nfJ0hsA=\" title=\"This contact has been encoded by Anti-Spam by CleanTalk. Click to decode. To finish the decoding make sure that JavaScript is enabled in your browser.\"><span \n                data-original-string='T9w20l1HdehU1zptcCEUDA==2a3yOqfsGuZZz9qbH1+UD4aJidIzRmQVaXJ3t0wh7u7wUA='\n                class='apbct-email-encoder'\n                title='This contact has been encoded by Anti-Spam by CleanTalk. Click to decode. To finish the decoding make sure that JavaScript is enabled in your browser.'>or<span class=\"apbct-blur\">***<\/span>@<span class=\"apbct-blur\">*****<\/span>rg.pl<\/span><\/a> z podaniem danych zamawiaj\u0105cego (imi\u0119 i nazwisko, adres do wysy\u0142ki, telefon) oraz listy zamawianych pozycji ksi\u0105\u017ckowych wraz z ilo\u015bciami. Je\u015bli potrzebujesz faktur\u0119, b\u0119dzie potrzebny r\u00f3wnie\u017c NIP i dane do faktury. Je\u015bli \u017cyczysz sobie dostaw\u0119 do paczkomatu, to podaj numer lub adres najbli\u017cszego paczkomatu. Wkr\u00f3tce w mailu zwrotnym otrzymasz potwierdzenie zam\u00f3wienia, w kt\u00f3rym znajdzie si\u0119 lista zamawianych ksi\u0105\u017cek wraz z cenami, podsumowanie z \u0142\u0105czn\u0105 kwot\u0105 do zap\u0142aty oraz numer konta do wp\u0142aty. Po otrzymaniu nale\u017cno\u015bci rozpoczniemy realizacj\u0119 zam\u00f3wienia. Nie przyjmujemy zam\u00f3wie\u0144 z p\u0142atno\u015bci\u0105 przy odbiorze!<\/p>\n<h4>Zam\u00f3wienia telefoniczne<\/h4>\n<p>Wystarczy telefon na numer 601252463. Kolega przez telefon zbierze wszystkie informacje niezb\u0119dne do realizacji zam\u00f3wienia. Pami\u0119tajcie, \u017ce Stowarzyszenie Jami\u0144ski Zesp\u00f3\u0142 Indeksacyjny nie jest firm\u0105, kt\u00f3ra zatrudnia kogokolwiek. W ca\u0142o\u015bci bazuje na pracy woluntariuszy. Dlatego prosimy wy\u0142\u0105cznie o telefon w godzinach 9:00-15:00 w dni powszednie. Je\u015bli kolega nie b\u0119dzie m\u00f3g\u0142 odebra\u0107 telefonu, to znaczy \u017ce jest zaj\u0119ty wykonywaniem pracy zawodowej. Prosimy o wyrozumia\u0142o\u015b\u0107 &#8211; oddzwonimy!<\/p>\n<p>W ka\u017cdej sytuacji zam\u00f3wienia najlepiej sk\u0142ada\u0107 bezpo\u015brednio przez sklep. Daj\u0105 wi\u0119cej mo\u017cliwo\u015bci p\u0142atno\u015bci i wysy\u0142ki. Zach\u0119camy do tej formy sk\u0142adania zam\u00f3wie\u0144. To na prawd\u0119 \u0142atwe!<\/p>\n<p><a href=\"https:\/\/jzi.org.pl\/wp-content\/uploads\/2022\/05\/zamowienie.png\"><img loading=\"lazy\" decoding=\"async\" class=\"aligncenter wp-image-20181 size-full\" src=\"https:\/\/jzi.org.pl\/wp-content\/uploads\/2022\/05\/zamowienie.png\" alt=\"\" width=\"820\" height=\"845\" srcset=\"https:\/\/jzi.org.pl\/wp-content\/uploads\/2022\/05\/zamowienie.png 820w, https:\/\/jzi.org.pl\/wp-content\/uploads\/2022\/05\/zamowienie-291x300.png 291w, https:\/\/jzi.org.pl\/wp-content\/uploads\/2022\/05\/zamowienie-768x791.png 768w, https:\/\/jzi.org.pl\/wp-content\/uploads\/2022\/05\/zamowienie-12x12.png 12w, https:\/\/jzi.org.pl\/wp-content\/uploads\/2022\/05\/zamowienie-416x429.png 416w\" sizes=\"auto, (max-width: 820px) 100vw, 820px\" \/><\/a><\/p>\n<p>W pierwszej kolejno\u015bci nale\u017cy zawsze prowadzi\u0107 dane zamawiaj\u0105cego. W zale\u017cno\u015bci od adresu pojawiaj\u0105 si\u0119 r\u00f3\u017cne mo\u017cliwo\u015bci wysy\u0142ki i r\u00f3\u017cne mo\u017cliwo\u015bci p\u0142atno\u015bci. B\u0105d\u017acie uwa\u017cni! Trzymamy kciuki za skuteczno\u015b\u0107!<\/p>","protected":false},"excerpt":{"rendered":"<p>Szanowni Sympatycy! Co jaki\u015b czas niekt\u00f3rzy z Was maj\u0105 k\u0142opoty ze z\u0142o\u017ceniem zam\u00f3wienia. W za\u0142o\u017ceniach proces jest prosty, ale osoby mniej obyte z zakupami przez Internet maj\u0105 szans\u0119 si\u0119 pogubi\u0107. Dlatego wprowadzamy mo\u017cliwo\u015b\u0107 mailowego i telefonicznego sk\u0142adania zam\u00f3wie\u0144. Zam\u00f3wienia mailowe Aby z\u0142o\u017cy\u0107 zam\u00f3wienie nale\u017cy wys\u0142a\u0107 do nas maila na adres or***@*****rg.pl z podaniem danych zamawiaj\u0105cego [&hellip;]<\/p>\n","protected":false},"author":1,"featured_media":0,"parent":462,"menu_order":0,"comment_status":"closed","ping_status":"closed","template":"","meta":{"h5ap_radio_sources":[],"jetpack_post_was_ever_published":false,"footnotes":""},"class_list":["post-20182","page","type-page","status-publish","hentry"],"yoast_head":"<!-- This site is optimized with the Yoast SEO plugin v27.3 - https:\/\/yoast.com\/product\/yoast-seo-wordpress\/ -->\n<title>Zam\u00f3wienia mailowe i telefoniczne - Jami\u0144ski Zesp\u00f3\u0142 Indeksacyjny<\/title>\n<meta name=\"robots\" content=\"index, follow, max-snippet:-1, max-image-preview:large, max-video-preview:-1\" \/>\n<link rel=\"canonical\" href=\"https:\/\/jzi.org.pl\/en\/sklep\/zamowienie\/zamowienia-mailowe-i-telefoniczne\/\" \/>\n<meta property=\"og:locale\" content=\"en_US\" \/>\n<meta property=\"og:type\" content=\"article\" \/>\n<meta property=\"og:title\" content=\"Zam\u00f3wienia mailowe i telefoniczne - Jami\u0144ski Zesp\u00f3\u0142 Indeksacyjny\" \/>\n<meta property=\"og:description\" content=\"Szanowni Sympatycy! Co jaki\u015b czas niekt\u00f3rzy z Was maj\u0105 k\u0142opoty ze z\u0142o\u017ceniem zam\u00f3wienia. W za\u0142o\u017ceniach proces jest prosty, ale osoby mniej obyte z zakupami przez Internet maj\u0105 szans\u0119 si\u0119 pogubi\u0107. Dlatego wprowadzamy mo\u017cliwo\u015b\u0107 mailowego i telefonicznego sk\u0142adania zam\u00f3wie\u0144. Zam\u00f3wienia mailowe Aby z\u0142o\u017cy\u0107 zam\u00f3wienie nale\u017cy wys\u0142a\u0107 do nas maila na adres or***@*****rg.pl z podaniem danych zamawiaj\u0105cego [&hellip;]\" \/>\n<meta property=\"og:url\" content=\"https:\/\/jzi.org.pl\/en\/sklep\/zamowienie\/zamowienia-mailowe-i-telefoniczne\/\" \/>\n<meta property=\"og:site_name\" content=\"Jami\u0144ski Zesp\u00f3\u0142 Indeksacyjny\" \/>\n<meta property=\"article:publisher\" content=\"https:\/\/www.facebook.com\/Jaminski.Zespol.Indeksacyjny\/\" \/>\n<meta property=\"article:modified_time\" content=\"2022-08-26T10:03:41+00:00\" \/>\n<meta property=\"og:image\" content=\"https:\/\/jzi.org.pl\/wp-content\/uploads\/2022\/05\/zamowienie.png\" \/>\n<meta name=\"twitter:card\" content=\"summary_large_image\" \/>\n<meta name=\"twitter:label1\" content=\"Est. reading time\" \/>\n\t<meta name=\"twitter:data1\" content=\"2 minutes\" \/>\n<script type=\"application\/ld+json\" class=\"yoast-schema-graph\">{\"@context\":\"https:\\\/\\\/schema.org\",\"@graph\":[{\"@type\":\"WebPage\",\"@id\":\"https:\\\/\\\/jzi.org.pl\\\/sklep\\\/zamowienie\\\/zamowienia-mailowe-i-telefoniczne\\\/\",\"url\":\"https:\\\/\\\/jzi.org.pl\\\/sklep\\\/zamowienie\\\/zamowienia-mailowe-i-telefoniczne\\\/\",\"name\":\"Zam\u00f3wienia mailowe i telefoniczne - Jami\u0144ski Zesp\u00f3\u0142 Indeksacyjny\",\"isPartOf\":{\"@id\":\"https:\\\/\\\/jzi.org.pl\\\/#website\"},\"primaryImageOfPage\":{\"@id\":\"https:\\\/\\\/jzi.org.pl\\\/sklep\\\/zamowienie\\\/zamowienia-mailowe-i-telefoniczne\\\/#primaryimage\"},\"image\":{\"@id\":\"https:\\\/\\\/jzi.org.pl\\\/sklep\\\/zamowienie\\\/zamowienia-mailowe-i-telefoniczne\\\/#primaryimage\"},\"thumbnailUrl\":\"https:\\\/\\\/jzi.org.pl\\\/wp-content\\\/uploads\\\/2022\\\/05\\\/zamowienie.png\",\"datePublished\":\"2022-05-23T14:45:57+00:00\",\"dateModified\":\"2022-08-26T10:03:41+00:00\",\"breadcrumb\":{\"@id\":\"https:\\\/\\\/jzi.org.pl\\\/sklep\\\/zamowienie\\\/zamowienia-mailowe-i-telefoniczne\\\/#breadcrumb\"},\"inLanguage\":\"en-US\",\"potentialAction\":[{\"@type\":\"ReadAction\",\"target\":[\"https:\\\/\\\/jzi.org.pl\\\/sklep\\\/zamowienie\\\/zamowienia-mailowe-i-telefoniczne\\\/\"]}]},{\"@type\":\"ImageObject\",\"inLanguage\":\"en-US\",\"@id\":\"https:\\\/\\\/jzi.org.pl\\\/sklep\\\/zamowienie\\\/zamowienia-mailowe-i-telefoniczne\\\/#primaryimage\",\"url\":\"https:\\\/\\\/jzi.org.pl\\\/wp-content\\\/uploads\\\/2022\\\/05\\\/zamowienie.png\",\"contentUrl\":\"https:\\\/\\\/jzi.org.pl\\\/wp-content\\\/uploads\\\/2022\\\/05\\\/zamowienie.png\"},{\"@type\":\"BreadcrumbList\",\"@id\":\"https:\\\/\\\/jzi.org.pl\\\/sklep\\\/zamowienie\\\/zamowienia-mailowe-i-telefoniczne\\\/#breadcrumb\",\"itemListElement\":[{\"@type\":\"ListItem\",\"position\":1,\"name\":\"Strona g\u0142\u00f3wna\",\"item\":\"https:\\\/\\\/jzi.org.pl\\\/\"},{\"@type\":\"ListItem\",\"position\":2,\"name\":\"Sklep\",\"item\":\"https:\\\/\\\/jzi.org.pl\\\/sklep\\\/\"},{\"@type\":\"ListItem\",\"position\":3,\"name\":\"Zam\u00f3wienie\",\"item\":\"https:\\\/\\\/jzi.org.pl\\\/sklep\\\/zamowienie\\\/\"},{\"@type\":\"ListItem\",\"position\":4,\"name\":\"Zam\u00f3wienia mailowe i telefoniczne\"}]},{\"@type\":\"WebSite\",\"@id\":\"https:\\\/\\\/jzi.org.pl\\\/#website\",\"url\":\"https:\\\/\\\/jzi.org.pl\\\/\",\"name\":\"Jami\u0144ski Zesp\u00f3\u0142 Indeksacyjny\",\"description\":\"\",\"publisher\":{\"@id\":\"https:\\\/\\\/jzi.org.pl\\\/#organization\"},\"potentialAction\":[{\"@type\":\"SearchAction\",\"target\":{\"@type\":\"EntryPoint\",\"urlTemplate\":\"https:\\\/\\\/jzi.org.pl\\\/?s={search_term_string}\"},\"query-input\":{\"@type\":\"PropertyValueSpecification\",\"valueRequired\":true,\"valueName\":\"search_term_string\"}}],\"inLanguage\":\"en-US\"},{\"@type\":\"Organization\",\"@id\":\"https:\\\/\\\/jzi.org.pl\\\/#organization\",\"name\":\"Jami\u0144ski Zesp\u00f3\u0142 Indeksacyjny\",\"url\":\"https:\\\/\\\/jzi.org.pl\\\/\",\"logo\":{\"@type\":\"ImageObject\",\"inLanguage\":\"en-US\",\"@id\":\"https:\\\/\\\/jzi.org.pl\\\/#\\\/schema\\\/logo\\\/image\\\/\",\"url\":\"https:\\\/\\\/jzi.org.pl\\\/wp-content\\\/uploads\\\/2019\\\/03\\\/logo-stowarzyszenie-jzi.png\",\"contentUrl\":\"https:\\\/\\\/jzi.org.pl\\\/wp-content\\\/uploads\\\/2019\\\/03\\\/logo-stowarzyszenie-jzi.png\",\"width\":931,\"height\":990,\"caption\":\"Jami\u0144ski Zesp\u00f3\u0142 Indeksacyjny\"},\"image\":{\"@id\":\"https:\\\/\\\/jzi.org.pl\\\/#\\\/schema\\\/logo\\\/image\\\/\"},\"sameAs\":[\"https:\\\/\\\/www.facebook.com\\\/Jaminski.Zespol.Indeksacyjny\\\/\"]}]}<\/script>\n<!-- \/ Yoast SEO plugin. -->","yoast_head_json":{"title":"Zam\u00f3wienia mailowe i telefoniczne - Jami\u0144ski Zesp\u00f3\u0142 Indeksacyjny","robots":{"index":"index","follow":"follow","max-snippet":"max-snippet:-1","max-image-preview":"max-image-preview:large","max-video-preview":"max-video-preview:-1"},"canonical":"https:\/\/jzi.org.pl\/en\/sklep\/zamowienie\/zamowienia-mailowe-i-telefoniczne\/","og_locale":"en_US","og_type":"article","og_title":"Zam\u00f3wienia mailowe i telefoniczne - Jami\u0144ski Zesp\u00f3\u0142 Indeksacyjny","og_description":"Szanowni Sympatycy! Co jaki\u015b czas niekt\u00f3rzy z Was maj\u0105 k\u0142opoty ze z\u0142o\u017ceniem zam\u00f3wienia. W za\u0142o\u017ceniach proces jest prosty, ale osoby mniej obyte z zakupami przez Internet maj\u0105 szans\u0119 si\u0119 pogubi\u0107. Dlatego wprowadzamy mo\u017cliwo\u015b\u0107 mailowego i telefonicznego sk\u0142adania zam\u00f3wie\u0144. Zam\u00f3wienia mailowe Aby z\u0142o\u017cy\u0107 zam\u00f3wienie nale\u017cy wys\u0142a\u0107 do nas maila na adres or***@*****rg.pl z podaniem danych zamawiaj\u0105cego [&hellip;]","og_url":"https:\/\/jzi.org.pl\/en\/sklep\/zamowienie\/zamowienia-mailowe-i-telefoniczne\/","og_site_name":"Jami\u0144ski Zesp\u00f3\u0142 Indeksacyjny","article_publisher":"https:\/\/www.facebook.com\/Jaminski.Zespol.Indeksacyjny\/","article_modified_time":"2022-08-26T10:03:41+00:00","og_image":[{"url":"https:\/\/jzi.org.pl\/wp-content\/uploads\/2022\/05\/zamowienie.png","type":"","width":"","height":""}],"twitter_card":"summary_large_image","twitter_misc":{"Est. reading time":"2 minutes"},"schema":{"@context":"https:\/\/schema.org","@graph":[{"@type":"WebPage","@id":"https:\/\/jzi.org.pl\/sklep\/zamowienie\/zamowienia-mailowe-i-telefoniczne\/","url":"https:\/\/jzi.org.pl\/sklep\/zamowienie\/zamowienia-mailowe-i-telefoniczne\/","name":"Zam\u00f3wienia mailowe i telefoniczne - Jami\u0144ski Zesp\u00f3\u0142 Indeksacyjny","isPartOf":{"@id":"https:\/\/jzi.org.pl\/#website"},"primaryImageOfPage":{"@id":"https:\/\/jzi.org.pl\/sklep\/zamowienie\/zamowienia-mailowe-i-telefoniczne\/#primaryimage"},"image":{"@id":"https:\/\/jzi.org.pl\/sklep\/zamowienie\/zamowienia-mailowe-i-telefoniczne\/#primaryimage"},"thumbnailUrl":"https:\/\/jzi.org.pl\/wp-content\/uploads\/2022\/05\/zamowienie.png","datePublished":"2022-05-23T14:45:57+00:00","dateModified":"2022-08-26T10:03:41+00:00","breadcrumb":{"@id":"https:\/\/jzi.org.pl\/sklep\/zamowienie\/zamowienia-mailowe-i-telefoniczne\/#breadcrumb"},"inLanguage":"en-US","potentialAction":[{"@type":"ReadAction","target":["https:\/\/jzi.org.pl\/sklep\/zamowienie\/zamowienia-mailowe-i-telefoniczne\/"]}]},{"@type":"ImageObject","inLanguage":"en-US","@id":"https:\/\/jzi.org.pl\/sklep\/zamowienie\/zamowienia-mailowe-i-telefoniczne\/#primaryimage","url":"https:\/\/jzi.org.pl\/wp-content\/uploads\/2022\/05\/zamowienie.png","contentUrl":"https:\/\/jzi.org.pl\/wp-content\/uploads\/2022\/05\/zamowienie.png"},{"@type":"BreadcrumbList","@id":"https:\/\/jzi.org.pl\/sklep\/zamowienie\/zamowienia-mailowe-i-telefoniczne\/#breadcrumb","itemListElement":[{"@type":"ListItem","position":1,"name":"Strona g\u0142\u00f3wna","item":"https:\/\/jzi.org.pl\/"},{"@type":"ListItem","position":2,"name":"Sklep","item":"https:\/\/jzi.org.pl\/sklep\/"},{"@type":"ListItem","position":3,"name":"Zam\u00f3wienie","item":"https:\/\/jzi.org.pl\/sklep\/zamowienie\/"},{"@type":"ListItem","position":4,"name":"Zam\u00f3wienia mailowe i telefoniczne"}]},{"@type":"WebSite","@id":"https:\/\/jzi.org.pl\/#website","url":"https:\/\/jzi.org.pl\/","name":"Jaminy Indexing Team","description":"","publisher":{"@id":"https:\/\/jzi.org.pl\/#organization"},"potentialAction":[{"@type":"SearchAction","target":{"@type":"EntryPoint","urlTemplate":"https:\/\/jzi.org.pl\/?s={search_term_string}"},"query-input":{"@type":"PropertyValueSpecification","valueRequired":true,"valueName":"search_term_string"}}],"inLanguage":"en-US"},{"@type":"Organization","@id":"https:\/\/jzi.org.pl\/#organization","name":"Jaminy Indexing Team","url":"https:\/\/jzi.org.pl\/","logo":{"@type":"ImageObject","inLanguage":"en-US","@id":"https:\/\/jzi.org.pl\/#\/schema\/logo\/image\/","url":"https:\/\/jzi.org.pl\/wp-content\/uploads\/2019\/03\/logo-stowarzyszenie-jzi.png","contentUrl":"https:\/\/jzi.org.pl\/wp-content\/uploads\/2019\/03\/logo-stowarzyszenie-jzi.png","width":931,"height":990,"caption":"Jami\u0144ski Zesp\u00f3\u0142 Indeksacyjny"},"image":{"@id":"https:\/\/jzi.org.pl\/#\/schema\/logo\/image\/"},"sameAs":["https:\/\/www.facebook.com\/Jaminski.Zespol.Indeksacyjny\/"]}]}},"jetpack_likes_enabled":true,"jetpack_sharing_enabled":true,"_links":{"self":[{"href":"https:\/\/jzi.org.pl\/en\/wp-json\/wp\/v2\/pages\/20182","targetHints":{"allow":["GET"]}}],"collection":[{"href":"https:\/\/jzi.org.pl\/en\/wp-json\/wp\/v2\/pages"}],"about":[{"href":"https:\/\/jzi.org.pl\/en\/wp-json\/wp\/v2\/types\/page"}],"author":[{"embeddable":true,"href":"https:\/\/jzi.org.pl\/en\/wp-json\/wp\/v2\/users\/1"}],"replies":[{"embeddable":true,"href":"https:\/\/jzi.org.pl\/en\/wp-json\/wp\/v2\/comments?post=20182"}],"version-history":[{"count":0,"href":"https:\/\/jzi.org.pl\/en\/wp-json\/wp\/v2\/pages\/20182\/revisions"}],"up":[{"embeddable":true,"href":"https:\/\/jzi.org.pl\/en\/wp-json\/wp\/v2\/pages\/462"}],"wp:attachment":[{"href":"https:\/\/jzi.org.pl\/en\/wp-json\/wp\/v2\/media?parent=20182"}],"curies":[{"name":"wp","href":"https:\/\/api.w.org\/{rel}","templated":true}]}}