{"id":18083,"date":"2021-10-19T12:03:18","date_gmt":"2021-10-19T10:03:18","guid":{"rendered":"https:\/\/jzi.org.pl\/?page_id=18083"},"modified":"2021-10-19T12:03:18","modified_gmt":"2021-10-19T10:03:18","slug":"lacinskie-nazwy-urzedow-ziemskich-senatorskich-i-krolewskich","status":"publish","type":"page","link":"https:\/\/jzi.org.pl\/en\/pomoce\/dla-indeksujacych\/lacinskie-nazwy-urzedow-ziemskich-senatorskich-i-krolewskich\/","title":{"rendered":"\u0141aci\u0144skie nazwy urz\u0119d\u00f3w ziemskich, senatorskich i kr\u00f3lewskich"},"content":{"rendered":"<div class=\"kvgmc6g5 cxmmr5t8 oygrvhab hcukyx3x c1et5uql\">\n<div dir=\"auto\">Aquaeductor lub Rormagister \u2014 urz\u0119dnik, zawiaduj\u0105cy wodoci\u0105gami w wi\u0119kszych miastach dawnej Polski.<\/div>\n<div dir=\"auto\">Asesor \u2014 asesor.<\/div>\n<div dir=\"auto\">Budowniczy \u2014 architectus, aedilis.<\/div>\n<div dir=\"auto\">Burgrabia \u2014 burggravius, burgrabius.<\/div>\n<div dir=\"auto\">Burmistrz \u2014 proconsul, magister civium.<\/div>\n<div dir=\"auto\">Cechmistrz \u2014 cechmagister.<\/div>\n<div dir=\"auto\">Celnik \u2014 telonarius, teloneator.<\/div>\n<div dir=\"auto\">Chor\u0105\u017cy \u2014 vexillifer, signifer.<\/div>\n<div dir=\"auto\">Chor\u0105\u017cy petyhorski \u2014 vexil. cataphractae, cohortis.<\/div>\n<div dir=\"auto\">Ciwun \u2014 tivunus.<\/div>\n<div dir=\"auto\">Cze\u015bnik \u2014 pincerna, pocillator.<\/div>\n<div dir=\"auto\">Delegat \u2014 delegatus, legatus.<\/div>\n<div dir=\"auto\">Deputat \u2014 deputatus.<\/div>\n<div dir=\"auto\">Dozorca \u2014 custos, inspector, curator.<\/div>\n<div dir=\"auto\">Dworzanin \u2014 aulicus.<\/div>\n<div dir=\"auto\">Ekonom \u2014 oeconomus, economus.<\/div>\n<div dir=\"auto\">General \u2014 generalis.<\/div>\n<div dir=\"auto\">Grododzier\u017cca \u2014 castellanus.<\/div>\n<div dir=\"auto\">Hetman \u2014 dux exercitus, princeps militum, exercituum.<\/div>\n<div dir=\"auto\">Hetman wielki koronny lub litewski \u2014 supremus dux exercituum Regni lub M. D. Litvaniae.<\/div>\n<div dir=\"auto\">Hetman polny \u2014 campiductor.<\/div>\n<div dir=\"auto\">Horodniczy \u2014 arcis, castelli praefectus.<\/div>\n<div dir=\"auto\">Instygator \u2014 instigator.<\/div>\n<div dir=\"auto\">Kanclerz \u2014 cancellarius.<\/div>\n<div dir=\"auto\">Kapitan \u2014 praefectus cohortis.<\/div>\n<div dir=\"auto\">Kasztelan \u2014 castellanus.<\/div>\n<div dir=\"auto\">Kasztelanic \u2014 castellanida.<\/div>\n<div dir=\"auto\">Klucznik \u2014 promus.<\/div>\n<div dir=\"auto\">Komisarz \u2014 commissarius.<\/div>\n<div dir=\"auto\">Komornik \u2014 camerarius.<\/div>\n<div dir=\"auto\">Koniuszy \u2014 praefectus stabuli.<\/div>\n<div dir=\"auto\">Koniuszy wiel. koronny \u2014 magister stabuli regni.<\/div>\n<div dir=\"auto\">Krajczy \u2014 incisor.<\/div>\n<div dir=\"auto\">Krajczy koronny lub litewski \u2014 incisor regni Poloniae lub magni ducatus Litvaniae.<\/div>\n<div dir=\"auto\">Ksi\u0105\u017c\u0119 \u2014 princeps, dux.<\/div>\n<div dir=\"auto\">Kuchmistrz \u2014 praefectus culinae.<\/div>\n<div dir=\"auto\">Kustosz \u2014 custos.<\/div>\n<div dir=\"auto\">\u0141awnik \u2014 assessor, scabinus.<\/div>\n<div dir=\"auto\">\u0141owczy \u2014 venator; \u0142owczy nadworny \u2014 venator aulicus.<\/div>\n<div dir=\"auto\">Margrabia \u2014 marchio.<\/div>\n<div dir=\"auto\">Marsza\u0142ek \u2014 mareschalcus.<\/div>\n<div dir=\"auto\">Marszalek wielki koronny lub litewski \u2014 Magnus regni Poloniae aut Magni ducatus Litvaniae mareschalcus.<\/div>\n<div dir=\"auto\">Miecznik \u2014 ensifer.<\/div>\n<div dir=\"auto\">Miernik, mierniczy \u2014 geometra.<\/div>\n<div dir=\"auto\">Mostowniczy \u2014 praefectus pontium.<\/div>\n<div dir=\"auto\">Namiestnik, zast\u0119pca \u2014 vicarius, vicesgerens, commissarius.<\/div>\n<\/div>\n<div class=\"o9v6fnle cxmmr5t8 oygrvhab hcukyx3x c1et5uql\">\n<div dir=\"auto\">Notarjusz \u2014 notarius.<\/div>\n<div dir=\"auto\">Obo\u017any \u2014 castrametator.<\/div>\n<div dir=\"auto\">Opat \u2014 abbas.<\/div>\n<div dir=\"auto\">Pisarz \u2014 scriba w ni\u017cszem, notarius w wy\u017cszem znaczeniu.<\/div>\n<div dir=\"auto\">Piwniczy \u2014 cellarius.<\/div>\n<div dir=\"auto\">Poborca \u2014 exactor.<\/div>\n<div dir=\"auto\">Podchor\u0105\u017cy \u2014 subsignifer, vicarius vexilliferi.<\/div>\n<div dir=\"auto\">Podczaszy \u2014 pincerna, pocillator; podczaszyna \u2014 uxor, coniux pocillatoris; podczaszyc \u2014 filius pocillatoris; podczaszanka \u2014 filia pocillatoris.<\/div>\n<div dir=\"auto\">Podkanclerzy \u2014 vice-cancellarius.<\/div>\n<div dir=\"auto\">Podkomorzy \u2014 succamerarius.<\/div>\n<div dir=\"auto\">Podkoniuszy \u2014 subpraefectus stabuli.<\/div>\n<div dir=\"auto\">Pods\u0119dek \u2014 subjudex.<\/div>\n<div dir=\"auto\">Podskarbi \u2014 thesaurarius.<\/div>\n<div dir=\"auto\">Podstarosta \u2014 vice-capitaneus.<\/div>\n<div dir=\"auto\">Podstoli \u2014 subdapifer.<\/div>\n<div dir=\"auto\">Podwojewodzy \u2014 vice-palatinus.<\/div>\n<div dir=\"auto\">Pose\u0142 \u2014 legatus.<\/div>\n<div dir=\"auto\">Prymas \u2014 primas, princeps archiepiscoporum.<\/div>\n<div dir=\"auto\">Pu\u0142kownik \u2014 colonellus.<\/div>\n<div dir=\"auto\">Rachmistrz \u2014 calculator.<\/div>\n<div dir=\"auto\">Rajca \u2014 consul, vir consularis.<\/div>\n<div dir=\"auto\">Referendarz \u2014 referendarius.<\/div>\n<div dir=\"auto\">Regent \u2014 regens.<\/div>\n<div dir=\"auto\">Regestrant \u2014 registrator.<\/div>\n<div dir=\"auto\">Regimentarz \u2014 regimentarius.<\/div>\n<div dir=\"auto\">Sekretarz \u2014 secretarius.<\/div>\n<div dir=\"auto\">Senator \u2014 senator.<\/div>\n<div dir=\"auto\">S\u0119dzia ziemski \u2014 judex terrestris.<\/div>\n<div dir=\"auto\">S\u0119dzia grodzki \u2014 judex castrensis.<\/div>\n<div dir=\"auto\">Skarbnik \u2014 thesaurarius.<\/div>\n<div dir=\"auto\">So\u0142tys \u2014 scultetus, so\u0142ectwo \u2014 scultetiae.<\/div>\n<div dir=\"auto\">Stanowniczy \u2014 hospitiorum militarium designator.<\/div>\n<div dir=\"auto\">Starosta \u2014 capitaneus.<\/div>\n<div dir=\"auto\">Stolnik \u2014 dapifer.<\/div>\n<div dir=\"auto\">Strawnik \u2014 convictor.<\/div>\n<div dir=\"auto\">Szambelan lub podkomorzy kr\u00f3lewski \u2014 camerarius.<\/div>\n<div dir=\"auto\">Wice-gerent \u2014 vices-gerens.<\/div>\n<div dir=\"auto\">W\u0142odarz \u2014 vlodarius.<\/div>\n<div dir=\"auto\">Wojewoda \u2014 palatinus.<\/div>\n<div dir=\"auto\">Wojewodzic \u2014 palatinida.<\/div>\n<div dir=\"auto\">Wojski \u2014 tribunus.<\/div>\n<div dir=\"auto\">Wo\u017any \u2014 ministerialis lub praeco, wo\u017any jeneralny albo jenera\u0142 na ca\u0142e wojew\u00f3dztwo \u2014 generalis ministerialis.<\/div>\n<div dir=\"auto\">W\u00f3jt miejski \u2014 advocatus, praetor.<\/div>\n<div dir=\"auto\">\u017bupnik \u2014 zuparius, salinator, praefectus salinarum<\/div>\n<\/div>","protected":false},"excerpt":{"rendered":"<p>Aquaeductor lub Rormagister \u2014 urz\u0119dnik, zawiaduj\u0105cy wodoci\u0105gami w wi\u0119kszych miastach dawnej Polski. Asesor \u2014 asesor. Budowniczy \u2014 architectus, aedilis. Burgrabia \u2014 burggravius, burgrabius. Burmistrz \u2014 proconsul, magister civium. Cechmistrz \u2014 cechmagister. Celnik \u2014 telonarius, teloneator. Chor\u0105\u017cy \u2014 vexillifer, signifer. Chor\u0105\u017cy petyhorski \u2014 vexil. cataphractae, cohortis. Ciwun \u2014 tivunus. Cze\u015bnik \u2014 pincerna, pocillator. Delegat \u2014 delegatus, [&hellip;]<\/p>\n","protected":false},"author":1,"featured_media":18084,"parent":14534,"menu_order":0,"comment_status":"closed","ping_status":"closed","template":"","meta":{"h5ap_radio_sources":[],"jetpack_post_was_ever_published":false,"footnotes":""},"class_list":["post-18083","page","type-page","status-publish","has-post-thumbnail","hentry"],"yoast_head":"<!-- This site is optimized with the Yoast SEO plugin v27.3 - https:\/\/yoast.com\/product\/yoast-seo-wordpress\/ -->\n<title>\u0141aci\u0144skie nazwy urz\u0119d\u00f3w ziemskich, senatorskich i kr\u00f3lewskich - Jami\u0144ski Zesp\u00f3\u0142 Indeksacyjny<\/title>\n<meta name=\"robots\" content=\"index, follow, max-snippet:-1, max-image-preview:large, max-video-preview:-1\" \/>\n<link rel=\"canonical\" href=\"https:\/\/jzi.org.pl\/en\/pomoce\/dla-indeksujacych\/lacinskie-nazwy-urzedow-ziemskich-senatorskich-i-krolewskich\/\" \/>\n<meta property=\"og:locale\" content=\"en_US\" \/>\n<meta property=\"og:type\" content=\"article\" \/>\n<meta property=\"og:title\" content=\"\u0141aci\u0144skie nazwy urz\u0119d\u00f3w ziemskich, senatorskich i kr\u00f3lewskich - Jami\u0144ski Zesp\u00f3\u0142 Indeksacyjny\" \/>\n<meta property=\"og:description\" content=\"Aquaeductor lub Rormagister \u2014 urz\u0119dnik, zawiaduj\u0105cy wodoci\u0105gami w wi\u0119kszych miastach dawnej Polski. Asesor \u2014 asesor. Budowniczy \u2014 architectus, aedilis. Burgrabia \u2014 burggravius, burgrabius. Burmistrz \u2014 proconsul, magister civium. Cechmistrz \u2014 cechmagister. Celnik \u2014 telonarius, teloneator. Chor\u0105\u017cy \u2014 vexillifer, signifer. Chor\u0105\u017cy petyhorski \u2014 vexil. cataphractae, cohortis. Ciwun \u2014 tivunus. Cze\u015bnik \u2014 pincerna, pocillator. Delegat \u2014 delegatus, [&hellip;]\" \/>\n<meta property=\"og:url\" content=\"https:\/\/jzi.org.pl\/en\/pomoce\/dla-indeksujacych\/lacinskie-nazwy-urzedow-ziemskich-senatorskich-i-krolewskich\/\" \/>\n<meta property=\"og:site_name\" content=\"Jami\u0144ski Zesp\u00f3\u0142 Indeksacyjny\" \/>\n<meta property=\"article:publisher\" content=\"https:\/\/www.facebook.com\/Jaminski.Zespol.Indeksacyjny\/\" \/>\n<meta property=\"og:image\" content=\"https:\/\/jzi.org.pl\/wp-content\/uploads\/2021\/10\/Polish_magnates_1697-1795-1024x633.png\" \/>\n\t<meta property=\"og:image:width\" content=\"1024\" \/>\n\t<meta property=\"og:image:height\" content=\"633\" \/>\n\t<meta property=\"og:image:type\" content=\"image\/png\" \/>\n<meta name=\"twitter:card\" content=\"summary_large_image\" \/>\n<meta name=\"twitter:label1\" content=\"Est. reading time\" \/>\n\t<meta name=\"twitter:data1\" content=\"2 minutes\" \/>\n<script type=\"application\/ld+json\" class=\"yoast-schema-graph\">{\"@context\":\"https:\\\/\\\/schema.org\",\"@graph\":[{\"@type\":\"WebPage\",\"@id\":\"https:\\\/\\\/jzi.org.pl\\\/pomoce\\\/dla-indeksujacych\\\/lacinskie-nazwy-urzedow-ziemskich-senatorskich-i-krolewskich\\\/\",\"url\":\"https:\\\/\\\/jzi.org.pl\\\/pomoce\\\/dla-indeksujacych\\\/lacinskie-nazwy-urzedow-ziemskich-senatorskich-i-krolewskich\\\/\",\"name\":\"\u0141aci\u0144skie nazwy urz\u0119d\u00f3w ziemskich, senatorskich i kr\u00f3lewskich - Jami\u0144ski Zesp\u00f3\u0142 Indeksacyjny\",\"isPartOf\":{\"@id\":\"https:\\\/\\\/jzi.org.pl\\\/#website\"},\"primaryImageOfPage\":{\"@id\":\"https:\\\/\\\/jzi.org.pl\\\/pomoce\\\/dla-indeksujacych\\\/lacinskie-nazwy-urzedow-ziemskich-senatorskich-i-krolewskich\\\/#primaryimage\"},\"image\":{\"@id\":\"https:\\\/\\\/jzi.org.pl\\\/pomoce\\\/dla-indeksujacych\\\/lacinskie-nazwy-urzedow-ziemskich-senatorskich-i-krolewskich\\\/#primaryimage\"},\"thumbnailUrl\":\"https:\\\/\\\/jzi.org.pl\\\/wp-content\\\/uploads\\\/2021\\\/10\\\/Polish_magnates_1697-1795.png\",\"datePublished\":\"2021-10-19T10:03:18+00:00\",\"breadcrumb\":{\"@id\":\"https:\\\/\\\/jzi.org.pl\\\/pomoce\\\/dla-indeksujacych\\\/lacinskie-nazwy-urzedow-ziemskich-senatorskich-i-krolewskich\\\/#breadcrumb\"},\"inLanguage\":\"en-US\",\"potentialAction\":[{\"@type\":\"ReadAction\",\"target\":[\"https:\\\/\\\/jzi.org.pl\\\/pomoce\\\/dla-indeksujacych\\\/lacinskie-nazwy-urzedow-ziemskich-senatorskich-i-krolewskich\\\/\"]}]},{\"@type\":\"ImageObject\",\"inLanguage\":\"en-US\",\"@id\":\"https:\\\/\\\/jzi.org.pl\\\/pomoce\\\/dla-indeksujacych\\\/lacinskie-nazwy-urzedow-ziemskich-senatorskich-i-krolewskich\\\/#primaryimage\",\"url\":\"https:\\\/\\\/jzi.org.pl\\\/wp-content\\\/uploads\\\/2021\\\/10\\\/Polish_magnates_1697-1795.png\",\"contentUrl\":\"https:\\\/\\\/jzi.org.pl\\\/wp-content\\\/uploads\\\/2021\\\/10\\\/Polish_magnates_1697-1795.png\",\"width\":1556,\"height\":962},{\"@type\":\"BreadcrumbList\",\"@id\":\"https:\\\/\\\/jzi.org.pl\\\/pomoce\\\/dla-indeksujacych\\\/lacinskie-nazwy-urzedow-ziemskich-senatorskich-i-krolewskich\\\/#breadcrumb\",\"itemListElement\":[{\"@type\":\"ListItem\",\"position\":1,\"name\":\"Strona g\u0142\u00f3wna\",\"item\":\"https:\\\/\\\/jzi.org.pl\\\/\"},{\"@type\":\"ListItem\",\"position\":2,\"name\":\"Pomoce\",\"item\":\"https:\\\/\\\/jzi.org.pl\\\/pomoce\\\/\"},{\"@type\":\"ListItem\",\"position\":3,\"name\":\"Dla indeksuj\u0105cych\",\"item\":\"https:\\\/\\\/jzi.org.pl\\\/pomoce\\\/dla-indeksujacych\\\/\"},{\"@type\":\"ListItem\",\"position\":4,\"name\":\"\u0141aci\u0144skie nazwy urz\u0119d\u00f3w ziemskich, senatorskich i kr\u00f3lewskich\"}]},{\"@type\":\"WebSite\",\"@id\":\"https:\\\/\\\/jzi.org.pl\\\/#website\",\"url\":\"https:\\\/\\\/jzi.org.pl\\\/\",\"name\":\"Jami\u0144ski Zesp\u00f3\u0142 Indeksacyjny\",\"description\":\"\",\"publisher\":{\"@id\":\"https:\\\/\\\/jzi.org.pl\\\/#organization\"},\"potentialAction\":[{\"@type\":\"SearchAction\",\"target\":{\"@type\":\"EntryPoint\",\"urlTemplate\":\"https:\\\/\\\/jzi.org.pl\\\/?s={search_term_string}\"},\"query-input\":{\"@type\":\"PropertyValueSpecification\",\"valueRequired\":true,\"valueName\":\"search_term_string\"}}],\"inLanguage\":\"en-US\"},{\"@type\":\"Organization\",\"@id\":\"https:\\\/\\\/jzi.org.pl\\\/#organization\",\"name\":\"Jami\u0144ski Zesp\u00f3\u0142 Indeksacyjny\",\"url\":\"https:\\\/\\\/jzi.org.pl\\\/\",\"logo\":{\"@type\":\"ImageObject\",\"inLanguage\":\"en-US\",\"@id\":\"https:\\\/\\\/jzi.org.pl\\\/#\\\/schema\\\/logo\\\/image\\\/\",\"url\":\"https:\\\/\\\/jzi.org.pl\\\/wp-content\\\/uploads\\\/2019\\\/03\\\/logo-stowarzyszenie-jzi.png\",\"contentUrl\":\"https:\\\/\\\/jzi.org.pl\\\/wp-content\\\/uploads\\\/2019\\\/03\\\/logo-stowarzyszenie-jzi.png\",\"width\":931,\"height\":990,\"caption\":\"Jami\u0144ski Zesp\u00f3\u0142 Indeksacyjny\"},\"image\":{\"@id\":\"https:\\\/\\\/jzi.org.pl\\\/#\\\/schema\\\/logo\\\/image\\\/\"},\"sameAs\":[\"https:\\\/\\\/www.facebook.com\\\/Jaminski.Zespol.Indeksacyjny\\\/\"]}]}<\/script>\n<!-- \/ Yoast SEO plugin. -->","yoast_head_json":{"title":"\u0141aci\u0144skie nazwy urz\u0119d\u00f3w ziemskich, senatorskich i kr\u00f3lewskich - Jami\u0144ski Zesp\u00f3\u0142 Indeksacyjny","robots":{"index":"index","follow":"follow","max-snippet":"max-snippet:-1","max-image-preview":"max-image-preview:large","max-video-preview":"max-video-preview:-1"},"canonical":"https:\/\/jzi.org.pl\/en\/pomoce\/dla-indeksujacych\/lacinskie-nazwy-urzedow-ziemskich-senatorskich-i-krolewskich\/","og_locale":"en_US","og_type":"article","og_title":"\u0141aci\u0144skie nazwy urz\u0119d\u00f3w ziemskich, senatorskich i kr\u00f3lewskich - Jami\u0144ski Zesp\u00f3\u0142 Indeksacyjny","og_description":"Aquaeductor lub Rormagister \u2014 urz\u0119dnik, zawiaduj\u0105cy wodoci\u0105gami w wi\u0119kszych miastach dawnej Polski. Asesor \u2014 asesor. Budowniczy \u2014 architectus, aedilis. Burgrabia \u2014 burggravius, burgrabius. Burmistrz \u2014 proconsul, magister civium. Cechmistrz \u2014 cechmagister. Celnik \u2014 telonarius, teloneator. Chor\u0105\u017cy \u2014 vexillifer, signifer. Chor\u0105\u017cy petyhorski \u2014 vexil. cataphractae, cohortis. Ciwun \u2014 tivunus. Cze\u015bnik \u2014 pincerna, pocillator. Delegat \u2014 delegatus, [&hellip;]","og_url":"https:\/\/jzi.org.pl\/en\/pomoce\/dla-indeksujacych\/lacinskie-nazwy-urzedow-ziemskich-senatorskich-i-krolewskich\/","og_site_name":"Jami\u0144ski Zesp\u00f3\u0142 Indeksacyjny","article_publisher":"https:\/\/www.facebook.com\/Jaminski.Zespol.Indeksacyjny\/","og_image":[{"width":1024,"height":633,"url":"https:\/\/jzi.org.pl\/wp-content\/uploads\/2021\/10\/Polish_magnates_1697-1795-1024x633.png","type":"image\/png"}],"twitter_card":"summary_large_image","twitter_misc":{"Est. reading time":"2 minutes"},"schema":{"@context":"https:\/\/schema.org","@graph":[{"@type":"WebPage","@id":"https:\/\/jzi.org.pl\/pomoce\/dla-indeksujacych\/lacinskie-nazwy-urzedow-ziemskich-senatorskich-i-krolewskich\/","url":"https:\/\/jzi.org.pl\/pomoce\/dla-indeksujacych\/lacinskie-nazwy-urzedow-ziemskich-senatorskich-i-krolewskich\/","name":"\u0141aci\u0144skie nazwy urz\u0119d\u00f3w ziemskich, senatorskich i kr\u00f3lewskich - Jami\u0144ski Zesp\u00f3\u0142 Indeksacyjny","isPartOf":{"@id":"https:\/\/jzi.org.pl\/#website"},"primaryImageOfPage":{"@id":"https:\/\/jzi.org.pl\/pomoce\/dla-indeksujacych\/lacinskie-nazwy-urzedow-ziemskich-senatorskich-i-krolewskich\/#primaryimage"},"image":{"@id":"https:\/\/jzi.org.pl\/pomoce\/dla-indeksujacych\/lacinskie-nazwy-urzedow-ziemskich-senatorskich-i-krolewskich\/#primaryimage"},"thumbnailUrl":"https:\/\/jzi.org.pl\/wp-content\/uploads\/2021\/10\/Polish_magnates_1697-1795.png","datePublished":"2021-10-19T10:03:18+00:00","breadcrumb":{"@id":"https:\/\/jzi.org.pl\/pomoce\/dla-indeksujacych\/lacinskie-nazwy-urzedow-ziemskich-senatorskich-i-krolewskich\/#breadcrumb"},"inLanguage":"en-US","potentialAction":[{"@type":"ReadAction","target":["https:\/\/jzi.org.pl\/pomoce\/dla-indeksujacych\/lacinskie-nazwy-urzedow-ziemskich-senatorskich-i-krolewskich\/"]}]},{"@type":"ImageObject","inLanguage":"en-US","@id":"https:\/\/jzi.org.pl\/pomoce\/dla-indeksujacych\/lacinskie-nazwy-urzedow-ziemskich-senatorskich-i-krolewskich\/#primaryimage","url":"https:\/\/jzi.org.pl\/wp-content\/uploads\/2021\/10\/Polish_magnates_1697-1795.png","contentUrl":"https:\/\/jzi.org.pl\/wp-content\/uploads\/2021\/10\/Polish_magnates_1697-1795.png","width":1556,"height":962},{"@type":"BreadcrumbList","@id":"https:\/\/jzi.org.pl\/pomoce\/dla-indeksujacych\/lacinskie-nazwy-urzedow-ziemskich-senatorskich-i-krolewskich\/#breadcrumb","itemListElement":[{"@type":"ListItem","position":1,"name":"Strona g\u0142\u00f3wna","item":"https:\/\/jzi.org.pl\/"},{"@type":"ListItem","position":2,"name":"Pomoce","item":"https:\/\/jzi.org.pl\/pomoce\/"},{"@type":"ListItem","position":3,"name":"Dla indeksuj\u0105cych","item":"https:\/\/jzi.org.pl\/pomoce\/dla-indeksujacych\/"},{"@type":"ListItem","position":4,"name":"\u0141aci\u0144skie nazwy urz\u0119d\u00f3w ziemskich, senatorskich i kr\u00f3lewskich"}]},{"@type":"WebSite","@id":"https:\/\/jzi.org.pl\/#website","url":"https:\/\/jzi.org.pl\/","name":"Jaminy Indexing Team","description":"","publisher":{"@id":"https:\/\/jzi.org.pl\/#organization"},"potentialAction":[{"@type":"SearchAction","target":{"@type":"EntryPoint","urlTemplate":"https:\/\/jzi.org.pl\/?s={search_term_string}"},"query-input":{"@type":"PropertyValueSpecification","valueRequired":true,"valueName":"search_term_string"}}],"inLanguage":"en-US"},{"@type":"Organization","@id":"https:\/\/jzi.org.pl\/#organization","name":"Jaminy Indexing Team","url":"https:\/\/jzi.org.pl\/","logo":{"@type":"ImageObject","inLanguage":"en-US","@id":"https:\/\/jzi.org.pl\/#\/schema\/logo\/image\/","url":"https:\/\/jzi.org.pl\/wp-content\/uploads\/2019\/03\/logo-stowarzyszenie-jzi.png","contentUrl":"https:\/\/jzi.org.pl\/wp-content\/uploads\/2019\/03\/logo-stowarzyszenie-jzi.png","width":931,"height":990,"caption":"Jami\u0144ski Zesp\u00f3\u0142 Indeksacyjny"},"image":{"@id":"https:\/\/jzi.org.pl\/#\/schema\/logo\/image\/"},"sameAs":["https:\/\/www.facebook.com\/Jaminski.Zespol.Indeksacyjny\/"]}]}},"jetpack_likes_enabled":true,"jetpack_sharing_enabled":true,"_links":{"self":[{"href":"https:\/\/jzi.org.pl\/en\/wp-json\/wp\/v2\/pages\/18083","targetHints":{"allow":["GET"]}}],"collection":[{"href":"https:\/\/jzi.org.pl\/en\/wp-json\/wp\/v2\/pages"}],"about":[{"href":"https:\/\/jzi.org.pl\/en\/wp-json\/wp\/v2\/types\/page"}],"author":[{"embeddable":true,"href":"https:\/\/jzi.org.pl\/en\/wp-json\/wp\/v2\/users\/1"}],"replies":[{"embeddable":true,"href":"https:\/\/jzi.org.pl\/en\/wp-json\/wp\/v2\/comments?post=18083"}],"version-history":[{"count":0,"href":"https:\/\/jzi.org.pl\/en\/wp-json\/wp\/v2\/pages\/18083\/revisions"}],"up":[{"embeddable":true,"href":"https:\/\/jzi.org.pl\/en\/wp-json\/wp\/v2\/pages\/14534"}],"wp:featuredmedia":[{"embeddable":true,"href":"https:\/\/jzi.org.pl\/en\/wp-json\/wp\/v2\/media\/18084"}],"wp:attachment":[{"href":"https:\/\/jzi.org.pl\/en\/wp-json\/wp\/v2\/media?parent=18083"}],"curies":[{"name":"wp","href":"https:\/\/api.w.org\/{rel}","templated":true}]}}