{"id":17998,"date":"2021-09-26T08:39:12","date_gmt":"2021-09-26T06:39:12","guid":{"rendered":"https:\/\/jzi.org.pl\/?page_id=17998"},"modified":"2021-09-26T08:39:12","modified_gmt":"2021-09-26T06:39:12","slug":"sprawozdanie-merytoryczne-z-dzialalnosci-stowarzyszenia-za-rok-2020","status":"publish","type":"page","link":"https:\/\/jzi.org.pl\/en\/stowarzyszenie\/dokumenty\/sprawozdanie-merytoryczne-z-dzialalnosci-stowarzyszenia-za-rok-2020\/","title":{"rendered":"Sprawozdanie merytoryczne z dzia\u0142alno\u015bci stowarzyszenia za rok 2020"},"content":{"rendered":"<p>Nazwa stowarzyszenia: Stowarzyszenie Jami\u0144ski Zesp\u00f3\u0142 Indeksacyjny<br \/>\nAdres siedziby: Twardy R\u00f3g 5, 16-300 August\u00f3w<br \/>\nKontakt: e-mail \u2013 <span \n                data-original-string='Z6xHOxfa5aNU+78cqlS8Aw==2a3zQ63Z\/Rg\/LQy\/swHRpcy0A=='\n                class='apbct-email-encoder'\n                title='This contact has been encoded by Anti-Spam by CleanTalk. Click to decode. To finish the decoding make sure that JavaScript is enabled in your browser.'>jz<span class=\"apbct-blur\">*<\/span>@<span class=\"apbct-blur\">*****<\/span>rg.pl<\/span><\/p>\n<p>Stowarzyszenie powsta\u0142o z inicjatywy nieformalnego zespo\u0142u genealog\u00f3w &#8211; wolontariuszy, indeksuj\u0105cych ksi\u0119gi metrykalne z archiw\u00f3w ko\u015bcielnych i pa\u0144stwowych. Zosta\u0142o zarejestrowane w S\u0105dzie Rejonowym w Bia\u0142ymstoku, XII Wydzia\u0142 Gospodarczy Krajowego Rejestru S\u0105dowego, w dniu 30 maja 2017 r. pod numerem KRS 0000680739<\/p>\n<p>W\u0142adze Stowarzyszenia:<\/p>\n<p>Prezes zarz\u0105du: Ryszard Kor\u0105kiewicz<br \/>\nCz\u0142onek zarz\u0105du: Krzysztof Zi\u0119cina<br \/>\nCz\u0142onek zarz\u0105du: Urszula Wojewnik<\/p>\n<p>Komisja rewizyjna:<\/p>\n<p>Przewodnicz\u0105cy: Marek Bartoszewicz<br \/>\nCz\u0142onek: Aneta Chilmon<br \/>\nCz\u0142onek: Sabina Filipkowska<\/p>\n<p>NIP: 8461664363<br \/>\nREGON: 367419950<br \/>\nKonto bankowe: Bank BG\u017b<\/p>\n<p>W dniu rejestracji w KRS, stowarzyszenie liczy\u0142o 8 cz\u0142onk\u00f3w, do dnia 31 grudnia 2020 roku, stan osobowy stowarzyszenia wynosi\u0142 30 cz\u0142onk\u00f3w.<\/p>\n<p>Stowarzyszenie dzia\u0142a na podstawie przepis\u00f3w ustawy z dnia 07 kwietnia 1989 roku o Stowarzyszeniach (Dziennik Ustaw z 1989 r. Nr 20 poz. 104 z p\u00f3\u017aniejszymi zmianami), w\u0142asnego statutu oraz zgodnie z ustaw\u0105 z dnia 24 kwietnia 2003 roku o dzia\u0142alno\u015bci po\u017cytku publicznego i o wolontariacie.<\/p>\n<p>G\u0142\u00f3wnym celem stowarzyszenia s\u0105:<\/p>\n<ol>\n<li>Rozwijanie, pog\u0142\u0119bianie i upowszechnianie genealogii jako nauki pomocniczej historii oraz jej popularyzowanie w\u015br\u00f3d spo\u0142ecze\u0144stwa.<\/li>\n<li>Inicjowanie bada\u0144 genealogicznych, maj\u0105cych na celu poszerzenie wiedzy genealogicznej cz\u0142onk\u00f3w, jak te\u017c udost\u0119pnianie wynik\u00f3w bada\u0144 zainteresowanym.<\/li>\n<li>Dzia\u0142alno\u015b\u0107 edukacyjna w instytucjach o\u015bwiatowych i kulturalnych.<\/li>\n<li>Wsp\u00f3\u0142praca w zakresie bada\u0144 genealogicznych z instytucjami naukowymi, bibliotekami i archiwami oraz organizacjami lokalnymi i regionalnymi.<\/li>\n<li>Wsp\u00f3\u0142praca w zakresie genealogii z ko\u015bcio\u0142ami i zwi\u0105zkami wyznaniowymi.<\/li>\n<li>Inicjowanie i wspieranie spo\u0142ecznych inicjatyw w zakresie ochrony d\u00f3br kultury.<\/li>\n<li>Budowanie lokalnej bazy informacji genealogicznej.<\/li>\n<li>Wzajemna pomoc cz\u0142onk\u00f3w Stowarzyszenia w prowadzeniu poszukiwa\u0144.<\/li>\n<li>Organizowanie imprez integracyjnych, kulturalnych, rozrywkowych i rekreacyjnych dla cz\u0142onk\u00f3w i sympatyk\u00f3w Stowarzyszenia.<\/li>\n<li>Wsp\u00f3\u0142udzia\u0142 Stowarzyszenia w inicjowanych przez Uni\u0119 Europejsk\u0105, jednostki organizacji rz\u0105dowych i samorz\u0105dowych, akcjach i programach skierowanych do organizacji pozarz\u0105dowych.<\/li>\n<\/ol>\n<p>Stowarzyszenie realizuje swoje cele poprzez:<\/p>\n<ol>\n<li>Rejestrowanie, dokumentowanie i otaczanie opiek\u0105 archiwali\u00f3w i materia\u0142\u00f3w genealogicznych jako \u015bwiadectw kultury narodowej.<\/li>\n<li>Organizowanie prelekcji, seminari\u00f3w, warsztat\u00f3w oraz wystaw i pokaz\u00f3w po\u015bwi\u0119conych problematyce genealogicznej.<\/li>\n<li>Doskonalenie i pog\u0142\u0119bianie w\u015br\u00f3d swoich cz\u0142onk\u00f3w znajomo\u015bci genealogii i warsztatu badawczego.<\/li>\n<li>S\u0142u\u017cenie rad\u0105 i opiek\u0105 badaczom genealogicznym, a zw\u0142aszcza pocz\u0105tkuj\u0105cym genealogom i m\u0142odzie\u017cy.<\/li>\n<li>Wydawanie biuletyn\u00f3w i publikacji na tematy genealogiczne.<\/li>\n<li>Inicjowanie, budowanie bazy informacji genealogicznej poprzez spisywanie \u017ar\u00f3de\u0142 archiwalnych, bibliograficznych, internetowych, indeksacj\u0119 i inwentaryzacj\u0119 oraz prowadzenie rejestru i dokumentacji lokalnych zabytk\u00f3w genealogicznych.<\/li>\n<li>Upowszechnianie w\u015br\u00f3d Polonii genealogii jako elementu wi\u0119zi z krajem przodk\u00f3w.<\/li>\n<li>Wsp\u00f3\u0142prac\u0119 z organizacjami, archiwami i plac\u00f3wkami historycznymi w Polsce i za granic\u0105.<\/li>\n<li>Wspomaganie prac\u0105 spo\u0142eczn\u0105 swoich cz\u0142onk\u00f3w instytucji zajmuj\u0105cych si\u0119 archiwaliami.<\/li>\n<li>Podejmowanie wszelkiej innej, dopuszczalnej w \u015bwietle powszechnie obowi\u0105zuj\u0105cego prawa, dzia\u0142alno\u015bci zgodnej ze statutowymi celami Stowarzyszenia.<\/li>\n<\/ol>\n<p>Stowarzyszenie w 2020 roku realizowa\u0142o swoje cele statutowe poprzez nast\u0119puj\u0105ce dzia\u0142ania:<\/p>\n<ol>\n<li>W lutym 2020 roku oddali\u015bmy do druku wspomnienia Stanis\u0142awa Z\u0142otkowskiego pt. \u201cJeszcze si\u0119 spotkamy\u201d. 4 marca 2020 roku w Domu Kultury w raczkach wsp\u00f3lnie z \u201cRaczkowskimi Archiwaliami\u201d zorganizowali\u015bmy promocj\u0119 tej ksi\u0105\u017cki, na kt\u00f3rej obecny by\u0142 r\u00f3wnie\u017c autor. Promocja odby\u0142a si\u0119 w ramach XIX spotkania popularnonaukowego \u201cW dolinie Kultur Dawnych.<\/li>\n<li>Planowany w maju 2020 roku zjazd JZI nie odby\u0142 si\u0119 z powodu pandemii. Nie dosz\u0142y r\u00f3wnie\u017c do skutku planowane na 5 maja III Dni Ksi\u0105\u017cki Akademickiej i Naukowej w Bia\u0142ymstoku, organizowane przez Bibliotek\u0119 Uniwersyteck\u0105 im. Jerzego Giedroycia w Bia\u0142ymstoku i Bia\u0142ostocki O\u015brodek Kultury, na kt\u00f3re mieli\u015bmy zaproszenie.<\/li>\n<li>14 czerwca 2020 roku odby\u0142o si\u0119 spotkanie SILB i JZI w &#8222;Dworku na ko\u0144cu \u015bwiata&#8221; w Kopytkowie w Adama Raczkowskiego (Rumcajsa) Jednym z punkt\u00f3w spotkania by\u0142 m.in. pokaz filmu autorstwa Piotra Godlewskiego pt. &#8222;Dworek na ko\u0144cu \u015bwiata&#8221; Film o historii BNP spotka\u0142 si\u0119 z du\u017cym zainteresowaniem, obecni byli m. in. w\u00f3jt gminy Sztabin, redaktor naczelna NSzD itd. Om\u00f3wili\u015bmy r\u00f3wnie\u017c dalsz\u0105 wsp\u00f3\u0142prac\u0119 z SILB.<\/li>\n<li>W czerwcu oddali\u015bmy do druku kolejny reprint \u201cPojezierze Suwalsko-Augustowskie\u201d z 1937 roku. Reprint powsta\u0142 przy wsp\u00f3\u0142pracy Biblioteki Uniwersyteckiej im. Jerzego Giedroycia w Bia\u0142ymstoku. O powodzeniu tej pozycji \u015bwiadczy kilka dodruk\u00f3w.<\/li>\n<li>W lipcu 2020 roku sfotografowali\u015bmy 5 odnalezionych przypadkowo 5 ksi\u0105g metrykalnych z Jan\u00f3wki. Zosta\u0142y r\u00f3wnie\u017c powt\u00f3rnie sfotografowane kilka ksi\u0105g, z kt\u00f3rych zdj\u0119cia by\u0142y nieostre.<\/li>\n<li>W sierpniu 2020 roku zako\u0144czyli\u015bmy tworzenie szlaku turystycznego \u201c\u015aladami naszych przodk\u00f3w\u201d. Zosta\u0142o zamontowane 6 ostatnich tablic informacyjnych. Szlak tworzony zosta\u0142 wsp\u00f3lnie z SILB. 23 sierpnia cz\u0119\u015bci\u0105 szlaku odby\u0142 si\u0119 II rajd rowerowy. Wsp\u00f3lnie z nami w rajdzie bra\u0142 udzia\u0142 W\u00f3jt Gminy Sztabin, radni Gminy Sztabin i powiatu, Nadle\u015bniczy Nadle\u015bnictwa August\u00f3w, przedstawiciele Nadle\u015bnictwa Klonowo oraz Ko\u0142a \u0141owieckiego, a tak\u017ce przedstawiciele Urz\u0119du Marsza\u0142kowskiego w Bia\u0142ymstoku.<\/li>\n<li>30 sierpnia na Do\u017cynkach Gminnych w Sztabinie za zas\u0142ugi w krzewieniu genealogii i historii regionu, zostali\u015bmy przez W\u00f3jta Gminy Sztabin uhonorowani statuetk\u0105-dyplomem.<\/li>\n<li>13 wrze\u015bnia 2020 roku uczestniczyli\u015bmy w organizowanym przez Dyskusyjny Klub Filmowy \u201cKinoch\u0142on\u201d z Augustowa w pokazie filmu dokumentalnego \u201cSymfonia fabryki Ursus\u201d, w ramach przegl\u0105du film\u00f3w dokumentalnych \u201cWszystko w temacie\u201d.<\/li>\n<li>Planowany w pa\u017adzierniku zjazd JZI nie odby\u0142 si\u0119 z powodu pandemii, a zebranie walne JZI odby\u0142o si\u0119 online we wrze\u015bniu.<\/li>\n<li>Na pocz\u0105tku grudnia 2020 roku oddali\u015bmy do druku kolejn\u0105 ksi\u0105\u017ck\u0119 z serii ocali\u0107 od zapomnienia pt. \u201ePami\u0119tnik z szuflady\u201d autorstwa Raisy Jefimow.<\/li>\n<li>Praktycznie w ca\u0142ym roku 2020 zosta\u0142y wykonane dodruki (niekiedy klkukrotne) cz\u0119\u015bci pozycji wydanych w wydawnictwie JZI.<\/li>\n<li>Przez ca\u0142y rok, stowarzyszenie prowadzi\u0142o opracowania w postaci indeks\u00f3w z pozyskanych z r\u00f3\u017cnych \u017ar\u00f3de\u0142 skan\u00f3w ksi\u0105g parafialnych.<\/li>\n<li>W okresie od 1 stycznia do 31 grudnia 2020 roku sprzedali\u015bmy \u0142\u0105cznie 390 ksi\u0105\u017cek w 164 zam\u00f3wieniach na sum\u0119 10 179,70 z\u0142. Nie jest to dobry wynik, bo dzia\u0142alno\u015b\u0107 naszego sklepu internetowego przez klika miesi\u0119cy by\u0142a zawieszona.<\/li>\n<\/ol>\n<p>Zarz\u0105d Stowarzyszenia Jami\u0144ski Zesp\u00f3\u0142 Indeksacyjny<\/p>\n<p>Prezes Ryszard Kor\u0105kiewicz<br \/>\nCz\u0142onek zarz\u0105du Urszula Wojewnik<br \/>\nCz\u0142onek zarz\u0105du Krzysztof Zi\u0119cina<\/p>\n<p>Twardy R\u00f3g 08.09.2021<\/p>","protected":false},"excerpt":{"rendered":"<p>Nazwa stowarzyszenia: Stowarzyszenie Jami\u0144ski Zesp\u00f3\u0142 Indeksacyjny Adres siedziby: Twardy R\u00f3g 5, 16-300 August\u00f3w Kontakt: e-mail \u2013 jz*@*****rg.pl Stowarzyszenie powsta\u0142o z inicjatywy nieformalnego zespo\u0142u genealog\u00f3w &#8211; wolontariuszy, indeksuj\u0105cych ksi\u0119gi metrykalne z archiw\u00f3w ko\u015bcielnych i pa\u0144stwowych. Zosta\u0142o zarejestrowane w S\u0105dzie Rejonowym w Bia\u0142ymstoku, XII Wydzia\u0142 Gospodarczy Krajowego Rejestru S\u0105dowego, w dniu 30 maja 2017 r. pod numerem [&hellip;]<\/p>\n","protected":false},"author":1,"featured_media":7261,"parent":599,"menu_order":0,"comment_status":"open","ping_status":"open","template":"","meta":{"h5ap_radio_sources":[],"jetpack_post_was_ever_published":false,"footnotes":""},"class_list":["post-17998","page","type-page","status-publish","has-post-thumbnail","hentry"],"yoast_head":"<!-- This site is optimized with the Yoast SEO plugin v27.3 - https:\/\/yoast.com\/product\/yoast-seo-wordpress\/ -->\n<title>Sprawozdanie merytoryczne z dzia\u0142alno\u015bci stowarzyszenia za rok 2020 - Jami\u0144ski Zesp\u00f3\u0142 Indeksacyjny<\/title>\n<meta name=\"robots\" content=\"index, follow, max-snippet:-1, max-image-preview:large, max-video-preview:-1\" \/>\n<link rel=\"canonical\" href=\"https:\/\/jzi.org.pl\/en\/stowarzyszenie\/dokumenty\/sprawozdanie-merytoryczne-z-dzialalnosci-stowarzyszenia-za-rok-2020\/\" \/>\n<meta property=\"og:locale\" content=\"en_US\" \/>\n<meta property=\"og:type\" content=\"article\" \/>\n<meta property=\"og:title\" content=\"Sprawozdanie merytoryczne z dzia\u0142alno\u015bci stowarzyszenia za rok 2020 - Jami\u0144ski Zesp\u00f3\u0142 Indeksacyjny\" \/>\n<meta property=\"og:description\" content=\"Nazwa stowarzyszenia: Stowarzyszenie Jami\u0144ski Zesp\u00f3\u0142 Indeksacyjny Adres siedziby: Twardy R\u00f3g 5, 16-300 August\u00f3w Kontakt: e-mail \u2013 jz*@*****rg.pl Stowarzyszenie powsta\u0142o z inicjatywy nieformalnego zespo\u0142u genealog\u00f3w &#8211; wolontariuszy, indeksuj\u0105cych ksi\u0119gi metrykalne z archiw\u00f3w ko\u015bcielnych i pa\u0144stwowych. Zosta\u0142o zarejestrowane w S\u0105dzie Rejonowym w Bia\u0142ymstoku, XII Wydzia\u0142 Gospodarczy Krajowego Rejestru S\u0105dowego, w dniu 30 maja 2017 r. pod numerem [&hellip;]\" \/>\n<meta property=\"og:url\" content=\"https:\/\/jzi.org.pl\/en\/stowarzyszenie\/dokumenty\/sprawozdanie-merytoryczne-z-dzialalnosci-stowarzyszenia-za-rok-2020\/\" \/>\n<meta property=\"og:site_name\" content=\"Jami\u0144ski Zesp\u00f3\u0142 Indeksacyjny\" \/>\n<meta property=\"article:publisher\" content=\"https:\/\/www.facebook.com\/Jaminski.Zespol.Indeksacyjny\/\" \/>\n<meta property=\"og:image\" content=\"https:\/\/jzi.org.pl\/wp-content\/uploads\/2019\/03\/logo-stowarzyszenie-jzi-1.png\" \/>\n\t<meta property=\"og:image:width\" content=\"931\" \/>\n\t<meta property=\"og:image:height\" content=\"990\" \/>\n\t<meta property=\"og:image:type\" content=\"image\/png\" \/>\n<meta name=\"twitter:card\" content=\"summary_large_image\" \/>\n<meta name=\"twitter:label1\" content=\"Est. reading time\" \/>\n\t<meta name=\"twitter:data1\" content=\"4 minutes\" \/>\n<script type=\"application\/ld+json\" class=\"yoast-schema-graph\">{\"@context\":\"https:\\\/\\\/schema.org\",\"@graph\":[{\"@type\":\"WebPage\",\"@id\":\"https:\\\/\\\/jzi.org.pl\\\/stowarzyszenie\\\/dokumenty\\\/sprawozdanie-merytoryczne-z-dzialalnosci-stowarzyszenia-za-rok-2020\\\/\",\"url\":\"https:\\\/\\\/jzi.org.pl\\\/stowarzyszenie\\\/dokumenty\\\/sprawozdanie-merytoryczne-z-dzialalnosci-stowarzyszenia-za-rok-2020\\\/\",\"name\":\"Sprawozdanie merytoryczne z dzia\u0142alno\u015bci stowarzyszenia za rok 2020 - Jami\u0144ski Zesp\u00f3\u0142 Indeksacyjny\",\"isPartOf\":{\"@id\":\"https:\\\/\\\/jzi.org.pl\\\/#website\"},\"primaryImageOfPage\":{\"@id\":\"https:\\\/\\\/jzi.org.pl\\\/stowarzyszenie\\\/dokumenty\\\/sprawozdanie-merytoryczne-z-dzialalnosci-stowarzyszenia-za-rok-2020\\\/#primaryimage\"},\"image\":{\"@id\":\"https:\\\/\\\/jzi.org.pl\\\/stowarzyszenie\\\/dokumenty\\\/sprawozdanie-merytoryczne-z-dzialalnosci-stowarzyszenia-za-rok-2020\\\/#primaryimage\"},\"thumbnailUrl\":\"https:\\\/\\\/jzi.org.pl\\\/wp-content\\\/uploads\\\/2019\\\/03\\\/logo-stowarzyszenie-jzi-1.png\",\"datePublished\":\"2021-09-26T06:39:12+00:00\",\"breadcrumb\":{\"@id\":\"https:\\\/\\\/jzi.org.pl\\\/stowarzyszenie\\\/dokumenty\\\/sprawozdanie-merytoryczne-z-dzialalnosci-stowarzyszenia-za-rok-2020\\\/#breadcrumb\"},\"inLanguage\":\"en-US\",\"potentialAction\":[{\"@type\":\"ReadAction\",\"target\":[\"https:\\\/\\\/jzi.org.pl\\\/stowarzyszenie\\\/dokumenty\\\/sprawozdanie-merytoryczne-z-dzialalnosci-stowarzyszenia-za-rok-2020\\\/\"]}]},{\"@type\":\"ImageObject\",\"inLanguage\":\"en-US\",\"@id\":\"https:\\\/\\\/jzi.org.pl\\\/stowarzyszenie\\\/dokumenty\\\/sprawozdanie-merytoryczne-z-dzialalnosci-stowarzyszenia-za-rok-2020\\\/#primaryimage\",\"url\":\"https:\\\/\\\/jzi.org.pl\\\/wp-content\\\/uploads\\\/2019\\\/03\\\/logo-stowarzyszenie-jzi-1.png\",\"contentUrl\":\"https:\\\/\\\/jzi.org.pl\\\/wp-content\\\/uploads\\\/2019\\\/03\\\/logo-stowarzyszenie-jzi-1.png\",\"width\":931,\"height\":990,\"caption\":\"Logo JZI\"},{\"@type\":\"BreadcrumbList\",\"@id\":\"https:\\\/\\\/jzi.org.pl\\\/stowarzyszenie\\\/dokumenty\\\/sprawozdanie-merytoryczne-z-dzialalnosci-stowarzyszenia-za-rok-2020\\\/#breadcrumb\",\"itemListElement\":[{\"@type\":\"ListItem\",\"position\":1,\"name\":\"Strona g\u0142\u00f3wna\",\"item\":\"https:\\\/\\\/jzi.org.pl\\\/\"},{\"@type\":\"ListItem\",\"position\":2,\"name\":\"Stowarzyszenie\",\"item\":\"https:\\\/\\\/jzi.org.pl\\\/stowarzyszenie\\\/\"},{\"@type\":\"ListItem\",\"position\":3,\"name\":\"Dokumenty\",\"item\":\"https:\\\/\\\/jzi.org.pl\\\/stowarzyszenie\\\/dokumenty\\\/\"},{\"@type\":\"ListItem\",\"position\":4,\"name\":\"Sprawozdanie merytoryczne z dzia\u0142alno\u015bci stowarzyszenia za rok 2020\"}]},{\"@type\":\"WebSite\",\"@id\":\"https:\\\/\\\/jzi.org.pl\\\/#website\",\"url\":\"https:\\\/\\\/jzi.org.pl\\\/\",\"name\":\"Jami\u0144ski Zesp\u00f3\u0142 Indeksacyjny\",\"description\":\"\",\"publisher\":{\"@id\":\"https:\\\/\\\/jzi.org.pl\\\/#organization\"},\"potentialAction\":[{\"@type\":\"SearchAction\",\"target\":{\"@type\":\"EntryPoint\",\"urlTemplate\":\"https:\\\/\\\/jzi.org.pl\\\/?s={search_term_string}\"},\"query-input\":{\"@type\":\"PropertyValueSpecification\",\"valueRequired\":true,\"valueName\":\"search_term_string\"}}],\"inLanguage\":\"en-US\"},{\"@type\":\"Organization\",\"@id\":\"https:\\\/\\\/jzi.org.pl\\\/#organization\",\"name\":\"Jami\u0144ski Zesp\u00f3\u0142 Indeksacyjny\",\"url\":\"https:\\\/\\\/jzi.org.pl\\\/\",\"logo\":{\"@type\":\"ImageObject\",\"inLanguage\":\"en-US\",\"@id\":\"https:\\\/\\\/jzi.org.pl\\\/#\\\/schema\\\/logo\\\/image\\\/\",\"url\":\"https:\\\/\\\/jzi.org.pl\\\/wp-content\\\/uploads\\\/2019\\\/03\\\/logo-stowarzyszenie-jzi.png\",\"contentUrl\":\"https:\\\/\\\/jzi.org.pl\\\/wp-content\\\/uploads\\\/2019\\\/03\\\/logo-stowarzyszenie-jzi.png\",\"width\":931,\"height\":990,\"caption\":\"Jami\u0144ski Zesp\u00f3\u0142 Indeksacyjny\"},\"image\":{\"@id\":\"https:\\\/\\\/jzi.org.pl\\\/#\\\/schema\\\/logo\\\/image\\\/\"},\"sameAs\":[\"https:\\\/\\\/www.facebook.com\\\/Jaminski.Zespol.Indeksacyjny\\\/\"]}]}<\/script>\n<!-- \/ Yoast SEO plugin. -->","yoast_head_json":{"title":"Sprawozdanie merytoryczne z dzia\u0142alno\u015bci stowarzyszenia za rok 2020 - Jami\u0144ski Zesp\u00f3\u0142 Indeksacyjny","robots":{"index":"index","follow":"follow","max-snippet":"max-snippet:-1","max-image-preview":"max-image-preview:large","max-video-preview":"max-video-preview:-1"},"canonical":"https:\/\/jzi.org.pl\/en\/stowarzyszenie\/dokumenty\/sprawozdanie-merytoryczne-z-dzialalnosci-stowarzyszenia-za-rok-2020\/","og_locale":"en_US","og_type":"article","og_title":"Sprawozdanie merytoryczne z dzia\u0142alno\u015bci stowarzyszenia za rok 2020 - Jami\u0144ski Zesp\u00f3\u0142 Indeksacyjny","og_description":"Nazwa stowarzyszenia: Stowarzyszenie Jami\u0144ski Zesp\u00f3\u0142 Indeksacyjny Adres siedziby: Twardy R\u00f3g 5, 16-300 August\u00f3w Kontakt: e-mail \u2013 jz*@*****rg.pl Stowarzyszenie powsta\u0142o z inicjatywy nieformalnego zespo\u0142u genealog\u00f3w &#8211; wolontariuszy, indeksuj\u0105cych ksi\u0119gi metrykalne z archiw\u00f3w ko\u015bcielnych i pa\u0144stwowych. Zosta\u0142o zarejestrowane w S\u0105dzie Rejonowym w Bia\u0142ymstoku, XII Wydzia\u0142 Gospodarczy Krajowego Rejestru S\u0105dowego, w dniu 30 maja 2017 r. pod numerem [&hellip;]","og_url":"https:\/\/jzi.org.pl\/en\/stowarzyszenie\/dokumenty\/sprawozdanie-merytoryczne-z-dzialalnosci-stowarzyszenia-za-rok-2020\/","og_site_name":"Jami\u0144ski Zesp\u00f3\u0142 Indeksacyjny","article_publisher":"https:\/\/www.facebook.com\/Jaminski.Zespol.Indeksacyjny\/","og_image":[{"width":931,"height":990,"url":"https:\/\/jzi.org.pl\/wp-content\/uploads\/2019\/03\/logo-stowarzyszenie-jzi-1.png","type":"image\/png"}],"twitter_card":"summary_large_image","twitter_misc":{"Est. reading time":"4 minutes"},"schema":{"@context":"https:\/\/schema.org","@graph":[{"@type":"WebPage","@id":"https:\/\/jzi.org.pl\/stowarzyszenie\/dokumenty\/sprawozdanie-merytoryczne-z-dzialalnosci-stowarzyszenia-za-rok-2020\/","url":"https:\/\/jzi.org.pl\/stowarzyszenie\/dokumenty\/sprawozdanie-merytoryczne-z-dzialalnosci-stowarzyszenia-za-rok-2020\/","name":"Sprawozdanie merytoryczne z dzia\u0142alno\u015bci stowarzyszenia za rok 2020 - Jami\u0144ski Zesp\u00f3\u0142 Indeksacyjny","isPartOf":{"@id":"https:\/\/jzi.org.pl\/#website"},"primaryImageOfPage":{"@id":"https:\/\/jzi.org.pl\/stowarzyszenie\/dokumenty\/sprawozdanie-merytoryczne-z-dzialalnosci-stowarzyszenia-za-rok-2020\/#primaryimage"},"image":{"@id":"https:\/\/jzi.org.pl\/stowarzyszenie\/dokumenty\/sprawozdanie-merytoryczne-z-dzialalnosci-stowarzyszenia-za-rok-2020\/#primaryimage"},"thumbnailUrl":"https:\/\/jzi.org.pl\/wp-content\/uploads\/2019\/03\/logo-stowarzyszenie-jzi-1.png","datePublished":"2021-09-26T06:39:12+00:00","breadcrumb":{"@id":"https:\/\/jzi.org.pl\/stowarzyszenie\/dokumenty\/sprawozdanie-merytoryczne-z-dzialalnosci-stowarzyszenia-za-rok-2020\/#breadcrumb"},"inLanguage":"en-US","potentialAction":[{"@type":"ReadAction","target":["https:\/\/jzi.org.pl\/stowarzyszenie\/dokumenty\/sprawozdanie-merytoryczne-z-dzialalnosci-stowarzyszenia-za-rok-2020\/"]}]},{"@type":"ImageObject","inLanguage":"en-US","@id":"https:\/\/jzi.org.pl\/stowarzyszenie\/dokumenty\/sprawozdanie-merytoryczne-z-dzialalnosci-stowarzyszenia-za-rok-2020\/#primaryimage","url":"https:\/\/jzi.org.pl\/wp-content\/uploads\/2019\/03\/logo-stowarzyszenie-jzi-1.png","contentUrl":"https:\/\/jzi.org.pl\/wp-content\/uploads\/2019\/03\/logo-stowarzyszenie-jzi-1.png","width":931,"height":990,"caption":"Logo JZI"},{"@type":"BreadcrumbList","@id":"https:\/\/jzi.org.pl\/stowarzyszenie\/dokumenty\/sprawozdanie-merytoryczne-z-dzialalnosci-stowarzyszenia-za-rok-2020\/#breadcrumb","itemListElement":[{"@type":"ListItem","position":1,"name":"Strona g\u0142\u00f3wna","item":"https:\/\/jzi.org.pl\/"},{"@type":"ListItem","position":2,"name":"Stowarzyszenie","item":"https:\/\/jzi.org.pl\/stowarzyszenie\/"},{"@type":"ListItem","position":3,"name":"Dokumenty","item":"https:\/\/jzi.org.pl\/stowarzyszenie\/dokumenty\/"},{"@type":"ListItem","position":4,"name":"Sprawozdanie merytoryczne z dzia\u0142alno\u015bci stowarzyszenia za rok 2020"}]},{"@type":"WebSite","@id":"https:\/\/jzi.org.pl\/#website","url":"https:\/\/jzi.org.pl\/","name":"Jaminy Indexing Team","description":"","publisher":{"@id":"https:\/\/jzi.org.pl\/#organization"},"potentialAction":[{"@type":"SearchAction","target":{"@type":"EntryPoint","urlTemplate":"https:\/\/jzi.org.pl\/?s={search_term_string}"},"query-input":{"@type":"PropertyValueSpecification","valueRequired":true,"valueName":"search_term_string"}}],"inLanguage":"en-US"},{"@type":"Organization","@id":"https:\/\/jzi.org.pl\/#organization","name":"Jaminy Indexing Team","url":"https:\/\/jzi.org.pl\/","logo":{"@type":"ImageObject","inLanguage":"en-US","@id":"https:\/\/jzi.org.pl\/#\/schema\/logo\/image\/","url":"https:\/\/jzi.org.pl\/wp-content\/uploads\/2019\/03\/logo-stowarzyszenie-jzi.png","contentUrl":"https:\/\/jzi.org.pl\/wp-content\/uploads\/2019\/03\/logo-stowarzyszenie-jzi.png","width":931,"height":990,"caption":"Jami\u0144ski Zesp\u00f3\u0142 Indeksacyjny"},"image":{"@id":"https:\/\/jzi.org.pl\/#\/schema\/logo\/image\/"},"sameAs":["https:\/\/www.facebook.com\/Jaminski.Zespol.Indeksacyjny\/"]}]}},"jetpack_likes_enabled":true,"jetpack_sharing_enabled":true,"_links":{"self":[{"href":"https:\/\/jzi.org.pl\/en\/wp-json\/wp\/v2\/pages\/17998","targetHints":{"allow":["GET"]}}],"collection":[{"href":"https:\/\/jzi.org.pl\/en\/wp-json\/wp\/v2\/pages"}],"about":[{"href":"https:\/\/jzi.org.pl\/en\/wp-json\/wp\/v2\/types\/page"}],"author":[{"embeddable":true,"href":"https:\/\/jzi.org.pl\/en\/wp-json\/wp\/v2\/users\/1"}],"replies":[{"embeddable":true,"href":"https:\/\/jzi.org.pl\/en\/wp-json\/wp\/v2\/comments?post=17998"}],"version-history":[{"count":0,"href":"https:\/\/jzi.org.pl\/en\/wp-json\/wp\/v2\/pages\/17998\/revisions"}],"up":[{"embeddable":true,"href":"https:\/\/jzi.org.pl\/en\/wp-json\/wp\/v2\/pages\/599"}],"wp:featuredmedia":[{"embeddable":true,"href":"https:\/\/jzi.org.pl\/en\/wp-json\/wp\/v2\/media\/7261"}],"wp:attachment":[{"href":"https:\/\/jzi.org.pl\/en\/wp-json\/wp\/v2\/media?parent=17998"}],"curies":[{"name":"wp","href":"https:\/\/api.w.org\/{rel}","templated":true}]}}