{"id":16842,"date":"2021-03-31T10:55:17","date_gmt":"2021-03-31T08:55:17","guid":{"rendered":"https:\/\/jzi.org.pl\/?page_id=16842"},"modified":"2021-03-31T13:39:46","modified_gmt":"2021-03-31T11:39:46","slug":"unikalny-augustow","status":"publish","type":"page","link":"https:\/\/jzi.org.pl\/en\/publikacje\/inne-publikacje\/unikalny-augustow\/","title":{"rendered":"Unique August\u00f3w"},"content":{"rendered":"<div id=\"pl-16842\"  class=\"panel-layout\" ><div id=\"pg-16842-0\"  class=\"panel-grid panel-has-style\" ><div class=\"panel-row-style panel-row-style-for-16842-0\" ><div id=\"pgc-16842-0-0\"  class=\"panel-grid-cell\" ><div id=\"panel-16842-0-0-0\" class=\"so-panel widget widget_sow-image panel-first-child panel-last-child\" data-index=\"0\" ><div\n\t\t\t\n\t\t\tclass=\"so-widget-sow-image so-widget-sow-image-default-8b5b6f678277-16842\"\n\t\t\t\n\t\t>\n<div class=\"sow-image-container\">\n\t\t<img \n\tsrc=\"https:\/\/jzi.org.pl\/wp-content\/uploads\/2021\/03\/Slide1.jpg\" width=\"720\" height=\"1040\" srcset=\"https:\/\/jzi.org.pl\/wp-content\/uploads\/2021\/03\/Slide1.jpg 720w, https:\/\/jzi.org.pl\/wp-content\/uploads\/2021\/03\/Slide1-208x300.jpg 208w, https:\/\/jzi.org.pl\/wp-content\/uploads\/2021\/03\/Slide1-709x1024.jpg 709w, https:\/\/jzi.org.pl\/wp-content\/uploads\/2021\/03\/Slide1-8x12.jpg 8w, https:\/\/jzi.org.pl\/wp-content\/uploads\/2021\/03\/Slide1-416x601.jpg 416w\" sizes=\"(max-width: 720px) 100vw, 720px\" title=\"Unique August\u00f3w. Frames stopped in time\" alt=\"Unikalny August\u00f3w. Kadry w czasie zatrzymane\" \t\tclass=\"so-widget-image\"\/>\n\t<\/div>\n\n<\/div><\/div><\/div><div id=\"pgc-16842-0-1\"  class=\"panel-grid-cell\" ><div id=\"panel-16842-0-1-0\" class=\"so-panel widget widget_sow-editor panel-first-child panel-last-child\" data-index=\"1\" ><div class=\"panel-widget-style panel-widget-style-for-16842-0-1-0\" ><div\n\t\t\t\n\t\t\tclass=\"so-widget-sow-editor so-widget-sow-editor-base\"\n\t\t\t\n\t\t>\n<div class=\"siteorigin-widget-tinymce textwidget\">\n\t<p>Title: Unique August\u00f3w<\/p>\n<p>Format: 17 x 24 cm<\/p>\n<p>Cover: hard, lacquered<\/p>\n<\/div>\n<\/div><\/div><\/div><\/div><\/div><\/div><div id=\"pg-16842-1\"  class=\"panel-grid panel-no-style\" ><div id=\"pgc-16842-1-0\"  class=\"panel-grid-cell\" ><div id=\"panel-16842-1-0-0\" class=\"so-panel widget widget_sow-editor panel-first-child panel-last-child\" data-index=\"2\" ><div class=\"panel-widget-style panel-widget-style-for-16842-1-0-0\" ><div\n\t\t\t\n\t\t\tclass=\"so-widget-sow-editor so-widget-sow-editor-base\"\n\t\t\t\n\t\t><h3 class=\"widget-title\">Unique August\u00f3w. Frames stopped in time<\/h3>\n<div class=\"siteorigin-widget-tinymce textwidget\">\n\t<p>This publication is not and will not be available in our online store!<\/p>\n<p class=\"translation-block\">A unique, collector's album available only to people who support the project of publishing \"Memorial Book of August\u00f3w Jews\" on crowdfunding portal <a href=\"http:\/\/kck.st\/3sUAVcc\" target=\"_self\" rel=\"noopener\">kickstarter.com<\/a>. It will contain several hundred photos of August\u00f3w from the first half of the 20th century with accompanying descriptions from the old press, also from the same period. The book is going to be approximately 100 pages long (B5 format, hardcover). Exclusive edition on coated paper.<\/p>\n<p>We will send it out together with the main reward, that is the book \"Memorial Books of August\u00f3w Jews\". The album is included in the Colector (Kolekcjoner) and Collector Reader (Kolekcjoner Czytelnik) rewards.<\/p>\n<p><em>The final form of the cover may be slightly different from the design presented here.<\/em><\/p>\n<\/div>\n<\/div><\/div><\/div><\/div><\/div><\/div>","protected":false},"excerpt":{"rendered":"<p>Tytu\u0142: Unikalny August\u00f3w Format: 17 x 24 cm Ok\u0142adka: twarda, lakierowana Tej publikacji nie ma i nie b\u0119dzie w sklepie internetowym! Unikalny, kolekcjonerski album dost\u0119pny wy\u0142\u0105cznie dla os\u00f3b wspieraj\u0105cych projekt wydania &#8222;Ksi\u0119gi pami\u0119ci \u017byd\u00f3w augustowskich&#8221; na portalu crowdfundingowym wspieram.to. B\u0119dzie zawiera\u0107 kilkaset zdj\u0119\u0107 Augustowa z pierwszej po\u0142owy XX wieku wraz z towarzysz\u0105cymi im opisami ze [&hellip;]<\/p>\n","protected":false},"author":1,"featured_media":16850,"parent":2036,"menu_order":0,"comment_status":"open","ping_status":"open","template":"","meta":{"h5ap_radio_sources":[],"jetpack_post_was_ever_published":false,"footnotes":""},"class_list":["post-16842","page","type-page","status-publish","has-post-thumbnail","hentry"],"yoast_head":"<!-- This site is optimized with the Yoast SEO plugin v27.3 - https:\/\/yoast.com\/product\/yoast-seo-wordpress\/ -->\n<title>Unikalny August\u00f3w - Jami\u0144ski Zesp\u00f3\u0142 Indeksacyjny<\/title>\n<meta name=\"description\" content=\"Tej publikacji nie ma i nie b\u0119dzie w sklepie internetowym! Unikalny, kolekcjonerski album dost\u0119pny wy\u0142\u0105cznie dla os\u00f3b wspieraj\u0105cych projekt wydania &quot;Ksi\u0119gi pami\u0119ci \u017byd\u00f3w augustowskich&quot; na portalu crowdfundingowym wspieram.to. B\u0119dzie zawiera\u0107 kilkaset zdj\u0119\u0107 Augustowa z pierwszej po\u0142owy XX wieku wraz z towarzysz\u0105cymi im opisami ze starej prasy, r\u00f3wnie\u017c z tego samego okresu. Ca\u0142o\u015b\u0107 formatu B5, o obj\u0119to\u015bci oko\u0142o 100 stron. Ekskluzywne wydanie w sztywnej ok\u0142adce i na powlekanym papierze.\" \/>\n<meta name=\"robots\" content=\"index, follow, max-snippet:-1, max-image-preview:large, max-video-preview:-1\" \/>\n<link rel=\"canonical\" href=\"https:\/\/jzi.org.pl\/en\/publikacje\/inne-publikacje\/unikalny-augustow\/\" \/>\n<meta property=\"og:locale\" content=\"en_US\" \/>\n<meta property=\"og:type\" content=\"article\" \/>\n<meta property=\"og:title\" content=\"Unikalny August\u00f3w - Jami\u0144ski Zesp\u00f3\u0142 Indeksacyjny\" \/>\n<meta property=\"og:description\" content=\"Tej publikacji nie ma i nie b\u0119dzie w sklepie internetowym! Unikalny, kolekcjonerski album dost\u0119pny wy\u0142\u0105cznie dla os\u00f3b wspieraj\u0105cych projekt wydania &quot;Ksi\u0119gi pami\u0119ci \u017byd\u00f3w augustowskich&quot; na portalu crowdfundingowym wspieram.to. B\u0119dzie zawiera\u0107 kilkaset zdj\u0119\u0107 Augustowa z pierwszej po\u0142owy XX wieku wraz z towarzysz\u0105cymi im opisami ze starej prasy, r\u00f3wnie\u017c z tego samego okresu. Ca\u0142o\u015b\u0107 formatu B5, o obj\u0119to\u015bci oko\u0142o 100 stron. Ekskluzywne wydanie w sztywnej ok\u0142adce i na powlekanym papierze.\" \/>\n<meta property=\"og:url\" content=\"https:\/\/jzi.org.pl\/en\/publikacje\/inne-publikacje\/unikalny-augustow\/\" \/>\n<meta property=\"og:site_name\" content=\"Jami\u0144ski Zesp\u00f3\u0142 Indeksacyjny\" \/>\n<meta property=\"article:publisher\" content=\"https:\/\/www.facebook.com\/Jaminski.Zespol.Indeksacyjny\/\" \/>\n<meta property=\"article:modified_time\" content=\"2021-03-31T11:39:46+00:00\" \/>\n<meta property=\"og:image\" content=\"https:\/\/jzi.org.pl\/wp-content\/uploads\/2021\/03\/Slide1.jpg\" \/>\n\t<meta property=\"og:image:width\" content=\"720\" \/>\n\t<meta property=\"og:image:height\" content=\"1040\" \/>\n\t<meta property=\"og:image:type\" content=\"image\/jpeg\" \/>\n<meta name=\"twitter:card\" content=\"summary_large_image\" \/>\n<meta name=\"twitter:label1\" content=\"Est. reading time\" \/>\n\t<meta name=\"twitter:data1\" content=\"1 minute\" \/>\n<script type=\"application\/ld+json\" class=\"yoast-schema-graph\">{\"@context\":\"https:\\\/\\\/schema.org\",\"@graph\":[{\"@type\":\"WebPage\",\"@id\":\"https:\\\/\\\/jzi.org.pl\\\/publikacje\\\/inne-publikacje\\\/unikalny-augustow\\\/\",\"url\":\"https:\\\/\\\/jzi.org.pl\\\/publikacje\\\/inne-publikacje\\\/unikalny-augustow\\\/\",\"name\":\"Unikalny August\u00f3w - Jami\u0144ski Zesp\u00f3\u0142 Indeksacyjny\",\"isPartOf\":{\"@id\":\"https:\\\/\\\/jzi.org.pl\\\/#website\"},\"primaryImageOfPage\":{\"@id\":\"https:\\\/\\\/jzi.org.pl\\\/publikacje\\\/inne-publikacje\\\/unikalny-augustow\\\/#primaryimage\"},\"image\":{\"@id\":\"https:\\\/\\\/jzi.org.pl\\\/publikacje\\\/inne-publikacje\\\/unikalny-augustow\\\/#primaryimage\"},\"thumbnailUrl\":\"https:\\\/\\\/jzi.org.pl\\\/wp-content\\\/uploads\\\/2021\\\/03\\\/Slide1.jpg\",\"datePublished\":\"2021-03-31T08:55:17+00:00\",\"dateModified\":\"2021-03-31T11:39:46+00:00\",\"description\":\"Tej publikacji nie ma i nie b\u0119dzie w sklepie internetowym! Unikalny, kolekcjonerski album dost\u0119pny wy\u0142\u0105cznie dla os\u00f3b wspieraj\u0105cych projekt wydania \\\"Ksi\u0119gi pami\u0119ci \u017byd\u00f3w augustowskich\\\" na portalu crowdfundingowym wspieram.to. B\u0119dzie zawiera\u0107 kilkaset zdj\u0119\u0107 Augustowa z pierwszej po\u0142owy XX wieku wraz z towarzysz\u0105cymi im opisami ze starej prasy, r\u00f3wnie\u017c z tego samego okresu. Ca\u0142o\u015b\u0107 formatu B5, o obj\u0119to\u015bci oko\u0142o 100 stron. Ekskluzywne wydanie w sztywnej ok\u0142adce i na powlekanym papierze.\",\"breadcrumb\":{\"@id\":\"https:\\\/\\\/jzi.org.pl\\\/publikacje\\\/inne-publikacje\\\/unikalny-augustow\\\/#breadcrumb\"},\"inLanguage\":\"en-US\",\"potentialAction\":[{\"@type\":\"ReadAction\",\"target\":[\"https:\\\/\\\/jzi.org.pl\\\/publikacje\\\/inne-publikacje\\\/unikalny-augustow\\\/\"]}]},{\"@type\":\"ImageObject\",\"inLanguage\":\"en-US\",\"@id\":\"https:\\\/\\\/jzi.org.pl\\\/publikacje\\\/inne-publikacje\\\/unikalny-augustow\\\/#primaryimage\",\"url\":\"https:\\\/\\\/jzi.org.pl\\\/wp-content\\\/uploads\\\/2021\\\/03\\\/Slide1.jpg\",\"contentUrl\":\"https:\\\/\\\/jzi.org.pl\\\/wp-content\\\/uploads\\\/2021\\\/03\\\/Slide1.jpg\",\"width\":720,\"height\":1040},{\"@type\":\"BreadcrumbList\",\"@id\":\"https:\\\/\\\/jzi.org.pl\\\/publikacje\\\/inne-publikacje\\\/unikalny-augustow\\\/#breadcrumb\",\"itemListElement\":[{\"@type\":\"ListItem\",\"position\":1,\"name\":\"Strona g\u0142\u00f3wna\",\"item\":\"https:\\\/\\\/jzi.org.pl\\\/\"},{\"@type\":\"ListItem\",\"position\":2,\"name\":\"Publikacje\",\"item\":\"https:\\\/\\\/jzi.org.pl\\\/publikacje\\\/\"},{\"@type\":\"ListItem\",\"position\":3,\"name\":\"Inne publikacje\",\"item\":\"https:\\\/\\\/jzi.org.pl\\\/publikacje\\\/inne-publikacje\\\/\"},{\"@type\":\"ListItem\",\"position\":4,\"name\":\"Unikalny August\u00f3w\"}]},{\"@type\":\"WebSite\",\"@id\":\"https:\\\/\\\/jzi.org.pl\\\/#website\",\"url\":\"https:\\\/\\\/jzi.org.pl\\\/\",\"name\":\"Jami\u0144ski Zesp\u00f3\u0142 Indeksacyjny\",\"description\":\"\",\"publisher\":{\"@id\":\"https:\\\/\\\/jzi.org.pl\\\/#organization\"},\"potentialAction\":[{\"@type\":\"SearchAction\",\"target\":{\"@type\":\"EntryPoint\",\"urlTemplate\":\"https:\\\/\\\/jzi.org.pl\\\/?s={search_term_string}\"},\"query-input\":{\"@type\":\"PropertyValueSpecification\",\"valueRequired\":true,\"valueName\":\"search_term_string\"}}],\"inLanguage\":\"en-US\"},{\"@type\":\"Organization\",\"@id\":\"https:\\\/\\\/jzi.org.pl\\\/#organization\",\"name\":\"Jami\u0144ski Zesp\u00f3\u0142 Indeksacyjny\",\"url\":\"https:\\\/\\\/jzi.org.pl\\\/\",\"logo\":{\"@type\":\"ImageObject\",\"inLanguage\":\"en-US\",\"@id\":\"https:\\\/\\\/jzi.org.pl\\\/#\\\/schema\\\/logo\\\/image\\\/\",\"url\":\"https:\\\/\\\/jzi.org.pl\\\/wp-content\\\/uploads\\\/2019\\\/03\\\/logo-stowarzyszenie-jzi.png\",\"contentUrl\":\"https:\\\/\\\/jzi.org.pl\\\/wp-content\\\/uploads\\\/2019\\\/03\\\/logo-stowarzyszenie-jzi.png\",\"width\":931,\"height\":990,\"caption\":\"Jami\u0144ski Zesp\u00f3\u0142 Indeksacyjny\"},\"image\":{\"@id\":\"https:\\\/\\\/jzi.org.pl\\\/#\\\/schema\\\/logo\\\/image\\\/\"},\"sameAs\":[\"https:\\\/\\\/www.facebook.com\\\/Jaminski.Zespol.Indeksacyjny\\\/\"]}]}<\/script>\n<!-- \/ Yoast SEO plugin. -->","yoast_head_json":{"title":"Unikalny August\u00f3w - Jami\u0144ski Zesp\u00f3\u0142 Indeksacyjny","description":"Tej publikacji nie ma i nie b\u0119dzie w sklepie internetowym! Unikalny, kolekcjonerski album dost\u0119pny wy\u0142\u0105cznie dla os\u00f3b wspieraj\u0105cych projekt wydania \"Ksi\u0119gi pami\u0119ci \u017byd\u00f3w augustowskich\" na portalu crowdfundingowym wspieram.to. B\u0119dzie zawiera\u0107 kilkaset zdj\u0119\u0107 Augustowa z pierwszej po\u0142owy XX wieku wraz z towarzysz\u0105cymi im opisami ze starej prasy, r\u00f3wnie\u017c z tego samego okresu. Ca\u0142o\u015b\u0107 formatu B5, o obj\u0119to\u015bci oko\u0142o 100 stron. Ekskluzywne wydanie w sztywnej ok\u0142adce i na powlekanym papierze.","robots":{"index":"index","follow":"follow","max-snippet":"max-snippet:-1","max-image-preview":"max-image-preview:large","max-video-preview":"max-video-preview:-1"},"canonical":"https:\/\/jzi.org.pl\/en\/publikacje\/inne-publikacje\/unikalny-augustow\/","og_locale":"en_US","og_type":"article","og_title":"Unikalny August\u00f3w - Jami\u0144ski Zesp\u00f3\u0142 Indeksacyjny","og_description":"Tej publikacji nie ma i nie b\u0119dzie w sklepie internetowym! Unikalny, kolekcjonerski album dost\u0119pny wy\u0142\u0105cznie dla os\u00f3b wspieraj\u0105cych projekt wydania \"Ksi\u0119gi pami\u0119ci \u017byd\u00f3w augustowskich\" na portalu crowdfundingowym wspieram.to. B\u0119dzie zawiera\u0107 kilkaset zdj\u0119\u0107 Augustowa z pierwszej po\u0142owy XX wieku wraz z towarzysz\u0105cymi im opisami ze starej prasy, r\u00f3wnie\u017c z tego samego okresu. Ca\u0142o\u015b\u0107 formatu B5, o obj\u0119to\u015bci oko\u0142o 100 stron. Ekskluzywne wydanie w sztywnej ok\u0142adce i na powlekanym papierze.","og_url":"https:\/\/jzi.org.pl\/en\/publikacje\/inne-publikacje\/unikalny-augustow\/","og_site_name":"Jami\u0144ski Zesp\u00f3\u0142 Indeksacyjny","article_publisher":"https:\/\/www.facebook.com\/Jaminski.Zespol.Indeksacyjny\/","article_modified_time":"2021-03-31T11:39:46+00:00","og_image":[{"width":720,"height":1040,"url":"https:\/\/jzi.org.pl\/wp-content\/uploads\/2021\/03\/Slide1.jpg","type":"image\/jpeg"}],"twitter_card":"summary_large_image","twitter_misc":{"Est. reading time":"1 minute"},"schema":{"@context":"https:\/\/schema.org","@graph":[{"@type":"WebPage","@id":"https:\/\/jzi.org.pl\/publikacje\/inne-publikacje\/unikalny-augustow\/","url":"https:\/\/jzi.org.pl\/publikacje\/inne-publikacje\/unikalny-augustow\/","name":"Unikalny August\u00f3w - Jami\u0144ski Zesp\u00f3\u0142 Indeksacyjny","isPartOf":{"@id":"https:\/\/jzi.org.pl\/#website"},"primaryImageOfPage":{"@id":"https:\/\/jzi.org.pl\/publikacje\/inne-publikacje\/unikalny-augustow\/#primaryimage"},"image":{"@id":"https:\/\/jzi.org.pl\/publikacje\/inne-publikacje\/unikalny-augustow\/#primaryimage"},"thumbnailUrl":"https:\/\/jzi.org.pl\/wp-content\/uploads\/2021\/03\/Slide1.jpg","datePublished":"2021-03-31T08:55:17+00:00","dateModified":"2021-03-31T11:39:46+00:00","description":"Tej publikacji nie ma i nie b\u0119dzie w sklepie internetowym! Unikalny, kolekcjonerski album dost\u0119pny wy\u0142\u0105cznie dla os\u00f3b wspieraj\u0105cych projekt wydania \"Ksi\u0119gi pami\u0119ci \u017byd\u00f3w augustowskich\" na portalu crowdfundingowym wspieram.to. B\u0119dzie zawiera\u0107 kilkaset zdj\u0119\u0107 Augustowa z pierwszej po\u0142owy XX wieku wraz z towarzysz\u0105cymi im opisami ze starej prasy, r\u00f3wnie\u017c z tego samego okresu. Ca\u0142o\u015b\u0107 formatu B5, o obj\u0119to\u015bci oko\u0142o 100 stron. Ekskluzywne wydanie w sztywnej ok\u0142adce i na powlekanym papierze.","breadcrumb":{"@id":"https:\/\/jzi.org.pl\/publikacje\/inne-publikacje\/unikalny-augustow\/#breadcrumb"},"inLanguage":"en-US","potentialAction":[{"@type":"ReadAction","target":["https:\/\/jzi.org.pl\/publikacje\/inne-publikacje\/unikalny-augustow\/"]}]},{"@type":"ImageObject","inLanguage":"en-US","@id":"https:\/\/jzi.org.pl\/publikacje\/inne-publikacje\/unikalny-augustow\/#primaryimage","url":"https:\/\/jzi.org.pl\/wp-content\/uploads\/2021\/03\/Slide1.jpg","contentUrl":"https:\/\/jzi.org.pl\/wp-content\/uploads\/2021\/03\/Slide1.jpg","width":720,"height":1040},{"@type":"BreadcrumbList","@id":"https:\/\/jzi.org.pl\/publikacje\/inne-publikacje\/unikalny-augustow\/#breadcrumb","itemListElement":[{"@type":"ListItem","position":1,"name":"Strona g\u0142\u00f3wna","item":"https:\/\/jzi.org.pl\/"},{"@type":"ListItem","position":2,"name":"Publikacje","item":"https:\/\/jzi.org.pl\/publikacje\/"},{"@type":"ListItem","position":3,"name":"Inne publikacje","item":"https:\/\/jzi.org.pl\/publikacje\/inne-publikacje\/"},{"@type":"ListItem","position":4,"name":"Unikalny August\u00f3w"}]},{"@type":"WebSite","@id":"https:\/\/jzi.org.pl\/#website","url":"https:\/\/jzi.org.pl\/","name":"Jaminy Indexing Team","description":"","publisher":{"@id":"https:\/\/jzi.org.pl\/#organization"},"potentialAction":[{"@type":"SearchAction","target":{"@type":"EntryPoint","urlTemplate":"https:\/\/jzi.org.pl\/?s={search_term_string}"},"query-input":{"@type":"PropertyValueSpecification","valueRequired":true,"valueName":"search_term_string"}}],"inLanguage":"en-US"},{"@type":"Organization","@id":"https:\/\/jzi.org.pl\/#organization","name":"Jaminy Indexing Team","url":"https:\/\/jzi.org.pl\/","logo":{"@type":"ImageObject","inLanguage":"en-US","@id":"https:\/\/jzi.org.pl\/#\/schema\/logo\/image\/","url":"https:\/\/jzi.org.pl\/wp-content\/uploads\/2019\/03\/logo-stowarzyszenie-jzi.png","contentUrl":"https:\/\/jzi.org.pl\/wp-content\/uploads\/2019\/03\/logo-stowarzyszenie-jzi.png","width":931,"height":990,"caption":"Jami\u0144ski Zesp\u00f3\u0142 Indeksacyjny"},"image":{"@id":"https:\/\/jzi.org.pl\/#\/schema\/logo\/image\/"},"sameAs":["https:\/\/www.facebook.com\/Jaminski.Zespol.Indeksacyjny\/"]}]}},"jetpack_likes_enabled":true,"jetpack_sharing_enabled":true,"_links":{"self":[{"href":"https:\/\/jzi.org.pl\/en\/wp-json\/wp\/v2\/pages\/16842","targetHints":{"allow":["GET"]}}],"collection":[{"href":"https:\/\/jzi.org.pl\/en\/wp-json\/wp\/v2\/pages"}],"about":[{"href":"https:\/\/jzi.org.pl\/en\/wp-json\/wp\/v2\/types\/page"}],"author":[{"embeddable":true,"href":"https:\/\/jzi.org.pl\/en\/wp-json\/wp\/v2\/users\/1"}],"replies":[{"embeddable":true,"href":"https:\/\/jzi.org.pl\/en\/wp-json\/wp\/v2\/comments?post=16842"}],"version-history":[{"count":0,"href":"https:\/\/jzi.org.pl\/en\/wp-json\/wp\/v2\/pages\/16842\/revisions"}],"up":[{"embeddable":true,"href":"https:\/\/jzi.org.pl\/en\/wp-json\/wp\/v2\/pages\/2036"}],"wp:featuredmedia":[{"embeddable":true,"href":"https:\/\/jzi.org.pl\/en\/wp-json\/wp\/v2\/media\/16850"}],"wp:attachment":[{"href":"https:\/\/jzi.org.pl\/en\/wp-json\/wp\/v2\/media?parent=16842"}],"curies":[{"name":"wp","href":"https:\/\/api.w.org\/{rel}","templated":true}]}}