{"id":15181,"date":"2020-10-23T11:44:05","date_gmt":"2020-10-23T09:44:05","guid":{"rendered":"https:\/\/jzi.org.pl\/?page_id=15181"},"modified":"2020-10-23T11:44:05","modified_gmt":"2020-10-23T09:44:05","slug":"nadbiebrzanska-architektura-wiejska","status":"publish","type":"page","link":"https:\/\/jzi.org.pl\/en\/galerie\/nadbiebrzanska-architektura-wiejska\/","title":{"rendered":"Rural architecture at the Biebrza river"},"content":{"rendered":"<p>Photos by Tomasz Chilicki<\/p>\n<style type=\"text\/css\">\n#foogallery-gallery-15160.fg-justified .fg-item { margin-right: 1px; margin-bottom: 1px; }\n#foogallery-gallery-15160.fg-justified .fg-image { height: 150px; }<\/style>\n\t\t\t<div class=\"foogallery foogallery-container foogallery-justified foogallery-lightbox-none fg-justified fg-ready fg-light fg-border-thin fg-shadow-outline fg-loading-default fg-loaded-fade-in fg-caption-hover fg-hover-fade fg-hover-zoom\" id=\"foogallery-gallery-15160\" data-foogallery=\"{&quot;item&quot;:{&quot;showCaptionTitle&quot;:true,&quot;showCaptionDescription&quot;:true},&quot;lazy&quot;:true,&quot;template&quot;:{&quot;rowHeight&quot;:150,&quot;maxRowHeight&quot;:250,&quot;margins&quot;:1,&quot;align&quot;:&quot;center&quot;,&quot;lastRow&quot;:&quot;smart&quot;}}\" style=\"--fg-title-line-clamp: 0; --fg-description-line-clamp: 0;\" >\n\t<div class=\"fg-item fg-type-image fg-idle\"><figure class=\"fg-item-inner\"><a href=\"https:\/\/jzi.org.pl\/wp-content\/uploads\/2020\/10\/nadbiebrzanska-architektura-wiejska-10.jpg\" data-attachment-id=\"15180\" data-type=\"image\" class=\"fg-thumb\"><span class=\"fg-image-wrap\"><img fetchpriority=\"high\" decoding=\"async\" height=\"250\" width=\"442\" class=\"skip-lazy fg-image\" data-src-fg=\"https:\/\/jzi.org.pl\/wp-content\/uploads\/cache\/2020\/10\/nadbiebrzanska-architektura-wiejska-10\/2692566492.jpg\" src=\"data:image\/svg+xml,%3Csvg%20xmlns%3D%22http%3A%2F%2Fwww.w3.org%2F2000%2Fsvg%22%20width%3D%22442%22%20height%3D%22250%22%20viewBox%3D%220%200%20442%20250%22%3E%3C%2Fsvg%3E\" loading=\"eager\"><\/span><span class=\"fg-image-overlay\"><\/span><\/a><\/figure><div class=\"fg-loader\"><\/div><\/div><div class=\"fg-item fg-type-image fg-idle\"><figure class=\"fg-item-inner\"><a href=\"https:\/\/jzi.org.pl\/wp-content\/uploads\/2020\/10\/nadbiebrzanska-architektura-wiejska-9.jpg\" data-attachment-id=\"15179\" data-type=\"image\" class=\"fg-thumb\"><span class=\"fg-image-wrap\"><img decoding=\"async\" height=\"250\" width=\"375\" class=\"skip-lazy fg-image\" data-src-fg=\"https:\/\/jzi.org.pl\/wp-content\/uploads\/cache\/2020\/10\/nadbiebrzanska-architektura-wiejska-9\/805761834.jpg\" src=\"data:image\/svg+xml,%3Csvg%20xmlns%3D%22http%3A%2F%2Fwww.w3.org%2F2000%2Fsvg%22%20width%3D%22375%22%20height%3D%22250%22%20viewBox%3D%220%200%20375%20250%22%3E%3C%2Fsvg%3E\" loading=\"eager\"><\/span><span class=\"fg-image-overlay\"><\/span><\/a><\/figure><div class=\"fg-loader\"><\/div><\/div><div class=\"fg-item fg-type-image fg-idle\"><figure class=\"fg-item-inner\"><a href=\"https:\/\/jzi.org.pl\/wp-content\/uploads\/2020\/10\/nadbiebrzanska-architektura-wiejska-8.jpg\" data-attachment-id=\"15178\" data-type=\"image\" class=\"fg-thumb\"><span class=\"fg-image-wrap\"><img decoding=\"async\" height=\"250\" width=\"375\" class=\"skip-lazy fg-image\" data-src-fg=\"https:\/\/jzi.org.pl\/wp-content\/uploads\/cache\/2020\/10\/nadbiebrzanska-architektura-wiejska-8\/3842353233.jpg\" src=\"data:image\/svg+xml,%3Csvg%20xmlns%3D%22http%3A%2F%2Fwww.w3.org%2F2000%2Fsvg%22%20width%3D%22375%22%20height%3D%22250%22%20viewBox%3D%220%200%20375%20250%22%3E%3C%2Fsvg%3E\" loading=\"eager\"><\/span><span class=\"fg-image-overlay\"><\/span><\/a><\/figure><div class=\"fg-loader\"><\/div><\/div><div class=\"fg-item fg-type-image fg-idle\"><figure class=\"fg-item-inner\"><a href=\"https:\/\/jzi.org.pl\/wp-content\/uploads\/2020\/10\/nadbiebrzanska-architektura-wiejska-7.jpg\" data-attachment-id=\"15177\" data-type=\"image\" class=\"fg-thumb\"><span class=\"fg-image-wrap\"><img decoding=\"async\" height=\"250\" width=\"375\" class=\"skip-lazy fg-image\" data-src-fg=\"https:\/\/jzi.org.pl\/wp-content\/uploads\/cache\/2020\/10\/nadbiebrzanska-architektura-wiejska-7\/3174164078.jpg\" src=\"data:image\/svg+xml,%3Csvg%20xmlns%3D%22http%3A%2F%2Fwww.w3.org%2F2000%2Fsvg%22%20width%3D%22375%22%20height%3D%22250%22%20viewBox%3D%220%200%20375%20250%22%3E%3C%2Fsvg%3E\" loading=\"eager\"><\/span><span class=\"fg-image-overlay\"><\/span><\/a><\/figure><div class=\"fg-loader\"><\/div><\/div><div class=\"fg-item fg-type-image fg-idle\"><figure class=\"fg-item-inner\"><a href=\"https:\/\/jzi.org.pl\/wp-content\/uploads\/2020\/10\/nadbiebrzanska-architektura-wiejska-6.jpg\" data-attachment-id=\"15176\" data-type=\"image\" class=\"fg-thumb\"><span class=\"fg-image-wrap\"><img decoding=\"async\" height=\"250\" width=\"417\" class=\"skip-lazy fg-image\" data-src-fg=\"https:\/\/jzi.org.pl\/wp-content\/uploads\/cache\/2020\/10\/nadbiebrzanska-architektura-wiejska-6\/1748155669.jpg\" src=\"data:image\/svg+xml,%3Csvg%20xmlns%3D%22http%3A%2F%2Fwww.w3.org%2F2000%2Fsvg%22%20width%3D%22417%22%20height%3D%22250%22%20viewBox%3D%220%200%20417%20250%22%3E%3C%2Fsvg%3E\" loading=\"eager\"><\/span><span class=\"fg-image-overlay\"><\/span><\/a><\/figure><div class=\"fg-loader\"><\/div><\/div><div class=\"fg-item fg-type-image fg-idle\"><figure class=\"fg-item-inner\"><a href=\"https:\/\/jzi.org.pl\/wp-content\/uploads\/2020\/10\/nadbiebrzanska-architektura-wiejska-5.jpg\" data-attachment-id=\"15175\" data-type=\"image\" class=\"fg-thumb\"><span class=\"fg-image-wrap\"><img decoding=\"async\" height=\"250\" width=\"375\" class=\"skip-lazy fg-image\" data-src-fg=\"https:\/\/jzi.org.pl\/wp-content\/uploads\/cache\/2020\/10\/nadbiebrzanska-architektura-wiejska-5\/3427161817.jpg\" src=\"data:image\/svg+xml,%3Csvg%20xmlns%3D%22http%3A%2F%2Fwww.w3.org%2F2000%2Fsvg%22%20width%3D%22375%22%20height%3D%22250%22%20viewBox%3D%220%200%20375%20250%22%3E%3C%2Fsvg%3E\" loading=\"eager\"><\/span><span class=\"fg-image-overlay\"><\/span><\/a><\/figure><div class=\"fg-loader\"><\/div><\/div><div class=\"fg-item fg-type-image fg-idle\"><figure class=\"fg-item-inner\"><a href=\"https:\/\/jzi.org.pl\/wp-content\/uploads\/2020\/10\/nadbiebrzanska-architektura-wiejska-4.jpg\" data-attachment-id=\"15174\" data-type=\"image\" class=\"fg-thumb\"><span class=\"fg-image-wrap\"><img decoding=\"async\" height=\"250\" width=\"375\" class=\"skip-lazy fg-image\" data-src-fg=\"https:\/\/jzi.org.pl\/wp-content\/uploads\/cache\/2020\/10\/nadbiebrzanska-architektura-wiejska-4\/423955874.jpg\" src=\"data:image\/svg+xml,%3Csvg%20xmlns%3D%22http%3A%2F%2Fwww.w3.org%2F2000%2Fsvg%22%20width%3D%22375%22%20height%3D%22250%22%20viewBox%3D%220%200%20375%20250%22%3E%3C%2Fsvg%3E\" loading=\"eager\"><\/span><span class=\"fg-image-overlay\"><\/span><\/a><\/figure><div class=\"fg-loader\"><\/div><\/div><div class=\"fg-item fg-type-image fg-idle\"><figure class=\"fg-item-inner\"><a href=\"https:\/\/jzi.org.pl\/wp-content\/uploads\/2020\/10\/nadbiebrzanska-architektura-wiejska-3.jpg\" data-attachment-id=\"15173\" data-type=\"image\" class=\"fg-thumb\"><span class=\"fg-image-wrap\"><img decoding=\"async\" height=\"250\" width=\"381\" class=\"skip-lazy fg-image\" data-src-fg=\"https:\/\/jzi.org.pl\/wp-content\/uploads\/cache\/2020\/10\/nadbiebrzanska-architektura-wiejska-3\/1608419072.jpg\" src=\"data:image\/svg+xml,%3Csvg%20xmlns%3D%22http%3A%2F%2Fwww.w3.org%2F2000%2Fsvg%22%20width%3D%22381%22%20height%3D%22250%22%20viewBox%3D%220%200%20381%20250%22%3E%3C%2Fsvg%3E\" loading=\"eager\"><\/span><span class=\"fg-image-overlay\"><\/span><\/a><\/figure><div class=\"fg-loader\"><\/div><\/div><div class=\"fg-item fg-type-image fg-idle\"><figure class=\"fg-item-inner\"><a href=\"https:\/\/jzi.org.pl\/wp-content\/uploads\/2020\/10\/nadbiebrzanska-architektura-wiejska-2.jpg\" data-attachment-id=\"15172\" data-type=\"image\" class=\"fg-thumb\"><span class=\"fg-image-wrap\"><img decoding=\"async\" height=\"250\" width=\"375\" class=\"skip-lazy fg-image\" data-src-fg=\"https:\/\/jzi.org.pl\/wp-content\/uploads\/cache\/2020\/10\/nadbiebrzanska-architektura-wiejska-2\/2329795707.jpg\" src=\"data:image\/svg+xml,%3Csvg%20xmlns%3D%22http%3A%2F%2Fwww.w3.org%2F2000%2Fsvg%22%20width%3D%22375%22%20height%3D%22250%22%20viewBox%3D%220%200%20375%20250%22%3E%3C%2Fsvg%3E\" loading=\"eager\"><\/span><span class=\"fg-image-overlay\"><\/span><\/a><\/figure><div class=\"fg-loader\"><\/div><\/div><div class=\"fg-item fg-type-image fg-idle\"><figure class=\"fg-item-inner\"><a href=\"https:\/\/jzi.org.pl\/wp-content\/uploads\/2020\/10\/nadbiebrzanska-architektura-wiejska-1.jpg\" data-attachment-id=\"15171\" data-type=\"image\" class=\"fg-thumb\"><span class=\"fg-image-wrap\"><img decoding=\"async\" height=\"250\" width=\"375\" class=\"skip-lazy fg-image\" data-src-fg=\"https:\/\/jzi.org.pl\/wp-content\/uploads\/cache\/2020\/10\/nadbiebrzanska-architektura-wiejska-1\/782841783.jpg\" src=\"data:image\/svg+xml,%3Csvg%20xmlns%3D%22http%3A%2F%2Fwww.w3.org%2F2000%2Fsvg%22%20width%3D%22375%22%20height%3D%22250%22%20viewBox%3D%220%200%20375%20250%22%3E%3C%2Fsvg%3E\" loading=\"eager\"><\/span><span class=\"fg-image-overlay\"><\/span><\/a><\/figure><div class=\"fg-loader\"><\/div><\/div><\/div>","protected":false},"excerpt":{"rendered":"<p>Photos by Tomasz Chilicki<\/p>","protected":false},"author":1,"featured_media":15172,"parent":1158,"menu_order":0,"comment_status":"open","ping_status":"open","template":"","meta":{"h5ap_radio_sources":[],"jetpack_post_was_ever_published":false,"footnotes":""},"class_list":["post-15181","page","type-page","status-publish","has-post-thumbnail","hentry"],"yoast_head":"<!-- This site is optimized with the Yoast SEO plugin v27.4 - https:\/\/yoast.com\/product\/yoast-seo-wordpress\/ -->\n<title>Nadbiebrza\u0144ska architektura wiejska - Jami\u0144ski Zesp\u00f3\u0142 Indeksacyjny<\/title>\n<meta name=\"robots\" content=\"index, follow, max-snippet:-1, max-image-preview:large, max-video-preview:-1\" \/>\n<link rel=\"canonical\" href=\"http:\/\/jzi.org.pl\/en\/galerie\/nadbiebrzanska-architektura-wiejska\/\" \/>\n<meta property=\"og:locale\" content=\"en_US\" \/>\n<meta property=\"og:type\" content=\"article\" \/>\n<meta property=\"og:title\" content=\"Nadbiebrza\u0144ska architektura wiejska - Jami\u0144ski Zesp\u00f3\u0142 Indeksacyjny\" \/>\n<meta property=\"og:description\" content=\"Fot. Tomasz Chilicki\" \/>\n<meta property=\"og:url\" content=\"http:\/\/jzi.org.pl\/en\/galerie\/nadbiebrzanska-architektura-wiejska\/\" \/>\n<meta property=\"og:site_name\" content=\"Jami\u0144ski Zesp\u00f3\u0142 Indeksacyjny\" \/>\n<meta property=\"article:publisher\" content=\"https:\/\/www.facebook.com\/Jaminski.Zespol.Indeksacyjny\/\" \/>\n<meta property=\"og:image\" content=\"http:\/\/jzi.org.pl\/wp-content\/uploads\/2020\/10\/nadbiebrzanska-architektura-wiejska-2.jpg\" \/>\n\t<meta property=\"og:image:width\" content=\"800\" \/>\n\t<meta property=\"og:image:height\" content=\"533\" \/>\n\t<meta property=\"og:image:type\" content=\"image\/jpeg\" \/>\n<meta name=\"twitter:card\" content=\"summary_large_image\" \/>\n<script type=\"application\/ld+json\" class=\"yoast-schema-graph\">{\"@context\":\"https:\\\/\\\/schema.org\",\"@graph\":[{\"@type\":\"WebPage\",\"@id\":\"http:\\\/\\\/jzi.org.pl\\\/en\\\/galerie\\\/nadbiebrzanska-architektura-wiejska\\\/\",\"url\":\"http:\\\/\\\/jzi.org.pl\\\/en\\\/galerie\\\/nadbiebrzanska-architektura-wiejska\\\/\",\"name\":\"Nadbiebrza\u0144ska architektura wiejska - Jami\u0144ski Zesp\u00f3\u0142 Indeksacyjny\",\"isPartOf\":{\"@id\":\"https:\\\/\\\/jzi.org.pl\\\/#website\"},\"primaryImageOfPage\":{\"@id\":\"http:\\\/\\\/jzi.org.pl\\\/en\\\/galerie\\\/nadbiebrzanska-architektura-wiejska\\\/#primaryimage\"},\"image\":{\"@id\":\"http:\\\/\\\/jzi.org.pl\\\/en\\\/galerie\\\/nadbiebrzanska-architektura-wiejska\\\/#primaryimage\"},\"thumbnailUrl\":\"https:\\\/\\\/jzi.org.pl\\\/wp-content\\\/uploads\\\/2020\\\/10\\\/nadbiebrzanska-architektura-wiejska-2.jpg\",\"datePublished\":\"2020-10-23T09:44:05+00:00\",\"breadcrumb\":{\"@id\":\"http:\\\/\\\/jzi.org.pl\\\/en\\\/galerie\\\/nadbiebrzanska-architektura-wiejska\\\/#breadcrumb\"},\"inLanguage\":\"en-US\",\"potentialAction\":[{\"@type\":\"ReadAction\",\"target\":[\"http:\\\/\\\/jzi.org.pl\\\/en\\\/galerie\\\/nadbiebrzanska-architektura-wiejska\\\/\"]}]},{\"@type\":\"ImageObject\",\"inLanguage\":\"en-US\",\"@id\":\"http:\\\/\\\/jzi.org.pl\\\/en\\\/galerie\\\/nadbiebrzanska-architektura-wiejska\\\/#primaryimage\",\"url\":\"https:\\\/\\\/jzi.org.pl\\\/wp-content\\\/uploads\\\/2020\\\/10\\\/nadbiebrzanska-architektura-wiejska-2.jpg\",\"contentUrl\":\"https:\\\/\\\/jzi.org.pl\\\/wp-content\\\/uploads\\\/2020\\\/10\\\/nadbiebrzanska-architektura-wiejska-2.jpg\",\"width\":800,\"height\":533},{\"@type\":\"BreadcrumbList\",\"@id\":\"http:\\\/\\\/jzi.org.pl\\\/en\\\/galerie\\\/nadbiebrzanska-architektura-wiejska\\\/#breadcrumb\",\"itemListElement\":[{\"@type\":\"ListItem\",\"position\":1,\"name\":\"Strona g\u0142\u00f3wna\",\"item\":\"https:\\\/\\\/jzi.org.pl\\\/\"},{\"@type\":\"ListItem\",\"position\":2,\"name\":\"Galerie\",\"item\":\"https:\\\/\\\/jzi.org.pl\\\/galerie\\\/\"},{\"@type\":\"ListItem\",\"position\":3,\"name\":\"Nadbiebrza\u0144ska architektura wiejska\"}]},{\"@type\":\"WebSite\",\"@id\":\"https:\\\/\\\/jzi.org.pl\\\/#website\",\"url\":\"https:\\\/\\\/jzi.org.pl\\\/\",\"name\":\"Jami\u0144ski Zesp\u00f3\u0142 Indeksacyjny\",\"description\":\"\",\"publisher\":{\"@id\":\"https:\\\/\\\/jzi.org.pl\\\/#organization\"},\"potentialAction\":[{\"@type\":\"SearchAction\",\"target\":{\"@type\":\"EntryPoint\",\"urlTemplate\":\"https:\\\/\\\/jzi.org.pl\\\/?s={search_term_string}\"},\"query-input\":{\"@type\":\"PropertyValueSpecification\",\"valueRequired\":true,\"valueName\":\"search_term_string\"}}],\"inLanguage\":\"en-US\"},{\"@type\":\"Organization\",\"@id\":\"https:\\\/\\\/jzi.org.pl\\\/#organization\",\"name\":\"Jami\u0144ski Zesp\u00f3\u0142 Indeksacyjny\",\"url\":\"https:\\\/\\\/jzi.org.pl\\\/\",\"logo\":{\"@type\":\"ImageObject\",\"inLanguage\":\"en-US\",\"@id\":\"https:\\\/\\\/jzi.org.pl\\\/#\\\/schema\\\/logo\\\/image\\\/\",\"url\":\"https:\\\/\\\/jzi.org.pl\\\/wp-content\\\/uploads\\\/2019\\\/03\\\/logo-stowarzyszenie-jzi.png\",\"contentUrl\":\"https:\\\/\\\/jzi.org.pl\\\/wp-content\\\/uploads\\\/2019\\\/03\\\/logo-stowarzyszenie-jzi.png\",\"width\":931,\"height\":990,\"caption\":\"Jami\u0144ski Zesp\u00f3\u0142 Indeksacyjny\"},\"image\":{\"@id\":\"https:\\\/\\\/jzi.org.pl\\\/#\\\/schema\\\/logo\\\/image\\\/\"},\"sameAs\":[\"https:\\\/\\\/www.facebook.com\\\/Jaminski.Zespol.Indeksacyjny\\\/\"]}]}<\/script>\n<!-- \/ Yoast SEO plugin. -->","yoast_head_json":{"title":"Nadbiebrza\u0144ska architektura wiejska - Jami\u0144ski Zesp\u00f3\u0142 Indeksacyjny","robots":{"index":"index","follow":"follow","max-snippet":"max-snippet:-1","max-image-preview":"max-image-preview:large","max-video-preview":"max-video-preview:-1"},"canonical":"http:\/\/jzi.org.pl\/en\/galerie\/nadbiebrzanska-architektura-wiejska\/","og_locale":"en_US","og_type":"article","og_title":"Nadbiebrza\u0144ska architektura wiejska - Jami\u0144ski Zesp\u00f3\u0142 Indeksacyjny","og_description":"Fot. Tomasz Chilicki","og_url":"http:\/\/jzi.org.pl\/en\/galerie\/nadbiebrzanska-architektura-wiejska\/","og_site_name":"Jami\u0144ski Zesp\u00f3\u0142 Indeksacyjny","article_publisher":"https:\/\/www.facebook.com\/Jaminski.Zespol.Indeksacyjny\/","og_image":[{"width":800,"height":533,"url":"http:\/\/jzi.org.pl\/wp-content\/uploads\/2020\/10\/nadbiebrzanska-architektura-wiejska-2.jpg","type":"image\/jpeg"}],"twitter_card":"summary_large_image","schema":{"@context":"https:\/\/schema.org","@graph":[{"@type":"WebPage","@id":"http:\/\/jzi.org.pl\/en\/galerie\/nadbiebrzanska-architektura-wiejska\/","url":"http:\/\/jzi.org.pl\/en\/galerie\/nadbiebrzanska-architektura-wiejska\/","name":"Nadbiebrza\u0144ska architektura wiejska - Jami\u0144ski Zesp\u00f3\u0142 Indeksacyjny","isPartOf":{"@id":"https:\/\/jzi.org.pl\/#website"},"primaryImageOfPage":{"@id":"http:\/\/jzi.org.pl\/en\/galerie\/nadbiebrzanska-architektura-wiejska\/#primaryimage"},"image":{"@id":"http:\/\/jzi.org.pl\/en\/galerie\/nadbiebrzanska-architektura-wiejska\/#primaryimage"},"thumbnailUrl":"https:\/\/jzi.org.pl\/wp-content\/uploads\/2020\/10\/nadbiebrzanska-architektura-wiejska-2.jpg","datePublished":"2020-10-23T09:44:05+00:00","breadcrumb":{"@id":"http:\/\/jzi.org.pl\/en\/galerie\/nadbiebrzanska-architektura-wiejska\/#breadcrumb"},"inLanguage":"en-US","potentialAction":[{"@type":"ReadAction","target":["http:\/\/jzi.org.pl\/en\/galerie\/nadbiebrzanska-architektura-wiejska\/"]}]},{"@type":"ImageObject","inLanguage":"en-US","@id":"http:\/\/jzi.org.pl\/en\/galerie\/nadbiebrzanska-architektura-wiejska\/#primaryimage","url":"https:\/\/jzi.org.pl\/wp-content\/uploads\/2020\/10\/nadbiebrzanska-architektura-wiejska-2.jpg","contentUrl":"https:\/\/jzi.org.pl\/wp-content\/uploads\/2020\/10\/nadbiebrzanska-architektura-wiejska-2.jpg","width":800,"height":533},{"@type":"BreadcrumbList","@id":"http:\/\/jzi.org.pl\/en\/galerie\/nadbiebrzanska-architektura-wiejska\/#breadcrumb","itemListElement":[{"@type":"ListItem","position":1,"name":"Strona g\u0142\u00f3wna","item":"https:\/\/jzi.org.pl\/"},{"@type":"ListItem","position":2,"name":"Galerie","item":"https:\/\/jzi.org.pl\/galerie\/"},{"@type":"ListItem","position":3,"name":"Nadbiebrza\u0144ska architektura wiejska"}]},{"@type":"WebSite","@id":"https:\/\/jzi.org.pl\/#website","url":"https:\/\/jzi.org.pl\/","name":"Jaminy Indexing Team","description":"","publisher":{"@id":"https:\/\/jzi.org.pl\/#organization"},"potentialAction":[{"@type":"SearchAction","target":{"@type":"EntryPoint","urlTemplate":"https:\/\/jzi.org.pl\/?s={search_term_string}"},"query-input":{"@type":"PropertyValueSpecification","valueRequired":true,"valueName":"search_term_string"}}],"inLanguage":"en-US"},{"@type":"Organization","@id":"https:\/\/jzi.org.pl\/#organization","name":"Jaminy Indexing Team","url":"https:\/\/jzi.org.pl\/","logo":{"@type":"ImageObject","inLanguage":"en-US","@id":"https:\/\/jzi.org.pl\/#\/schema\/logo\/image\/","url":"https:\/\/jzi.org.pl\/wp-content\/uploads\/2019\/03\/logo-stowarzyszenie-jzi.png","contentUrl":"https:\/\/jzi.org.pl\/wp-content\/uploads\/2019\/03\/logo-stowarzyszenie-jzi.png","width":931,"height":990,"caption":"Jami\u0144ski Zesp\u00f3\u0142 Indeksacyjny"},"image":{"@id":"https:\/\/jzi.org.pl\/#\/schema\/logo\/image\/"},"sameAs":["https:\/\/www.facebook.com\/Jaminski.Zespol.Indeksacyjny\/"]}]}},"jetpack_likes_enabled":true,"jetpack_sharing_enabled":true,"_links":{"self":[{"href":"https:\/\/jzi.org.pl\/en\/wp-json\/wp\/v2\/pages\/15181","targetHints":{"allow":["GET"]}}],"collection":[{"href":"https:\/\/jzi.org.pl\/en\/wp-json\/wp\/v2\/pages"}],"about":[{"href":"https:\/\/jzi.org.pl\/en\/wp-json\/wp\/v2\/types\/page"}],"author":[{"embeddable":true,"href":"https:\/\/jzi.org.pl\/en\/wp-json\/wp\/v2\/users\/1"}],"replies":[{"embeddable":true,"href":"https:\/\/jzi.org.pl\/en\/wp-json\/wp\/v2\/comments?post=15181"}],"version-history":[{"count":0,"href":"https:\/\/jzi.org.pl\/en\/wp-json\/wp\/v2\/pages\/15181\/revisions"}],"up":[{"embeddable":true,"href":"https:\/\/jzi.org.pl\/en\/wp-json\/wp\/v2\/pages\/1158"}],"wp:featuredmedia":[{"embeddable":true,"href":"https:\/\/jzi.org.pl\/en\/wp-json\/wp\/v2\/media\/15172"}],"wp:attachment":[{"href":"https:\/\/jzi.org.pl\/en\/wp-json\/wp\/v2\/media?parent=15181"}],"curies":[{"name":"wp","href":"https:\/\/api.w.org\/{rel}","templated":true}]}}