{"id":15157,"date":"2020-10-23T10:38:11","date_gmt":"2020-10-23T08:38:11","guid":{"rendered":"https:\/\/jzi.org.pl\/?page_id=15157"},"modified":"2020-10-23T11:47:10","modified_gmt":"2020-10-23T09:47:10","slug":"grob-adolfa-gerschowa-na-cmentarzu-w-augustowie","status":"publish","type":"page","link":"https:\/\/jzi.org.pl\/en\/galerie\/grob-adolfa-gerschowa-na-cmentarzu-w-augustowie\/","title":{"rendered":"The grave of Adolf Gerschow at the August\u00f3w cemetery"},"content":{"rendered":"<p><span aria-level=\"4\">Engineer Adolf Gerschow (1807-1860), friend and comrade in arms of count Karol Brzostowski. According to his last will, Gerschow became the general administrator of the \"Sztabin Agricultural and Industrial Institution\". Brzostowski met him in the 1820s during the construction of the August\u00f3w Canal. They fought together in the November Uprising. Unfortunately, the assumption of the administrator's function by A. Gerschow marked the beginning of the end of the Sztabin Republic. During the six years of Gerschow's rule, all achievements of Count Karol Brzostowski were wiped out. From the beginning of his reign, he systematically devastated and liquidated his friend's technical and economic achievements. After his death as a result of a long and serious illness, Gerschow's successors completed the \"agony\" of a community unprecedented on a European scale, called the Sztabin Republic.<\/span><\/p>\n<p>Photos by Ryszard Kor\u0105kiewicz<\/p>\n<style type=\"text\/css\">\n#foogallery-gallery-15151.fg-justified .fg-item { margin-right: 1px; margin-bottom: 1px; }\n#foogallery-gallery-15151.fg-justified .fg-image { height: 150px; }<\/style>\n\t\t\t<div class=\"foogallery foogallery-container foogallery-justified foogallery-lightbox-none fg-justified fg-ready fg-light fg-border-thin fg-shadow-outline fg-loading-default fg-loaded-fade-in fg-caption-hover fg-hover-fade fg-hover-zoom\" id=\"foogallery-gallery-15151\" data-foogallery=\"{&quot;item&quot;:{&quot;showCaptionTitle&quot;:true,&quot;showCaptionDescription&quot;:true},&quot;lazy&quot;:true,&quot;template&quot;:{&quot;rowHeight&quot;:150,&quot;maxRowHeight&quot;:300,&quot;margins&quot;:1,&quot;align&quot;:&quot;center&quot;,&quot;lastRow&quot;:&quot;smart&quot;}}\" style=\"--fg-title-line-clamp: 0; --fg-description-line-clamp: 0;\" >\n\t<div class=\"fg-item fg-type-image fg-idle\"><figure class=\"fg-item-inner\"><a href=\"https:\/\/jzi.org.pl\/wp-content\/uploads\/2020\/10\/1.jpg\" data-caption-title=\"Gr\u00f3b Adolfa Gerschowa w Augustowie\" data-attachment-id=\"15152\" data-type=\"image\" class=\"fg-thumb\"><span class=\"fg-image-wrap\"><img fetchpriority=\"high\" decoding=\"async\" alt=\"Gr\u00f3b Adolfa Gerschowa w Augustowie\" title=\"The grave of Adolf Gerschow in August\u00f3w\" height=\"300\" width=\"219\" class=\"skip-lazy fg-image\" data-src-fg=\"https:\/\/jzi.org.pl\/wp-content\/uploads\/cache\/2020\/10\/1\/2826800490.jpg\" src=\"data:image\/svg+xml,%3Csvg%20xmlns%3D%22http%3A%2F%2Fwww.w3.org%2F2000%2Fsvg%22%20width%3D%22219%22%20height%3D%22300%22%20viewBox%3D%220%200%20219%20300%22%3E%3C%2Fsvg%3E\" loading=\"eager\"><\/span><span class=\"fg-image-overlay\"><\/span><\/a><figcaption class=\"fg-caption\"><div class=\"fg-caption-inner\"><div class=\"fg-caption-title\">The grave of Adolf Gerschow in August\u00f3w<\/div><\/div><\/figcaption><\/figure><div class=\"fg-loader\"><\/div><\/div><div class=\"fg-item fg-type-image fg-idle\"><figure class=\"fg-item-inner\"><a href=\"https:\/\/jzi.org.pl\/wp-content\/uploads\/2020\/10\/2.jpg\" data-caption-title=\"Gr\u00f3b Adolfa Gerschowa w Augustowie\" data-attachment-id=\"15153\" data-type=\"image\" class=\"fg-thumb\"><span class=\"fg-image-wrap\"><img decoding=\"async\" alt=\"Gr\u00f3b Adolfa Gerschowa w Augustowie\" title=\"The grave of Adolf Gerschow in August\u00f3w\" height=\"300\" width=\"400\" class=\"skip-lazy fg-image\" data-src-fg=\"https:\/\/jzi.org.pl\/wp-content\/uploads\/cache\/2020\/10\/2\/2583965510.jpg\" src=\"data:image\/svg+xml,%3Csvg%20xmlns%3D%22http%3A%2F%2Fwww.w3.org%2F2000%2Fsvg%22%20width%3D%22400%22%20height%3D%22300%22%20viewBox%3D%220%200%20400%20300%22%3E%3C%2Fsvg%3E\" loading=\"eager\"><\/span><span class=\"fg-image-overlay\"><\/span><\/a><figcaption class=\"fg-caption\"><div class=\"fg-caption-inner\"><div class=\"fg-caption-title\">The grave of Adolf Gerschow in August\u00f3w<\/div><\/div><\/figcaption><\/figure><div class=\"fg-loader\"><\/div><\/div><div class=\"fg-item fg-type-image fg-idle\"><figure class=\"fg-item-inner\"><a href=\"https:\/\/jzi.org.pl\/wp-content\/uploads\/2020\/10\/3.jpg\" data-caption-title=\"Gr\u00f3b Adolfa Gerschowa w Augustowie\" data-attachment-id=\"15154\" data-type=\"image\" class=\"fg-thumb\"><span class=\"fg-image-wrap\"><img decoding=\"async\" alt=\"Gr\u00f3b Adolfa Gerschowa w Augustowie\" title=\"The grave of Adolf Gerschow in August\u00f3w\" height=\"300\" width=\"212\" class=\"skip-lazy fg-image\" data-src-fg=\"https:\/\/jzi.org.pl\/wp-content\/uploads\/cache\/2020\/10\/3\/3599587895.jpg\" src=\"data:image\/svg+xml,%3Csvg%20xmlns%3D%22http%3A%2F%2Fwww.w3.org%2F2000%2Fsvg%22%20width%3D%22212%22%20height%3D%22300%22%20viewBox%3D%220%200%20212%20300%22%3E%3C%2Fsvg%3E\" loading=\"eager\"><\/span><span class=\"fg-image-overlay\"><\/span><\/a><figcaption class=\"fg-caption\"><div class=\"fg-caption-inner\"><div class=\"fg-caption-title\">The grave of Adolf Gerschow in August\u00f3w<\/div><\/div><\/figcaption><\/figure><div class=\"fg-loader\"><\/div><\/div><div class=\"fg-item fg-type-image fg-idle\"><figure class=\"fg-item-inner\"><a href=\"https:\/\/jzi.org.pl\/wp-content\/uploads\/2020\/10\/4.jpg\" data-caption-title=\"Gr\u00f3b Adolfa Gerschowa w Augustowie\" data-attachment-id=\"15155\" data-type=\"image\" class=\"fg-thumb\"><span class=\"fg-image-wrap\"><img decoding=\"async\" alt=\"Gr\u00f3b Adolfa Gerschowa w Augustowie\" title=\"The grave of Adolf Gerschow in August\u00f3w\" height=\"300\" width=\"225\" class=\"skip-lazy fg-image\" data-src-fg=\"https:\/\/jzi.org.pl\/wp-content\/uploads\/cache\/2020\/10\/4\/1623127777.jpg\" src=\"data:image\/svg+xml,%3Csvg%20xmlns%3D%22http%3A%2F%2Fwww.w3.org%2F2000%2Fsvg%22%20width%3D%22225%22%20height%3D%22300%22%20viewBox%3D%220%200%20225%20300%22%3E%3C%2Fsvg%3E\" loading=\"eager\"><\/span><span class=\"fg-image-overlay\"><\/span><\/a><figcaption class=\"fg-caption\"><div class=\"fg-caption-inner\"><div class=\"fg-caption-title\">The grave of Adolf Gerschow in August\u00f3w<\/div><\/div><\/figcaption><\/figure><div class=\"fg-loader\"><\/div><\/div><div class=\"fg-item fg-type-image fg-idle\"><figure class=\"fg-item-inner\"><a href=\"https:\/\/jzi.org.pl\/wp-content\/uploads\/2020\/10\/5.jpg\" data-caption-title=\"Gr\u00f3b Adolfa Gerschowa w Augustowie\" data-attachment-id=\"15156\" data-type=\"image\" class=\"fg-thumb\"><span class=\"fg-image-wrap\"><img decoding=\"async\" alt=\"Gr\u00f3b Adolfa Gerschowa w Augustowie\" title=\"The grave of Adolf Gerschow in August\u00f3w\" height=\"300\" width=\"217\" class=\"skip-lazy fg-image\" data-src-fg=\"https:\/\/jzi.org.pl\/wp-content\/uploads\/cache\/2020\/10\/5\/2994609775.jpg\" src=\"data:image\/svg+xml,%3Csvg%20xmlns%3D%22http%3A%2F%2Fwww.w3.org%2F2000%2Fsvg%22%20width%3D%22217%22%20height%3D%22300%22%20viewBox%3D%220%200%20217%20300%22%3E%3C%2Fsvg%3E\" loading=\"eager\"><\/span><span class=\"fg-image-overlay\"><\/span><\/a><figcaption class=\"fg-caption\"><div class=\"fg-caption-inner\"><div class=\"fg-caption-title\">The grave of Adolf Gerschow in August\u00f3w<\/div><\/div><\/figcaption><\/figure><div class=\"fg-loader\"><\/div><\/div><\/div>","protected":false},"excerpt":{"rendered":"<p>In\u017cynier Adolf Gerschow (1807-1860), przyjaciel i towarzysz broni hr. Karola Brzostowskiego. Zgodnie z jego ostatni\u0105 wol\u0105, Gerschow zosta\u0142 administratorem generalnym &#8222;Instytucji Rolno-Przemys\u0142owej Sztabi\u0144skiej&#8221;. Brzostowski pozna\u0142 go w latach 20-tych XIX wieku podczas budowy Kana\u0142u Augustowskiego. Razem walczyli w Powstaniu Listopadowym. Niestety, obj\u0119cie funkcji administratora przez A. Gerschowa, sta\u0142o si\u0119 pocz\u0105tkiem ko\u0144ca Rzeczpospolitej Sztabi\u0144skiej. Przez sze\u015b\u0107 [&hellip;]<\/p>\n","protected":false},"author":1,"featured_media":15156,"parent":1158,"menu_order":0,"comment_status":"open","ping_status":"open","template":"","meta":{"h5ap_radio_sources":[],"jetpack_post_was_ever_published":false,"footnotes":""},"class_list":["post-15157","page","type-page","status-publish","has-post-thumbnail","hentry"],"yoast_head":"<!-- This site is optimized with the Yoast SEO plugin v27.4 - https:\/\/yoast.com\/product\/yoast-seo-wordpress\/ -->\n<title>Gr\u00f3b Adolfa Gerschowa na cmentarzu w Augustowie - Jami\u0144ski Zesp\u00f3\u0142 Indeksacyjny<\/title>\n<meta name=\"robots\" content=\"index, follow, max-snippet:-1, max-image-preview:large, max-video-preview:-1\" \/>\n<link rel=\"canonical\" href=\"https:\/\/jzi.org.pl\/en\/galerie\/grob-adolfa-gerschowa-na-cmentarzu-w-augustowie\/\" \/>\n<meta property=\"og:locale\" content=\"en_US\" \/>\n<meta property=\"og:type\" content=\"article\" \/>\n<meta property=\"og:title\" content=\"Gr\u00f3b Adolfa Gerschowa na cmentarzu w Augustowie - Jami\u0144ski Zesp\u00f3\u0142 Indeksacyjny\" \/>\n<meta property=\"og:description\" content=\"In\u017cynier Adolf Gerschow (1807-1860), przyjaciel i towarzysz broni hr. Karola Brzostowskiego. Zgodnie z jego ostatni\u0105 wol\u0105, Gerschow zosta\u0142 administratorem generalnym &#8222;Instytucji Rolno-Przemys\u0142owej Sztabi\u0144skiej&#8221;. Brzostowski pozna\u0142 go w latach 20-tych XIX wieku podczas budowy Kana\u0142u Augustowskiego. Razem walczyli w Powstaniu Listopadowym. Niestety, obj\u0119cie funkcji administratora przez A. Gerschowa, sta\u0142o si\u0119 pocz\u0105tkiem ko\u0144ca Rzeczpospolitej Sztabi\u0144skiej. Przez sze\u015b\u0107 [&hellip;]\" \/>\n<meta property=\"og:url\" content=\"https:\/\/jzi.org.pl\/en\/galerie\/grob-adolfa-gerschowa-na-cmentarzu-w-augustowie\/\" \/>\n<meta property=\"og:site_name\" content=\"Jami\u0144ski Zesp\u00f3\u0142 Indeksacyjny\" \/>\n<meta property=\"article:publisher\" content=\"https:\/\/www.facebook.com\/Jaminski.Zespol.Indeksacyjny\/\" \/>\n<meta property=\"article:modified_time\" content=\"2020-10-23T09:47:10+00:00\" \/>\n<meta property=\"og:image\" content=\"https:\/\/jzi.org.pl\/wp-content\/uploads\/2020\/10\/5.jpg\" \/>\n\t<meta property=\"og:image:width\" content=\"1480\" \/>\n\t<meta property=\"og:image:height\" content=\"2048\" \/>\n\t<meta property=\"og:image:type\" content=\"image\/jpeg\" \/>\n<meta name=\"twitter:card\" content=\"summary_large_image\" \/>\n<meta name=\"twitter:label1\" content=\"Est. reading time\" \/>\n\t<meta name=\"twitter:data1\" content=\"1 minute\" \/>\n<script type=\"application\/ld+json\" class=\"yoast-schema-graph\">{\"@context\":\"https:\\\/\\\/schema.org\",\"@graph\":[{\"@type\":\"WebPage\",\"@id\":\"https:\\\/\\\/jzi.org.pl\\\/en\\\/galerie\\\/grob-adolfa-gerschowa-na-cmentarzu-w-augustowie\\\/\",\"url\":\"https:\\\/\\\/jzi.org.pl\\\/en\\\/galerie\\\/grob-adolfa-gerschowa-na-cmentarzu-w-augustowie\\\/\",\"name\":\"Gr\u00f3b Adolfa Gerschowa na cmentarzu w Augustowie - Jami\u0144ski Zesp\u00f3\u0142 Indeksacyjny\",\"isPartOf\":{\"@id\":\"https:\\\/\\\/jzi.org.pl\\\/#website\"},\"primaryImageOfPage\":{\"@id\":\"https:\\\/\\\/jzi.org.pl\\\/en\\\/galerie\\\/grob-adolfa-gerschowa-na-cmentarzu-w-augustowie\\\/#primaryimage\"},\"image\":{\"@id\":\"https:\\\/\\\/jzi.org.pl\\\/en\\\/galerie\\\/grob-adolfa-gerschowa-na-cmentarzu-w-augustowie\\\/#primaryimage\"},\"thumbnailUrl\":\"https:\\\/\\\/jzi.org.pl\\\/wp-content\\\/uploads\\\/2020\\\/10\\\/5.jpg\",\"datePublished\":\"2020-10-23T08:38:11+00:00\",\"dateModified\":\"2020-10-23T09:47:10+00:00\",\"breadcrumb\":{\"@id\":\"https:\\\/\\\/jzi.org.pl\\\/en\\\/galerie\\\/grob-adolfa-gerschowa-na-cmentarzu-w-augustowie\\\/#breadcrumb\"},\"inLanguage\":\"en-US\",\"potentialAction\":[{\"@type\":\"ReadAction\",\"target\":[\"https:\\\/\\\/jzi.org.pl\\\/en\\\/galerie\\\/grob-adolfa-gerschowa-na-cmentarzu-w-augustowie\\\/\"]}]},{\"@type\":\"ImageObject\",\"inLanguage\":\"en-US\",\"@id\":\"https:\\\/\\\/jzi.org.pl\\\/en\\\/galerie\\\/grob-adolfa-gerschowa-na-cmentarzu-w-augustowie\\\/#primaryimage\",\"url\":\"https:\\\/\\\/jzi.org.pl\\\/wp-content\\\/uploads\\\/2020\\\/10\\\/5.jpg\",\"contentUrl\":\"https:\\\/\\\/jzi.org.pl\\\/wp-content\\\/uploads\\\/2020\\\/10\\\/5.jpg\",\"width\":1480,\"height\":2048,\"caption\":\"Gr\u00f3b Adolfa Gerschowa w Augustowie\"},{\"@type\":\"BreadcrumbList\",\"@id\":\"https:\\\/\\\/jzi.org.pl\\\/en\\\/galerie\\\/grob-adolfa-gerschowa-na-cmentarzu-w-augustowie\\\/#breadcrumb\",\"itemListElement\":[{\"@type\":\"ListItem\",\"position\":1,\"name\":\"Strona g\u0142\u00f3wna\",\"item\":\"https:\\\/\\\/jzi.org.pl\\\/\"},{\"@type\":\"ListItem\",\"position\":2,\"name\":\"Galerie\",\"item\":\"https:\\\/\\\/jzi.org.pl\\\/galerie\\\/\"},{\"@type\":\"ListItem\",\"position\":3,\"name\":\"Gr\u00f3b Adolfa Gerschowa na cmentarzu w Augustowie\"}]},{\"@type\":\"WebSite\",\"@id\":\"https:\\\/\\\/jzi.org.pl\\\/#website\",\"url\":\"https:\\\/\\\/jzi.org.pl\\\/\",\"name\":\"Jami\u0144ski Zesp\u00f3\u0142 Indeksacyjny\",\"description\":\"\",\"publisher\":{\"@id\":\"https:\\\/\\\/jzi.org.pl\\\/#organization\"},\"potentialAction\":[{\"@type\":\"SearchAction\",\"target\":{\"@type\":\"EntryPoint\",\"urlTemplate\":\"https:\\\/\\\/jzi.org.pl\\\/?s={search_term_string}\"},\"query-input\":{\"@type\":\"PropertyValueSpecification\",\"valueRequired\":true,\"valueName\":\"search_term_string\"}}],\"inLanguage\":\"en-US\"},{\"@type\":\"Organization\",\"@id\":\"https:\\\/\\\/jzi.org.pl\\\/#organization\",\"name\":\"Jami\u0144ski Zesp\u00f3\u0142 Indeksacyjny\",\"url\":\"https:\\\/\\\/jzi.org.pl\\\/\",\"logo\":{\"@type\":\"ImageObject\",\"inLanguage\":\"en-US\",\"@id\":\"https:\\\/\\\/jzi.org.pl\\\/#\\\/schema\\\/logo\\\/image\\\/\",\"url\":\"https:\\\/\\\/jzi.org.pl\\\/wp-content\\\/uploads\\\/2019\\\/03\\\/logo-stowarzyszenie-jzi.png\",\"contentUrl\":\"https:\\\/\\\/jzi.org.pl\\\/wp-content\\\/uploads\\\/2019\\\/03\\\/logo-stowarzyszenie-jzi.png\",\"width\":931,\"height\":990,\"caption\":\"Jami\u0144ski Zesp\u00f3\u0142 Indeksacyjny\"},\"image\":{\"@id\":\"https:\\\/\\\/jzi.org.pl\\\/#\\\/schema\\\/logo\\\/image\\\/\"},\"sameAs\":[\"https:\\\/\\\/www.facebook.com\\\/Jaminski.Zespol.Indeksacyjny\\\/\"]}]}<\/script>\n<!-- \/ Yoast SEO plugin. -->","yoast_head_json":{"title":"Gr\u00f3b Adolfa Gerschowa na cmentarzu w Augustowie - Jami\u0144ski Zesp\u00f3\u0142 Indeksacyjny","robots":{"index":"index","follow":"follow","max-snippet":"max-snippet:-1","max-image-preview":"max-image-preview:large","max-video-preview":"max-video-preview:-1"},"canonical":"https:\/\/jzi.org.pl\/en\/galerie\/grob-adolfa-gerschowa-na-cmentarzu-w-augustowie\/","og_locale":"en_US","og_type":"article","og_title":"Gr\u00f3b Adolfa Gerschowa na cmentarzu w Augustowie - Jami\u0144ski Zesp\u00f3\u0142 Indeksacyjny","og_description":"In\u017cynier Adolf Gerschow (1807-1860), przyjaciel i towarzysz broni hr. Karola Brzostowskiego. Zgodnie z jego ostatni\u0105 wol\u0105, Gerschow zosta\u0142 administratorem generalnym &#8222;Instytucji Rolno-Przemys\u0142owej Sztabi\u0144skiej&#8221;. Brzostowski pozna\u0142 go w latach 20-tych XIX wieku podczas budowy Kana\u0142u Augustowskiego. Razem walczyli w Powstaniu Listopadowym. Niestety, obj\u0119cie funkcji administratora przez A. Gerschowa, sta\u0142o si\u0119 pocz\u0105tkiem ko\u0144ca Rzeczpospolitej Sztabi\u0144skiej. Przez sze\u015b\u0107 [&hellip;]","og_url":"https:\/\/jzi.org.pl\/en\/galerie\/grob-adolfa-gerschowa-na-cmentarzu-w-augustowie\/","og_site_name":"Jami\u0144ski Zesp\u00f3\u0142 Indeksacyjny","article_publisher":"https:\/\/www.facebook.com\/Jaminski.Zespol.Indeksacyjny\/","article_modified_time":"2020-10-23T09:47:10+00:00","og_image":[{"width":1480,"height":2048,"url":"https:\/\/jzi.org.pl\/wp-content\/uploads\/2020\/10\/5.jpg","type":"image\/jpeg"}],"twitter_card":"summary_large_image","twitter_misc":{"Est. reading time":"1 minute"},"schema":{"@context":"https:\/\/schema.org","@graph":[{"@type":"WebPage","@id":"https:\/\/jzi.org.pl\/en\/galerie\/grob-adolfa-gerschowa-na-cmentarzu-w-augustowie\/","url":"https:\/\/jzi.org.pl\/en\/galerie\/grob-adolfa-gerschowa-na-cmentarzu-w-augustowie\/","name":"Gr\u00f3b Adolfa Gerschowa na cmentarzu w Augustowie - Jami\u0144ski Zesp\u00f3\u0142 Indeksacyjny","isPartOf":{"@id":"https:\/\/jzi.org.pl\/#website"},"primaryImageOfPage":{"@id":"https:\/\/jzi.org.pl\/en\/galerie\/grob-adolfa-gerschowa-na-cmentarzu-w-augustowie\/#primaryimage"},"image":{"@id":"https:\/\/jzi.org.pl\/en\/galerie\/grob-adolfa-gerschowa-na-cmentarzu-w-augustowie\/#primaryimage"},"thumbnailUrl":"https:\/\/jzi.org.pl\/wp-content\/uploads\/2020\/10\/5.jpg","datePublished":"2020-10-23T08:38:11+00:00","dateModified":"2020-10-23T09:47:10+00:00","breadcrumb":{"@id":"https:\/\/jzi.org.pl\/en\/galerie\/grob-adolfa-gerschowa-na-cmentarzu-w-augustowie\/#breadcrumb"},"inLanguage":"en-US","potentialAction":[{"@type":"ReadAction","target":["https:\/\/jzi.org.pl\/en\/galerie\/grob-adolfa-gerschowa-na-cmentarzu-w-augustowie\/"]}]},{"@type":"ImageObject","inLanguage":"en-US","@id":"https:\/\/jzi.org.pl\/en\/galerie\/grob-adolfa-gerschowa-na-cmentarzu-w-augustowie\/#primaryimage","url":"https:\/\/jzi.org.pl\/wp-content\/uploads\/2020\/10\/5.jpg","contentUrl":"https:\/\/jzi.org.pl\/wp-content\/uploads\/2020\/10\/5.jpg","width":1480,"height":2048,"caption":"Gr\u00f3b Adolfa Gerschowa w Augustowie"},{"@type":"BreadcrumbList","@id":"https:\/\/jzi.org.pl\/en\/galerie\/grob-adolfa-gerschowa-na-cmentarzu-w-augustowie\/#breadcrumb","itemListElement":[{"@type":"ListItem","position":1,"name":"Strona g\u0142\u00f3wna","item":"https:\/\/jzi.org.pl\/"},{"@type":"ListItem","position":2,"name":"Galerie","item":"https:\/\/jzi.org.pl\/galerie\/"},{"@type":"ListItem","position":3,"name":"Gr\u00f3b Adolfa Gerschowa na cmentarzu w Augustowie"}]},{"@type":"WebSite","@id":"https:\/\/jzi.org.pl\/#website","url":"https:\/\/jzi.org.pl\/","name":"Jaminy Indexing Team","description":"","publisher":{"@id":"https:\/\/jzi.org.pl\/#organization"},"potentialAction":[{"@type":"SearchAction","target":{"@type":"EntryPoint","urlTemplate":"https:\/\/jzi.org.pl\/?s={search_term_string}"},"query-input":{"@type":"PropertyValueSpecification","valueRequired":true,"valueName":"search_term_string"}}],"inLanguage":"en-US"},{"@type":"Organization","@id":"https:\/\/jzi.org.pl\/#organization","name":"Jaminy Indexing Team","url":"https:\/\/jzi.org.pl\/","logo":{"@type":"ImageObject","inLanguage":"en-US","@id":"https:\/\/jzi.org.pl\/#\/schema\/logo\/image\/","url":"https:\/\/jzi.org.pl\/wp-content\/uploads\/2019\/03\/logo-stowarzyszenie-jzi.png","contentUrl":"https:\/\/jzi.org.pl\/wp-content\/uploads\/2019\/03\/logo-stowarzyszenie-jzi.png","width":931,"height":990,"caption":"Jami\u0144ski Zesp\u00f3\u0142 Indeksacyjny"},"image":{"@id":"https:\/\/jzi.org.pl\/#\/schema\/logo\/image\/"},"sameAs":["https:\/\/www.facebook.com\/Jaminski.Zespol.Indeksacyjny\/"]}]}},"jetpack_likes_enabled":true,"jetpack_sharing_enabled":true,"_links":{"self":[{"href":"https:\/\/jzi.org.pl\/en\/wp-json\/wp\/v2\/pages\/15157","targetHints":{"allow":["GET"]}}],"collection":[{"href":"https:\/\/jzi.org.pl\/en\/wp-json\/wp\/v2\/pages"}],"about":[{"href":"https:\/\/jzi.org.pl\/en\/wp-json\/wp\/v2\/types\/page"}],"author":[{"embeddable":true,"href":"https:\/\/jzi.org.pl\/en\/wp-json\/wp\/v2\/users\/1"}],"replies":[{"embeddable":true,"href":"https:\/\/jzi.org.pl\/en\/wp-json\/wp\/v2\/comments?post=15157"}],"version-history":[{"count":0,"href":"https:\/\/jzi.org.pl\/en\/wp-json\/wp\/v2\/pages\/15157\/revisions"}],"up":[{"embeddable":true,"href":"https:\/\/jzi.org.pl\/en\/wp-json\/wp\/v2\/pages\/1158"}],"wp:featuredmedia":[{"embeddable":true,"href":"https:\/\/jzi.org.pl\/en\/wp-json\/wp\/v2\/media\/15156"}],"wp:attachment":[{"href":"https:\/\/jzi.org.pl\/en\/wp-json\/wp\/v2\/media?parent=15157"}],"curies":[{"name":"wp","href":"https:\/\/api.w.org\/{rel}","templated":true}]}}