{"id":15039,"date":"2020-10-02T14:34:43","date_gmt":"2020-10-02T12:34:43","guid":{"rendered":"https:\/\/jzi.org.pl\/?page_id=15039"},"modified":"2020-10-02T14:34:43","modified_gmt":"2020-10-02T12:34:43","slug":"blogoslawiony-ksiadz-michal-piaszczynski","status":"publish","type":"page","link":"https:\/\/jzi.org.pl\/en\/galerie\/ludzie-stad\/blogoslawiony-ksiadz-michal-piaszczynski\/","title":{"rendered":"B\u0142ogos\u0142awiony ksi\u0105dz Micha\u0142 Piaszczy\u0144ski"},"content":{"rendered":"<p>Urodzi\u0142 si\u0119 1 listopada 1885 roku w \u0141om\u017cy, jako syn Ferdynanda i Anny z Zienar\u00f3w. W roku 1903 uko\u0144czy\u0142 gimnazjum i wst\u0105pi\u0142 do Seminarium Duchownego w Sejnach. B\u0119d\u0105c diakonem, w 1908 roku uda\u0142 si\u0119 do Rzymskokatolickiej Akademii Duchownej w Petersburgu, gdzie 13 czerwca 1911 roku, w kaplicy akademickiej przyj\u0105\u0142 \u015bwi\u0119cenia kap\u0142a\u0144skie. 31 maja 1912 roku otrzyma\u0142 stopie\u0144 kandydata teologii.<\/p>\n<p>Nast\u0119pnie wyjecha\u0142 do Fryburga szwajcarskiego kontynuowa\u0107 studia specjalistyczne w zakresie filozofii, kt\u00f3re uko\u0144czy\u0142 w 1914 roku zdobywaj\u0105c stopie\u0144 doktora. W latach 1915- 1919 pe\u0142ni\u0142 obowi\u0105zki kapelana g\u00f3rnik\u00f3w polskich we Francji.<\/p>\n<p>Po powrocie do diecezji, pracowa\u0142 w Wy\u017cszym Seminarium Duchownym w \u0141om\u017cy jako profesor. W 1923 roku obj\u0105\u0142 stanowisko dyrektora Gimnazjum im. Piotra Skargi w \u0141om\u017cy. W roku 1926 otrzyma\u0142 godno\u015b\u0107 Kanonika Kapitu\u0142y \u0141om\u017cy\u0144skiej, a od 1935 roku dodatkowo prowadzi\u0142 zaj\u0119cia w Seminarium Nauczycielskim \u017be\u0144skim w \u0141om\u017cy.<\/p>\n<p>1 wrze\u015bnia 1939 roku obj\u0105\u0142 stanowisko dyrektora Gimnazjum i Liceum Kurii Biskupiej im. \u015aw. Kazimierza\u00a0 w <a href=\"https:\/\/jzi.org.pl\/en\/parafie\/sejny\/\">Sejnach<\/a>. 7 kwietnia 1940 roku w czasie odprawiania Mszy \u015bw. w ko\u015bciele w Sejnach, zosta\u0142 aresztowany i wywieziony do obozu koncentracyjnego w Dzia\u0142dowie, a 3 maja 1940 do Sachsen-Hausen (Oranienburg). 18 grudnia 1940 roku zmar\u0142 wskutek\u00a0 wycie\u0144czenia i g\u0142odu. Ca\u0142e Jego \u017cycie by\u0142o nacechowane pobo\u017cno\u015bci\u0105, skromno\u015bci\u0105 i umartwieniem.<\/p>\n<p>Odszed\u0142 dobry Pasterz, ale \u015blady Jego st\u00f3p pozostan\u0105 na zawsze.<\/p>\n<h5 style=\"text-align: right;\"><em>Czes\u0142awa Jasionowska, SIEWCA, pismo Parafii p.w. Nawiedzenia Naj\u015bwi\u0119tszej Maryi Panny w Sejnach, nr 15 (83), 27 wrze\u015bnia- 10 pa\u017adziernika 2009 r. <\/em><\/h5>","protected":false},"excerpt":{"rendered":"<p>Urodzi\u0142 si\u0119 1 listopada 1885 roku w \u0141om\u017cy, jako syn Ferdynanda i Anny z Zienar\u00f3w. W roku 1903 uko\u0144czy\u0142 gimnazjum i wst\u0105pi\u0142 do Seminarium Duchownego w Sejnach. B\u0119d\u0105c diakonem, w 1908 roku uda\u0142 si\u0119 do Rzymskokatolickiej Akademii Duchownej w Petersburgu, gdzie 13 czerwca 1911 roku, w kaplicy akademickiej przyj\u0105\u0142 \u015bwi\u0119cenia kap\u0142a\u0144skie. 31 maja 1912 roku [&hellip;]<\/p>\n","protected":false},"author":1,"featured_media":15042,"parent":1223,"menu_order":0,"comment_status":"closed","ping_status":"closed","template":"","meta":{"h5ap_radio_sources":[],"jetpack_post_was_ever_published":false,"footnotes":""},"class_list":["post-15039","page","type-page","status-publish","has-post-thumbnail","hentry"],"yoast_head":"<!-- This site is optimized with the Yoast SEO plugin v27.3 - https:\/\/yoast.com\/product\/yoast-seo-wordpress\/ -->\n<title>B\u0142ogos\u0142awiony ksi\u0105dz Micha\u0142 Piaszczy\u0144ski - Jami\u0144ski Zesp\u00f3\u0142 Indeksacyjny<\/title>\n<meta name=\"robots\" content=\"index, follow, max-snippet:-1, max-image-preview:large, max-video-preview:-1\" \/>\n<link rel=\"canonical\" href=\"https:\/\/jzi.org.pl\/en\/galerie\/ludzie-stad\/blogoslawiony-ksiadz-michal-piaszczynski\/\" \/>\n<meta property=\"og:locale\" content=\"en_US\" \/>\n<meta property=\"og:type\" content=\"article\" \/>\n<meta property=\"og:title\" content=\"B\u0142ogos\u0142awiony ksi\u0105dz Micha\u0142 Piaszczy\u0144ski - Jami\u0144ski Zesp\u00f3\u0142 Indeksacyjny\" \/>\n<meta property=\"og:description\" content=\"Urodzi\u0142 si\u0119 1 listopada 1885 roku w \u0141om\u017cy, jako syn Ferdynanda i Anny z Zienar\u00f3w. W roku 1903 uko\u0144czy\u0142 gimnazjum i wst\u0105pi\u0142 do Seminarium Duchownego w Sejnach. B\u0119d\u0105c diakonem, w 1908 roku uda\u0142 si\u0119 do Rzymskokatolickiej Akademii Duchownej w Petersburgu, gdzie 13 czerwca 1911 roku, w kaplicy akademickiej przyj\u0105\u0142 \u015bwi\u0119cenia kap\u0142a\u0144skie. 31 maja 1912 roku [&hellip;]\" \/>\n<meta property=\"og:url\" content=\"https:\/\/jzi.org.pl\/en\/galerie\/ludzie-stad\/blogoslawiony-ksiadz-michal-piaszczynski\/\" \/>\n<meta property=\"og:site_name\" content=\"Jami\u0144ski Zesp\u00f3\u0142 Indeksacyjny\" \/>\n<meta property=\"article:publisher\" content=\"https:\/\/www.facebook.com\/Jaminski.Zespol.Indeksacyjny\/\" \/>\n<meta property=\"og:image\" content=\"https:\/\/jzi.org.pl\/wp-content\/uploads\/2020\/10\/michal-piaszczynski.jpg\" \/>\n\t<meta property=\"og:image:width\" content=\"560\" \/>\n\t<meta property=\"og:image:height\" content=\"832\" \/>\n\t<meta property=\"og:image:type\" content=\"image\/jpeg\" \/>\n<meta name=\"twitter:card\" content=\"summary_large_image\" \/>\n<meta name=\"twitter:label1\" content=\"Est. reading time\" \/>\n\t<meta name=\"twitter:data1\" content=\"1 minute\" \/>\n<script type=\"application\/ld+json\" class=\"yoast-schema-graph\">{\"@context\":\"https:\\\/\\\/schema.org\",\"@graph\":[{\"@type\":\"WebPage\",\"@id\":\"https:\\\/\\\/jzi.org.pl\\\/galerie\\\/ludzie-stad\\\/blogoslawiony-ksiadz-michal-piaszczynski\\\/\",\"url\":\"https:\\\/\\\/jzi.org.pl\\\/galerie\\\/ludzie-stad\\\/blogoslawiony-ksiadz-michal-piaszczynski\\\/\",\"name\":\"B\u0142ogos\u0142awiony ksi\u0105dz Micha\u0142 Piaszczy\u0144ski - Jami\u0144ski Zesp\u00f3\u0142 Indeksacyjny\",\"isPartOf\":{\"@id\":\"https:\\\/\\\/jzi.org.pl\\\/#website\"},\"primaryImageOfPage\":{\"@id\":\"https:\\\/\\\/jzi.org.pl\\\/galerie\\\/ludzie-stad\\\/blogoslawiony-ksiadz-michal-piaszczynski\\\/#primaryimage\"},\"image\":{\"@id\":\"https:\\\/\\\/jzi.org.pl\\\/galerie\\\/ludzie-stad\\\/blogoslawiony-ksiadz-michal-piaszczynski\\\/#primaryimage\"},\"thumbnailUrl\":\"https:\\\/\\\/jzi.org.pl\\\/wp-content\\\/uploads\\\/2020\\\/10\\\/michal-piaszczynski.jpg\",\"datePublished\":\"2020-10-02T12:34:43+00:00\",\"breadcrumb\":{\"@id\":\"https:\\\/\\\/jzi.org.pl\\\/galerie\\\/ludzie-stad\\\/blogoslawiony-ksiadz-michal-piaszczynski\\\/#breadcrumb\"},\"inLanguage\":\"en-US\",\"potentialAction\":[{\"@type\":\"ReadAction\",\"target\":[\"https:\\\/\\\/jzi.org.pl\\\/galerie\\\/ludzie-stad\\\/blogoslawiony-ksiadz-michal-piaszczynski\\\/\"]}]},{\"@type\":\"ImageObject\",\"inLanguage\":\"en-US\",\"@id\":\"https:\\\/\\\/jzi.org.pl\\\/galerie\\\/ludzie-stad\\\/blogoslawiony-ksiadz-michal-piaszczynski\\\/#primaryimage\",\"url\":\"https:\\\/\\\/jzi.org.pl\\\/wp-content\\\/uploads\\\/2020\\\/10\\\/michal-piaszczynski.jpg\",\"contentUrl\":\"https:\\\/\\\/jzi.org.pl\\\/wp-content\\\/uploads\\\/2020\\\/10\\\/michal-piaszczynski.jpg\",\"width\":560,\"height\":832},{\"@type\":\"BreadcrumbList\",\"@id\":\"https:\\\/\\\/jzi.org.pl\\\/galerie\\\/ludzie-stad\\\/blogoslawiony-ksiadz-michal-piaszczynski\\\/#breadcrumb\",\"itemListElement\":[{\"@type\":\"ListItem\",\"position\":1,\"name\":\"Strona g\u0142\u00f3wna\",\"item\":\"https:\\\/\\\/jzi.org.pl\\\/\"},{\"@type\":\"ListItem\",\"position\":2,\"name\":\"Galerie\",\"item\":\"https:\\\/\\\/jzi.org.pl\\\/galerie\\\/\"},{\"@type\":\"ListItem\",\"position\":3,\"name\":\"Ludzie st\u0105d\",\"item\":\"https:\\\/\\\/jzi.org.pl\\\/galerie\\\/ludzie-stad\\\/\"},{\"@type\":\"ListItem\",\"position\":4,\"name\":\"B\u0142ogos\u0142awiony ksi\u0105dz Micha\u0142 Piaszczy\u0144ski\"}]},{\"@type\":\"WebSite\",\"@id\":\"https:\\\/\\\/jzi.org.pl\\\/#website\",\"url\":\"https:\\\/\\\/jzi.org.pl\\\/\",\"name\":\"Jami\u0144ski Zesp\u00f3\u0142 Indeksacyjny\",\"description\":\"\",\"publisher\":{\"@id\":\"https:\\\/\\\/jzi.org.pl\\\/#organization\"},\"potentialAction\":[{\"@type\":\"SearchAction\",\"target\":{\"@type\":\"EntryPoint\",\"urlTemplate\":\"https:\\\/\\\/jzi.org.pl\\\/?s={search_term_string}\"},\"query-input\":{\"@type\":\"PropertyValueSpecification\",\"valueRequired\":true,\"valueName\":\"search_term_string\"}}],\"inLanguage\":\"en-US\"},{\"@type\":\"Organization\",\"@id\":\"https:\\\/\\\/jzi.org.pl\\\/#organization\",\"name\":\"Jami\u0144ski Zesp\u00f3\u0142 Indeksacyjny\",\"url\":\"https:\\\/\\\/jzi.org.pl\\\/\",\"logo\":{\"@type\":\"ImageObject\",\"inLanguage\":\"en-US\",\"@id\":\"https:\\\/\\\/jzi.org.pl\\\/#\\\/schema\\\/logo\\\/image\\\/\",\"url\":\"https:\\\/\\\/jzi.org.pl\\\/wp-content\\\/uploads\\\/2019\\\/03\\\/logo-stowarzyszenie-jzi.png\",\"contentUrl\":\"https:\\\/\\\/jzi.org.pl\\\/wp-content\\\/uploads\\\/2019\\\/03\\\/logo-stowarzyszenie-jzi.png\",\"width\":931,\"height\":990,\"caption\":\"Jami\u0144ski Zesp\u00f3\u0142 Indeksacyjny\"},\"image\":{\"@id\":\"https:\\\/\\\/jzi.org.pl\\\/#\\\/schema\\\/logo\\\/image\\\/\"},\"sameAs\":[\"https:\\\/\\\/www.facebook.com\\\/Jaminski.Zespol.Indeksacyjny\\\/\"]}]}<\/script>\n<!-- \/ Yoast SEO plugin. -->","yoast_head_json":{"title":"B\u0142ogos\u0142awiony ksi\u0105dz Micha\u0142 Piaszczy\u0144ski - Jami\u0144ski Zesp\u00f3\u0142 Indeksacyjny","robots":{"index":"index","follow":"follow","max-snippet":"max-snippet:-1","max-image-preview":"max-image-preview:large","max-video-preview":"max-video-preview:-1"},"canonical":"https:\/\/jzi.org.pl\/en\/galerie\/ludzie-stad\/blogoslawiony-ksiadz-michal-piaszczynski\/","og_locale":"en_US","og_type":"article","og_title":"B\u0142ogos\u0142awiony ksi\u0105dz Micha\u0142 Piaszczy\u0144ski - Jami\u0144ski Zesp\u00f3\u0142 Indeksacyjny","og_description":"Urodzi\u0142 si\u0119 1 listopada 1885 roku w \u0141om\u017cy, jako syn Ferdynanda i Anny z Zienar\u00f3w. W roku 1903 uko\u0144czy\u0142 gimnazjum i wst\u0105pi\u0142 do Seminarium Duchownego w Sejnach. B\u0119d\u0105c diakonem, w 1908 roku uda\u0142 si\u0119 do Rzymskokatolickiej Akademii Duchownej w Petersburgu, gdzie 13 czerwca 1911 roku, w kaplicy akademickiej przyj\u0105\u0142 \u015bwi\u0119cenia kap\u0142a\u0144skie. 31 maja 1912 roku [&hellip;]","og_url":"https:\/\/jzi.org.pl\/en\/galerie\/ludzie-stad\/blogoslawiony-ksiadz-michal-piaszczynski\/","og_site_name":"Jami\u0144ski Zesp\u00f3\u0142 Indeksacyjny","article_publisher":"https:\/\/www.facebook.com\/Jaminski.Zespol.Indeksacyjny\/","og_image":[{"width":560,"height":832,"url":"https:\/\/jzi.org.pl\/wp-content\/uploads\/2020\/10\/michal-piaszczynski.jpg","type":"image\/jpeg"}],"twitter_card":"summary_large_image","twitter_misc":{"Est. reading time":"1 minute"},"schema":{"@context":"https:\/\/schema.org","@graph":[{"@type":"WebPage","@id":"https:\/\/jzi.org.pl\/galerie\/ludzie-stad\/blogoslawiony-ksiadz-michal-piaszczynski\/","url":"https:\/\/jzi.org.pl\/galerie\/ludzie-stad\/blogoslawiony-ksiadz-michal-piaszczynski\/","name":"B\u0142ogos\u0142awiony ksi\u0105dz Micha\u0142 Piaszczy\u0144ski - Jami\u0144ski Zesp\u00f3\u0142 Indeksacyjny","isPartOf":{"@id":"https:\/\/jzi.org.pl\/#website"},"primaryImageOfPage":{"@id":"https:\/\/jzi.org.pl\/galerie\/ludzie-stad\/blogoslawiony-ksiadz-michal-piaszczynski\/#primaryimage"},"image":{"@id":"https:\/\/jzi.org.pl\/galerie\/ludzie-stad\/blogoslawiony-ksiadz-michal-piaszczynski\/#primaryimage"},"thumbnailUrl":"https:\/\/jzi.org.pl\/wp-content\/uploads\/2020\/10\/michal-piaszczynski.jpg","datePublished":"2020-10-02T12:34:43+00:00","breadcrumb":{"@id":"https:\/\/jzi.org.pl\/galerie\/ludzie-stad\/blogoslawiony-ksiadz-michal-piaszczynski\/#breadcrumb"},"inLanguage":"en-US","potentialAction":[{"@type":"ReadAction","target":["https:\/\/jzi.org.pl\/galerie\/ludzie-stad\/blogoslawiony-ksiadz-michal-piaszczynski\/"]}]},{"@type":"ImageObject","inLanguage":"en-US","@id":"https:\/\/jzi.org.pl\/galerie\/ludzie-stad\/blogoslawiony-ksiadz-michal-piaszczynski\/#primaryimage","url":"https:\/\/jzi.org.pl\/wp-content\/uploads\/2020\/10\/michal-piaszczynski.jpg","contentUrl":"https:\/\/jzi.org.pl\/wp-content\/uploads\/2020\/10\/michal-piaszczynski.jpg","width":560,"height":832},{"@type":"BreadcrumbList","@id":"https:\/\/jzi.org.pl\/galerie\/ludzie-stad\/blogoslawiony-ksiadz-michal-piaszczynski\/#breadcrumb","itemListElement":[{"@type":"ListItem","position":1,"name":"Strona g\u0142\u00f3wna","item":"https:\/\/jzi.org.pl\/"},{"@type":"ListItem","position":2,"name":"Galerie","item":"https:\/\/jzi.org.pl\/galerie\/"},{"@type":"ListItem","position":3,"name":"Ludzie st\u0105d","item":"https:\/\/jzi.org.pl\/galerie\/ludzie-stad\/"},{"@type":"ListItem","position":4,"name":"B\u0142ogos\u0142awiony ksi\u0105dz Micha\u0142 Piaszczy\u0144ski"}]},{"@type":"WebSite","@id":"https:\/\/jzi.org.pl\/#website","url":"https:\/\/jzi.org.pl\/","name":"Jaminy Indexing Team","description":"","publisher":{"@id":"https:\/\/jzi.org.pl\/#organization"},"potentialAction":[{"@type":"SearchAction","target":{"@type":"EntryPoint","urlTemplate":"https:\/\/jzi.org.pl\/?s={search_term_string}"},"query-input":{"@type":"PropertyValueSpecification","valueRequired":true,"valueName":"search_term_string"}}],"inLanguage":"en-US"},{"@type":"Organization","@id":"https:\/\/jzi.org.pl\/#organization","name":"Jaminy Indexing Team","url":"https:\/\/jzi.org.pl\/","logo":{"@type":"ImageObject","inLanguage":"en-US","@id":"https:\/\/jzi.org.pl\/#\/schema\/logo\/image\/","url":"https:\/\/jzi.org.pl\/wp-content\/uploads\/2019\/03\/logo-stowarzyszenie-jzi.png","contentUrl":"https:\/\/jzi.org.pl\/wp-content\/uploads\/2019\/03\/logo-stowarzyszenie-jzi.png","width":931,"height":990,"caption":"Jami\u0144ski Zesp\u00f3\u0142 Indeksacyjny"},"image":{"@id":"https:\/\/jzi.org.pl\/#\/schema\/logo\/image\/"},"sameAs":["https:\/\/www.facebook.com\/Jaminski.Zespol.Indeksacyjny\/"]}]}},"jetpack_likes_enabled":true,"jetpack_sharing_enabled":true,"_links":{"self":[{"href":"https:\/\/jzi.org.pl\/en\/wp-json\/wp\/v2\/pages\/15039","targetHints":{"allow":["GET"]}}],"collection":[{"href":"https:\/\/jzi.org.pl\/en\/wp-json\/wp\/v2\/pages"}],"about":[{"href":"https:\/\/jzi.org.pl\/en\/wp-json\/wp\/v2\/types\/page"}],"author":[{"embeddable":true,"href":"https:\/\/jzi.org.pl\/en\/wp-json\/wp\/v2\/users\/1"}],"replies":[{"embeddable":true,"href":"https:\/\/jzi.org.pl\/en\/wp-json\/wp\/v2\/comments?post=15039"}],"version-history":[{"count":0,"href":"https:\/\/jzi.org.pl\/en\/wp-json\/wp\/v2\/pages\/15039\/revisions"}],"up":[{"embeddable":true,"href":"https:\/\/jzi.org.pl\/en\/wp-json\/wp\/v2\/pages\/1223"}],"wp:featuredmedia":[{"embeddable":true,"href":"https:\/\/jzi.org.pl\/en\/wp-json\/wp\/v2\/media\/15042"}],"wp:attachment":[{"href":"https:\/\/jzi.org.pl\/en\/wp-json\/wp\/v2\/media?parent=15039"}],"curies":[{"name":"wp","href":"https:\/\/api.w.org\/{rel}","templated":true}]}}