{"id":14904,"date":"2020-09-15T08:40:40","date_gmt":"2020-09-15T06:40:40","guid":{"rendered":"https:\/\/jzi.org.pl\/?page_id=14904"},"modified":"2020-09-15T08:41:32","modified_gmt":"2020-09-15T06:41:32","slug":"uchwaly-podjete-na-3-walnym-zebraniu-czlonkow-jzi","status":"publish","type":"page","link":"https:\/\/jzi.org.pl\/en\/stowarzyszenie\/dokumenty\/uchwaly-podjete-na-3-walnym-zebraniu-czlonkow-jzi\/","title":{"rendered":"Uchwa\u0142y podj\u0119te na 3 Walnym Zebraniu Cz\u0142onk\u00f3w JZI"},"content":{"rendered":"<h4 style=\"text-align: center;\">Uchwa\u0142a nr 1\/2020<br \/>\no przyj\u0119ciu sprawozdania merytorycznego Zarz\u0105du i Komisji Rewizyjnej Jami\u0144skiego Zespo\u0142u Indeksacyjnego za rok 2019<\/h4>\n<p style=\"text-align: center;\">\u00a7 1<\/p>\n<p>Uczestnicy Walnego Zebrania Cz\u0142onk\u00f3w Stowarzyszenia JZI w dniu 14 wrze\u015bnia 2020 r. postanawiaj\u0105 przyj\u0105\u0107 sprawozdanie Zarz\u0105du i Komisji Rewizyjnej Stowarzyszenia.<\/p>\n<p style=\"text-align: center;\">\u00a72<\/p>\n<p>Uchwa\u0142a wchodzi w \u017cycie z dniem podj\u0119cia<\/p>\n<hr \/>\n<h4 style=\"text-align: center;\">Uchwa\u0142a nr 2\/2020<br \/>\no przyj\u0119ciu i zatwierdzeniu sprawozdania finansowego Jami\u0144skiego Zespo\u0142u Indeksacyjnego za rok 2019<\/h4>\n<p>Na podstawie \u00a725 uczestnicy Walnego Zebrania Cz\u0142onk\u00f3w Stowarzyszenia JZI w dniu 14 wrze\u015bnia 2020 r. po zapoznaniu si\u0119 ze sprawozdaniem finansowym za 2019 rok, postanawiaj\u0105:<\/p>\n<p style=\"text-align: center;\">\u00a71<\/p>\n<p>Przyj\u0105\u0107 i zatwierdzi\u0107 sprawozdanie finansowe za rok 2018 sk\u0142adaj\u0105ce si\u0119 z:<br \/>\n\u2022 wst\u0119pu do sprawozdania<br \/>\n\u2022 bilansu<br \/>\n\u2022 rachunku zysk\u00f3w i strat<br \/>\n\u2022 informacji dodatkowej<\/p>\n<p style=\"text-align: center;\">\u00a72<\/p>\n<p>Nadwy\u017ck\u0119 przychod\u00f3w nad kosztami w wysoko\u015bci 6 495,42 z\u0142 przeznacza si\u0119 na zwi\u0119kszenie funduszu statutowego.<\/p>\n<p style=\"text-align: center;\">\u00a73<\/p>\n<p>Uchwa\u0142a wchodzi w \u017cycie z dniem podj\u0119cia<\/p>\n<hr \/>\n<h4 style=\"text-align: center;\">Uchwa\u0142a nr 3\/2020<br \/>\no udzieleniu absolutoriom dla Zarz\u0105du na wniosek Komisji Rewizyjnej Jami\u0144skiego Zespo\u0142u Indeksacyjnego za rok 2019<\/h4>\n<p style=\"text-align: center;\">\u00a7 1<\/p>\n<p>Uczestnicy Walnego Zebrania Cz\u0142onk\u00f3w Stowarzyszenia JZI w dniu 14 wrze\u015bnia 2020 r. postanawiaj\u0105 udzieli\u0107 absolutorium dla Zarz\u0105du na wniosek Komisji Rewizyjnej Stowarzyszenia.<\/p>\n<p style=\"text-align: center;\">\u00a72<\/p>\n<p>Uchwa\u0142a wchodzi w \u017cycie z dniem podj\u0119cia<\/p>\n<hr \/>\n<h4 style=\"text-align: center;\">Uchwa\u0142a nr 4\/2020<br \/>\nw sprawie przed\u0142u\u017cenia kadencji cz\u0142onkom Zarz\u0105du Stowarzyszenia Jami\u0144ski Zesp\u00f3\u0142 Indeksacyjny<\/h4>\n<p style=\"text-align: center;\">\u00a7 1<\/p>\n<p>Na podstawie \u00a720 Statutu uczestnicy Walnego Zebrania Cz\u0142onk\u00f3w Stowarzyszenia JZI w dniu 14 wrze\u015bnia 2020 r. postanawiaj\u0105 przed\u0142u\u017cy\u0107 kadencj\u0119 Zarz\u0105du w sk\u0142adzie:<\/p>\n<ol>\n<li>Ryszard J\u00f3zef Kor\u0105kiewicz \u2013 Prezes Zarz\u0105du<\/li>\n<li>Urszula Wojewnik \u2013 Cz\u0142onek Zarz\u0105du<\/li>\n<li>Krzysztof Arkadiusz Zi\u0119cina \u2013 Cz\u0142onek Zarz\u0105du<\/li>\n<\/ol>\n<p>na 3 lata<\/p>\n<p style=\"text-align: center;\">\u00a72<\/p>\n<p>Uchwa\u0142a wchodzi w \u017cycie z dniem podj\u0119cia<\/p>\n<hr \/>\n<h4 style=\"text-align: center;\">Uchwa\u0142a nr 5\/2020<br \/>\nw sprawie przed\u0142u\u017cenia kadencji cz\u0142onkom Komisji Rewizyjnej Stowarzyszenia Jami\u0144ski Zesp\u00f3\u0142 Indeksacyjny<\/h4>\n<p style=\"text-align: center;\">\u00a7 1<\/p>\n<p>Na podstawie \u00a720 Statutu uczestnicy Walnego Zebrania Cz\u0142onk\u00f3w Stowarzyszenia JZI w dniu 14 wrze\u015bnia 2020 r. postanawiaj\u0105 przed\u0142u\u017cy\u0107 kadencj\u0119 Komisji Rewizyjnej w sk\u0142adzie:<\/p>\n<ol>\n<li>Marek Bartoszewicz \u2013 Przewodnicz\u0105cy<\/li>\n<li>Aneta Chilmon \u2013 Cz\u0142onek Komisji<\/li>\n<li>Sabina Filipkowska \u2013 Cz\u0142onek Komisji<\/li>\n<\/ol>\n<p>na 3 lata.<\/p>\n<p style=\"text-align: center;\">\u00a72<\/p>\n<p>Uchwa\u0142a wchodzi w \u017cycie z dniem podj\u0119cia<\/p>","protected":false},"excerpt":{"rendered":"<p>Uchwa\u0142a nr 1\/2020 o przyj\u0119ciu sprawozdania merytorycznego Zarz\u0105du i Komisji Rewizyjnej Jami\u0144skiego Zespo\u0142u Indeksacyjnego za rok 2019 \u00a7 1 Uczestnicy Walnego Zebrania Cz\u0142onk\u00f3w Stowarzyszenia JZI w dniu 14 wrze\u015bnia 2020 r. postanawiaj\u0105 przyj\u0105\u0107 sprawozdanie Zarz\u0105du i Komisji Rewizyjnej Stowarzyszenia. \u00a72 Uchwa\u0142a wchodzi w \u017cycie z dniem podj\u0119cia Uchwa\u0142a nr 2\/2020 o przyj\u0119ciu i zatwierdzeniu sprawozdania [&hellip;]<\/p>\n","protected":false},"author":1,"featured_media":7261,"parent":599,"menu_order":0,"comment_status":"open","ping_status":"open","template":"","meta":{"h5ap_radio_sources":[],"jetpack_post_was_ever_published":false,"footnotes":""},"class_list":["post-14904","page","type-page","status-publish","has-post-thumbnail","hentry"],"yoast_head":"<!-- This site is optimized with the Yoast SEO plugin v27.4 - https:\/\/yoast.com\/product\/yoast-seo-wordpress\/ -->\n<title>Uchwa\u0142y podj\u0119te na 3 Walnym Zebraniu Cz\u0142onk\u00f3w JZI - Jami\u0144ski Zesp\u00f3\u0142 Indeksacyjny<\/title>\n<meta name=\"robots\" content=\"index, follow, max-snippet:-1, max-image-preview:large, max-video-preview:-1\" \/>\n<link rel=\"canonical\" href=\"https:\/\/jzi.org.pl\/en\/stowarzyszenie\/dokumenty\/uchwaly-podjete-na-3-walnym-zebraniu-czlonkow-jzi\/\" \/>\n<meta property=\"og:locale\" content=\"en_US\" \/>\n<meta property=\"og:type\" content=\"article\" \/>\n<meta property=\"og:title\" content=\"Uchwa\u0142y podj\u0119te na 3 Walnym Zebraniu Cz\u0142onk\u00f3w JZI - Jami\u0144ski Zesp\u00f3\u0142 Indeksacyjny\" \/>\n<meta property=\"og:description\" content=\"Uchwa\u0142a nr 1\/2020 o przyj\u0119ciu sprawozdania merytorycznego Zarz\u0105du i Komisji Rewizyjnej Jami\u0144skiego Zespo\u0142u Indeksacyjnego za rok 2019 \u00a7 1 Uczestnicy Walnego Zebrania Cz\u0142onk\u00f3w Stowarzyszenia JZI w dniu 14 wrze\u015bnia 2020 r. postanawiaj\u0105 przyj\u0105\u0107 sprawozdanie Zarz\u0105du i Komisji Rewizyjnej Stowarzyszenia. \u00a72 Uchwa\u0142a wchodzi w \u017cycie z dniem podj\u0119cia Uchwa\u0142a nr 2\/2020 o przyj\u0119ciu i zatwierdzeniu sprawozdania [&hellip;]\" \/>\n<meta property=\"og:url\" content=\"https:\/\/jzi.org.pl\/en\/stowarzyszenie\/dokumenty\/uchwaly-podjete-na-3-walnym-zebraniu-czlonkow-jzi\/\" \/>\n<meta property=\"og:site_name\" content=\"Jami\u0144ski Zesp\u00f3\u0142 Indeksacyjny\" \/>\n<meta property=\"article:publisher\" content=\"https:\/\/www.facebook.com\/Jaminski.Zespol.Indeksacyjny\/\" \/>\n<meta property=\"article:modified_time\" content=\"2020-09-15T06:41:32+00:00\" \/>\n<meta property=\"og:image\" content=\"https:\/\/jzi.org.pl\/wp-content\/uploads\/2019\/03\/logo-stowarzyszenie-jzi-1.png\" \/>\n\t<meta property=\"og:image:width\" content=\"931\" \/>\n\t<meta property=\"og:image:height\" content=\"990\" \/>\n\t<meta property=\"og:image:type\" content=\"image\/png\" \/>\n<meta name=\"twitter:card\" content=\"summary_large_image\" \/>\n<meta name=\"twitter:label1\" content=\"Est. reading time\" \/>\n\t<meta name=\"twitter:data1\" content=\"2 minutes\" \/>\n<script type=\"application\/ld+json\" class=\"yoast-schema-graph\">{\"@context\":\"https:\\\/\\\/schema.org\",\"@graph\":[{\"@type\":\"WebPage\",\"@id\":\"https:\\\/\\\/jzi.org.pl\\\/stowarzyszenie\\\/dokumenty\\\/uchwaly-podjete-na-3-walnym-zebraniu-czlonkow-jzi\\\/\",\"url\":\"https:\\\/\\\/jzi.org.pl\\\/stowarzyszenie\\\/dokumenty\\\/uchwaly-podjete-na-3-walnym-zebraniu-czlonkow-jzi\\\/\",\"name\":\"Uchwa\u0142y podj\u0119te na 3 Walnym Zebraniu Cz\u0142onk\u00f3w JZI - Jami\u0144ski Zesp\u00f3\u0142 Indeksacyjny\",\"isPartOf\":{\"@id\":\"https:\\\/\\\/jzi.org.pl\\\/#website\"},\"primaryImageOfPage\":{\"@id\":\"https:\\\/\\\/jzi.org.pl\\\/stowarzyszenie\\\/dokumenty\\\/uchwaly-podjete-na-3-walnym-zebraniu-czlonkow-jzi\\\/#primaryimage\"},\"image\":{\"@id\":\"https:\\\/\\\/jzi.org.pl\\\/stowarzyszenie\\\/dokumenty\\\/uchwaly-podjete-na-3-walnym-zebraniu-czlonkow-jzi\\\/#primaryimage\"},\"thumbnailUrl\":\"https:\\\/\\\/jzi.org.pl\\\/wp-content\\\/uploads\\\/2019\\\/03\\\/logo-stowarzyszenie-jzi-1.png\",\"datePublished\":\"2020-09-15T06:40:40+00:00\",\"dateModified\":\"2020-09-15T06:41:32+00:00\",\"breadcrumb\":{\"@id\":\"https:\\\/\\\/jzi.org.pl\\\/stowarzyszenie\\\/dokumenty\\\/uchwaly-podjete-na-3-walnym-zebraniu-czlonkow-jzi\\\/#breadcrumb\"},\"inLanguage\":\"en-US\",\"potentialAction\":[{\"@type\":\"ReadAction\",\"target\":[\"https:\\\/\\\/jzi.org.pl\\\/stowarzyszenie\\\/dokumenty\\\/uchwaly-podjete-na-3-walnym-zebraniu-czlonkow-jzi\\\/\"]}]},{\"@type\":\"ImageObject\",\"inLanguage\":\"en-US\",\"@id\":\"https:\\\/\\\/jzi.org.pl\\\/stowarzyszenie\\\/dokumenty\\\/uchwaly-podjete-na-3-walnym-zebraniu-czlonkow-jzi\\\/#primaryimage\",\"url\":\"https:\\\/\\\/jzi.org.pl\\\/wp-content\\\/uploads\\\/2019\\\/03\\\/logo-stowarzyszenie-jzi-1.png\",\"contentUrl\":\"https:\\\/\\\/jzi.org.pl\\\/wp-content\\\/uploads\\\/2019\\\/03\\\/logo-stowarzyszenie-jzi-1.png\",\"width\":931,\"height\":990,\"caption\":\"Logo JZI\"},{\"@type\":\"BreadcrumbList\",\"@id\":\"https:\\\/\\\/jzi.org.pl\\\/stowarzyszenie\\\/dokumenty\\\/uchwaly-podjete-na-3-walnym-zebraniu-czlonkow-jzi\\\/#breadcrumb\",\"itemListElement\":[{\"@type\":\"ListItem\",\"position\":1,\"name\":\"Strona g\u0142\u00f3wna\",\"item\":\"https:\\\/\\\/jzi.org.pl\\\/\"},{\"@type\":\"ListItem\",\"position\":2,\"name\":\"Stowarzyszenie\",\"item\":\"https:\\\/\\\/jzi.org.pl\\\/stowarzyszenie\\\/\"},{\"@type\":\"ListItem\",\"position\":3,\"name\":\"Dokumenty\",\"item\":\"https:\\\/\\\/jzi.org.pl\\\/stowarzyszenie\\\/dokumenty\\\/\"},{\"@type\":\"ListItem\",\"position\":4,\"name\":\"Uchwa\u0142y podj\u0119te na 3 Walnym Zebraniu Cz\u0142onk\u00f3w JZI\"}]},{\"@type\":\"WebSite\",\"@id\":\"https:\\\/\\\/jzi.org.pl\\\/#website\",\"url\":\"https:\\\/\\\/jzi.org.pl\\\/\",\"name\":\"Jami\u0144ski Zesp\u00f3\u0142 Indeksacyjny\",\"description\":\"\",\"publisher\":{\"@id\":\"https:\\\/\\\/jzi.org.pl\\\/#organization\"},\"potentialAction\":[{\"@type\":\"SearchAction\",\"target\":{\"@type\":\"EntryPoint\",\"urlTemplate\":\"https:\\\/\\\/jzi.org.pl\\\/?s={search_term_string}\"},\"query-input\":{\"@type\":\"PropertyValueSpecification\",\"valueRequired\":true,\"valueName\":\"search_term_string\"}}],\"inLanguage\":\"en-US\"},{\"@type\":\"Organization\",\"@id\":\"https:\\\/\\\/jzi.org.pl\\\/#organization\",\"name\":\"Jami\u0144ski Zesp\u00f3\u0142 Indeksacyjny\",\"url\":\"https:\\\/\\\/jzi.org.pl\\\/\",\"logo\":{\"@type\":\"ImageObject\",\"inLanguage\":\"en-US\",\"@id\":\"https:\\\/\\\/jzi.org.pl\\\/#\\\/schema\\\/logo\\\/image\\\/\",\"url\":\"https:\\\/\\\/jzi.org.pl\\\/wp-content\\\/uploads\\\/2019\\\/03\\\/logo-stowarzyszenie-jzi.png\",\"contentUrl\":\"https:\\\/\\\/jzi.org.pl\\\/wp-content\\\/uploads\\\/2019\\\/03\\\/logo-stowarzyszenie-jzi.png\",\"width\":931,\"height\":990,\"caption\":\"Jami\u0144ski Zesp\u00f3\u0142 Indeksacyjny\"},\"image\":{\"@id\":\"https:\\\/\\\/jzi.org.pl\\\/#\\\/schema\\\/logo\\\/image\\\/\"},\"sameAs\":[\"https:\\\/\\\/www.facebook.com\\\/Jaminski.Zespol.Indeksacyjny\\\/\"]}]}<\/script>\n<!-- \/ Yoast SEO plugin. -->","yoast_head_json":{"title":"Uchwa\u0142y podj\u0119te na 3 Walnym Zebraniu Cz\u0142onk\u00f3w JZI - Jami\u0144ski Zesp\u00f3\u0142 Indeksacyjny","robots":{"index":"index","follow":"follow","max-snippet":"max-snippet:-1","max-image-preview":"max-image-preview:large","max-video-preview":"max-video-preview:-1"},"canonical":"https:\/\/jzi.org.pl\/en\/stowarzyszenie\/dokumenty\/uchwaly-podjete-na-3-walnym-zebraniu-czlonkow-jzi\/","og_locale":"en_US","og_type":"article","og_title":"Uchwa\u0142y podj\u0119te na 3 Walnym Zebraniu Cz\u0142onk\u00f3w JZI - Jami\u0144ski Zesp\u00f3\u0142 Indeksacyjny","og_description":"Uchwa\u0142a nr 1\/2020 o przyj\u0119ciu sprawozdania merytorycznego Zarz\u0105du i Komisji Rewizyjnej Jami\u0144skiego Zespo\u0142u Indeksacyjnego za rok 2019 \u00a7 1 Uczestnicy Walnego Zebrania Cz\u0142onk\u00f3w Stowarzyszenia JZI w dniu 14 wrze\u015bnia 2020 r. postanawiaj\u0105 przyj\u0105\u0107 sprawozdanie Zarz\u0105du i Komisji Rewizyjnej Stowarzyszenia. \u00a72 Uchwa\u0142a wchodzi w \u017cycie z dniem podj\u0119cia Uchwa\u0142a nr 2\/2020 o przyj\u0119ciu i zatwierdzeniu sprawozdania [&hellip;]","og_url":"https:\/\/jzi.org.pl\/en\/stowarzyszenie\/dokumenty\/uchwaly-podjete-na-3-walnym-zebraniu-czlonkow-jzi\/","og_site_name":"Jami\u0144ski Zesp\u00f3\u0142 Indeksacyjny","article_publisher":"https:\/\/www.facebook.com\/Jaminski.Zespol.Indeksacyjny\/","article_modified_time":"2020-09-15T06:41:32+00:00","og_image":[{"width":931,"height":990,"url":"https:\/\/jzi.org.pl\/wp-content\/uploads\/2019\/03\/logo-stowarzyszenie-jzi-1.png","type":"image\/png"}],"twitter_card":"summary_large_image","twitter_misc":{"Est. reading time":"2 minutes"},"schema":{"@context":"https:\/\/schema.org","@graph":[{"@type":"WebPage","@id":"https:\/\/jzi.org.pl\/stowarzyszenie\/dokumenty\/uchwaly-podjete-na-3-walnym-zebraniu-czlonkow-jzi\/","url":"https:\/\/jzi.org.pl\/stowarzyszenie\/dokumenty\/uchwaly-podjete-na-3-walnym-zebraniu-czlonkow-jzi\/","name":"Uchwa\u0142y podj\u0119te na 3 Walnym Zebraniu Cz\u0142onk\u00f3w JZI - Jami\u0144ski Zesp\u00f3\u0142 Indeksacyjny","isPartOf":{"@id":"https:\/\/jzi.org.pl\/#website"},"primaryImageOfPage":{"@id":"https:\/\/jzi.org.pl\/stowarzyszenie\/dokumenty\/uchwaly-podjete-na-3-walnym-zebraniu-czlonkow-jzi\/#primaryimage"},"image":{"@id":"https:\/\/jzi.org.pl\/stowarzyszenie\/dokumenty\/uchwaly-podjete-na-3-walnym-zebraniu-czlonkow-jzi\/#primaryimage"},"thumbnailUrl":"https:\/\/jzi.org.pl\/wp-content\/uploads\/2019\/03\/logo-stowarzyszenie-jzi-1.png","datePublished":"2020-09-15T06:40:40+00:00","dateModified":"2020-09-15T06:41:32+00:00","breadcrumb":{"@id":"https:\/\/jzi.org.pl\/stowarzyszenie\/dokumenty\/uchwaly-podjete-na-3-walnym-zebraniu-czlonkow-jzi\/#breadcrumb"},"inLanguage":"en-US","potentialAction":[{"@type":"ReadAction","target":["https:\/\/jzi.org.pl\/stowarzyszenie\/dokumenty\/uchwaly-podjete-na-3-walnym-zebraniu-czlonkow-jzi\/"]}]},{"@type":"ImageObject","inLanguage":"en-US","@id":"https:\/\/jzi.org.pl\/stowarzyszenie\/dokumenty\/uchwaly-podjete-na-3-walnym-zebraniu-czlonkow-jzi\/#primaryimage","url":"https:\/\/jzi.org.pl\/wp-content\/uploads\/2019\/03\/logo-stowarzyszenie-jzi-1.png","contentUrl":"https:\/\/jzi.org.pl\/wp-content\/uploads\/2019\/03\/logo-stowarzyszenie-jzi-1.png","width":931,"height":990,"caption":"Logo JZI"},{"@type":"BreadcrumbList","@id":"https:\/\/jzi.org.pl\/stowarzyszenie\/dokumenty\/uchwaly-podjete-na-3-walnym-zebraniu-czlonkow-jzi\/#breadcrumb","itemListElement":[{"@type":"ListItem","position":1,"name":"Strona g\u0142\u00f3wna","item":"https:\/\/jzi.org.pl\/"},{"@type":"ListItem","position":2,"name":"Stowarzyszenie","item":"https:\/\/jzi.org.pl\/stowarzyszenie\/"},{"@type":"ListItem","position":3,"name":"Dokumenty","item":"https:\/\/jzi.org.pl\/stowarzyszenie\/dokumenty\/"},{"@type":"ListItem","position":4,"name":"Uchwa\u0142y podj\u0119te na 3 Walnym Zebraniu Cz\u0142onk\u00f3w JZI"}]},{"@type":"WebSite","@id":"https:\/\/jzi.org.pl\/#website","url":"https:\/\/jzi.org.pl\/","name":"Jaminy Indexing Team","description":"","publisher":{"@id":"https:\/\/jzi.org.pl\/#organization"},"potentialAction":[{"@type":"SearchAction","target":{"@type":"EntryPoint","urlTemplate":"https:\/\/jzi.org.pl\/?s={search_term_string}"},"query-input":{"@type":"PropertyValueSpecification","valueRequired":true,"valueName":"search_term_string"}}],"inLanguage":"en-US"},{"@type":"Organization","@id":"https:\/\/jzi.org.pl\/#organization","name":"Jaminy Indexing Team","url":"https:\/\/jzi.org.pl\/","logo":{"@type":"ImageObject","inLanguage":"en-US","@id":"https:\/\/jzi.org.pl\/#\/schema\/logo\/image\/","url":"https:\/\/jzi.org.pl\/wp-content\/uploads\/2019\/03\/logo-stowarzyszenie-jzi.png","contentUrl":"https:\/\/jzi.org.pl\/wp-content\/uploads\/2019\/03\/logo-stowarzyszenie-jzi.png","width":931,"height":990,"caption":"Jami\u0144ski Zesp\u00f3\u0142 Indeksacyjny"},"image":{"@id":"https:\/\/jzi.org.pl\/#\/schema\/logo\/image\/"},"sameAs":["https:\/\/www.facebook.com\/Jaminski.Zespol.Indeksacyjny\/"]}]}},"jetpack_likes_enabled":true,"jetpack_sharing_enabled":true,"_links":{"self":[{"href":"https:\/\/jzi.org.pl\/en\/wp-json\/wp\/v2\/pages\/14904","targetHints":{"allow":["GET"]}}],"collection":[{"href":"https:\/\/jzi.org.pl\/en\/wp-json\/wp\/v2\/pages"}],"about":[{"href":"https:\/\/jzi.org.pl\/en\/wp-json\/wp\/v2\/types\/page"}],"author":[{"embeddable":true,"href":"https:\/\/jzi.org.pl\/en\/wp-json\/wp\/v2\/users\/1"}],"replies":[{"embeddable":true,"href":"https:\/\/jzi.org.pl\/en\/wp-json\/wp\/v2\/comments?post=14904"}],"version-history":[{"count":0,"href":"https:\/\/jzi.org.pl\/en\/wp-json\/wp\/v2\/pages\/14904\/revisions"}],"up":[{"embeddable":true,"href":"https:\/\/jzi.org.pl\/en\/wp-json\/wp\/v2\/pages\/599"}],"wp:featuredmedia":[{"embeddable":true,"href":"https:\/\/jzi.org.pl\/en\/wp-json\/wp\/v2\/media\/7261"}],"wp:attachment":[{"href":"https:\/\/jzi.org.pl\/en\/wp-json\/wp\/v2\/media?parent=14904"}],"curies":[{"name":"wp","href":"https:\/\/api.w.org\/{rel}","templated":true}]}}