{"id":14534,"date":"2020-07-13T09:21:21","date_gmt":"2020-07-13T07:21:21","guid":{"rendered":"https:\/\/jzi.org.pl\/?page_id=14534"},"modified":"2025-05-09T11:46:40","modified_gmt":"2025-05-09T09:46:40","slug":"dla-indeksujacych","status":"publish","type":"page","link":"https:\/\/jzi.org.pl\/en\/pomoce\/dla-indeksujacych\/","title":{"rendered":"For indexers"},"content":{"rendered":"<div id=\"pl-14534\"  class=\"panel-layout\" ><div id=\"pg-14534-0\"  class=\"panel-grid panel-no-style\" ><div id=\"pgc-14534-0-0\"  class=\"panel-grid-cell\" ><div id=\"panel-14534-0-0-0\" class=\"so-panel widget widget_sow-editor panel-first-child panel-last-child\" data-index=\"0\" ><div\n\t\t\t\n\t\t\tclass=\"so-widget-sow-editor so-widget-sow-editor-base\"\n\t\t\t\n\t\t>\n<div class=\"siteorigin-widget-tinymce textwidget\">\n\t<h4>Latin<\/h4>\n<ul>\n<li lang=\"pl\"><a href=\"https:\/\/jzi.org.pl\/en\/pomoce\/dla-indeksujacych\/lacinskie-nazwy-urzedow-ziemskich-senatorskich-i-krolewskich\/\">\u0141aci\u0144skie nazwy urz\u0119d\u00f3w ziemskich, senatorskich i kr\u00f3lewskich<\/a><\/li>\n<li lang=\"pl\"><a href=\"https:\/\/jzi.org.pl\/en\/pomoce\/dla-indeksujacych\/urzednicy-dawnej-rzeczpospolitej\/\">Urz\u0119dnicy dawnej Rzeczpospolitej<\/a><\/li>\n<\/ul>\n<p id=\"firstHeading\" class=\"firstHeading\" lang=\"pl\">Ze stron <a href=\"http:\/\/genepedia.pl\/index.php?title=Kategoria%3AS%C5%82owniki_%C5%82aci%C5%84skie\" target=\"_blank\" rel=\"noopener noreferrer\">genepedii<\/a> (obecnie domena genepedia.pl jest niedost\u0119pna):<\/p>\n<ul>\n<li class=\"firstHeading\" lang=\"pl\"><a href=\"https:\/\/jzi.org.pl\/en\/slownik-funkcji-koscielnych-lac-pol\/\" rel=\"noopener noreferrer\"><span>S\u0142ownik funkcji ko\u015bcielnych \u0142ac.-pol.<\/span><\/a><\/li>\n<li id=\"firstHeading\" class=\"firstHeading\" lang=\"pl\"><a href=\"https:\/\/jzi.org.pl\/en\/pomoce\/dla-indeksujacych\/slownik-zawodow-lac-pol\/\" rel=\"noopener noreferrer\"><span>S\u0142ownik zawod\u00f3w \u0142ac.-pol.<\/span><\/a><\/li>\n<li id=\"firstHeading\" class=\"firstHeading\" lang=\"pl\"><a href=\"https:\/\/jzi.org.pl\/en\/pomoce\/dla-indeksujacych\/slownik-terminologii-ochrzczenia-lac-pol\/\" rel=\"noopener noreferrer\"><span>S\u0142ownik terminologii \u201eochrzczenia\u201d \u0142ac.-pol.<\/span><\/a><\/li>\n<li lang=\"pl\"><a href=\"https:\/\/jzi.org.pl\/en\/pomoce\/dla-indeksujacych\/slownik-terminologii-slubnej-lac-pol\/\" rel=\"noopener noreferrer\"><span>S\u0142ownik terminologii \u201e\u015blubnej\u201d \u0142ac.-pol.<\/span><\/a><\/li>\n<li lang=\"pl\"><a href=\"https:\/\/jzi.org.pl\/en\/pomoce\/dla-indeksujacych\/slownik-terminologii-nieslubnej-lac-pol\/\">S\u0142ownik terminologii \"nie\u015blubnej\" \u0142ac.-pol.<\/a><\/li>\n<li id=\"firstHeading\" class=\"firstHeading\" lang=\"pl\"><a href=\"https:\/\/jzi.org.pl\/en\/pomoce\/dla-indeksujacych\/slownik-terminologii-pogrzebowej-lac-pol\/\" rel=\"noopener noreferrer\"><span>S\u0142ownik terminologii \"pogrzebowej\" \u0142ac.-pol.<\/span><\/a><\/li>\n<li lang=\"pl\"><a href=\"https:\/\/jzi.org.pl\/en\/pomoce\/dla-indeksujacych\/slownik-chorob-i-przyczyn-zgonu-lac-pol\/\">S\u0142ownik chor\u00f3b i przyczyn zgonu \u0142ac.-pol.<\/a><\/li>\n<li lang=\"pl\"><a href=\"https:\/\/jzi.org.pl\/en\/pomoce\/dla-indeksujacych\/slownik-pokrewienstwa-lac-pol\/\">S\u0142ownik pokrewie\u0144stwa \u0142ac.-pol.<\/a><\/li>\n<\/ul>\n<p lang=\"pl\">On other pages:<\/p>\n<ul>\n<li><a href=\"https:\/\/elexicon.scriptores.pl\/pl\/\" target=\"_blank\" rel=\"noopener noreferrer\">Elektroniczny S\u0142ownik \u0141aciny \u015aredniowiecznej w Polsce (A-Q) <i><\/i><\/a><\/li>\n<li><a href=\"https:\/\/znajdzprzodka.pl\/wyslowstd.html\" target=\"_blank\" rel=\"noopener noreferrer\">Internetowy S\u0142ownik ko\u015bcielny \u0142aci\u0144sko-polski ks. dr Alojzego Junga<\/a><\/li>\n<li><a href=\"https:\/\/genealodzy.pl\/name-Latin.phtml\" target=\"_blank\" rel=\"noopener noreferrer\">S\u0142ownik genealogiczny \u0141aci\u0144sko-Polski<\/a><\/li>\n<li><a href=\"http:\/\/www.redbor.pl\/genealogia\/archiwum\/urzednicy_1985_2007.htm\" target=\"_blank\" rel=\"noopener noreferrer\">Urz\u0119dnicy dawnej Rzeczpospolitej<\/a> (strona wygas\u0142a, kopia <a href=\"https:\/\/jzi.org.pl\/en\/pomoce\/dla-indeksujacych\/urzednicy-dawnej-rzeczpospolitej\/\">here<\/a>)<\/li>\n<li><a title=\"\" href=\"https:\/\/www.wbc.poznan.pl\/dlibra\/publication\/2101\/edition\/3577\/content\" target=\"_blank\" rel=\"noopener noreferrer\">Materya\u0142y do s\u0142ownika \u0142aci\u0144sko-polskiego \u015bredniowiecznej \u0142aciny i staro\u017cytno\u015bci polskich<\/a><\/li>\n<li><a href=\"https:\/\/ornatowski.com\/tlumaczenie-tekstu\/slownik-lacinsko-polski\/\" target=\"_blank\" rel=\"noopener noreferrer\">Ornatowski - S\u0142ownik \u0142aci\u0144ski (\u0142aci\u0144sko-polski)<\/a><\/li>\n<li class=\"booktitle\"><a href=\"https:\/\/books.google.pl\/books?id=ETa3d8vFlGEC\" target=\"_blank\" rel=\"noopener noreferrer\"><span><span>Co m\u00f3wi\u0105 stare r\u0119kopisy<\/span><\/span><\/a><\/li>\n<li><a href=\"https:\/\/en.calameo.com\/read\/00010704456b06fd9e304\" target=\"_blank\" rel=\"noopener noreferrer\">Dizionario di abbreviature latine et italiane (S\u0142ownik skr\u00f3t\u00f3w \u0142aci\u0144skich - w j\u0119z. w\u0142oskim)<\/a><\/li>\n<li><a href=\"https:\/\/pl.wikipedia.org\/wiki\/Skr%C3%B3ty_zakonne_(zakony_m%C4%99skie)\" target=\"_blank\" rel=\"noopener\">Skr\u00f3ty zakonne (zakony m\u0119skie)<\/a><\/li>\n<\/ul>\n<h4>Geography<\/h4>\n<ul>\n<li><a href=\"http:\/\/dir.icm.edu.pl\/pl\/Slownik_geograficzny\" target=\"_blank\" rel=\"noopener noreferrer\">S\u0142ownik geograficzny Kr\u00f3lestwa Polskiego i innych kraj\u00f3w s\u0142owia\u0144skich<\/a><\/li>\n<li><a href=\"http:\/\/www.kami.net.pl\/kresy\/\" target=\"_blank\" rel=\"noopener noreferrer\">Baza miejscowo\u015bci kresowych<\/a><\/li>\n<li><a href=\"http:\/\/www.slownik.ihpan.edu.pl\/index.php\" target=\"_blank\" rel=\"noopener noreferrer\">S\u0142ownik historyczno-geograficzny ziem polskich w \u015bredniowieczu<\/a><\/li>\n<\/ul>\n<h4>Imiona<\/h4>\n<ul>\n<li><a href=\"https:\/\/jzi.org.pl\/en\/pomoce\/dla-indeksujacych\/imiona\/\">Imiona \u017ce\u0144skie i m\u0119skie z bazy PESEL<\/a><\/li>\n<\/ul>\n<h4>S\u0142owniczek<\/h4>\n<p>G - <em>Generosus<\/em> - Urodzony\/szlachetny; <em>Generosa<\/em> - Urodzona\/szlachetna<\/p>\n<p>GD - <em>Generosus Dominus<\/em> - Urodzony Pan; <em>Generosa Domina<\/em> - Urodzona Pani<\/p>\n<p>ID - <em>Illustrimus Dominus\u00a0<\/em>- Najja\u015bniejszy Pan<\/p>\n<p>MD - <em>Magnificus Dominus<\/em> - Wielmo\u017cny Pan; <em>Magnifica Domina<\/em> - Wielmo\u017cna Pani<\/p>\n<p><em>famatus<\/em> - s\u0142awetny<\/p>\n<p><em>honestus<\/em> - uczciwy<\/p>\n<p><em>ignotus<\/em> - nieznany<\/p>\n<p><em>nobilis<\/em> - szlachetny<\/p>\n<\/div>\n<\/div><\/div><\/div><\/div><\/div>","protected":false},"excerpt":{"rendered":"<p>\u0141acina \u0141aci\u0144skie nazwy urz\u0119d\u00f3w ziemskich, senatorskich i kr\u00f3lewskich Urz\u0119dnicy dawnej Rzeczpospolitej Ze stron genepedii (obecnie domena genepedia.pl jest niedost\u0119pna): S\u0142ownik funkcji ko\u015bcielnych \u0142ac.-pol. S\u0142ownik zawod\u00f3w \u0142ac.-pol. S\u0142ownik terminologii \u201eochrzczenia\u201d \u0142ac.-pol. S\u0142ownik terminologii \u201e\u015blubnej\u201d \u0142ac.-pol. S\u0142ownik terminologii &#8222;nie\u015blubnej&#8221; \u0142ac.-pol. S\u0142ownik terminologii &#8222;pogrzebowej&#8221; \u0142ac.-pol. S\u0142ownik chor\u00f3b i przyczyn zgonu \u0142ac.-pol. S\u0142ownik pokrewie\u0144stwa \u0142ac.-pol. Na innych stronach: Elektroniczny [&hellip;]<\/p>\n","protected":false},"author":1,"featured_media":14541,"parent":3718,"menu_order":0,"comment_status":"closed","ping_status":"closed","template":"","meta":{"h5ap_radio_sources":[],"jetpack_post_was_ever_published":false,"footnotes":""},"class_list":["post-14534","page","type-page","status-publish","has-post-thumbnail","hentry"],"yoast_head":"<!-- This site is optimized with the Yoast SEO plugin v27.4 - https:\/\/yoast.com\/product\/yoast-seo-wordpress\/ -->\n<title>Dla indeksuj\u0105cych - Jami\u0144ski Zesp\u00f3\u0142 Indeksacyjny<\/title>\n<meta name=\"robots\" content=\"index, follow, max-snippet:-1, max-image-preview:large, max-video-preview:-1\" \/>\n<link rel=\"canonical\" href=\"https:\/\/jzi.org.pl\/en\/pomoce\/dla-indeksujacych\/\" \/>\n<meta property=\"og:locale\" content=\"en_US\" \/>\n<meta property=\"og:type\" content=\"article\" \/>\n<meta property=\"og:title\" content=\"Dla indeksuj\u0105cych - Jami\u0144ski Zesp\u00f3\u0142 Indeksacyjny\" \/>\n<meta property=\"og:description\" content=\"\u0141acina \u0141aci\u0144skie nazwy urz\u0119d\u00f3w ziemskich, senatorskich i kr\u00f3lewskich Urz\u0119dnicy dawnej Rzeczpospolitej Ze stron genepedii (obecnie domena genepedia.pl jest niedost\u0119pna): S\u0142ownik funkcji ko\u015bcielnych \u0142ac.-pol. S\u0142ownik zawod\u00f3w \u0142ac.-pol. S\u0142ownik terminologii \u201eochrzczenia\u201d \u0142ac.-pol. S\u0142ownik terminologii \u201e\u015blubnej\u201d \u0142ac.-pol. S\u0142ownik terminologii &quot;nie\u015blubnej&quot; \u0142ac.-pol. S\u0142ownik terminologii &quot;pogrzebowej&quot; \u0142ac.-pol. S\u0142ownik chor\u00f3b i przyczyn zgonu \u0142ac.-pol. S\u0142ownik pokrewie\u0144stwa \u0142ac.-pol. Na innych stronach: Elektroniczny [&hellip;]\" \/>\n<meta property=\"og:url\" content=\"https:\/\/jzi.org.pl\/en\/pomoce\/dla-indeksujacych\/\" \/>\n<meta property=\"og:site_name\" content=\"Jami\u0144ski Zesp\u00f3\u0142 Indeksacyjny\" \/>\n<meta property=\"article:publisher\" content=\"https:\/\/www.facebook.com\/Jaminski.Zespol.Indeksacyjny\/\" \/>\n<meta property=\"article:modified_time\" content=\"2025-05-09T09:46:40+00:00\" \/>\n<meta property=\"og:image\" content=\"https:\/\/jzi.org.pl\/wp-content\/uploads\/2020\/07\/indeksacja.jpg\" \/>\n\t<meta property=\"og:image:width\" content=\"1399\" \/>\n\t<meta property=\"og:image:height\" content=\"1143\" \/>\n\t<meta property=\"og:image:type\" content=\"image\/jpeg\" \/>\n<meta name=\"twitter:card\" content=\"summary_large_image\" \/>\n<meta name=\"twitter:label1\" content=\"Est. reading time\" \/>\n\t<meta name=\"twitter:data1\" content=\"2 minutes\" \/>\n<script type=\"application\/ld+json\" class=\"yoast-schema-graph\">{\"@context\":\"https:\\\/\\\/schema.org\",\"@graph\":[{\"@type\":\"WebPage\",\"@id\":\"https:\\\/\\\/jzi.org.pl\\\/pomoce\\\/dla-indeksujacych\\\/\",\"url\":\"https:\\\/\\\/jzi.org.pl\\\/pomoce\\\/dla-indeksujacych\\\/\",\"name\":\"Dla indeksuj\u0105cych - Jami\u0144ski Zesp\u00f3\u0142 Indeksacyjny\",\"isPartOf\":{\"@id\":\"https:\\\/\\\/jzi.org.pl\\\/#website\"},\"primaryImageOfPage\":{\"@id\":\"https:\\\/\\\/jzi.org.pl\\\/pomoce\\\/dla-indeksujacych\\\/#primaryimage\"},\"image\":{\"@id\":\"https:\\\/\\\/jzi.org.pl\\\/pomoce\\\/dla-indeksujacych\\\/#primaryimage\"},\"thumbnailUrl\":\"https:\\\/\\\/jzi.org.pl\\\/wp-content\\\/uploads\\\/2020\\\/07\\\/indeksacja.jpg\",\"datePublished\":\"2020-07-13T07:21:21+00:00\",\"dateModified\":\"2025-05-09T09:46:40+00:00\",\"breadcrumb\":{\"@id\":\"https:\\\/\\\/jzi.org.pl\\\/pomoce\\\/dla-indeksujacych\\\/#breadcrumb\"},\"inLanguage\":\"en-US\",\"potentialAction\":[{\"@type\":\"ReadAction\",\"target\":[\"https:\\\/\\\/jzi.org.pl\\\/pomoce\\\/dla-indeksujacych\\\/\"]}]},{\"@type\":\"ImageObject\",\"inLanguage\":\"en-US\",\"@id\":\"https:\\\/\\\/jzi.org.pl\\\/pomoce\\\/dla-indeksujacych\\\/#primaryimage\",\"url\":\"https:\\\/\\\/jzi.org.pl\\\/wp-content\\\/uploads\\\/2020\\\/07\\\/indeksacja.jpg\",\"contentUrl\":\"https:\\\/\\\/jzi.org.pl\\\/wp-content\\\/uploads\\\/2020\\\/07\\\/indeksacja.jpg\",\"width\":1399,\"height\":1143},{\"@type\":\"BreadcrumbList\",\"@id\":\"https:\\\/\\\/jzi.org.pl\\\/pomoce\\\/dla-indeksujacych\\\/#breadcrumb\",\"itemListElement\":[{\"@type\":\"ListItem\",\"position\":1,\"name\":\"Strona g\u0142\u00f3wna\",\"item\":\"https:\\\/\\\/jzi.org.pl\\\/\"},{\"@type\":\"ListItem\",\"position\":2,\"name\":\"Pomoce\",\"item\":\"https:\\\/\\\/jzi.org.pl\\\/pomoce\\\/\"},{\"@type\":\"ListItem\",\"position\":3,\"name\":\"Dla indeksuj\u0105cych\"}]},{\"@type\":\"WebSite\",\"@id\":\"https:\\\/\\\/jzi.org.pl\\\/#website\",\"url\":\"https:\\\/\\\/jzi.org.pl\\\/\",\"name\":\"Jami\u0144ski Zesp\u00f3\u0142 Indeksacyjny\",\"description\":\"\",\"publisher\":{\"@id\":\"https:\\\/\\\/jzi.org.pl\\\/#organization\"},\"potentialAction\":[{\"@type\":\"SearchAction\",\"target\":{\"@type\":\"EntryPoint\",\"urlTemplate\":\"https:\\\/\\\/jzi.org.pl\\\/?s={search_term_string}\"},\"query-input\":{\"@type\":\"PropertyValueSpecification\",\"valueRequired\":true,\"valueName\":\"search_term_string\"}}],\"inLanguage\":\"en-US\"},{\"@type\":\"Organization\",\"@id\":\"https:\\\/\\\/jzi.org.pl\\\/#organization\",\"name\":\"Jami\u0144ski Zesp\u00f3\u0142 Indeksacyjny\",\"url\":\"https:\\\/\\\/jzi.org.pl\\\/\",\"logo\":{\"@type\":\"ImageObject\",\"inLanguage\":\"en-US\",\"@id\":\"https:\\\/\\\/jzi.org.pl\\\/#\\\/schema\\\/logo\\\/image\\\/\",\"url\":\"https:\\\/\\\/jzi.org.pl\\\/wp-content\\\/uploads\\\/2019\\\/03\\\/logo-stowarzyszenie-jzi.png\",\"contentUrl\":\"https:\\\/\\\/jzi.org.pl\\\/wp-content\\\/uploads\\\/2019\\\/03\\\/logo-stowarzyszenie-jzi.png\",\"width\":931,\"height\":990,\"caption\":\"Jami\u0144ski Zesp\u00f3\u0142 Indeksacyjny\"},\"image\":{\"@id\":\"https:\\\/\\\/jzi.org.pl\\\/#\\\/schema\\\/logo\\\/image\\\/\"},\"sameAs\":[\"https:\\\/\\\/www.facebook.com\\\/Jaminski.Zespol.Indeksacyjny\\\/\"]}]}<\/script>\n<!-- \/ Yoast SEO plugin. -->","yoast_head_json":{"title":"Dla indeksuj\u0105cych - Jami\u0144ski Zesp\u00f3\u0142 Indeksacyjny","robots":{"index":"index","follow":"follow","max-snippet":"max-snippet:-1","max-image-preview":"max-image-preview:large","max-video-preview":"max-video-preview:-1"},"canonical":"https:\/\/jzi.org.pl\/en\/pomoce\/dla-indeksujacych\/","og_locale":"en_US","og_type":"article","og_title":"Dla indeksuj\u0105cych - Jami\u0144ski Zesp\u00f3\u0142 Indeksacyjny","og_description":"\u0141acina \u0141aci\u0144skie nazwy urz\u0119d\u00f3w ziemskich, senatorskich i kr\u00f3lewskich Urz\u0119dnicy dawnej Rzeczpospolitej Ze stron genepedii (obecnie domena genepedia.pl jest niedost\u0119pna): S\u0142ownik funkcji ko\u015bcielnych \u0142ac.-pol. S\u0142ownik zawod\u00f3w \u0142ac.-pol. S\u0142ownik terminologii \u201eochrzczenia\u201d \u0142ac.-pol. S\u0142ownik terminologii \u201e\u015blubnej\u201d \u0142ac.-pol. S\u0142ownik terminologii \"nie\u015blubnej\" \u0142ac.-pol. S\u0142ownik terminologii \"pogrzebowej\" \u0142ac.-pol. S\u0142ownik chor\u00f3b i przyczyn zgonu \u0142ac.-pol. S\u0142ownik pokrewie\u0144stwa \u0142ac.-pol. Na innych stronach: Elektroniczny [&hellip;]","og_url":"https:\/\/jzi.org.pl\/en\/pomoce\/dla-indeksujacych\/","og_site_name":"Jami\u0144ski Zesp\u00f3\u0142 Indeksacyjny","article_publisher":"https:\/\/www.facebook.com\/Jaminski.Zespol.Indeksacyjny\/","article_modified_time":"2025-05-09T09:46:40+00:00","og_image":[{"width":1399,"height":1143,"url":"https:\/\/jzi.org.pl\/wp-content\/uploads\/2020\/07\/indeksacja.jpg","type":"image\/jpeg"}],"twitter_card":"summary_large_image","twitter_misc":{"Est. reading time":"2 minutes"},"schema":{"@context":"https:\/\/schema.org","@graph":[{"@type":"WebPage","@id":"https:\/\/jzi.org.pl\/pomoce\/dla-indeksujacych\/","url":"https:\/\/jzi.org.pl\/pomoce\/dla-indeksujacych\/","name":"Dla indeksuj\u0105cych - Jami\u0144ski Zesp\u00f3\u0142 Indeksacyjny","isPartOf":{"@id":"https:\/\/jzi.org.pl\/#website"},"primaryImageOfPage":{"@id":"https:\/\/jzi.org.pl\/pomoce\/dla-indeksujacych\/#primaryimage"},"image":{"@id":"https:\/\/jzi.org.pl\/pomoce\/dla-indeksujacych\/#primaryimage"},"thumbnailUrl":"https:\/\/jzi.org.pl\/wp-content\/uploads\/2020\/07\/indeksacja.jpg","datePublished":"2020-07-13T07:21:21+00:00","dateModified":"2025-05-09T09:46:40+00:00","breadcrumb":{"@id":"https:\/\/jzi.org.pl\/pomoce\/dla-indeksujacych\/#breadcrumb"},"inLanguage":"en-US","potentialAction":[{"@type":"ReadAction","target":["https:\/\/jzi.org.pl\/pomoce\/dla-indeksujacych\/"]}]},{"@type":"ImageObject","inLanguage":"en-US","@id":"https:\/\/jzi.org.pl\/pomoce\/dla-indeksujacych\/#primaryimage","url":"https:\/\/jzi.org.pl\/wp-content\/uploads\/2020\/07\/indeksacja.jpg","contentUrl":"https:\/\/jzi.org.pl\/wp-content\/uploads\/2020\/07\/indeksacja.jpg","width":1399,"height":1143},{"@type":"BreadcrumbList","@id":"https:\/\/jzi.org.pl\/pomoce\/dla-indeksujacych\/#breadcrumb","itemListElement":[{"@type":"ListItem","position":1,"name":"Strona g\u0142\u00f3wna","item":"https:\/\/jzi.org.pl\/"},{"@type":"ListItem","position":2,"name":"Pomoce","item":"https:\/\/jzi.org.pl\/pomoce\/"},{"@type":"ListItem","position":3,"name":"Dla indeksuj\u0105cych"}]},{"@type":"WebSite","@id":"https:\/\/jzi.org.pl\/#website","url":"https:\/\/jzi.org.pl\/","name":"Jaminy Indexing Team","description":"","publisher":{"@id":"https:\/\/jzi.org.pl\/#organization"},"potentialAction":[{"@type":"SearchAction","target":{"@type":"EntryPoint","urlTemplate":"https:\/\/jzi.org.pl\/?s={search_term_string}"},"query-input":{"@type":"PropertyValueSpecification","valueRequired":true,"valueName":"search_term_string"}}],"inLanguage":"en-US"},{"@type":"Organization","@id":"https:\/\/jzi.org.pl\/#organization","name":"Jaminy Indexing Team","url":"https:\/\/jzi.org.pl\/","logo":{"@type":"ImageObject","inLanguage":"en-US","@id":"https:\/\/jzi.org.pl\/#\/schema\/logo\/image\/","url":"https:\/\/jzi.org.pl\/wp-content\/uploads\/2019\/03\/logo-stowarzyszenie-jzi.png","contentUrl":"https:\/\/jzi.org.pl\/wp-content\/uploads\/2019\/03\/logo-stowarzyszenie-jzi.png","width":931,"height":990,"caption":"Jami\u0144ski Zesp\u00f3\u0142 Indeksacyjny"},"image":{"@id":"https:\/\/jzi.org.pl\/#\/schema\/logo\/image\/"},"sameAs":["https:\/\/www.facebook.com\/Jaminski.Zespol.Indeksacyjny\/"]}]}},"jetpack_likes_enabled":true,"jetpack_sharing_enabled":true,"_links":{"self":[{"href":"https:\/\/jzi.org.pl\/en\/wp-json\/wp\/v2\/pages\/14534","targetHints":{"allow":["GET"]}}],"collection":[{"href":"https:\/\/jzi.org.pl\/en\/wp-json\/wp\/v2\/pages"}],"about":[{"href":"https:\/\/jzi.org.pl\/en\/wp-json\/wp\/v2\/types\/page"}],"author":[{"embeddable":true,"href":"https:\/\/jzi.org.pl\/en\/wp-json\/wp\/v2\/users\/1"}],"replies":[{"embeddable":true,"href":"https:\/\/jzi.org.pl\/en\/wp-json\/wp\/v2\/comments?post=14534"}],"version-history":[{"count":0,"href":"https:\/\/jzi.org.pl\/en\/wp-json\/wp\/v2\/pages\/14534\/revisions"}],"up":[{"embeddable":true,"href":"https:\/\/jzi.org.pl\/en\/wp-json\/wp\/v2\/pages\/3718"}],"wp:featuredmedia":[{"embeddable":true,"href":"https:\/\/jzi.org.pl\/en\/wp-json\/wp\/v2\/media\/14541"}],"wp:attachment":[{"href":"https:\/\/jzi.org.pl\/en\/wp-json\/wp\/v2\/media?parent=14534"}],"curies":[{"name":"wp","href":"https:\/\/api.w.org\/{rel}","templated":true}]}}