{"id":14482,"date":"2020-07-06T12:19:10","date_gmt":"2020-07-06T10:19:10","guid":{"rendered":"https:\/\/jzi.org.pl\/?page_id=14482"},"modified":"2020-07-06T12:19:10","modified_gmt":"2020-07-06T10:19:10","slug":"piotr-kloczko","status":"publish","type":"page","link":"https:\/\/jzi.org.pl\/en\/galerie\/ludzie-stad\/piotr-kloczko\/","title":{"rendered":"Piotr K\u0142oczko"},"content":{"rendered":"<p><span id=\"fbPhotoSnowliftCaption\" class=\"fbPhotosPhotoCaption\" tabindex=\"0\" aria-live=\"polite\" data-ft=\"{&quot;tn&quot;:&quot;K&quot;}\"><span class=\"hasCaption\">Podporucznik Armii Krajowej Piotr K\u0142oczko, pseudonim ,,Strug\u201d, ,,Wiktor\u201d, ,,\u017barnowski\u201d. Syn J\u00f3zefa i Franciszki, urodzony 4 sierpnia 1914 roku w wsi Wierciochy w by\u0142ej gminie Koniecb\u00f3r w powiecie Suwalskim (dzi\u015b gmina Raczki). Rolnik, uko\u0144czy\u0142 5 klas szko\u0142y powszechnej. \u017bona Janina. Mia\u0142 dwie c\u00f3rki- Krystyn\u0119 i Teres\u0119. <\/span><\/span><\/p>\n<p><span id=\"fbPhotoSnowliftCaption\" class=\"fbPhotosPhotoCaption\" tabindex=\"0\" aria-live=\"polite\" data-ft=\"{&quot;tn&quot;:&quot;K&quot;}\"><span class=\"hasCaption\">W czerwcu 1940 roku dowodzi\u0142 Okr\u0119giem Raczki Organizacji Korpusu Ziemii Suwalsk<span class=\"text_exposed_show\">iej. Nast\u0119pnie \u017co\u0142nierz PZP-AK. Podczas akcji ,,Burza\u201d w stopniu plutonowego rezerwy piechoty dowodzi\u0142 plutonem terenowym tzw. &#8222;Planta&#8221;, czyli 17 kompani\u0105 terenow\u0105, b\u0119d\u0105c jednocze\u015bnie komendantem V rejonu, kt\u00f3ry obejmowa\u0142 obecny teren gmin Baka\u0142arzewo, Raczki, Kuk\u00f3w, Wychodne. <\/span><\/span><\/span><\/p>\n<p><span id=\"fbPhotoSnowliftCaption\" class=\"fbPhotosPhotoCaption\" tabindex=\"0\" aria-live=\"polite\" data-ft=\"{&quot;tn&quot;:&quot;K&quot;}\"><span class=\"hasCaption\"><span class=\"text_exposed_show\">B\u0119d\u0105cy w konspiracji od 1942 Bronis\u0142aw Gawrylczyk zwerbowany zosta\u0142 przez Wac\u0142awa G\u00f3rskiego ps. &#8222;Majster&#8221;, &#8222;Oko&#8221;, i Piotra K\u0142oczk\u0119 . S\u0142yn\u0105cy w Raczkach z twardego charakteru Gawrylczyk wyjawi\u0142 K\u0142oczce swoj\u0105 wsp\u00f3\u0142prac\u0119 z okupantami, a tak\u017ce poinformowa\u0142 go o tym , \u017ce kooperacj\u0119 tak\u0105 kontynuuje jego \u017cona, kt\u00f3ra mia\u0142a zosta\u0107 rozstrzelana, ale K\u0142oczko i Jan Sidor ps. \u201eGuzik\u201d, \u201eZag\u0142oba\u201d, zdecydowali, \u017ce b\u0119dzie pracowa\u0142a jako podw\u00f3jna agentka, tak\u017ce na rzecz zbrojnego podziemia. Piotr K\u0142oczko mianowa\u0142 Wac\u0142awa G\u00f3rskiego dow\u00f3dc\u0105 patrolu dywersyjnego, operuj\u0105cego w okolicach Raczek, Baka\u0142arzewa, Paw\u0142\u00f3wki i Filipowa, a tak\u017ce na terenie powiat\u00f3w e\u0142ckiego oraz oleckiego. <\/span><\/span><\/span><\/p>\n<p><span id=\"fbPhotoSnowliftCaption\" class=\"fbPhotosPhotoCaption\" tabindex=\"0\" aria-live=\"polite\" data-ft=\"{&quot;tn&quot;:&quot;K&quot;}\"><span class=\"hasCaption\"><span class=\"text_exposed_show\">Do kwietnia 1945 roku K\u0142oczko by\u0142 w stopniu sier\u017canta rezerwy piechoty. Dowodzi\u0142 batalionem Obwodu AKO Suwa\u0142ki. Za s\u0142u\u017cb\u0119 w AK odznaczony zosta\u0142 m.in. Br\u0105zowym Krzy\u017cem Zas\u0142ugi i Krzy\u017cem Walecznych. Zosta\u0142 mianowany Drugim Zast\u0119pc\u0105 Komendanta Suwalskiego Obwodu AKO i awansowany do stopnia ppor.cz.w. starsze\u0144stwem od 03.05.1945 \u2013 wniosek awansowy z 15.04.1945 . Od wrze\u015bnia 1945 do stycznia 1946 p.o. Komendanta\/Przewodnika Obwodu Suwa\u0142ki ( AKO\/WiN \u2013 informacja o utworzeniu Zrzeszenia WiN i wej\u015bciu w jego struktury dotychczasowych struktur AKO, dotar\u0142a na Suwalszczyzn\u0119 z du\u017cym op\u00f3\u017anieniem). Z nominacji nowomianowanego Komendanta Suwalsko \u2013 Augustowskiego Obwodu WiN kpt. Stanis\u0142awa Malesi\u0144skiego ps. ,,Lew\u201d ,,Tadeusz\u201d Pierwszy Zast\u0119pca Komendanta Obwodu od stycznia 1946 do aresztowania w dniu 21.04. 1946. <\/span><\/span><\/span><\/p>\n<p><span id=\"fbPhotoSnowliftCaption\" class=\"fbPhotosPhotoCaption\" tabindex=\"0\" aria-live=\"polite\" data-ft=\"{&quot;tn&quot;:&quot;K&quot;}\"><span class=\"hasCaption\"><span class=\"text_exposed_show\">Kontrolowa\u0142 rejony ,,Roz\u0142ogi\u201d i ,,Moczary\u201d. Wyrokiem WSR w Bia\u0142ymstoku, pod przewodnictwem mjr W\u0142odzimierza Ostapowicza, skazany w procesie pokazowym 24 dzia\u0142aczy WiN w kinie ,,Ton\u201d 20.07.1946 na 10 lat pozbawienia wolno\u015bci z utrat\u0105 praw publicznych i obywatelskich na 5 lat. Po wyj\u015bciu z wi\u0119zienia, przy wzro\u015bcie 185 centymetr\u00f3w wa\u017cy\u0142 37 kilogram\u00f3w. N\u0119kany przez bezpiek\u0119 wyjecha\u0142 z rodzinnych stron i zamieszka\u0142 w Lubaniu \u015al\u0105skim, gdzie zmar\u0142 12 kwietnia 1984 roku. <\/span><\/span><\/span><\/p>\n<p><span id=\"fbPhotoSnowliftCaption\" class=\"fbPhotosPhotoCaption\" tabindex=\"0\" aria-live=\"polite\" data-ft=\"{&quot;tn&quot;:&quot;K&quot;}\"><span class=\"hasCaption\"><span class=\"text_exposed_show\">Na zdj\u0119ciu Piotr K\u0142oczko w roku 1977.<\/span><\/span><\/span><\/p>","protected":false},"excerpt":{"rendered":"<p>Podporucznik Armii Krajowej Piotr K\u0142oczko, pseudonim ,,Strug\u201d, ,,Wiktor\u201d, ,,\u017barnowski\u201d. Syn J\u00f3zefa i Franciszki, urodzony 4 sierpnia 1914 roku w wsi Wierciochy w by\u0142ej gminie Koniecb\u00f3r w powiecie Suwalskim (dzi\u015b gmina Raczki). Rolnik, uko\u0144czy\u0142 5 klas szko\u0142y powszechnej. \u017bona Janina. Mia\u0142 dwie c\u00f3rki- Krystyn\u0119 i Teres\u0119. W czerwcu 1940 roku dowodzi\u0142 Okr\u0119giem Raczki Organizacji Korpusu Ziemii [&hellip;]<\/p>\n","protected":false},"author":1,"featured_media":14483,"parent":1223,"menu_order":0,"comment_status":"closed","ping_status":"closed","template":"","meta":{"h5ap_radio_sources":[],"jetpack_post_was_ever_published":false,"footnotes":""},"class_list":["post-14482","page","type-page","status-publish","has-post-thumbnail","hentry"],"yoast_head":"<!-- This site is optimized with the Yoast SEO plugin v27.4 - https:\/\/yoast.com\/product\/yoast-seo-wordpress\/ -->\n<title>Piotr K\u0142oczko - Jami\u0144ski Zesp\u00f3\u0142 Indeksacyjny<\/title>\n<meta name=\"robots\" content=\"index, follow, max-snippet:-1, max-image-preview:large, max-video-preview:-1\" \/>\n<link rel=\"canonical\" href=\"https:\/\/jzi.org.pl\/en\/galerie\/ludzie-stad\/piotr-kloczko\/\" \/>\n<meta property=\"og:locale\" content=\"en_US\" \/>\n<meta property=\"og:type\" content=\"article\" \/>\n<meta property=\"og:title\" content=\"Piotr K\u0142oczko - Jami\u0144ski Zesp\u00f3\u0142 Indeksacyjny\" \/>\n<meta property=\"og:description\" content=\"Podporucznik Armii Krajowej Piotr K\u0142oczko, pseudonim ,,Strug\u201d, ,,Wiktor\u201d, ,,\u017barnowski\u201d. Syn J\u00f3zefa i Franciszki, urodzony 4 sierpnia 1914 roku w wsi Wierciochy w by\u0142ej gminie Koniecb\u00f3r w powiecie Suwalskim (dzi\u015b gmina Raczki). Rolnik, uko\u0144czy\u0142 5 klas szko\u0142y powszechnej. \u017bona Janina. Mia\u0142 dwie c\u00f3rki- Krystyn\u0119 i Teres\u0119. W czerwcu 1940 roku dowodzi\u0142 Okr\u0119giem Raczki Organizacji Korpusu Ziemii [&hellip;]\" \/>\n<meta property=\"og:url\" content=\"https:\/\/jzi.org.pl\/en\/galerie\/ludzie-stad\/piotr-kloczko\/\" \/>\n<meta property=\"og:site_name\" content=\"Jami\u0144ski Zesp\u00f3\u0142 Indeksacyjny\" \/>\n<meta property=\"article:publisher\" content=\"https:\/\/www.facebook.com\/Jaminski.Zespol.Indeksacyjny\/\" \/>\n<meta property=\"og:image\" content=\"https:\/\/jzi.org.pl\/wp-content\/uploads\/2020\/07\/piotr-kloczko.jpg\" \/>\n\t<meta property=\"og:image:width\" content=\"1496\" \/>\n\t<meta property=\"og:image:height\" content=\"2048\" \/>\n\t<meta property=\"og:image:type\" content=\"image\/jpeg\" \/>\n<meta name=\"twitter:card\" content=\"summary_large_image\" \/>\n<meta name=\"twitter:label1\" content=\"Est. reading time\" \/>\n\t<meta name=\"twitter:data1\" content=\"2 minutes\" \/>\n<script type=\"application\/ld+json\" class=\"yoast-schema-graph\">{\"@context\":\"https:\\\/\\\/schema.org\",\"@graph\":[{\"@type\":\"WebPage\",\"@id\":\"https:\\\/\\\/jzi.org.pl\\\/galerie\\\/ludzie-stad\\\/piotr-kloczko\\\/\",\"url\":\"https:\\\/\\\/jzi.org.pl\\\/galerie\\\/ludzie-stad\\\/piotr-kloczko\\\/\",\"name\":\"Piotr K\u0142oczko - Jami\u0144ski Zesp\u00f3\u0142 Indeksacyjny\",\"isPartOf\":{\"@id\":\"https:\\\/\\\/jzi.org.pl\\\/#website\"},\"primaryImageOfPage\":{\"@id\":\"https:\\\/\\\/jzi.org.pl\\\/galerie\\\/ludzie-stad\\\/piotr-kloczko\\\/#primaryimage\"},\"image\":{\"@id\":\"https:\\\/\\\/jzi.org.pl\\\/galerie\\\/ludzie-stad\\\/piotr-kloczko\\\/#primaryimage\"},\"thumbnailUrl\":\"https:\\\/\\\/jzi.org.pl\\\/wp-content\\\/uploads\\\/2020\\\/07\\\/piotr-kloczko.jpg\",\"datePublished\":\"2020-07-06T10:19:10+00:00\",\"breadcrumb\":{\"@id\":\"https:\\\/\\\/jzi.org.pl\\\/galerie\\\/ludzie-stad\\\/piotr-kloczko\\\/#breadcrumb\"},\"inLanguage\":\"en-US\",\"potentialAction\":[{\"@type\":\"ReadAction\",\"target\":[\"https:\\\/\\\/jzi.org.pl\\\/galerie\\\/ludzie-stad\\\/piotr-kloczko\\\/\"]}]},{\"@type\":\"ImageObject\",\"inLanguage\":\"en-US\",\"@id\":\"https:\\\/\\\/jzi.org.pl\\\/galerie\\\/ludzie-stad\\\/piotr-kloczko\\\/#primaryimage\",\"url\":\"https:\\\/\\\/jzi.org.pl\\\/wp-content\\\/uploads\\\/2020\\\/07\\\/piotr-kloczko.jpg\",\"contentUrl\":\"https:\\\/\\\/jzi.org.pl\\\/wp-content\\\/uploads\\\/2020\\\/07\\\/piotr-kloczko.jpg\",\"width\":1496,\"height\":2048},{\"@type\":\"BreadcrumbList\",\"@id\":\"https:\\\/\\\/jzi.org.pl\\\/galerie\\\/ludzie-stad\\\/piotr-kloczko\\\/#breadcrumb\",\"itemListElement\":[{\"@type\":\"ListItem\",\"position\":1,\"name\":\"Strona g\u0142\u00f3wna\",\"item\":\"https:\\\/\\\/jzi.org.pl\\\/\"},{\"@type\":\"ListItem\",\"position\":2,\"name\":\"Galerie\",\"item\":\"https:\\\/\\\/jzi.org.pl\\\/galerie\\\/\"},{\"@type\":\"ListItem\",\"position\":3,\"name\":\"Ludzie st\u0105d\",\"item\":\"https:\\\/\\\/jzi.org.pl\\\/galerie\\\/ludzie-stad\\\/\"},{\"@type\":\"ListItem\",\"position\":4,\"name\":\"Piotr K\u0142oczko\"}]},{\"@type\":\"WebSite\",\"@id\":\"https:\\\/\\\/jzi.org.pl\\\/#website\",\"url\":\"https:\\\/\\\/jzi.org.pl\\\/\",\"name\":\"Jami\u0144ski Zesp\u00f3\u0142 Indeksacyjny\",\"description\":\"\",\"publisher\":{\"@id\":\"https:\\\/\\\/jzi.org.pl\\\/#organization\"},\"potentialAction\":[{\"@type\":\"SearchAction\",\"target\":{\"@type\":\"EntryPoint\",\"urlTemplate\":\"https:\\\/\\\/jzi.org.pl\\\/?s={search_term_string}\"},\"query-input\":{\"@type\":\"PropertyValueSpecification\",\"valueRequired\":true,\"valueName\":\"search_term_string\"}}],\"inLanguage\":\"en-US\"},{\"@type\":\"Organization\",\"@id\":\"https:\\\/\\\/jzi.org.pl\\\/#organization\",\"name\":\"Jami\u0144ski Zesp\u00f3\u0142 Indeksacyjny\",\"url\":\"https:\\\/\\\/jzi.org.pl\\\/\",\"logo\":{\"@type\":\"ImageObject\",\"inLanguage\":\"en-US\",\"@id\":\"https:\\\/\\\/jzi.org.pl\\\/#\\\/schema\\\/logo\\\/image\\\/\",\"url\":\"https:\\\/\\\/jzi.org.pl\\\/wp-content\\\/uploads\\\/2019\\\/03\\\/logo-stowarzyszenie-jzi.png\",\"contentUrl\":\"https:\\\/\\\/jzi.org.pl\\\/wp-content\\\/uploads\\\/2019\\\/03\\\/logo-stowarzyszenie-jzi.png\",\"width\":931,\"height\":990,\"caption\":\"Jami\u0144ski Zesp\u00f3\u0142 Indeksacyjny\"},\"image\":{\"@id\":\"https:\\\/\\\/jzi.org.pl\\\/#\\\/schema\\\/logo\\\/image\\\/\"},\"sameAs\":[\"https:\\\/\\\/www.facebook.com\\\/Jaminski.Zespol.Indeksacyjny\\\/\"]}]}<\/script>\n<!-- \/ Yoast SEO plugin. -->","yoast_head_json":{"title":"Piotr K\u0142oczko - Jami\u0144ski Zesp\u00f3\u0142 Indeksacyjny","robots":{"index":"index","follow":"follow","max-snippet":"max-snippet:-1","max-image-preview":"max-image-preview:large","max-video-preview":"max-video-preview:-1"},"canonical":"https:\/\/jzi.org.pl\/en\/galerie\/ludzie-stad\/piotr-kloczko\/","og_locale":"en_US","og_type":"article","og_title":"Piotr K\u0142oczko - Jami\u0144ski Zesp\u00f3\u0142 Indeksacyjny","og_description":"Podporucznik Armii Krajowej Piotr K\u0142oczko, pseudonim ,,Strug\u201d, ,,Wiktor\u201d, ,,\u017barnowski\u201d. Syn J\u00f3zefa i Franciszki, urodzony 4 sierpnia 1914 roku w wsi Wierciochy w by\u0142ej gminie Koniecb\u00f3r w powiecie Suwalskim (dzi\u015b gmina Raczki). Rolnik, uko\u0144czy\u0142 5 klas szko\u0142y powszechnej. \u017bona Janina. Mia\u0142 dwie c\u00f3rki- Krystyn\u0119 i Teres\u0119. W czerwcu 1940 roku dowodzi\u0142 Okr\u0119giem Raczki Organizacji Korpusu Ziemii [&hellip;]","og_url":"https:\/\/jzi.org.pl\/en\/galerie\/ludzie-stad\/piotr-kloczko\/","og_site_name":"Jami\u0144ski Zesp\u00f3\u0142 Indeksacyjny","article_publisher":"https:\/\/www.facebook.com\/Jaminski.Zespol.Indeksacyjny\/","og_image":[{"width":1496,"height":2048,"url":"https:\/\/jzi.org.pl\/wp-content\/uploads\/2020\/07\/piotr-kloczko.jpg","type":"image\/jpeg"}],"twitter_card":"summary_large_image","twitter_misc":{"Est. reading time":"2 minutes"},"schema":{"@context":"https:\/\/schema.org","@graph":[{"@type":"WebPage","@id":"https:\/\/jzi.org.pl\/galerie\/ludzie-stad\/piotr-kloczko\/","url":"https:\/\/jzi.org.pl\/galerie\/ludzie-stad\/piotr-kloczko\/","name":"Piotr K\u0142oczko - Jami\u0144ski Zesp\u00f3\u0142 Indeksacyjny","isPartOf":{"@id":"https:\/\/jzi.org.pl\/#website"},"primaryImageOfPage":{"@id":"https:\/\/jzi.org.pl\/galerie\/ludzie-stad\/piotr-kloczko\/#primaryimage"},"image":{"@id":"https:\/\/jzi.org.pl\/galerie\/ludzie-stad\/piotr-kloczko\/#primaryimage"},"thumbnailUrl":"https:\/\/jzi.org.pl\/wp-content\/uploads\/2020\/07\/piotr-kloczko.jpg","datePublished":"2020-07-06T10:19:10+00:00","breadcrumb":{"@id":"https:\/\/jzi.org.pl\/galerie\/ludzie-stad\/piotr-kloczko\/#breadcrumb"},"inLanguage":"en-US","potentialAction":[{"@type":"ReadAction","target":["https:\/\/jzi.org.pl\/galerie\/ludzie-stad\/piotr-kloczko\/"]}]},{"@type":"ImageObject","inLanguage":"en-US","@id":"https:\/\/jzi.org.pl\/galerie\/ludzie-stad\/piotr-kloczko\/#primaryimage","url":"https:\/\/jzi.org.pl\/wp-content\/uploads\/2020\/07\/piotr-kloczko.jpg","contentUrl":"https:\/\/jzi.org.pl\/wp-content\/uploads\/2020\/07\/piotr-kloczko.jpg","width":1496,"height":2048},{"@type":"BreadcrumbList","@id":"https:\/\/jzi.org.pl\/galerie\/ludzie-stad\/piotr-kloczko\/#breadcrumb","itemListElement":[{"@type":"ListItem","position":1,"name":"Strona g\u0142\u00f3wna","item":"https:\/\/jzi.org.pl\/"},{"@type":"ListItem","position":2,"name":"Galerie","item":"https:\/\/jzi.org.pl\/galerie\/"},{"@type":"ListItem","position":3,"name":"Ludzie st\u0105d","item":"https:\/\/jzi.org.pl\/galerie\/ludzie-stad\/"},{"@type":"ListItem","position":4,"name":"Piotr K\u0142oczko"}]},{"@type":"WebSite","@id":"https:\/\/jzi.org.pl\/#website","url":"https:\/\/jzi.org.pl\/","name":"Jaminy Indexing Team","description":"","publisher":{"@id":"https:\/\/jzi.org.pl\/#organization"},"potentialAction":[{"@type":"SearchAction","target":{"@type":"EntryPoint","urlTemplate":"https:\/\/jzi.org.pl\/?s={search_term_string}"},"query-input":{"@type":"PropertyValueSpecification","valueRequired":true,"valueName":"search_term_string"}}],"inLanguage":"en-US"},{"@type":"Organization","@id":"https:\/\/jzi.org.pl\/#organization","name":"Jaminy Indexing Team","url":"https:\/\/jzi.org.pl\/","logo":{"@type":"ImageObject","inLanguage":"en-US","@id":"https:\/\/jzi.org.pl\/#\/schema\/logo\/image\/","url":"https:\/\/jzi.org.pl\/wp-content\/uploads\/2019\/03\/logo-stowarzyszenie-jzi.png","contentUrl":"https:\/\/jzi.org.pl\/wp-content\/uploads\/2019\/03\/logo-stowarzyszenie-jzi.png","width":931,"height":990,"caption":"Jami\u0144ski Zesp\u00f3\u0142 Indeksacyjny"},"image":{"@id":"https:\/\/jzi.org.pl\/#\/schema\/logo\/image\/"},"sameAs":["https:\/\/www.facebook.com\/Jaminski.Zespol.Indeksacyjny\/"]}]}},"jetpack_likes_enabled":true,"jetpack_sharing_enabled":true,"_links":{"self":[{"href":"https:\/\/jzi.org.pl\/en\/wp-json\/wp\/v2\/pages\/14482","targetHints":{"allow":["GET"]}}],"collection":[{"href":"https:\/\/jzi.org.pl\/en\/wp-json\/wp\/v2\/pages"}],"about":[{"href":"https:\/\/jzi.org.pl\/en\/wp-json\/wp\/v2\/types\/page"}],"author":[{"embeddable":true,"href":"https:\/\/jzi.org.pl\/en\/wp-json\/wp\/v2\/users\/1"}],"replies":[{"embeddable":true,"href":"https:\/\/jzi.org.pl\/en\/wp-json\/wp\/v2\/comments?post=14482"}],"version-history":[{"count":0,"href":"https:\/\/jzi.org.pl\/en\/wp-json\/wp\/v2\/pages\/14482\/revisions"}],"up":[{"embeddable":true,"href":"https:\/\/jzi.org.pl\/en\/wp-json\/wp\/v2\/pages\/1223"}],"wp:featuredmedia":[{"embeddable":true,"href":"https:\/\/jzi.org.pl\/en\/wp-json\/wp\/v2\/media\/14483"}],"wp:attachment":[{"href":"https:\/\/jzi.org.pl\/en\/wp-json\/wp\/v2\/media?parent=14482"}],"curies":[{"name":"wp","href":"https:\/\/api.w.org\/{rel}","templated":true}]}}