{"id":14375,"date":"2020-06-26T12:51:43","date_gmt":"2020-06-26T10:51:43","guid":{"rendered":"https:\/\/jzi.org.pl\/?page_id=14375"},"modified":"2020-10-29T15:50:14","modified_gmt":"2020-10-29T14:50:14","slug":"formularz-odtwarzamy-raczkowskie-metryki","status":"publish","type":"page","link":"https:\/\/jzi.org.pl\/en\/parafie\/raczki\/formularz-odtwarzamy-raczkowskie-metryki\/","title":{"rendered":"Form \"We restore Raczki records\""},"content":{"rendered":"<p>Wpisujemy wy\u0142\u0105cznie dane os\u00f3b zmar\u0142ych.<\/p>\n<p>Niezb\u0119dne minimum do wpisania, to dane osoby zwi\u0105zanej z \u017cyciem dawnego obszaru parafii Raczki i podanie jej imienia, nazwiska oraz miejscowo\u015bci.<\/p>\n<p>W polu <u>Uwagi i dodatkowe informacje<\/u> wpisujemy wszystko co mo\u017ce przybli\u017cy\u0107 relacje i powi\u0105zania rodzinne z innymi osobami, czyli rodze\u0144stwo znane dzieci itp.<\/p>\n<p>podpisujemy si\u0119 z imienia i nazwiska podaj\u0105c sw\u00f3j email kontaktowy. Dane te nie b\u0119d\u0105 dost\u0119pne publicznie, ale b\u0119d\u0105 udost\u0119pniane innym osobom w prywatnych wiadomo\u015bciach w celu nawi\u0105zania kontaktu. Taki jest cel projektu i dlatego prosimy was o wyra\u017cenie zgody na przetwarzanie Waszych danych.<\/p>\n<p>Wi\u0119cej informacji znajduje si\u0119 <a href=\"https:\/\/jzi.org.pl\/2020\/07\/01\/odtwarzamy-raczkowskie-metryki\/\">tutaj<\/a>.<\/p>\n<p>Strona startowa wyszukiwarki Geneo wraz z instrukcj\u0105 korzystania znajduje si\u0119 <a href=\"https:\/\/jzi.org.pl\/wyszukiwarka\/\">tutaj<\/a>.<\/p>\n<div class=\"wpforms-container wpforms-container-full\" id=\"wpforms-14371\"><form id=\"wpforms-form-14371\" class=\"wpforms-validate wpforms-form\" data-formid=\"14371\" method=\"post\" enctype=\"multipart\/form-data\" action=\"\/en\/wp-json\/wp\/v2\/pages\/14375\" data-token=\"52f630a1420e809213cd7a2d97317350\" data-token-time=\"1775592595\"><noscript class=\"wpforms-error-noscript\">Please enable JavaScript in your browser to complete this form.<\/noscript><div class=\"wpforms-field-container\"><div id=\"wpforms-14371-field_4-container\" class=\"wpforms-field wpforms-field-name\" data-field-id=\"4\"><label class=\"wpforms-field-label\" for=\"wpforms-14371-field_4\">Imi\u0119 i nazwisko (nazwisko w chwili zgonu) <span class=\"wpforms-required-label\">*<\/span><\/label><div class=\"wpforms-field-row wpforms-field-medium\"><div class=\"wpforms-field-row-block wpforms-first wpforms-one-half\"><input type=\"text\" id=\"wpforms-14371-field_4\" class=\"wpforms-field-name-first wpforms-field-required\" name=\"wpforms[fields][4][first]\" placeholder=\"Imi\u0119\" required><label for=\"wpforms-14371-field_4\" class=\"wpforms-field-sublabel after wpforms-sublabel-hide\">First<\/label><\/div><div class=\"wpforms-field-row-block wpforms-one-half\"><input type=\"text\" id=\"wpforms-14371-field_4-last\" class=\"wpforms-field-name-last wpforms-field-required\" name=\"wpforms[fields][4][last]\" placeholder=\"Nazwisko\" required><label for=\"wpforms-14371-field_4-last\" class=\"wpforms-field-sublabel after wpforms-sublabel-hide\">Last<\/label><\/div><\/div><\/div><div id=\"wpforms-14371-field_7-container\" class=\"wpforms-field wpforms-field-text\" data-field-id=\"7\"><label class=\"wpforms-field-label\" for=\"wpforms-14371-field_7\">Data urodzenia (lub tylko rok)<\/label><input type=\"text\" id=\"wpforms-14371-field_7\" class=\"wpforms-field-small\" name=\"wpforms[fields][7]\" placeholder=\"RRRR-MM-DD\" ><\/div><div id=\"wpforms-14371-field_8-container\" class=\"wpforms-field wpforms-field-text\" data-field-id=\"8\"><label class=\"wpforms-field-label\" for=\"wpforms-14371-field_8\">Miejscowo\u015b\u0107 urodzenia (o ile znana)<\/label><input type=\"text\" id=\"wpforms-14371-field_8\" class=\"wpforms-field-small\" name=\"wpforms[fields][8]\" ><\/div><div id=\"wpforms-14371-field_9-container\" class=\"wpforms-field wpforms-field-text\" data-field-id=\"9\"><label class=\"wpforms-field-label\" for=\"wpforms-14371-field_9\">Data zgonu (lub tylko rok) <span class=\"wpforms-required-label\">*<\/span><\/label><input type=\"text\" id=\"wpforms-14371-field_9\" class=\"wpforms-field-small wpforms-field-required\" name=\"wpforms[fields][9]\" placeholder=\"RRRR-MM-DD\" required><\/div><div id=\"wpforms-14371-field_10-container\" class=\"wpforms-field wpforms-field-text\" data-field-id=\"10\"><label class=\"wpforms-field-label\" for=\"wpforms-14371-field_10\">Miejscowo\u015b\u0107 zgonu (o ile znana)<\/label><input type=\"text\" id=\"wpforms-14371-field_10\" class=\"wpforms-field-small\" name=\"wpforms[fields][10]\" ><\/div><div id=\"wpforms-14371-field_12-container\" class=\"wpforms-field wpforms-field-name\" data-field-id=\"12\"><label class=\"wpforms-field-label\" for=\"wpforms-14371-field_12\">Imi\u0119 i nazwisko ojca<\/label><div class=\"wpforms-field-row wpforms-field-medium\"><div class=\"wpforms-field-row-block wpforms-first wpforms-one-half\"><input type=\"text\" id=\"wpforms-14371-field_12\" class=\"wpforms-field-name-first\" name=\"wpforms[fields][12][first]\" placeholder=\"Imi\u0119\" ><label for=\"wpforms-14371-field_12\" class=\"wpforms-field-sublabel after wpforms-sublabel-hide\">First<\/label><\/div><div class=\"wpforms-field-row-block wpforms-one-half\"><input type=\"text\" id=\"wpforms-14371-field_12-last\" class=\"wpforms-field-name-last\" name=\"wpforms[fields][12][last]\" placeholder=\"Nazwisko\" ><label for=\"wpforms-14371-field_12-last\" class=\"wpforms-field-sublabel after wpforms-sublabel-hide\">Last<\/label><\/div><\/div><\/div><div id=\"wpforms-14371-field_13-container\" class=\"wpforms-field wpforms-field-name\" data-field-id=\"13\"><label class=\"wpforms-field-label\" for=\"wpforms-14371-field_13\">Imi\u0119 i nazwisko matki<\/label><div class=\"wpforms-field-row wpforms-field-medium\"><div class=\"wpforms-field-row-block wpforms-first wpforms-one-half\"><input type=\"text\" id=\"wpforms-14371-field_13\" class=\"wpforms-field-name-first\" name=\"wpforms[fields][13][first]\" placeholder=\"Imi\u0119\" ><label for=\"wpforms-14371-field_13\" class=\"wpforms-field-sublabel after wpforms-sublabel-hide\">First<\/label><\/div><div class=\"wpforms-field-row-block wpforms-one-half\"><input type=\"text\" id=\"wpforms-14371-field_13-last\" class=\"wpforms-field-name-last\" name=\"wpforms[fields][13][last]\" placeholder=\"Nazwisko\" ><label for=\"wpforms-14371-field_13-last\" class=\"wpforms-field-sublabel after wpforms-sublabel-hide\">Last<\/label><\/div><\/div><\/div><div id=\"wpforms-14371-field_14-container\" class=\"wpforms-field wpforms-field-name\" data-field-id=\"14\"><label class=\"wpforms-field-label\" for=\"wpforms-14371-field_14\">Imi\u0119 i nazwisko wsp\u00f3\u0142ma\u0142\u017conka (je\u015bli dotyczy)<\/label><div class=\"wpforms-field-row wpforms-field-medium\"><div class=\"wpforms-field-row-block wpforms-first wpforms-one-half\"><input type=\"text\" id=\"wpforms-14371-field_14\" class=\"wpforms-field-name-first\" name=\"wpforms[fields][14][first]\" placeholder=\"Imi\u0119\" ><label for=\"wpforms-14371-field_14\" class=\"wpforms-field-sublabel after wpforms-sublabel-hide\">First<\/label><\/div><div class=\"wpforms-field-row-block wpforms-one-half\"><input type=\"text\" id=\"wpforms-14371-field_14-last\" class=\"wpforms-field-name-last\" name=\"wpforms[fields][14][last]\" placeholder=\"Nazwisko\" ><label for=\"wpforms-14371-field_14-last\" class=\"wpforms-field-sublabel after wpforms-sublabel-hide\">Last<\/label><\/div><\/div><\/div><div id=\"wpforms-14371-field_15-container\" class=\"wpforms-field wpforms-field-textarea\" data-field-id=\"15\"><label class=\"wpforms-field-label\" for=\"wpforms-14371-field_15\">Uwagi i dodatkowe informacje<\/label><textarea id=\"wpforms-14371-field_15\" class=\"wpforms-field-medium\" name=\"wpforms[fields][15]\" ><\/textarea><div class=\"wpforms-field-description\">Informacje z \u017cyciorysu, cz\u0142onkowie rodziny, inne informacje niepasuj\u0105ce do pozosta\u0142ych p\u00f3l formularza<\/div><\/div><div id=\"wpforms-14371-field_17-container\" class=\"wpforms-field wpforms-field-name\" data-field-id=\"17\"><label class=\"wpforms-field-label\" for=\"wpforms-14371-field_17\">Twoje imi\u0119 i nazwisko <span class=\"wpforms-required-label\">*<\/span><\/label><div class=\"wpforms-field-row wpforms-field-medium\"><div class=\"wpforms-field-row-block wpforms-first wpforms-one-half\"><input type=\"text\" id=\"wpforms-14371-field_17\" class=\"wpforms-field-name-first wpforms-field-required\" name=\"wpforms[fields][17][first]\" placeholder=\"Imi\u0119\" required><label for=\"wpforms-14371-field_17\" class=\"wpforms-field-sublabel after wpforms-sublabel-hide\">First<\/label><\/div><div class=\"wpforms-field-row-block wpforms-one-half\"><input type=\"text\" id=\"wpforms-14371-field_17-last\" class=\"wpforms-field-name-last wpforms-field-required\" name=\"wpforms[fields][17][last]\" placeholder=\"Nazwisko\" required><label for=\"wpforms-14371-field_17-last\" class=\"wpforms-field-sublabel after wpforms-sublabel-hide\">Last<\/label><\/div><\/div><\/div><div id=\"wpforms-14371-field_16-container\" class=\"wpforms-field wpforms-field-email\" data-field-id=\"16\"><label class=\"wpforms-field-label\" for=\"wpforms-14371-field_16\">Tw\u00f3j email <span class=\"wpforms-required-label\">*<\/span><\/label><input type=\"email\" id=\"wpforms-14371-field_16\" class=\"wpforms-field-small wpforms-field-required\" name=\"wpforms[fields][16]\" spellcheck=\"false\" required><\/div><div id=\"wpforms-14371-field_18-container\" class=\"wpforms-field wpforms-field-checkbox\" data-field-id=\"18\"><label class=\"wpforms-field-label wpforms-label-hide\">Zgody <span class=\"wpforms-required-label\">*<\/span><\/label><ul id=\"wpforms-14371-field_18\" class=\"wpforms-field-required\"><li class=\"choice-1 depth-1\"><input type=\"checkbox\" id=\"wpforms-14371-field_18_1\" name=\"wpforms[fields][18][]\" value=\"Wyra\u017cam zgod\u0119 na przetwarzanie moich danych osobowych zawartych w formularzu (imi\u0119, nazwisko, email) oraz przekazanie ich osobom zainteresowanym w celu nawi\u0105zania kontaktu (zgodnie z Ustaw\u0105 z dnia 10 maja 2018 r. o ochronie danych osobowych Dz. U. 2019.1781 z dnia 19 wrze\u015bnia 2019 r.).\" required ><label class=\"wpforms-field-label-inline\" for=\"wpforms-14371-field_18_1\">Wyra\u017cam zgod\u0119 na przetwarzanie moich danych osobowych zawartych w formularzu (imi\u0119, nazwisko, email) oraz przekazanie ich osobom zainteresowanym w celu nawi\u0105zania kontaktu (zgodnie z Ustaw\u0105 z dnia 10 maja 2018 r. o ochronie danych osobowych Dz. U. 2019.1781 z dnia 19 wrze\u015bnia 2019 r.).<\/label><\/li><\/ul><\/div><\/div><!-- .wpforms-field-container --><div class=\"wpforms-field wpforms-field-hp\"><label for=\"wpforms-14371-field-hp\" class=\"wpforms-field-label\">Website<\/label><input type=\"text\" name=\"wpforms[hp]\" id=\"wpforms-14371-field-hp\" class=\"wpforms-field-medium\"><\/div><div class=\"wpforms-recaptcha-container wpforms-is-recaptcha wpforms-is-recaptcha-type-v2\" ><div class=\"g-recaptcha\" data-sitekey=\"6LcI9HsUAAAAACj_qXjs3M6kDxMsxZNitAmvW_vC\"><\/div><input type=\"text\" name=\"g-recaptcha-hidden\" class=\"wpforms-recaptcha-hidden\" style=\"position:absolute!important;clip:rect(0,0,0,0)!important;height:1px!important;width:1px!important;border:0!important;overflow:hidden!important;padding:0!important;margin:0!important;\" data-rule-recaptcha=\"1\"><\/div><div class=\"wpforms-submit-container\" ><input type=\"hidden\" name=\"wpforms[id]\" value=\"14371\"><input type=\"hidden\" name=\"page_title\" value=\"\"><input type=\"hidden\" name=\"page_url\" value=\"https:\/\/jzi.org.pl\/en\/wp-json\/wp\/v2\/pages\/14375\"><input type=\"hidden\" name=\"url_referer\" value=\"\"><button type=\"submit\" name=\"wpforms[submit]\" id=\"wpforms-submit-14371\" class=\"wpforms-submit\" data-alt-text=\"Wysy\u0142am...\" data-submit-text=\"Wy\u015blij\" aria-live=\"assertive\" value=\"wpforms-submit\">Wy\u015blij<\/button><\/div><input type=\"hidden\" id=\"ct_checkjs_wpforms_48ab2f9b45957ab574cf005eb8a76760\" name=\"ct_checkjs_wpforms\" value=\"0\" \/><script>setTimeout(function(){var ct_input_name = \"ct_checkjs_wpforms_48ab2f9b45957ab574cf005eb8a76760\";if (document.getElementById(ct_input_name) !== null) {var ct_input_value = document.getElementById(ct_input_name).value;document.getElementById(ct_input_name).value = document.getElementById(ct_input_name).value.replace(ct_input_value, '19825d086f94cf378b4fb01d8b3937cdeaee95d874c70bdad09919b79370032f');}}, 1000);<\/script><input\n                    class=\"apbct_special_field apbct_email_id__wp_wpforms\"\n                    name=\"apbct__email_id__wp_wpforms\"\n                    aria-label=\"apbct__label_id__wp_wpforms\"\n                    type=\"text\" size=\"30\" maxlength=\"200\" autocomplete=\"off\"\n                    value=\"\"\n                \/><\/form><\/div>  <!-- .wpforms-container -->\n<p>Po wci\u015bni\u0119ciu przycisku &#8222;Wy\u015blij&#8221;\u00a0 strona od\u015bwie\u017cy si\u0119 umo\u017cliwiaj\u0105c wpisanie kolejnej osoby.<\/p>\n","protected":false},"excerpt":{"rendered":"<p>Wpisujemy wy\u0142\u0105cznie dane os\u00f3b zmar\u0142ych. Niezb\u0119dne minimum do wpisania, to dane osoby zwi\u0105zanej z \u017cyciem dawnego obszaru parafii Raczki i podanie jej imienia, nazwiska oraz miejscowo\u015bci. W polu Uwagi i dodatkowe informacje wpisujemy wszystko co mo\u017ce przybli\u017cy\u0107 relacje i powi\u0105zania rodzinne z innymi osobami, czyli rodze\u0144stwo znane dzieci itp. podpisujemy si\u0119 z imienia i nazwiska [&hellip;]<\/p>\n","protected":false},"author":1,"featured_media":9687,"parent":1358,"menu_order":0,"comment_status":"closed","ping_status":"closed","template":"","meta":{"h5ap_radio_sources":[],"jetpack_post_was_ever_published":false,"footnotes":""},"class_list":["post-14375","page","type-page","status-publish","has-post-thumbnail","hentry"],"yoast_head":"<!-- This site is optimized with the Yoast SEO plugin v27.3 - https:\/\/yoast.com\/product\/yoast-seo-wordpress\/ -->\n<title>Formularz &quot;Odtwarzamy raczkowskie metryki&quot; - Jami\u0144ski Zesp\u00f3\u0142 Indeksacyjny<\/title>\n<meta name=\"robots\" content=\"index, follow, max-snippet:-1, max-image-preview:large, max-video-preview:-1\" \/>\n<link rel=\"canonical\" href=\"https:\/\/jzi.org.pl\/en\/parafie\/raczki\/formularz-odtwarzamy-raczkowskie-metryki\/\" \/>\n<meta property=\"og:locale\" content=\"en_US\" \/>\n<meta property=\"og:type\" content=\"article\" \/>\n<meta property=\"og:title\" content=\"Formularz &quot;Odtwarzamy raczkowskie metryki&quot; - Jami\u0144ski Zesp\u00f3\u0142 Indeksacyjny\" \/>\n<meta property=\"og:description\" content=\"Wpisujemy wy\u0142\u0105cznie dane os\u00f3b zmar\u0142ych. Niezb\u0119dne minimum do wpisania, to dane osoby zwi\u0105zanej z \u017cyciem dawnego obszaru parafii Raczki i podanie jej imienia, nazwiska oraz miejscowo\u015bci. W polu Uwagi i dodatkowe informacje wpisujemy wszystko co mo\u017ce przybli\u017cy\u0107 relacje i powi\u0105zania rodzinne z innymi osobami, czyli rodze\u0144stwo znane dzieci itp. podpisujemy si\u0119 z imienia i nazwiska [&hellip;]\" \/>\n<meta property=\"og:url\" content=\"https:\/\/jzi.org.pl\/en\/parafie\/raczki\/formularz-odtwarzamy-raczkowskie-metryki\/\" \/>\n<meta property=\"og:site_name\" content=\"Jami\u0144ski Zesp\u00f3\u0142 Indeksacyjny\" \/>\n<meta property=\"article:publisher\" content=\"https:\/\/www.facebook.com\/Jaminski.Zespol.Indeksacyjny\/\" \/>\n<meta property=\"article:modified_time\" content=\"2020-10-29T14:50:14+00:00\" \/>\n<meta property=\"og:image\" content=\"https:\/\/jzi.org.pl\/wp-content\/uploads\/2020\/02\/1.-Miasto-i-wie\u015b-Raczki-na-pruskiej-mapie-wojskowej-z-lat-1795-1805..jpg\" \/>\n\t<meta property=\"og:image:width\" content=\"1704\" \/>\n\t<meta property=\"og:image:height\" content=\"1155\" \/>\n\t<meta property=\"og:image:type\" content=\"image\/jpeg\" \/>\n<meta name=\"twitter:card\" content=\"summary_large_image\" \/>\n<meta name=\"twitter:label1\" content=\"Est. reading time\" \/>\n\t<meta name=\"twitter:data1\" content=\"1 minute\" \/>\n<script type=\"application\/ld+json\" class=\"yoast-schema-graph\">{\"@context\":\"https:\\\/\\\/schema.org\",\"@graph\":[{\"@type\":\"WebPage\",\"@id\":\"https:\\\/\\\/jzi.org.pl\\\/parafie\\\/raczki\\\/formularz-odtwarzamy-raczkowskie-metryki\\\/\",\"url\":\"https:\\\/\\\/jzi.org.pl\\\/parafie\\\/raczki\\\/formularz-odtwarzamy-raczkowskie-metryki\\\/\",\"name\":\"Formularz \\\"Odtwarzamy raczkowskie metryki\\\" - Jami\u0144ski Zesp\u00f3\u0142 Indeksacyjny\",\"isPartOf\":{\"@id\":\"https:\\\/\\\/jzi.org.pl\\\/#website\"},\"primaryImageOfPage\":{\"@id\":\"https:\\\/\\\/jzi.org.pl\\\/parafie\\\/raczki\\\/formularz-odtwarzamy-raczkowskie-metryki\\\/#primaryimage\"},\"image\":{\"@id\":\"https:\\\/\\\/jzi.org.pl\\\/parafie\\\/raczki\\\/formularz-odtwarzamy-raczkowskie-metryki\\\/#primaryimage\"},\"thumbnailUrl\":\"https:\\\/\\\/jzi.org.pl\\\/wp-content\\\/uploads\\\/2020\\\/02\\\/1.-Miasto-i-wie\u015b-Raczki-na-pruskiej-mapie-wojskowej-z-lat-1795-1805..jpg\",\"datePublished\":\"2020-06-26T10:51:43+00:00\",\"dateModified\":\"2020-10-29T14:50:14+00:00\",\"breadcrumb\":{\"@id\":\"https:\\\/\\\/jzi.org.pl\\\/parafie\\\/raczki\\\/formularz-odtwarzamy-raczkowskie-metryki\\\/#breadcrumb\"},\"inLanguage\":\"en-US\",\"potentialAction\":[{\"@type\":\"ReadAction\",\"target\":[\"https:\\\/\\\/jzi.org.pl\\\/parafie\\\/raczki\\\/formularz-odtwarzamy-raczkowskie-metryki\\\/\"]}]},{\"@type\":\"ImageObject\",\"inLanguage\":\"en-US\",\"@id\":\"https:\\\/\\\/jzi.org.pl\\\/parafie\\\/raczki\\\/formularz-odtwarzamy-raczkowskie-metryki\\\/#primaryimage\",\"url\":\"https:\\\/\\\/jzi.org.pl\\\/wp-content\\\/uploads\\\/2020\\\/02\\\/1.-Miasto-i-wie\u015b-Raczki-na-pruskiej-mapie-wojskowej-z-lat-1795-1805..jpg\",\"contentUrl\":\"https:\\\/\\\/jzi.org.pl\\\/wp-content\\\/uploads\\\/2020\\\/02\\\/1.-Miasto-i-wie\u015b-Raczki-na-pruskiej-mapie-wojskowej-z-lat-1795-1805..jpg\",\"width\":1704,\"height\":1155,\"caption\":\"Miasto i wie\u015b Raczki na pruskiej mapie wojskowej z lat 1795-1805.\"},{\"@type\":\"BreadcrumbList\",\"@id\":\"https:\\\/\\\/jzi.org.pl\\\/parafie\\\/raczki\\\/formularz-odtwarzamy-raczkowskie-metryki\\\/#breadcrumb\",\"itemListElement\":[{\"@type\":\"ListItem\",\"position\":1,\"name\":\"Strona g\u0142\u00f3wna\",\"item\":\"https:\\\/\\\/jzi.org.pl\\\/\"},{\"@type\":\"ListItem\",\"position\":2,\"name\":\"Parafie\",\"item\":\"https:\\\/\\\/jzi.org.pl\\\/parafie\\\/\"},{\"@type\":\"ListItem\",\"position\":3,\"name\":\"Raczki\",\"item\":\"https:\\\/\\\/jzi.org.pl\\\/parafie\\\/raczki\\\/\"},{\"@type\":\"ListItem\",\"position\":4,\"name\":\"Formularz &#8222;Odtwarzamy raczkowskie metryki&#8221;\"}]},{\"@type\":\"WebSite\",\"@id\":\"https:\\\/\\\/jzi.org.pl\\\/#website\",\"url\":\"https:\\\/\\\/jzi.org.pl\\\/\",\"name\":\"Jami\u0144ski Zesp\u00f3\u0142 Indeksacyjny\",\"description\":\"\",\"publisher\":{\"@id\":\"https:\\\/\\\/jzi.org.pl\\\/#organization\"},\"potentialAction\":[{\"@type\":\"SearchAction\",\"target\":{\"@type\":\"EntryPoint\",\"urlTemplate\":\"https:\\\/\\\/jzi.org.pl\\\/?s={search_term_string}\"},\"query-input\":{\"@type\":\"PropertyValueSpecification\",\"valueRequired\":true,\"valueName\":\"search_term_string\"}}],\"inLanguage\":\"en-US\"},{\"@type\":\"Organization\",\"@id\":\"https:\\\/\\\/jzi.org.pl\\\/#organization\",\"name\":\"Jami\u0144ski Zesp\u00f3\u0142 Indeksacyjny\",\"url\":\"https:\\\/\\\/jzi.org.pl\\\/\",\"logo\":{\"@type\":\"ImageObject\",\"inLanguage\":\"en-US\",\"@id\":\"https:\\\/\\\/jzi.org.pl\\\/#\\\/schema\\\/logo\\\/image\\\/\",\"url\":\"https:\\\/\\\/jzi.org.pl\\\/wp-content\\\/uploads\\\/2019\\\/03\\\/logo-stowarzyszenie-jzi.png\",\"contentUrl\":\"https:\\\/\\\/jzi.org.pl\\\/wp-content\\\/uploads\\\/2019\\\/03\\\/logo-stowarzyszenie-jzi.png\",\"width\":931,\"height\":990,\"caption\":\"Jami\u0144ski Zesp\u00f3\u0142 Indeksacyjny\"},\"image\":{\"@id\":\"https:\\\/\\\/jzi.org.pl\\\/#\\\/schema\\\/logo\\\/image\\\/\"},\"sameAs\":[\"https:\\\/\\\/www.facebook.com\\\/Jaminski.Zespol.Indeksacyjny\\\/\"]}]}<\/script>\n<!-- \/ Yoast SEO plugin. -->","yoast_head_json":{"title":"Formularz \"Odtwarzamy raczkowskie metryki\" - Jami\u0144ski Zesp\u00f3\u0142 Indeksacyjny","robots":{"index":"index","follow":"follow","max-snippet":"max-snippet:-1","max-image-preview":"max-image-preview:large","max-video-preview":"max-video-preview:-1"},"canonical":"https:\/\/jzi.org.pl\/en\/parafie\/raczki\/formularz-odtwarzamy-raczkowskie-metryki\/","og_locale":"en_US","og_type":"article","og_title":"Formularz \"Odtwarzamy raczkowskie metryki\" - Jami\u0144ski Zesp\u00f3\u0142 Indeksacyjny","og_description":"Wpisujemy wy\u0142\u0105cznie dane os\u00f3b zmar\u0142ych. Niezb\u0119dne minimum do wpisania, to dane osoby zwi\u0105zanej z \u017cyciem dawnego obszaru parafii Raczki i podanie jej imienia, nazwiska oraz miejscowo\u015bci. W polu Uwagi i dodatkowe informacje wpisujemy wszystko co mo\u017ce przybli\u017cy\u0107 relacje i powi\u0105zania rodzinne z innymi osobami, czyli rodze\u0144stwo znane dzieci itp. podpisujemy si\u0119 z imienia i nazwiska [&hellip;]","og_url":"https:\/\/jzi.org.pl\/en\/parafie\/raczki\/formularz-odtwarzamy-raczkowskie-metryki\/","og_site_name":"Jami\u0144ski Zesp\u00f3\u0142 Indeksacyjny","article_publisher":"https:\/\/www.facebook.com\/Jaminski.Zespol.Indeksacyjny\/","article_modified_time":"2020-10-29T14:50:14+00:00","og_image":[{"width":1704,"height":1155,"url":"https:\/\/jzi.org.pl\/wp-content\/uploads\/2020\/02\/1.-Miasto-i-wie\u015b-Raczki-na-pruskiej-mapie-wojskowej-z-lat-1795-1805..jpg","type":"image\/jpeg"}],"twitter_card":"summary_large_image","twitter_misc":{"Est. reading time":"1 minute"},"schema":{"@context":"https:\/\/schema.org","@graph":[{"@type":"WebPage","@id":"https:\/\/jzi.org.pl\/parafie\/raczki\/formularz-odtwarzamy-raczkowskie-metryki\/","url":"https:\/\/jzi.org.pl\/parafie\/raczki\/formularz-odtwarzamy-raczkowskie-metryki\/","name":"Formularz \"Odtwarzamy raczkowskie metryki\" - Jami\u0144ski Zesp\u00f3\u0142 Indeksacyjny","isPartOf":{"@id":"https:\/\/jzi.org.pl\/#website"},"primaryImageOfPage":{"@id":"https:\/\/jzi.org.pl\/parafie\/raczki\/formularz-odtwarzamy-raczkowskie-metryki\/#primaryimage"},"image":{"@id":"https:\/\/jzi.org.pl\/parafie\/raczki\/formularz-odtwarzamy-raczkowskie-metryki\/#primaryimage"},"thumbnailUrl":"https:\/\/jzi.org.pl\/wp-content\/uploads\/2020\/02\/1.-Miasto-i-wie\u015b-Raczki-na-pruskiej-mapie-wojskowej-z-lat-1795-1805..jpg","datePublished":"2020-06-26T10:51:43+00:00","dateModified":"2020-10-29T14:50:14+00:00","breadcrumb":{"@id":"https:\/\/jzi.org.pl\/parafie\/raczki\/formularz-odtwarzamy-raczkowskie-metryki\/#breadcrumb"},"inLanguage":"en-US","potentialAction":[{"@type":"ReadAction","target":["https:\/\/jzi.org.pl\/parafie\/raczki\/formularz-odtwarzamy-raczkowskie-metryki\/"]}]},{"@type":"ImageObject","inLanguage":"en-US","@id":"https:\/\/jzi.org.pl\/parafie\/raczki\/formularz-odtwarzamy-raczkowskie-metryki\/#primaryimage","url":"https:\/\/jzi.org.pl\/wp-content\/uploads\/2020\/02\/1.-Miasto-i-wie\u015b-Raczki-na-pruskiej-mapie-wojskowej-z-lat-1795-1805..jpg","contentUrl":"https:\/\/jzi.org.pl\/wp-content\/uploads\/2020\/02\/1.-Miasto-i-wie\u015b-Raczki-na-pruskiej-mapie-wojskowej-z-lat-1795-1805..jpg","width":1704,"height":1155,"caption":"Miasto i wie\u015b Raczki na pruskiej mapie wojskowej z lat 1795-1805."},{"@type":"BreadcrumbList","@id":"https:\/\/jzi.org.pl\/parafie\/raczki\/formularz-odtwarzamy-raczkowskie-metryki\/#breadcrumb","itemListElement":[{"@type":"ListItem","position":1,"name":"Strona g\u0142\u00f3wna","item":"https:\/\/jzi.org.pl\/"},{"@type":"ListItem","position":2,"name":"Parafie","item":"https:\/\/jzi.org.pl\/parafie\/"},{"@type":"ListItem","position":3,"name":"Raczki","item":"https:\/\/jzi.org.pl\/parafie\/raczki\/"},{"@type":"ListItem","position":4,"name":"Formularz &#8222;Odtwarzamy raczkowskie metryki&#8221;"}]},{"@type":"WebSite","@id":"https:\/\/jzi.org.pl\/#website","url":"https:\/\/jzi.org.pl\/","name":"Jaminy Indexing Team","description":"","publisher":{"@id":"https:\/\/jzi.org.pl\/#organization"},"potentialAction":[{"@type":"SearchAction","target":{"@type":"EntryPoint","urlTemplate":"https:\/\/jzi.org.pl\/?s={search_term_string}"},"query-input":{"@type":"PropertyValueSpecification","valueRequired":true,"valueName":"search_term_string"}}],"inLanguage":"en-US"},{"@type":"Organization","@id":"https:\/\/jzi.org.pl\/#organization","name":"Jaminy Indexing Team","url":"https:\/\/jzi.org.pl\/","logo":{"@type":"ImageObject","inLanguage":"en-US","@id":"https:\/\/jzi.org.pl\/#\/schema\/logo\/image\/","url":"https:\/\/jzi.org.pl\/wp-content\/uploads\/2019\/03\/logo-stowarzyszenie-jzi.png","contentUrl":"https:\/\/jzi.org.pl\/wp-content\/uploads\/2019\/03\/logo-stowarzyszenie-jzi.png","width":931,"height":990,"caption":"Jami\u0144ski Zesp\u00f3\u0142 Indeksacyjny"},"image":{"@id":"https:\/\/jzi.org.pl\/#\/schema\/logo\/image\/"},"sameAs":["https:\/\/www.facebook.com\/Jaminski.Zespol.Indeksacyjny\/"]}]}},"jetpack_likes_enabled":true,"jetpack_sharing_enabled":true,"_links":{"self":[{"href":"https:\/\/jzi.org.pl\/en\/wp-json\/wp\/v2\/pages\/14375","targetHints":{"allow":["GET"]}}],"collection":[{"href":"https:\/\/jzi.org.pl\/en\/wp-json\/wp\/v2\/pages"}],"about":[{"href":"https:\/\/jzi.org.pl\/en\/wp-json\/wp\/v2\/types\/page"}],"author":[{"embeddable":true,"href":"https:\/\/jzi.org.pl\/en\/wp-json\/wp\/v2\/users\/1"}],"replies":[{"embeddable":true,"href":"https:\/\/jzi.org.pl\/en\/wp-json\/wp\/v2\/comments?post=14375"}],"version-history":[{"count":0,"href":"https:\/\/jzi.org.pl\/en\/wp-json\/wp\/v2\/pages\/14375\/revisions"}],"up":[{"embeddable":true,"href":"https:\/\/jzi.org.pl\/en\/wp-json\/wp\/v2\/pages\/1358"}],"wp:featuredmedia":[{"embeddable":true,"href":"https:\/\/jzi.org.pl\/en\/wp-json\/wp\/v2\/media\/9687"}],"wp:attachment":[{"href":"https:\/\/jzi.org.pl\/en\/wp-json\/wp\/v2\/media?parent=14375"}],"curies":[{"name":"wp","href":"https:\/\/api.w.org\/{rel}","templated":true}]}}