{"id":1378,"date":"2017-07-11T00:00:00","date_gmt":"2017-07-10T22:00:00","guid":{"rendered":"http:\/\/jzi.org.pl\/?page_id=1378"},"modified":"2020-03-18T18:26:50","modified_gmt":"2020-03-18T17:26:50","slug":"kosciol-w-raczkach","status":"publish","type":"page","link":"https:\/\/jzi.org.pl\/en\/galerie\/kosciol-w-raczkach\/","title":{"rendered":"The church in Raczki"},"content":{"rendered":"<p>Raczki parish, initially known as Dowspuda, was erected in 1599 by Maryna Grzegorzewska Massalska, daughter of Stanis\u0142aw Raczko. In the years 1766-1823 Micha\u0142 and Ludwik Pac built a single-nave church according to the plans of Aigner and Markoni. On September 27, 1835, the church was consecrated by Fr. Bishop Stanis\u0142aw Kostka Choroma\u0144ski, administrator of the August\u00f3w Diocese. From 1748 to 1831, the patrons of the parish and church in Raczki was Pac family, from 1797 - Ludwik Micha\u0142 hr. Pac. In 1934, Father Witold Balukiewicz added aisles. Before 1970, Fr. Czes\u0142aw Rogalski carried out the renovation of the church; the ceiling of the nave was changed from semi-circular to flat. Stained glass and 23 voice organs were made with his efforts. In the years 2003\u20132007 the church was generally renovated: the external facade, reconstruction of the presbytery with new stalls, new sound system, painting and gilding of the interior.<\/p>\n<style type=\"text\/css\">\n#foogallery-gallery-1367.fg-masonry .fg-item { width: 150px; }\n#foogallery-gallery-1367.fg-masonry { --fg-gutter: 10px; }<\/style>\n\t\t\t<div class=\"foogallery foogallery-container foogallery-masonry foogallery-lightbox-foobox fg-masonry fg-ready fg-light fg-border-thin fg-shadow-outline fg-loading-default fg-loaded-fade-in fg-hover-scale fg-caption-hover fg-hover-fade fg-hover-zoom fg-fixed\" id=\"foogallery-gallery-1367\" data-foogallery=\"{&quot;item&quot;:{&quot;showCaptionTitle&quot;:true,&quot;showCaptionDescription&quot;:true},&quot;lazy&quot;:true,&quot;template&quot;:{&quot;columnWidth&quot;:150,&quot;gutter&quot;:10}}\" style=\"--fg-title-line-clamp: 0; --fg-description-line-clamp: 0;\" >\n\t\t<div class=\"fg-item fg-type-image fg-idle\"><figure class=\"fg-item-inner\"><a href=\"https:\/\/jzi.org.pl\/wp-content\/uploads\/2017\/07\/Ko\u015bcio\u0142-podczas-okupacji-niemieckiej.jpg\" data-attachment-id=\"1368\" data-type=\"image\" class=\"fg-thumb\"><span class=\"fg-image-wrap\"><img decoding=\"async\" width=\"150\" height=\"98\" class=\"skip-lazy fg-image\" data-src-fg=\"https:\/\/jzi.org.pl\/wp-content\/uploads\/cache\/2017\/07\/Ko\u015bcio\u0142-podczas-okupacji-niemieckiej\/4109666243.jpg\" src=\"data:image\/svg+xml,%3Csvg%20xmlns%3D%22http%3A%2F%2Fwww.w3.org%2F2000%2Fsvg%22%20width%3D%22150%22%20height%3D%2298%22%20viewBox%3D%220%200%20150%2098%22%3E%3C%2Fsvg%3E\" loading=\"eager\"><\/span><span class=\"fg-image-overlay\"><\/span><\/a><\/figure><div class=\"fg-loader\"><\/div><\/div><div class=\"fg-item fg-type-image fg-idle\"><figure class=\"fg-item-inner\"><a href=\"https:\/\/jzi.org.pl\/wp-content\/uploads\/2017\/07\/Ko\u015bci\u00f3\u0142-Raczki-1919.jpg\" data-attachment-id=\"1369\" data-type=\"image\" class=\"fg-thumb\"><span class=\"fg-image-wrap\"><img decoding=\"async\" width=\"150\" height=\"232\" class=\"skip-lazy fg-image\" data-src-fg=\"https:\/\/jzi.org.pl\/wp-content\/uploads\/cache\/2017\/07\/Ko\u015bci\u00f3\u0142-Raczki-1919\/4023382180.jpg\" src=\"data:image\/svg+xml,%3Csvg%20xmlns%3D%22http%3A%2F%2Fwww.w3.org%2F2000%2Fsvg%22%20width%3D%22150%22%20height%3D%22232%22%20viewBox%3D%220%200%20150%20232%22%3E%3C%2Fsvg%3E\" loading=\"eager\"><\/span><span class=\"fg-image-overlay\"><\/span><\/a><\/figure><div class=\"fg-loader\"><\/div><\/div><div class=\"fg-item fg-type-image fg-idle\"><figure class=\"fg-item-inner\"><a href=\"https:\/\/jzi.org.pl\/wp-content\/uploads\/2017\/07\/Ko\u015bci\u00f3\u0142-koniec-lat-40..jpg\" data-attachment-id=\"1370\" data-type=\"image\" class=\"fg-thumb\"><span class=\"fg-image-wrap\"><img decoding=\"async\" width=\"150\" height=\"226\" class=\"skip-lazy fg-image\" data-src-fg=\"https:\/\/jzi.org.pl\/wp-content\/uploads\/cache\/2017\/07\/Ko\u015bci\u00f3\u0142-koniec-lat-40_\/1883587622.jpg\" src=\"data:image\/svg+xml,%3Csvg%20xmlns%3D%22http%3A%2F%2Fwww.w3.org%2F2000%2Fsvg%22%20width%3D%22150%22%20height%3D%22226%22%20viewBox%3D%220%200%20150%20226%22%3E%3C%2Fsvg%3E\" loading=\"eager\"><\/span><span class=\"fg-image-overlay\"><\/span><\/a><\/figure><div class=\"fg-loader\"><\/div><\/div><div class=\"fg-item fg-type-image fg-idle\"><figure class=\"fg-item-inner\"><a href=\"https:\/\/jzi.org.pl\/wp-content\/uploads\/2017\/07\/Ko\u015bci\u00f3\u0142-plebania-stary-cmentarz-oraz-zabudowania-przyko\u015bcielne-Raczek-w-po\u0142owie-XIX-wieku.jpg\" data-attachment-id=\"1371\" data-type=\"image\" class=\"fg-thumb\"><span class=\"fg-image-wrap\"><img decoding=\"async\" width=\"150\" height=\"98\" class=\"skip-lazy fg-image\" data-src-fg=\"https:\/\/jzi.org.pl\/wp-content\/uploads\/cache\/2017\/07\/Ko\u015bci\u00f3\u0142-plebania-stary-cmentarz-oraz-zabudowania-przyko\u015bcielne-Raczek-w-po\u0142owie-XIX-wieku\/2247152289.jpg\" src=\"data:image\/svg+xml,%3Csvg%20xmlns%3D%22http%3A%2F%2Fwww.w3.org%2F2000%2Fsvg%22%20width%3D%22150%22%20height%3D%2298%22%20viewBox%3D%220%200%20150%2098%22%3E%3C%2Fsvg%3E\" loading=\"eager\"><\/span><span class=\"fg-image-overlay\"><\/span><\/a><\/figure><div class=\"fg-loader\"><\/div><\/div><div class=\"fg-item fg-type-image fg-idle\"><figure class=\"fg-item-inner\"><a href=\"https:\/\/jzi.org.pl\/wp-content\/uploads\/2017\/07\/Ks.-Witold-Balukiewicz-w-ogrodach-parafialnych-przed-wojn\u0105.jpg\" data-attachment-id=\"1372\" data-type=\"image\" class=\"fg-thumb\"><span class=\"fg-image-wrap\"><img decoding=\"async\" width=\"150\" height=\"112\" class=\"skip-lazy fg-image\" data-src-fg=\"https:\/\/jzi.org.pl\/wp-content\/uploads\/cache\/2017\/07\/Ks_-Witold-Balukiewicz-w-ogrodach-parafialnych-przed-wojn\u0105\/3042238245.jpg\" src=\"data:image\/svg+xml,%3Csvg%20xmlns%3D%22http%3A%2F%2Fwww.w3.org%2F2000%2Fsvg%22%20width%3D%22150%22%20height%3D%22112%22%20viewBox%3D%220%200%20150%20112%22%3E%3C%2Fsvg%3E\" loading=\"eager\"><\/span><span class=\"fg-image-overlay\"><\/span><\/a><\/figure><div class=\"fg-loader\"><\/div><\/div><div class=\"fg-item fg-type-image fg-idle\"><figure class=\"fg-item-inner\"><a href=\"https:\/\/jzi.org.pl\/wp-content\/uploads\/2017\/07\/Msza-pogrzebowa-w-ko\u015bciele-w-Raczkach-13-czerwca-1951-r..jpg\" data-attachment-id=\"1373\" data-type=\"image\" class=\"fg-thumb\"><span class=\"fg-image-wrap\"><img decoding=\"async\" width=\"150\" height=\"236\" class=\"skip-lazy fg-image\" data-src-fg=\"https:\/\/jzi.org.pl\/wp-content\/uploads\/cache\/2017\/07\/Msza-pogrzebowa-w-ko\u015bciele-w-Raczkach-13-czerwca-1951-r_\/4206333628.jpg\" src=\"data:image\/svg+xml,%3Csvg%20xmlns%3D%22http%3A%2F%2Fwww.w3.org%2F2000%2Fsvg%22%20width%3D%22150%22%20height%3D%22236%22%20viewBox%3D%220%200%20150%20236%22%3E%3C%2Fsvg%3E\" loading=\"eager\"><\/span><span class=\"fg-image-overlay\"><\/span><\/a><\/figure><div class=\"fg-loader\"><\/div><\/div><div class=\"fg-item fg-type-image fg-idle\"><figure class=\"fg-item-inner\"><a href=\"https:\/\/jzi.org.pl\/wp-content\/uploads\/2017\/07\/O\u0142tarz-przed-remontem-lata-50..jpg\" data-attachment-id=\"1374\" data-type=\"image\" class=\"fg-thumb\"><span class=\"fg-image-wrap\"><img decoding=\"async\" width=\"150\" height=\"211\" class=\"skip-lazy fg-image\" data-src-fg=\"https:\/\/jzi.org.pl\/wp-content\/uploads\/cache\/2017\/07\/O\u0142tarz-przed-remontem-lata-50_\/1157059772.jpg\" src=\"data:image\/svg+xml,%3Csvg%20xmlns%3D%22http%3A%2F%2Fwww.w3.org%2F2000%2Fsvg%22%20width%3D%22150%22%20height%3D%22211%22%20viewBox%3D%220%200%20150%20211%22%3E%3C%2Fsvg%3E\" loading=\"eager\"><\/span><span class=\"fg-image-overlay\"><\/span><\/a><\/figure><div class=\"fg-loader\"><\/div><\/div><div class=\"fg-item fg-type-image fg-idle\"><figure class=\"fg-item-inner\"><a href=\"https:\/\/jzi.org.pl\/wp-content\/uploads\/2017\/07\/O\u0142tarz-w-ko\u015bciele-Raczki-wczesne-lata-60te.jpg\" data-attachment-id=\"1375\" data-type=\"image\" class=\"fg-thumb\"><span class=\"fg-image-wrap\"><img decoding=\"async\" width=\"150\" height=\"99\" class=\"skip-lazy fg-image\" data-src-fg=\"https:\/\/jzi.org.pl\/wp-content\/uploads\/cache\/2017\/07\/O\u0142tarz-w-ko\u015bciele-Raczki-wczesne-lata-60te\/3308774831.jpg\" src=\"data:image\/svg+xml,%3Csvg%20xmlns%3D%22http%3A%2F%2Fwww.w3.org%2F2000%2Fsvg%22%20width%3D%22150%22%20height%3D%2299%22%20viewBox%3D%220%200%20150%2099%22%3E%3C%2Fsvg%3E\" loading=\"eager\"><\/span><span class=\"fg-image-overlay\"><\/span><\/a><\/figure><div class=\"fg-loader\"><\/div><\/div><div class=\"fg-item fg-type-image fg-idle\"><figure class=\"fg-item-inner\"><a href=\"https:\/\/jzi.org.pl\/wp-content\/uploads\/2017\/07\/Pierwszowojenna-poczt\u00f3wka-ko\u015bcio\u0142a-parafialnego-pw.-Tr\u00f3jcy-Przenaj\u015bwi\u0119tszej-w-Raczkach.-Zdj\u0119cie-wykonano-z-ulicy-Browarnej..jpg\" data-attachment-id=\"1376\" data-type=\"image\" class=\"fg-thumb\"><span class=\"fg-image-wrap\"><img decoding=\"async\" width=\"150\" height=\"100\" class=\"skip-lazy fg-image\" data-src-fg=\"https:\/\/jzi.org.pl\/wp-content\/uploads\/cache\/2017\/07\/Pierwszowojenna-poczt\u00f3wka-ko\u015bcio\u0142a-parafialnego-pw_-Tr\u00f3jcy-Przenaj\u015bwi\u0119tszej-w-Raczkach_-Zdj\u0119cie-wykonano-z-ulicy-Browarnej_\/2248725779.jpg\" src=\"data:image\/svg+xml,%3Csvg%20xmlns%3D%22http%3A%2F%2Fwww.w3.org%2F2000%2Fsvg%22%20width%3D%22150%22%20height%3D%22100%22%20viewBox%3D%220%200%20150%20100%22%3E%3C%2Fsvg%3E\" loading=\"eager\"><\/span><span class=\"fg-image-overlay\"><\/span><\/a><\/figure><div class=\"fg-loader\"><\/div><\/div><div class=\"fg-item fg-type-image fg-idle\"><figure class=\"fg-item-inner\"><a href=\"https:\/\/jzi.org.pl\/wp-content\/uploads\/2017\/07\/Raczkowski-rynek-w-tle-widoczna-wie\u017ca-ko\u015bcio\u0142a-1915.jpg\" data-attachment-id=\"1377\" data-type=\"image\" class=\"fg-thumb\"><span class=\"fg-image-wrap\"><img decoding=\"async\" width=\"150\" height=\"93\" class=\"skip-lazy fg-image\" data-src-fg=\"https:\/\/jzi.org.pl\/wp-content\/uploads\/cache\/2017\/07\/Raczkowski-rynek-w-tle-widoczna-wie\u017ca-ko\u015bcio\u0142a-1915\/3545443442.jpg\" src=\"data:image\/svg+xml,%3Csvg%20xmlns%3D%22http%3A%2F%2Fwww.w3.org%2F2000%2Fsvg%22%20width%3D%22150%22%20height%3D%2293%22%20viewBox%3D%220%200%20150%2093%22%3E%3C%2Fsvg%3E\" loading=\"eager\"><\/span><span class=\"fg-image-overlay\"><\/span><\/a><\/figure><div class=\"fg-loader\"><\/div><\/div><\/div>\n<h6><\/h6>\n<h6>Zdj\u0119cia z kolekcji Marcina Halickiego<\/h6>","protected":false},"excerpt":{"rendered":"<p>Parafia Raczki, pocz\u0105tkowo jako Dowspudzka, zosta\u0142a erygowana w 1599 r. przez Maryn\u0119 Grzegorzewsk\u0105 Massalsk\u0105, c\u00f3rk\u0119 Stanis\u0142awa Raczki. W latach 1766 \u2013 1823 Micha\u0142 i Ludwik Pacowie zbudowali wg plan\u00f3w Aignera i Markoniego jednonawowy ko\u015bci\u00f3\u0142. 27 wrze\u015bnia 1835 roku ko\u015bci\u00f3\u0142 zosta\u0142 po\u015bwiecony przez Ks. Bpa Stanis\u0142awa Kostk\u0119 Choroma\u0144skiego, administratora Diecezji Augustowskiej. Od 1748 do 1831 r. [&hellip;]<\/p>\n","protected":false},"author":1,"featured_media":1369,"parent":1158,"menu_order":0,"comment_status":"open","ping_status":"open","template":"","meta":{"h5ap_radio_sources":[],"jetpack_post_was_ever_published":false,"footnotes":""},"class_list":["post-1378","page","type-page","status-publish","has-post-thumbnail","hentry"],"yoast_head":"<!-- This site is optimized with the Yoast SEO plugin v27.3 - https:\/\/yoast.com\/product\/yoast-seo-wordpress\/ -->\n<title>Ko\u015bci\u00f3\u0142 w Raczkach - Jami\u0144ski Zesp\u00f3\u0142 Indeksacyjny<\/title>\n<meta name=\"description\" content=\"Parafia Raczki, pocz\u0105tkowo jako Dowspudzka, zosta\u0142a erygowana w 1599 r. przez Maryn\u0119 Grzegorzewsk\u0105 Massalsk\u0105, c\u00f3rk\u0119 Stanis\u0142awa Raczki.\" \/>\n<meta name=\"robots\" content=\"index, follow, max-snippet:-1, max-image-preview:large, max-video-preview:-1\" \/>\n<link rel=\"canonical\" href=\"https:\/\/jzi.org.pl\/en\/galerie\/kosciol-w-raczkach\/\" \/>\n<meta property=\"og:locale\" content=\"en_US\" \/>\n<meta property=\"og:type\" content=\"article\" \/>\n<meta property=\"og:title\" content=\"Galeria - Ko\u015bci\u00f3\u0142 w Raczkach\" \/>\n<meta property=\"og:description\" content=\"Parafia Raczki, pocz\u0105tkowo jako Dowspudzka, zosta\u0142a erygowana w 1599 r. przez Maryn\u0119 Grzegorzewsk\u0105 Massalsk\u0105, c\u00f3rk\u0119 Stanis\u0142awa Raczki. Historyczne fotografie ko\u015bcio\u0142a w Raczkach z kolekcji Marcina Halickiego.\" \/>\n<meta property=\"og:url\" content=\"https:\/\/jzi.org.pl\/en\/galerie\/kosciol-w-raczkach\/\" \/>\n<meta property=\"og:site_name\" content=\"Jami\u0144ski Zesp\u00f3\u0142 Indeksacyjny\" \/>\n<meta property=\"article:publisher\" content=\"https:\/\/www.facebook.com\/Jaminski.Zespol.Indeksacyjny\/\" \/>\n<meta property=\"article:modified_time\" content=\"2020-03-18T17:26:50+00:00\" \/>\n<meta property=\"og:image\" content=\"https:\/\/jzi.org.pl\/wp-content\/uploads\/2017\/07\/200708231315-662136117.jpg\" \/>\n\t<meta property=\"og:image:width\" content=\"600\" \/>\n\t<meta property=\"og:image:height\" content=\"450\" \/>\n\t<meta property=\"og:image:type\" content=\"image\/jpeg\" \/>\n<meta name=\"twitter:card\" content=\"summary_large_image\" \/>\n<meta name=\"twitter:label1\" content=\"Est. reading time\" \/>\n\t<meta name=\"twitter:data1\" content=\"1 minute\" \/>\n<script type=\"application\/ld+json\" class=\"yoast-schema-graph\">{\"@context\":\"https:\\\/\\\/schema.org\",\"@graph\":[{\"@type\":\"WebPage\",\"@id\":\"https:\\\/\\\/jzi.org.pl\\\/en\\\/galerie\\\/kosciol-w-raczkach\\\/\",\"url\":\"https:\\\/\\\/jzi.org.pl\\\/en\\\/galerie\\\/kosciol-w-raczkach\\\/\",\"name\":\"Ko\u015bci\u00f3\u0142 w Raczkach - Jami\u0144ski Zesp\u00f3\u0142 Indeksacyjny\",\"isPartOf\":{\"@id\":\"https:\\\/\\\/jzi.org.pl\\\/#website\"},\"primaryImageOfPage\":{\"@id\":\"https:\\\/\\\/jzi.org.pl\\\/en\\\/galerie\\\/kosciol-w-raczkach\\\/#primaryimage\"},\"image\":{\"@id\":\"https:\\\/\\\/jzi.org.pl\\\/en\\\/galerie\\\/kosciol-w-raczkach\\\/#primaryimage\"},\"thumbnailUrl\":\"https:\\\/\\\/jzi.org.pl\\\/wp-content\\\/uploads\\\/2017\\\/07\\\/Ko\u015bci\u00f3\u0142-Raczki-1919.jpg\",\"datePublished\":\"2017-07-10T22:00:00+00:00\",\"dateModified\":\"2020-03-18T17:26:50+00:00\",\"description\":\"Parafia Raczki, pocz\u0105tkowo jako Dowspudzka, zosta\u0142a erygowana w 1599 r. przez Maryn\u0119 Grzegorzewsk\u0105 Massalsk\u0105, c\u00f3rk\u0119 Stanis\u0142awa Raczki.\",\"breadcrumb\":{\"@id\":\"https:\\\/\\\/jzi.org.pl\\\/en\\\/galerie\\\/kosciol-w-raczkach\\\/#breadcrumb\"},\"inLanguage\":\"en-US\",\"potentialAction\":[{\"@type\":\"ReadAction\",\"target\":[\"https:\\\/\\\/jzi.org.pl\\\/en\\\/galerie\\\/kosciol-w-raczkach\\\/\"]}]},{\"@type\":\"ImageObject\",\"inLanguage\":\"en-US\",\"@id\":\"https:\\\/\\\/jzi.org.pl\\\/en\\\/galerie\\\/kosciol-w-raczkach\\\/#primaryimage\",\"url\":\"https:\\\/\\\/jzi.org.pl\\\/wp-content\\\/uploads\\\/2017\\\/07\\\/Ko\u015bci\u00f3\u0142-Raczki-1919.jpg\",\"contentUrl\":\"https:\\\/\\\/jzi.org.pl\\\/wp-content\\\/uploads\\\/2017\\\/07\\\/Ko\u015bci\u00f3\u0142-Raczki-1919.jpg\",\"width\":2127,\"height\":3286},{\"@type\":\"BreadcrumbList\",\"@id\":\"https:\\\/\\\/jzi.org.pl\\\/en\\\/galerie\\\/kosciol-w-raczkach\\\/#breadcrumb\",\"itemListElement\":[{\"@type\":\"ListItem\",\"position\":1,\"name\":\"Strona g\u0142\u00f3wna\",\"item\":\"https:\\\/\\\/jzi.org.pl\\\/\"},{\"@type\":\"ListItem\",\"position\":2,\"name\":\"Galerie\",\"item\":\"https:\\\/\\\/jzi.org.pl\\\/galerie\\\/\"},{\"@type\":\"ListItem\",\"position\":3,\"name\":\"Ko\u015bci\u00f3\u0142 w Raczkach\"}]},{\"@type\":\"WebSite\",\"@id\":\"https:\\\/\\\/jzi.org.pl\\\/#website\",\"url\":\"https:\\\/\\\/jzi.org.pl\\\/\",\"name\":\"Jami\u0144ski Zesp\u00f3\u0142 Indeksacyjny\",\"description\":\"\",\"publisher\":{\"@id\":\"https:\\\/\\\/jzi.org.pl\\\/#organization\"},\"potentialAction\":[{\"@type\":\"SearchAction\",\"target\":{\"@type\":\"EntryPoint\",\"urlTemplate\":\"https:\\\/\\\/jzi.org.pl\\\/?s={search_term_string}\"},\"query-input\":{\"@type\":\"PropertyValueSpecification\",\"valueRequired\":true,\"valueName\":\"search_term_string\"}}],\"inLanguage\":\"en-US\"},{\"@type\":\"Organization\",\"@id\":\"https:\\\/\\\/jzi.org.pl\\\/#organization\",\"name\":\"Jami\u0144ski Zesp\u00f3\u0142 Indeksacyjny\",\"url\":\"https:\\\/\\\/jzi.org.pl\\\/\",\"logo\":{\"@type\":\"ImageObject\",\"inLanguage\":\"en-US\",\"@id\":\"https:\\\/\\\/jzi.org.pl\\\/#\\\/schema\\\/logo\\\/image\\\/\",\"url\":\"https:\\\/\\\/jzi.org.pl\\\/wp-content\\\/uploads\\\/2019\\\/03\\\/logo-stowarzyszenie-jzi.png\",\"contentUrl\":\"https:\\\/\\\/jzi.org.pl\\\/wp-content\\\/uploads\\\/2019\\\/03\\\/logo-stowarzyszenie-jzi.png\",\"width\":931,\"height\":990,\"caption\":\"Jami\u0144ski Zesp\u00f3\u0142 Indeksacyjny\"},\"image\":{\"@id\":\"https:\\\/\\\/jzi.org.pl\\\/#\\\/schema\\\/logo\\\/image\\\/\"},\"sameAs\":[\"https:\\\/\\\/www.facebook.com\\\/Jaminski.Zespol.Indeksacyjny\\\/\"]}]}<\/script>\n<!-- \/ Yoast SEO plugin. -->","yoast_head_json":{"title":"Ko\u015bci\u00f3\u0142 w Raczkach - Jami\u0144ski Zesp\u00f3\u0142 Indeksacyjny","description":"Parafia Raczki, pocz\u0105tkowo jako Dowspudzka, zosta\u0142a erygowana w 1599 r. przez Maryn\u0119 Grzegorzewsk\u0105 Massalsk\u0105, c\u00f3rk\u0119 Stanis\u0142awa Raczki.","robots":{"index":"index","follow":"follow","max-snippet":"max-snippet:-1","max-image-preview":"max-image-preview:large","max-video-preview":"max-video-preview:-1"},"canonical":"https:\/\/jzi.org.pl\/en\/galerie\/kosciol-w-raczkach\/","og_locale":"en_US","og_type":"article","og_title":"Galeria - Ko\u015bci\u00f3\u0142 w Raczkach","og_description":"Parafia Raczki, pocz\u0105tkowo jako Dowspudzka, zosta\u0142a erygowana w 1599 r. przez Maryn\u0119 Grzegorzewsk\u0105 Massalsk\u0105, c\u00f3rk\u0119 Stanis\u0142awa Raczki. Historyczne fotografie ko\u015bcio\u0142a w Raczkach z kolekcji Marcina Halickiego.","og_url":"https:\/\/jzi.org.pl\/en\/galerie\/kosciol-w-raczkach\/","og_site_name":"Jami\u0144ski Zesp\u00f3\u0142 Indeksacyjny","article_publisher":"https:\/\/www.facebook.com\/Jaminski.Zespol.Indeksacyjny\/","article_modified_time":"2020-03-18T17:26:50+00:00","og_image":[{"width":600,"height":450,"url":"https:\/\/jzi.org.pl\/wp-content\/uploads\/2017\/07\/200708231315-662136117.jpg","type":"image\/jpeg"}],"twitter_card":"summary_large_image","twitter_misc":{"Est. reading time":"1 minute"},"schema":{"@context":"https:\/\/schema.org","@graph":[{"@type":"WebPage","@id":"https:\/\/jzi.org.pl\/en\/galerie\/kosciol-w-raczkach\/","url":"https:\/\/jzi.org.pl\/en\/galerie\/kosciol-w-raczkach\/","name":"Ko\u015bci\u00f3\u0142 w Raczkach - Jami\u0144ski Zesp\u00f3\u0142 Indeksacyjny","isPartOf":{"@id":"https:\/\/jzi.org.pl\/#website"},"primaryImageOfPage":{"@id":"https:\/\/jzi.org.pl\/en\/galerie\/kosciol-w-raczkach\/#primaryimage"},"image":{"@id":"https:\/\/jzi.org.pl\/en\/galerie\/kosciol-w-raczkach\/#primaryimage"},"thumbnailUrl":"https:\/\/jzi.org.pl\/wp-content\/uploads\/2017\/07\/Ko\u015bci\u00f3\u0142-Raczki-1919.jpg","datePublished":"2017-07-10T22:00:00+00:00","dateModified":"2020-03-18T17:26:50+00:00","description":"Parafia Raczki, pocz\u0105tkowo jako Dowspudzka, zosta\u0142a erygowana w 1599 r. przez Maryn\u0119 Grzegorzewsk\u0105 Massalsk\u0105, c\u00f3rk\u0119 Stanis\u0142awa Raczki.","breadcrumb":{"@id":"https:\/\/jzi.org.pl\/en\/galerie\/kosciol-w-raczkach\/#breadcrumb"},"inLanguage":"en-US","potentialAction":[{"@type":"ReadAction","target":["https:\/\/jzi.org.pl\/en\/galerie\/kosciol-w-raczkach\/"]}]},{"@type":"ImageObject","inLanguage":"en-US","@id":"https:\/\/jzi.org.pl\/en\/galerie\/kosciol-w-raczkach\/#primaryimage","url":"https:\/\/jzi.org.pl\/wp-content\/uploads\/2017\/07\/Ko\u015bci\u00f3\u0142-Raczki-1919.jpg","contentUrl":"https:\/\/jzi.org.pl\/wp-content\/uploads\/2017\/07\/Ko\u015bci\u00f3\u0142-Raczki-1919.jpg","width":2127,"height":3286},{"@type":"BreadcrumbList","@id":"https:\/\/jzi.org.pl\/en\/galerie\/kosciol-w-raczkach\/#breadcrumb","itemListElement":[{"@type":"ListItem","position":1,"name":"Strona g\u0142\u00f3wna","item":"https:\/\/jzi.org.pl\/"},{"@type":"ListItem","position":2,"name":"Galerie","item":"https:\/\/jzi.org.pl\/galerie\/"},{"@type":"ListItem","position":3,"name":"Ko\u015bci\u00f3\u0142 w Raczkach"}]},{"@type":"WebSite","@id":"https:\/\/jzi.org.pl\/#website","url":"https:\/\/jzi.org.pl\/","name":"Jaminy Indexing Team","description":"","publisher":{"@id":"https:\/\/jzi.org.pl\/#organization"},"potentialAction":[{"@type":"SearchAction","target":{"@type":"EntryPoint","urlTemplate":"https:\/\/jzi.org.pl\/?s={search_term_string}"},"query-input":{"@type":"PropertyValueSpecification","valueRequired":true,"valueName":"search_term_string"}}],"inLanguage":"en-US"},{"@type":"Organization","@id":"https:\/\/jzi.org.pl\/#organization","name":"Jaminy Indexing Team","url":"https:\/\/jzi.org.pl\/","logo":{"@type":"ImageObject","inLanguage":"en-US","@id":"https:\/\/jzi.org.pl\/#\/schema\/logo\/image\/","url":"https:\/\/jzi.org.pl\/wp-content\/uploads\/2019\/03\/logo-stowarzyszenie-jzi.png","contentUrl":"https:\/\/jzi.org.pl\/wp-content\/uploads\/2019\/03\/logo-stowarzyszenie-jzi.png","width":931,"height":990,"caption":"Jami\u0144ski Zesp\u00f3\u0142 Indeksacyjny"},"image":{"@id":"https:\/\/jzi.org.pl\/#\/schema\/logo\/image\/"},"sameAs":["https:\/\/www.facebook.com\/Jaminski.Zespol.Indeksacyjny\/"]}]}},"jetpack_likes_enabled":true,"jetpack_sharing_enabled":true,"_links":{"self":[{"href":"https:\/\/jzi.org.pl\/en\/wp-json\/wp\/v2\/pages\/1378","targetHints":{"allow":["GET"]}}],"collection":[{"href":"https:\/\/jzi.org.pl\/en\/wp-json\/wp\/v2\/pages"}],"about":[{"href":"https:\/\/jzi.org.pl\/en\/wp-json\/wp\/v2\/types\/page"}],"author":[{"embeddable":true,"href":"https:\/\/jzi.org.pl\/en\/wp-json\/wp\/v2\/users\/1"}],"replies":[{"embeddable":true,"href":"https:\/\/jzi.org.pl\/en\/wp-json\/wp\/v2\/comments?post=1378"}],"version-history":[{"count":0,"href":"https:\/\/jzi.org.pl\/en\/wp-json\/wp\/v2\/pages\/1378\/revisions"}],"up":[{"embeddable":true,"href":"https:\/\/jzi.org.pl\/en\/wp-json\/wp\/v2\/pages\/1158"}],"wp:featuredmedia":[{"embeddable":true,"href":"https:\/\/jzi.org.pl\/en\/wp-json\/wp\/v2\/media\/1369"}],"wp:attachment":[{"href":"https:\/\/jzi.org.pl\/en\/wp-json\/wp\/v2\/media?parent=1378"}],"curies":[{"name":"wp","href":"https:\/\/api.w.org\/{rel}","templated":true}]}}