{"id":13192,"date":"2020-05-08T07:43:47","date_gmt":"2020-05-08T05:43:47","guid":{"rendered":"https:\/\/jzi.org.pl\/?page_id=13192"},"modified":"2020-05-08T08:08:10","modified_gmt":"2020-05-08T06:08:10","slug":"michal-szabuniewicz","status":"publish","type":"page","link":"https:\/\/jzi.org.pl\/en\/galerie\/ludzie-stad\/michal-szabuniewicz\/","title":{"rendered":"Micha\u0142 Szabuniewicz"},"content":{"rendered":"<p>Portrait of Micha\u0142 Szabuniewicz (1903-1941) in a police uniform from his service in Giby taken in the 1920s. From 1928 Szabuniewicz was the police commander in Wi\u017cajny. In the same year, he married Maria Ja\u015bkiewicz and lived with her in an employee flat at the police station. They had three children - Irena, who was born in 1929, Tadeusz (1930) and Roman (1934). He has been awarded many times and awarded for exemplary service: the Bronze Cross of Merit, the Independence Medal and the Bronze Medal for Long Service. In 1937 Micha\u0142 Szabuniewicz was the commander of the police station in Wi\u017cajny, and then he was appointed the commander of the police in Raczki, where he remained until the outbreak of war. After the beginning of the war, he worked as a labourer in the Raczki motor mill. On April 20, 1940, he was arrested during an operation to destroy the Polish intelligentsia. He was offered cooperation with the Gestapo, but Szabuniewicz refused. For his refusal, he was taken to Suwa\u0142ki prison, from where he was sent to KL Sachsenhausen (prisoner number 24737), and then to the Gusen concentration camp, where he was probably murdered on July 21, 1941. In the camp files it was noted that the cause of Szabuniewicz's death was tuberculosis, which according to the reports of the camp survivors, was not true.<\/p>","protected":false},"excerpt":{"rendered":"<p>Portret Micha\u0142a Szabuniewicza (1903-1941) w mundurze policyjnym z jego s\u0142u\u017cby w Gibach zrobiony w latach 20. Szabuniewicz od roku 1928 by\u0142 komendantem policji w Wi\u017cajnach. W tym samym roku o\u017ceni\u0142 si\u0119 z Mari\u0105 Ja\u015bkiewicz i mieszka\u0142 z ni\u0105 w s\u0142u\u017cbowym mieszkaniu na komisariacie. Mieli troje dzieci- Iren\u0119, kt\u00f3ra urodzi\u0142a si\u0119 w 1929 roku, Tadeusza (1930) [&hellip;]<\/p>\n","protected":false},"author":1,"featured_media":12047,"parent":1223,"menu_order":0,"comment_status":"open","ping_status":"closed","template":"","meta":{"h5ap_radio_sources":[],"jetpack_post_was_ever_published":false,"footnotes":""},"class_list":["post-13192","page","type-page","status-publish","has-post-thumbnail","hentry"],"yoast_head":"<!-- This site is optimized with the Yoast SEO plugin v27.3 - https:\/\/yoast.com\/product\/yoast-seo-wordpress\/ -->\n<title>Micha\u0142 Szabuniewicz - Jami\u0144ski Zesp\u00f3\u0142 Indeksacyjny<\/title>\n<meta name=\"description\" content=\"Micha\u0142 Szabuniewicz od 1928 roku by\u0142 komendantem policji w Wi\u017cajnach. O\u017ceni\u0142 si\u0119 z Mari\u0105 Ja\u015bkiewicz i mieszkali w s\u0142u\u017cbowym mieszkaniu na komisariacie.\" \/>\n<meta name=\"robots\" content=\"index, follow, max-snippet:-1, max-image-preview:large, max-video-preview:-1\" \/>\n<link rel=\"canonical\" href=\"http:\/\/jzi.org.pl\/en\/galerie\/ludzie-stad\/michal-szabuniewicz\/\" \/>\n<meta property=\"og:locale\" content=\"en_US\" \/>\n<meta property=\"og:type\" content=\"article\" \/>\n<meta property=\"og:title\" content=\"Micha\u0142 Szabuniewicz\" \/>\n<meta property=\"og:description\" content=\"Micha\u0142 Szabuniewicz od 1928 roku by\u0142 komendantem policji w Wi\u017cajnach. O\u017ceni\u0142 si\u0119 z Mari\u0105 Ja\u015bkiewicz i mieszkali w s\u0142u\u017cbowym mieszkaniu na komisariacie.\" \/>\n<meta property=\"og:url\" content=\"http:\/\/jzi.org.pl\/en\/galerie\/ludzie-stad\/michal-szabuniewicz\/\" \/>\n<meta property=\"og:site_name\" content=\"Jami\u0144ski Zesp\u00f3\u0142 Indeksacyjny\" \/>\n<meta property=\"article:publisher\" content=\"https:\/\/www.facebook.com\/Jaminski.Zespol.Indeksacyjny\/\" \/>\n<meta property=\"article:modified_time\" content=\"2020-05-08T06:08:10+00:00\" \/>\n<meta property=\"og:image\" content=\"http:\/\/jzi.org.pl\/wp-content\/uploads\/2020\/04\/micha\u0142-szabuniewicz.jpg\" \/>\n\t<meta property=\"og:image:width\" content=\"580\" \/>\n\t<meta property=\"og:image:height\" content=\"800\" \/>\n\t<meta property=\"og:image:type\" content=\"image\/jpeg\" \/>\n<meta name=\"twitter:card\" content=\"summary_large_image\" \/>\n<meta name=\"twitter:label1\" content=\"Est. reading time\" \/>\n\t<meta name=\"twitter:data1\" content=\"1 minute\" \/>\n<script type=\"application\/ld+json\" class=\"yoast-schema-graph\">{\"@context\":\"https:\\\/\\\/schema.org\",\"@graph\":[{\"@type\":\"WebPage\",\"@id\":\"http:\\\/\\\/jzi.org.pl\\\/en\\\/galerie\\\/ludzie-stad\\\/michal-szabuniewicz\\\/\",\"url\":\"http:\\\/\\\/jzi.org.pl\\\/en\\\/galerie\\\/ludzie-stad\\\/michal-szabuniewicz\\\/\",\"name\":\"Micha\u0142 Szabuniewicz - Jami\u0144ski Zesp\u00f3\u0142 Indeksacyjny\",\"isPartOf\":{\"@id\":\"https:\\\/\\\/jzi.org.pl\\\/#website\"},\"primaryImageOfPage\":{\"@id\":\"http:\\\/\\\/jzi.org.pl\\\/en\\\/galerie\\\/ludzie-stad\\\/michal-szabuniewicz\\\/#primaryimage\"},\"image\":{\"@id\":\"http:\\\/\\\/jzi.org.pl\\\/en\\\/galerie\\\/ludzie-stad\\\/michal-szabuniewicz\\\/#primaryimage\"},\"thumbnailUrl\":\"https:\\\/\\\/jzi.org.pl\\\/wp-content\\\/uploads\\\/2020\\\/04\\\/micha\u0142-szabuniewicz.jpg\",\"datePublished\":\"2020-05-08T05:43:47+00:00\",\"dateModified\":\"2020-05-08T06:08:10+00:00\",\"description\":\"Micha\u0142 Szabuniewicz od 1928 roku by\u0142 komendantem policji w Wi\u017cajnach. O\u017ceni\u0142 si\u0119 z Mari\u0105 Ja\u015bkiewicz i mieszkali w s\u0142u\u017cbowym mieszkaniu na komisariacie.\",\"breadcrumb\":{\"@id\":\"http:\\\/\\\/jzi.org.pl\\\/en\\\/galerie\\\/ludzie-stad\\\/michal-szabuniewicz\\\/#breadcrumb\"},\"inLanguage\":\"en-US\",\"potentialAction\":[{\"@type\":\"ReadAction\",\"target\":[\"http:\\\/\\\/jzi.org.pl\\\/en\\\/galerie\\\/ludzie-stad\\\/michal-szabuniewicz\\\/\"]}]},{\"@type\":\"ImageObject\",\"inLanguage\":\"en-US\",\"@id\":\"http:\\\/\\\/jzi.org.pl\\\/en\\\/galerie\\\/ludzie-stad\\\/michal-szabuniewicz\\\/#primaryimage\",\"url\":\"https:\\\/\\\/jzi.org.pl\\\/wp-content\\\/uploads\\\/2020\\\/04\\\/micha\u0142-szabuniewicz.jpg\",\"contentUrl\":\"https:\\\/\\\/jzi.org.pl\\\/wp-content\\\/uploads\\\/2020\\\/04\\\/micha\u0142-szabuniewicz.jpg\",\"width\":580,\"height\":800,\"caption\":\"Micha\u0142 Szabuniewicz\"},{\"@type\":\"BreadcrumbList\",\"@id\":\"http:\\\/\\\/jzi.org.pl\\\/en\\\/galerie\\\/ludzie-stad\\\/michal-szabuniewicz\\\/#breadcrumb\",\"itemListElement\":[{\"@type\":\"ListItem\",\"position\":1,\"name\":\"Strona g\u0142\u00f3wna\",\"item\":\"https:\\\/\\\/jzi.org.pl\\\/\"},{\"@type\":\"ListItem\",\"position\":2,\"name\":\"Galerie\",\"item\":\"https:\\\/\\\/jzi.org.pl\\\/galerie\\\/\"},{\"@type\":\"ListItem\",\"position\":3,\"name\":\"Ludzie st\u0105d\",\"item\":\"https:\\\/\\\/jzi.org.pl\\\/galerie\\\/ludzie-stad\\\/\"},{\"@type\":\"ListItem\",\"position\":4,\"name\":\"Micha\u0142 Szabuniewicz\"}]},{\"@type\":\"WebSite\",\"@id\":\"https:\\\/\\\/jzi.org.pl\\\/#website\",\"url\":\"https:\\\/\\\/jzi.org.pl\\\/\",\"name\":\"Jami\u0144ski Zesp\u00f3\u0142 Indeksacyjny\",\"description\":\"\",\"publisher\":{\"@id\":\"https:\\\/\\\/jzi.org.pl\\\/#organization\"},\"potentialAction\":[{\"@type\":\"SearchAction\",\"target\":{\"@type\":\"EntryPoint\",\"urlTemplate\":\"https:\\\/\\\/jzi.org.pl\\\/?s={search_term_string}\"},\"query-input\":{\"@type\":\"PropertyValueSpecification\",\"valueRequired\":true,\"valueName\":\"search_term_string\"}}],\"inLanguage\":\"en-US\"},{\"@type\":\"Organization\",\"@id\":\"https:\\\/\\\/jzi.org.pl\\\/#organization\",\"name\":\"Jami\u0144ski Zesp\u00f3\u0142 Indeksacyjny\",\"url\":\"https:\\\/\\\/jzi.org.pl\\\/\",\"logo\":{\"@type\":\"ImageObject\",\"inLanguage\":\"en-US\",\"@id\":\"https:\\\/\\\/jzi.org.pl\\\/#\\\/schema\\\/logo\\\/image\\\/\",\"url\":\"https:\\\/\\\/jzi.org.pl\\\/wp-content\\\/uploads\\\/2019\\\/03\\\/logo-stowarzyszenie-jzi.png\",\"contentUrl\":\"https:\\\/\\\/jzi.org.pl\\\/wp-content\\\/uploads\\\/2019\\\/03\\\/logo-stowarzyszenie-jzi.png\",\"width\":931,\"height\":990,\"caption\":\"Jami\u0144ski Zesp\u00f3\u0142 Indeksacyjny\"},\"image\":{\"@id\":\"https:\\\/\\\/jzi.org.pl\\\/#\\\/schema\\\/logo\\\/image\\\/\"},\"sameAs\":[\"https:\\\/\\\/www.facebook.com\\\/Jaminski.Zespol.Indeksacyjny\\\/\"]}]}<\/script>\n<!-- \/ Yoast SEO plugin. -->","yoast_head_json":{"title":"Micha\u0142 Szabuniewicz - Jami\u0144ski Zesp\u00f3\u0142 Indeksacyjny","description":"Micha\u0142 Szabuniewicz od 1928 roku by\u0142 komendantem policji w Wi\u017cajnach. O\u017ceni\u0142 si\u0119 z Mari\u0105 Ja\u015bkiewicz i mieszkali w s\u0142u\u017cbowym mieszkaniu na komisariacie.","robots":{"index":"index","follow":"follow","max-snippet":"max-snippet:-1","max-image-preview":"max-image-preview:large","max-video-preview":"max-video-preview:-1"},"canonical":"http:\/\/jzi.org.pl\/en\/galerie\/ludzie-stad\/michal-szabuniewicz\/","og_locale":"en_US","og_type":"article","og_title":"Micha\u0142 Szabuniewicz","og_description":"Micha\u0142 Szabuniewicz od 1928 roku by\u0142 komendantem policji w Wi\u017cajnach. O\u017ceni\u0142 si\u0119 z Mari\u0105 Ja\u015bkiewicz i mieszkali w s\u0142u\u017cbowym mieszkaniu na komisariacie.","og_url":"http:\/\/jzi.org.pl\/en\/galerie\/ludzie-stad\/michal-szabuniewicz\/","og_site_name":"Jami\u0144ski Zesp\u00f3\u0142 Indeksacyjny","article_publisher":"https:\/\/www.facebook.com\/Jaminski.Zespol.Indeksacyjny\/","article_modified_time":"2020-05-08T06:08:10+00:00","og_image":[{"width":580,"height":800,"url":"http:\/\/jzi.org.pl\/wp-content\/uploads\/2020\/04\/micha\u0142-szabuniewicz.jpg","type":"image\/jpeg"}],"twitter_card":"summary_large_image","twitter_misc":{"Est. reading time":"1 minute"},"schema":{"@context":"https:\/\/schema.org","@graph":[{"@type":"WebPage","@id":"http:\/\/jzi.org.pl\/en\/galerie\/ludzie-stad\/michal-szabuniewicz\/","url":"http:\/\/jzi.org.pl\/en\/galerie\/ludzie-stad\/michal-szabuniewicz\/","name":"Micha\u0142 Szabuniewicz - Jami\u0144ski Zesp\u00f3\u0142 Indeksacyjny","isPartOf":{"@id":"https:\/\/jzi.org.pl\/#website"},"primaryImageOfPage":{"@id":"http:\/\/jzi.org.pl\/en\/galerie\/ludzie-stad\/michal-szabuniewicz\/#primaryimage"},"image":{"@id":"http:\/\/jzi.org.pl\/en\/galerie\/ludzie-stad\/michal-szabuniewicz\/#primaryimage"},"thumbnailUrl":"https:\/\/jzi.org.pl\/wp-content\/uploads\/2020\/04\/micha\u0142-szabuniewicz.jpg","datePublished":"2020-05-08T05:43:47+00:00","dateModified":"2020-05-08T06:08:10+00:00","description":"Micha\u0142 Szabuniewicz od 1928 roku by\u0142 komendantem policji w Wi\u017cajnach. O\u017ceni\u0142 si\u0119 z Mari\u0105 Ja\u015bkiewicz i mieszkali w s\u0142u\u017cbowym mieszkaniu na komisariacie.","breadcrumb":{"@id":"http:\/\/jzi.org.pl\/en\/galerie\/ludzie-stad\/michal-szabuniewicz\/#breadcrumb"},"inLanguage":"en-US","potentialAction":[{"@type":"ReadAction","target":["http:\/\/jzi.org.pl\/en\/galerie\/ludzie-stad\/michal-szabuniewicz\/"]}]},{"@type":"ImageObject","inLanguage":"en-US","@id":"http:\/\/jzi.org.pl\/en\/galerie\/ludzie-stad\/michal-szabuniewicz\/#primaryimage","url":"https:\/\/jzi.org.pl\/wp-content\/uploads\/2020\/04\/micha\u0142-szabuniewicz.jpg","contentUrl":"https:\/\/jzi.org.pl\/wp-content\/uploads\/2020\/04\/micha\u0142-szabuniewicz.jpg","width":580,"height":800,"caption":"Micha\u0142 Szabuniewicz"},{"@type":"BreadcrumbList","@id":"http:\/\/jzi.org.pl\/en\/galerie\/ludzie-stad\/michal-szabuniewicz\/#breadcrumb","itemListElement":[{"@type":"ListItem","position":1,"name":"Strona g\u0142\u00f3wna","item":"https:\/\/jzi.org.pl\/"},{"@type":"ListItem","position":2,"name":"Galerie","item":"https:\/\/jzi.org.pl\/galerie\/"},{"@type":"ListItem","position":3,"name":"Ludzie st\u0105d","item":"https:\/\/jzi.org.pl\/galerie\/ludzie-stad\/"},{"@type":"ListItem","position":4,"name":"Micha\u0142 Szabuniewicz"}]},{"@type":"WebSite","@id":"https:\/\/jzi.org.pl\/#website","url":"https:\/\/jzi.org.pl\/","name":"Jaminy Indexing Team","description":"","publisher":{"@id":"https:\/\/jzi.org.pl\/#organization"},"potentialAction":[{"@type":"SearchAction","target":{"@type":"EntryPoint","urlTemplate":"https:\/\/jzi.org.pl\/?s={search_term_string}"},"query-input":{"@type":"PropertyValueSpecification","valueRequired":true,"valueName":"search_term_string"}}],"inLanguage":"en-US"},{"@type":"Organization","@id":"https:\/\/jzi.org.pl\/#organization","name":"Jaminy Indexing Team","url":"https:\/\/jzi.org.pl\/","logo":{"@type":"ImageObject","inLanguage":"en-US","@id":"https:\/\/jzi.org.pl\/#\/schema\/logo\/image\/","url":"https:\/\/jzi.org.pl\/wp-content\/uploads\/2019\/03\/logo-stowarzyszenie-jzi.png","contentUrl":"https:\/\/jzi.org.pl\/wp-content\/uploads\/2019\/03\/logo-stowarzyszenie-jzi.png","width":931,"height":990,"caption":"Jami\u0144ski Zesp\u00f3\u0142 Indeksacyjny"},"image":{"@id":"https:\/\/jzi.org.pl\/#\/schema\/logo\/image\/"},"sameAs":["https:\/\/www.facebook.com\/Jaminski.Zespol.Indeksacyjny\/"]}]}},"jetpack_likes_enabled":true,"jetpack_sharing_enabled":true,"_links":{"self":[{"href":"https:\/\/jzi.org.pl\/en\/wp-json\/wp\/v2\/pages\/13192","targetHints":{"allow":["GET"]}}],"collection":[{"href":"https:\/\/jzi.org.pl\/en\/wp-json\/wp\/v2\/pages"}],"about":[{"href":"https:\/\/jzi.org.pl\/en\/wp-json\/wp\/v2\/types\/page"}],"author":[{"embeddable":true,"href":"https:\/\/jzi.org.pl\/en\/wp-json\/wp\/v2\/users\/1"}],"replies":[{"embeddable":true,"href":"https:\/\/jzi.org.pl\/en\/wp-json\/wp\/v2\/comments?post=13192"}],"version-history":[{"count":0,"href":"https:\/\/jzi.org.pl\/en\/wp-json\/wp\/v2\/pages\/13192\/revisions"}],"up":[{"embeddable":true,"href":"https:\/\/jzi.org.pl\/en\/wp-json\/wp\/v2\/pages\/1223"}],"wp:featuredmedia":[{"embeddable":true,"href":"https:\/\/jzi.org.pl\/en\/wp-json\/wp\/v2\/media\/12047"}],"wp:attachment":[{"href":"https:\/\/jzi.org.pl\/en\/wp-json\/wp\/v2\/media?parent=13192"}],"curies":[{"name":"wp","href":"https:\/\/api.w.org\/{rel}","templated":true}]}}