{"id":13189,"date":"2020-05-08T07:38:40","date_gmt":"2020-05-08T05:38:40","guid":{"rendered":"https:\/\/jzi.org.pl\/?page_id=13189"},"modified":"2020-05-08T07:38:40","modified_gmt":"2020-05-08T05:38:40","slug":"jan-noruk-i-strazacy-z-jaziewa","status":"publish","type":"page","link":"https:\/\/jzi.org.pl\/en\/galerie\/ludzie-stad\/jan-noruk-i-strazacy-z-jaziewa\/","title":{"rendered":"Jan Noruk and firefighters from Jaziewo"},"content":{"rendered":"<p>Jan Noruk (31.07.1895-27.02.1973). Apparently quite overbearing. He ruled at home with a hard hand. According to family relations, he was Pi\u0142sudski supporter and a member of the POW organization. Firefighter and social activist. He ran the library in Jaziewo. He had 7 classes completed, which was significant at the time, and as a member of the POW he was able to \"educate his children free of charge\" in interwar Poland, which, unfortunately, was impossible due to another war. He died in 1973, and for the first time in the post-war years, as my Mother Norberta nee Orbik told me, at his funeral the pre-war banners of the fire brigade in Jaziewo were exposed.<\/p>\n<style type=\"text\/css\">\n#foogallery-gallery-1237.fg-masonry { --fg-gutter: 10px; }<\/style>\n\t\t\t<div class=\"foogallery foogallery-container foogallery-masonry foogallery-lightbox-none fg-center fg-masonry fg-ready fg-light fg-border-thin fg-shadow-outline fg-loading-default fg-loaded-fade-in fg-caption-hover fg-hover-fade fg-hover-zoom fg-col3\" id=\"foogallery-gallery-1237\" data-foogallery=\"{&quot;item&quot;:{&quot;showCaptionTitle&quot;:true,&quot;showCaptionDescription&quot;:true},&quot;lazy&quot;:true}\" style=\"--fg-title-line-clamp: 0; --fg-description-line-clamp: 0;\" >\n\t\t<div class=\"fg-column-width\"><\/div>\n\t<div class=\"fg-gutter-width\"><\/div>\n\t\t<div class=\"fg-item fg-type-image fg-idle\"><figure class=\"fg-item-inner\"><a href=\"https:\/\/jzi.org.pl\/wp-content\/uploads\/2017\/07\/403156_378596992153581_446092522_n.jpg\" data-attachment-id=\"1236\" data-type=\"image\" class=\"fg-thumb\"><span class=\"fg-image-wrap\"><img decoding=\"async\" width=\"300\" height=\"442.42424242424\" class=\"skip-lazy fg-image\" data-src-fg=\"https:\/\/jzi.org.pl\/wp-content\/uploads\/2017\/07\/403156_378596992153581_446092522_n.jpg\" src=\"data:image\/svg+xml,%3Csvg%20xmlns%3D%22http%3A%2F%2Fwww.w3.org%2F2000%2Fsvg%22%20width%3D%22300%22%20height%3D%22442.42424242424%22%20viewBox%3D%220%200%20300%20442.42424242424%22%3E%3C%2Fsvg%3E\" alt=\"Jan Noruk - 31.07.1895-27.02.1973\" loading=\"eager\"><\/span><span class=\"fg-image-overlay\"><\/span><\/a><\/figure><div class=\"fg-loader\"><\/div><\/div><div class=\"fg-item fg-type-image fg-idle\"><figure class=\"fg-item-inner\"><a href=\"https:\/\/jzi.org.pl\/wp-content\/uploads\/2017\/07\/398435_378571632156117_1564629251_n.jpg\" data-attachment-id=\"1228\" data-type=\"image\" class=\"fg-thumb\"><span class=\"fg-image-wrap\"><img fetchpriority=\"high\" decoding=\"async\" width=\"300\" height=\"218\" class=\"skip-lazy fg-image\" data-src-fg=\"https:\/\/jzi.org.pl\/wp-content\/uploads\/cache\/2017\/07\/398435_378571632156117_1564629251_n\/3206825894.jpg\" src=\"data:image\/svg+xml,%3Csvg%20xmlns%3D%22http%3A%2F%2Fwww.w3.org%2F2000%2Fsvg%22%20width%3D%22300%22%20height%3D%22218%22%20viewBox%3D%220%200%20300%20218%22%3E%3C%2Fsvg%3E\" alt=\"Opis fotografii stra\u017cak\u00f3w z 1928 roku.1.\tZiemba Piotr2.\tSie\u0144ko Kazimierz?3.\tMurawski Konrad4.\tSkorupa Jan5.\t NN6.\tJanik J\u00f3zef7.\tSie\u0144ko J\u00f3zef \u2013 wyjecha\u0142 do Ameryki8.\tNN9.\tSkorupa Wac\u0142aw10.\tNN11.\tZiemba Bronis\u0142aw12.\tKosakowski J\u00f3zef?13.\tDawidowicz Boles\u0142aw?14.\t\u015awierzbi\u0144ski Klemens15.\tHaraburda Kazimierz16.\tNN17.\tNN18.\tPanasewicz Boles\u0142aw?19.\tHaraburda Jozef20.\tOlszewski Boles\u0142aw?21.\tNN22.\tJanik \u2026\u2026. \u2013 wyjecha\u0142 do Ameryki23.\tAniszko Kazimierz?24.\tNN25.\tSkorupa Eugeniusz26.\tTalkowski Antoni27.\tNoruk Jan28.\tGuziejko Stanis\u0142aw29.\tGuziejko AntoniSporz\u0105dzony przez J\u00f3zefa Matyskie\u0142\u0119 na podstawie oryginalnego zdj\u0119cia. Odnowi\u0142 Bogus\u0142aw Kierkla\" loading=\"eager\"><\/span><span class=\"fg-image-overlay\"><\/span><\/a><\/figure><div class=\"fg-loader\"><\/div><\/div><div class=\"fg-item fg-type-image fg-idle\"><figure class=\"fg-item-inner\"><a href=\"https:\/\/jzi.org.pl\/wp-content\/uploads\/2017\/07\/430048_378590295487584_1147811438_n.jpg\" data-attachment-id=\"1235\" data-type=\"image\" class=\"fg-thumb\"><span class=\"fg-image-wrap\"><img decoding=\"async\" width=\"300\" height=\"168\" class=\"skip-lazy fg-image\" data-src-fg=\"https:\/\/jzi.org.pl\/wp-content\/uploads\/cache\/2017\/07\/430048_378590295487584_1147811438_n\/3095763070.jpg\" src=\"data:image\/svg+xml,%3Csvg%20xmlns%3D%22http%3A%2F%2Fwww.w3.org%2F2000%2Fsvg%22%20width%3D%22300%22%20height%3D%22168%22%20viewBox%3D%220%200%20300%20168%22%3E%3C%2Fsvg%3E\" alt=\"Jedne z ostatnich pokole\u0144 rodu Noruk\u00f3w z Jaziewa. Ostatnia \u017cyj\u0105ca c\u00f3rka Jana - Marta Murawska z domu Noruk, mieszka w Pako\u015bci w woj. kujawsko-pomorskim\" loading=\"eager\"><\/span><span class=\"fg-image-overlay\"><\/span><\/a><\/figure><div class=\"fg-loader\"><\/div><\/div><div class=\"fg-item fg-type-image fg-idle\"><figure class=\"fg-item-inner\"><a href=\"https:\/\/jzi.org.pl\/wp-content\/uploads\/2017\/07\/418502_378572902155990_1918903834_n.jpg\" data-attachment-id=\"1231\" data-type=\"image\" class=\"fg-thumb\"><span class=\"fg-image-wrap\"><img decoding=\"async\" width=\"300\" height=\"181\" class=\"skip-lazy fg-image\" data-src-fg=\"https:\/\/jzi.org.pl\/wp-content\/uploads\/cache\/2017\/07\/418502_378572902155990_1918903834_n\/1946946474.jpg\" src=\"data:image\/svg+xml,%3Csvg%20xmlns%3D%22http%3A%2F%2Fwww.w3.org%2F2000%2Fsvg%22%20width%3D%22300%22%20height%3D%22181%22%20viewBox%3D%220%200%20300%20181%22%3E%3C%2Fsvg%3E\" alt=\"Zwyczaj ostatniego po\u017cegnania zmar\u0142ego przy otwartej trumnie. Jan Noruk zmar\u0142 w wieku 77 lat\" loading=\"eager\"><\/span><span class=\"fg-image-overlay\"><\/span><\/a><\/figure><div class=\"fg-loader\"><\/div><\/div><div class=\"fg-item fg-type-image fg-idle\"><figure class=\"fg-item-inner\"><a href=\"https:\/\/jzi.org.pl\/wp-content\/uploads\/2017\/07\/425698_378572675489346_1387547793_n.jpg\" data-attachment-id=\"1230\" data-type=\"image\" class=\"fg-thumb\"><span class=\"fg-image-wrap\"><img decoding=\"async\" width=\"300\" height=\"221\" class=\"skip-lazy fg-image\" data-src-fg=\"https:\/\/jzi.org.pl\/wp-content\/uploads\/cache\/2017\/07\/425698_378572675489346_1387547793_n\/2878567524.jpg\" src=\"data:image\/svg+xml,%3Csvg%20xmlns%3D%22http%3A%2F%2Fwww.w3.org%2F2000%2Fsvg%22%20width%3D%22300%22%20height%3D%22221%22%20viewBox%3D%220%200%20300%20221%22%3E%3C%2Fsvg%3E\" alt=\"Poczet sztandarowy wraz z uroczyst\u0105 asyst\u0105 stra\u017cak\u00f3w podczas pogrzebu Jana Noruka w Jami\u0144skim ko\u015bciele.\" loading=\"eager\"><\/span><span class=\"fg-image-overlay\"><\/span><\/a><\/figure><div class=\"fg-loader\"><\/div><\/div><div class=\"fg-item fg-type-image fg-idle\"><figure class=\"fg-item-inner\"><a href=\"https:\/\/jzi.org.pl\/wp-content\/uploads\/2017\/07\/430238_378572615489352_1374239004_n.jpg\" data-attachment-id=\"1229\" data-type=\"image\" class=\"fg-thumb\"><span class=\"fg-image-wrap\"><img decoding=\"async\" width=\"300\" height=\"453\" class=\"skip-lazy fg-image\" data-src-fg=\"https:\/\/jzi.org.pl\/wp-content\/uploads\/cache\/2017\/07\/430238_378572615489352_1374239004_n\/3468774454.jpg\" src=\"data:image\/svg+xml,%3Csvg%20xmlns%3D%22http%3A%2F%2Fwww.w3.org%2F2000%2Fsvg%22%20width%3D%22300%22%20height%3D%22453%22%20viewBox%3D%220%200%20300%20453%22%3E%3C%2Fsvg%3E\" alt=\"Pogrzeb stra\u017caka, Jana Noruka, wsp\u00f3\u0142za\u0142o\u017cyciela ochotniczej stra\u017cy po\u017carnej w Jaziewie\" loading=\"eager\"><\/span><span class=\"fg-image-overlay\"><\/span><\/a><\/figure><div class=\"fg-loader\"><\/div><\/div><div class=\"fg-item fg-type-image fg-idle\"><figure class=\"fg-item-inner\"><a href=\"https:\/\/jzi.org.pl\/wp-content\/uploads\/2017\/07\/418005_378572835489330_351772256_n.jpg\" data-attachment-id=\"1233\" data-type=\"image\" class=\"fg-thumb\"><span class=\"fg-image-wrap\"><img decoding=\"async\" width=\"300\" height=\"188\" class=\"skip-lazy fg-image\" data-src-fg=\"https:\/\/jzi.org.pl\/wp-content\/uploads\/cache\/2017\/07\/418005_378572835489330_351772256_n\/1837338545.jpg\" src=\"data:image\/svg+xml,%3Csvg%20xmlns%3D%22http%3A%2F%2Fwww.w3.org%2F2000%2Fsvg%22%20width%3D%22300%22%20height%3D%22188%22%20viewBox%3D%220%200%20300%20188%22%3E%3C%2Fsvg%3E\" alt=\"Miejsce poch\u00f3wku Jana Noruka, tu\u017c obok spokrewnionego grobu rodziny Kami\u0144skich na cmentarzu w Jaminach.\" loading=\"eager\"><\/span><span class=\"fg-image-overlay\"><\/span><\/a><\/figure><div class=\"fg-loader\"><\/div><\/div><div class=\"fg-item fg-type-image fg-idle\"><figure class=\"fg-item-inner\"><a href=\"https:\/\/jzi.org.pl\/wp-content\/uploads\/2017\/07\/424327_378572745489339_1363336067_n.jpg\" data-attachment-id=\"1232\" data-type=\"image\" class=\"fg-thumb\"><span class=\"fg-image-wrap\"><img decoding=\"async\" width=\"300\" height=\"191\" class=\"skip-lazy fg-image\" data-src-fg=\"https:\/\/jzi.org.pl\/wp-content\/uploads\/cache\/2017\/07\/424327_378572745489339_1363336067_n\/2394526020.jpg\" src=\"data:image\/svg+xml,%3Csvg%20xmlns%3D%22http%3A%2F%2Fwww.w3.org%2F2000%2Fsvg%22%20width%3D%22300%22%20height%3D%22191%22%20viewBox%3D%220%200%20300%20191%22%3E%3C%2Fsvg%3E\" alt=\"Najbli\u017csza rodzina nad trumn\u0105 na jami\u0144skim cmentarzu\" loading=\"eager\"><\/span><span class=\"fg-image-overlay\"><\/span><\/a><\/figure><div class=\"fg-loader\"><\/div><\/div><div class=\"fg-item fg-type-image fg-idle\"><figure class=\"fg-item-inner\"><a href=\"https:\/\/jzi.org.pl\/wp-content\/uploads\/2017\/07\/430723_378587045487909_1364772899_n.jpg\" data-attachment-id=\"1234\" data-type=\"image\" class=\"fg-thumb\"><span class=\"fg-image-wrap\"><img decoding=\"async\" width=\"300\" height=\"225\" class=\"skip-lazy fg-image\" data-src-fg=\"https:\/\/jzi.org.pl\/wp-content\/uploads\/cache\/2017\/07\/430723_378587045487909_1364772899_n\/2987517439.jpg\" src=\"data:image\/svg+xml,%3Csvg%20xmlns%3D%22http%3A%2F%2Fwww.w3.org%2F2000%2Fsvg%22%20width%3D%22300%22%20height%3D%22225%22%20viewBox%3D%220%200%20300%20225%22%3E%3C%2Fsvg%3E\" alt=\"Nowy gr\u00f3b rodzinny Noruk\u00f3w na cm w JaminachNorbet Noruk syn JanaPelagia Noruk, matka Jana NorukaZyta Noruk c\u00f3rka JanaJan NorukNatalia \u017cona Jana Noruka z domu Milewska Stanis\u0142aw Noruk wnuk Jana syn EdwardaJanusz Noruk , wnuk Jana syna EdwardaMariusz Noruk, wnuk Jana syn EdwardaEdward Noruk syn JanaSiostra Aopolonia Noruk pochowana w grobie swego ojca Antoniego Noruka w Jaminach (po lewej, tu\u017c przed ko\u015bcio\u0142em)J\u00f3zefa Milewska jego siostra pochowana na cm w JaminachSiostra W\u0142adys\u0142awa (moja babcia) pochowana na cm w Sok\u00f3\u0142cePozosta\u0142e rodze\u0144stwo Jana; to Stanis\u0142aw (los nieustalony) i Adolf zmar\u0142y jako dziecko.\" loading=\"eager\"><\/span><span class=\"fg-image-overlay\"><\/span><\/a><\/figure><div class=\"fg-loader\"><\/div><\/div><\/div>\n<p>&nbsp;<\/p>","protected":false},"excerpt":{"rendered":"<p>Jan Noruk (31.07.1895-27.02.1973). Podobno do\u015b\u0107 apodyktyczny. Rz\u0105dzi\u0142 w domu tward\u0105 r\u0119k\u0105. Wg relacji rodzinnych by\u0142 Pi\u0142sudczykiem i cz\u0142onkiem organizacji POW. Stra\u017cak i dzia\u0142acz spo\u0142eczny. Prowadzi\u0142 bibliotek\u0119 w Jaziewie. Mia\u0142 uko\u0144czonych 7 klas, co jak na \u00f3wczesne czasy by\u0142o znacz\u0105ce, a jako cz\u0142onek POW m\u00f3g\u0142 w mi\u0119dzywojennej Polsce &#8222;darmo kszta\u0142ci\u0107 swoje dzieci&#8221; co niestety uniemo\u017cliwi\u0142a wojna. [&hellip;]<\/p>\n","protected":false},"author":1,"featured_media":1228,"parent":1223,"menu_order":0,"comment_status":"open","ping_status":"closed","template":"","meta":{"h5ap_radio_sources":[],"jetpack_post_was_ever_published":false,"footnotes":""},"class_list":["post-13189","page","type-page","status-publish","has-post-thumbnail","hentry"],"yoast_head":"<!-- This site is optimized with the Yoast SEO plugin v27.4 - https:\/\/yoast.com\/product\/yoast-seo-wordpress\/ -->\n<title>Jan Noruk i stra\u017cacy z Jaziewa - Jami\u0144ski Zesp\u00f3\u0142 Indeksacyjny<\/title>\n<meta name=\"description\" content=\"Jan Noruk by\u0142 Pi\u0142sudczykiem i cz\u0142onkiem organizacji POW. Stra\u017cak i dzia\u0142acz spo\u0142eczny. Prowadzi\u0142 bibliotek\u0119 w Jaziewie. Mia\u0142 uko\u0144czonych 7 klas.\" \/>\n<meta name=\"robots\" content=\"index, follow, max-snippet:-1, max-image-preview:large, max-video-preview:-1\" \/>\n<link rel=\"canonical\" href=\"https:\/\/jzi.org.pl\/en\/galerie\/ludzie-stad\/jan-noruk-i-strazacy-z-jaziewa\/\" \/>\n<meta property=\"og:locale\" content=\"en_US\" \/>\n<meta property=\"og:type\" content=\"article\" \/>\n<meta property=\"og:title\" content=\"Jan Noruk i stra\u017cacy z Jaziewa\" \/>\n<meta property=\"og:description\" content=\"Jan Noruk by\u0142 Pi\u0142sudczykiem i cz\u0142onkiem organizacji POW. Stra\u017cak i dzia\u0142acz spo\u0142eczny. Prowadzi\u0142 bibliotek\u0119 w Jaziewie. Mia\u0142 uko\u0144czonych 7 klas.\" \/>\n<meta property=\"og:url\" content=\"https:\/\/jzi.org.pl\/en\/galerie\/ludzie-stad\/jan-noruk-i-strazacy-z-jaziewa\/\" \/>\n<meta property=\"og:site_name\" content=\"Jami\u0144ski Zesp\u00f3\u0142 Indeksacyjny\" \/>\n<meta property=\"article:publisher\" content=\"https:\/\/www.facebook.com\/Jaminski.Zespol.Indeksacyjny\/\" \/>\n<meta property=\"og:image\" content=\"https:\/\/jzi.org.pl\/wp-content\/uploads\/2017\/07\/398435_378571632156117_1564629251_n.jpg\" \/>\n\t<meta property=\"og:image:width\" content=\"960\" \/>\n\t<meta property=\"og:image:height\" content=\"698\" \/>\n\t<meta property=\"og:image:type\" content=\"image\/jpeg\" \/>\n<meta name=\"twitter:card\" content=\"summary_large_image\" \/>\n<meta name=\"twitter:label1\" content=\"Est. reading time\" \/>\n\t<meta name=\"twitter:data1\" content=\"1 minute\" \/>\n<script type=\"application\/ld+json\" class=\"yoast-schema-graph\">{\"@context\":\"https:\\\/\\\/schema.org\",\"@graph\":[{\"@type\":\"WebPage\",\"@id\":\"https:\\\/\\\/jzi.org.pl\\\/galerie\\\/ludzie-stad\\\/jan-noruk-i-strazacy-z-jaziewa\\\/\",\"url\":\"https:\\\/\\\/jzi.org.pl\\\/galerie\\\/ludzie-stad\\\/jan-noruk-i-strazacy-z-jaziewa\\\/\",\"name\":\"Jan Noruk i stra\u017cacy z Jaziewa - Jami\u0144ski Zesp\u00f3\u0142 Indeksacyjny\",\"isPartOf\":{\"@id\":\"https:\\\/\\\/jzi.org.pl\\\/#website\"},\"primaryImageOfPage\":{\"@id\":\"https:\\\/\\\/jzi.org.pl\\\/galerie\\\/ludzie-stad\\\/jan-noruk-i-strazacy-z-jaziewa\\\/#primaryimage\"},\"image\":{\"@id\":\"https:\\\/\\\/jzi.org.pl\\\/galerie\\\/ludzie-stad\\\/jan-noruk-i-strazacy-z-jaziewa\\\/#primaryimage\"},\"thumbnailUrl\":\"https:\\\/\\\/jzi.org.pl\\\/wp-content\\\/uploads\\\/2017\\\/07\\\/398435_378571632156117_1564629251_n.jpg\",\"datePublished\":\"2020-05-08T05:38:40+00:00\",\"description\":\"Jan Noruk by\u0142 Pi\u0142sudczykiem i cz\u0142onkiem organizacji POW. Stra\u017cak i dzia\u0142acz spo\u0142eczny. Prowadzi\u0142 bibliotek\u0119 w Jaziewie. Mia\u0142 uko\u0144czonych 7 klas.\",\"breadcrumb\":{\"@id\":\"https:\\\/\\\/jzi.org.pl\\\/galerie\\\/ludzie-stad\\\/jan-noruk-i-strazacy-z-jaziewa\\\/#breadcrumb\"},\"inLanguage\":\"en-US\",\"potentialAction\":[{\"@type\":\"ReadAction\",\"target\":[\"https:\\\/\\\/jzi.org.pl\\\/galerie\\\/ludzie-stad\\\/jan-noruk-i-strazacy-z-jaziewa\\\/\"]}]},{\"@type\":\"ImageObject\",\"inLanguage\":\"en-US\",\"@id\":\"https:\\\/\\\/jzi.org.pl\\\/galerie\\\/ludzie-stad\\\/jan-noruk-i-strazacy-z-jaziewa\\\/#primaryimage\",\"url\":\"https:\\\/\\\/jzi.org.pl\\\/wp-content\\\/uploads\\\/2017\\\/07\\\/398435_378571632156117_1564629251_n.jpg\",\"contentUrl\":\"https:\\\/\\\/jzi.org.pl\\\/wp-content\\\/uploads\\\/2017\\\/07\\\/398435_378571632156117_1564629251_n.jpg\",\"width\":960,\"height\":698},{\"@type\":\"BreadcrumbList\",\"@id\":\"https:\\\/\\\/jzi.org.pl\\\/galerie\\\/ludzie-stad\\\/jan-noruk-i-strazacy-z-jaziewa\\\/#breadcrumb\",\"itemListElement\":[{\"@type\":\"ListItem\",\"position\":1,\"name\":\"Strona g\u0142\u00f3wna\",\"item\":\"https:\\\/\\\/jzi.org.pl\\\/\"},{\"@type\":\"ListItem\",\"position\":2,\"name\":\"Galerie\",\"item\":\"https:\\\/\\\/jzi.org.pl\\\/galerie\\\/\"},{\"@type\":\"ListItem\",\"position\":3,\"name\":\"Ludzie st\u0105d\",\"item\":\"https:\\\/\\\/jzi.org.pl\\\/galerie\\\/ludzie-stad\\\/\"},{\"@type\":\"ListItem\",\"position\":4,\"name\":\"Jan Noruk i stra\u017cacy z Jaziewa\"}]},{\"@type\":\"WebSite\",\"@id\":\"https:\\\/\\\/jzi.org.pl\\\/#website\",\"url\":\"https:\\\/\\\/jzi.org.pl\\\/\",\"name\":\"Jami\u0144ski Zesp\u00f3\u0142 Indeksacyjny\",\"description\":\"\",\"publisher\":{\"@id\":\"https:\\\/\\\/jzi.org.pl\\\/#organization\"},\"potentialAction\":[{\"@type\":\"SearchAction\",\"target\":{\"@type\":\"EntryPoint\",\"urlTemplate\":\"https:\\\/\\\/jzi.org.pl\\\/?s={search_term_string}\"},\"query-input\":{\"@type\":\"PropertyValueSpecification\",\"valueRequired\":true,\"valueName\":\"search_term_string\"}}],\"inLanguage\":\"en-US\"},{\"@type\":\"Organization\",\"@id\":\"https:\\\/\\\/jzi.org.pl\\\/#organization\",\"name\":\"Jami\u0144ski Zesp\u00f3\u0142 Indeksacyjny\",\"url\":\"https:\\\/\\\/jzi.org.pl\\\/\",\"logo\":{\"@type\":\"ImageObject\",\"inLanguage\":\"en-US\",\"@id\":\"https:\\\/\\\/jzi.org.pl\\\/#\\\/schema\\\/logo\\\/image\\\/\",\"url\":\"https:\\\/\\\/jzi.org.pl\\\/wp-content\\\/uploads\\\/2019\\\/03\\\/logo-stowarzyszenie-jzi.png\",\"contentUrl\":\"https:\\\/\\\/jzi.org.pl\\\/wp-content\\\/uploads\\\/2019\\\/03\\\/logo-stowarzyszenie-jzi.png\",\"width\":931,\"height\":990,\"caption\":\"Jami\u0144ski Zesp\u00f3\u0142 Indeksacyjny\"},\"image\":{\"@id\":\"https:\\\/\\\/jzi.org.pl\\\/#\\\/schema\\\/logo\\\/image\\\/\"},\"sameAs\":[\"https:\\\/\\\/www.facebook.com\\\/Jaminski.Zespol.Indeksacyjny\\\/\"]}]}<\/script>\n<!-- \/ Yoast SEO plugin. -->","yoast_head_json":{"title":"Jan Noruk i stra\u017cacy z Jaziewa - Jami\u0144ski Zesp\u00f3\u0142 Indeksacyjny","description":"Jan Noruk by\u0142 Pi\u0142sudczykiem i cz\u0142onkiem organizacji POW. Stra\u017cak i dzia\u0142acz spo\u0142eczny. Prowadzi\u0142 bibliotek\u0119 w Jaziewie. Mia\u0142 uko\u0144czonych 7 klas.","robots":{"index":"index","follow":"follow","max-snippet":"max-snippet:-1","max-image-preview":"max-image-preview:large","max-video-preview":"max-video-preview:-1"},"canonical":"https:\/\/jzi.org.pl\/en\/galerie\/ludzie-stad\/jan-noruk-i-strazacy-z-jaziewa\/","og_locale":"en_US","og_type":"article","og_title":"Jan Noruk i stra\u017cacy z Jaziewa","og_description":"Jan Noruk by\u0142 Pi\u0142sudczykiem i cz\u0142onkiem organizacji POW. Stra\u017cak i dzia\u0142acz spo\u0142eczny. Prowadzi\u0142 bibliotek\u0119 w Jaziewie. Mia\u0142 uko\u0144czonych 7 klas.","og_url":"https:\/\/jzi.org.pl\/en\/galerie\/ludzie-stad\/jan-noruk-i-strazacy-z-jaziewa\/","og_site_name":"Jami\u0144ski Zesp\u00f3\u0142 Indeksacyjny","article_publisher":"https:\/\/www.facebook.com\/Jaminski.Zespol.Indeksacyjny\/","og_image":[{"width":960,"height":698,"url":"https:\/\/jzi.org.pl\/wp-content\/uploads\/2017\/07\/398435_378571632156117_1564629251_n.jpg","type":"image\/jpeg"}],"twitter_card":"summary_large_image","twitter_misc":{"Est. reading time":"1 minute"},"schema":{"@context":"https:\/\/schema.org","@graph":[{"@type":"WebPage","@id":"https:\/\/jzi.org.pl\/galerie\/ludzie-stad\/jan-noruk-i-strazacy-z-jaziewa\/","url":"https:\/\/jzi.org.pl\/galerie\/ludzie-stad\/jan-noruk-i-strazacy-z-jaziewa\/","name":"Jan Noruk i stra\u017cacy z Jaziewa - Jami\u0144ski Zesp\u00f3\u0142 Indeksacyjny","isPartOf":{"@id":"https:\/\/jzi.org.pl\/#website"},"primaryImageOfPage":{"@id":"https:\/\/jzi.org.pl\/galerie\/ludzie-stad\/jan-noruk-i-strazacy-z-jaziewa\/#primaryimage"},"image":{"@id":"https:\/\/jzi.org.pl\/galerie\/ludzie-stad\/jan-noruk-i-strazacy-z-jaziewa\/#primaryimage"},"thumbnailUrl":"https:\/\/jzi.org.pl\/wp-content\/uploads\/2017\/07\/398435_378571632156117_1564629251_n.jpg","datePublished":"2020-05-08T05:38:40+00:00","description":"Jan Noruk by\u0142 Pi\u0142sudczykiem i cz\u0142onkiem organizacji POW. Stra\u017cak i dzia\u0142acz spo\u0142eczny. Prowadzi\u0142 bibliotek\u0119 w Jaziewie. Mia\u0142 uko\u0144czonych 7 klas.","breadcrumb":{"@id":"https:\/\/jzi.org.pl\/galerie\/ludzie-stad\/jan-noruk-i-strazacy-z-jaziewa\/#breadcrumb"},"inLanguage":"en-US","potentialAction":[{"@type":"ReadAction","target":["https:\/\/jzi.org.pl\/galerie\/ludzie-stad\/jan-noruk-i-strazacy-z-jaziewa\/"]}]},{"@type":"ImageObject","inLanguage":"en-US","@id":"https:\/\/jzi.org.pl\/galerie\/ludzie-stad\/jan-noruk-i-strazacy-z-jaziewa\/#primaryimage","url":"https:\/\/jzi.org.pl\/wp-content\/uploads\/2017\/07\/398435_378571632156117_1564629251_n.jpg","contentUrl":"https:\/\/jzi.org.pl\/wp-content\/uploads\/2017\/07\/398435_378571632156117_1564629251_n.jpg","width":960,"height":698},{"@type":"BreadcrumbList","@id":"https:\/\/jzi.org.pl\/galerie\/ludzie-stad\/jan-noruk-i-strazacy-z-jaziewa\/#breadcrumb","itemListElement":[{"@type":"ListItem","position":1,"name":"Strona g\u0142\u00f3wna","item":"https:\/\/jzi.org.pl\/"},{"@type":"ListItem","position":2,"name":"Galerie","item":"https:\/\/jzi.org.pl\/galerie\/"},{"@type":"ListItem","position":3,"name":"Ludzie st\u0105d","item":"https:\/\/jzi.org.pl\/galerie\/ludzie-stad\/"},{"@type":"ListItem","position":4,"name":"Jan Noruk i stra\u017cacy z Jaziewa"}]},{"@type":"WebSite","@id":"https:\/\/jzi.org.pl\/#website","url":"https:\/\/jzi.org.pl\/","name":"Jaminy Indexing Team","description":"","publisher":{"@id":"https:\/\/jzi.org.pl\/#organization"},"potentialAction":[{"@type":"SearchAction","target":{"@type":"EntryPoint","urlTemplate":"https:\/\/jzi.org.pl\/?s={search_term_string}"},"query-input":{"@type":"PropertyValueSpecification","valueRequired":true,"valueName":"search_term_string"}}],"inLanguage":"en-US"},{"@type":"Organization","@id":"https:\/\/jzi.org.pl\/#organization","name":"Jaminy Indexing Team","url":"https:\/\/jzi.org.pl\/","logo":{"@type":"ImageObject","inLanguage":"en-US","@id":"https:\/\/jzi.org.pl\/#\/schema\/logo\/image\/","url":"https:\/\/jzi.org.pl\/wp-content\/uploads\/2019\/03\/logo-stowarzyszenie-jzi.png","contentUrl":"https:\/\/jzi.org.pl\/wp-content\/uploads\/2019\/03\/logo-stowarzyszenie-jzi.png","width":931,"height":990,"caption":"Jami\u0144ski Zesp\u00f3\u0142 Indeksacyjny"},"image":{"@id":"https:\/\/jzi.org.pl\/#\/schema\/logo\/image\/"},"sameAs":["https:\/\/www.facebook.com\/Jaminski.Zespol.Indeksacyjny\/"]}]}},"jetpack_likes_enabled":true,"jetpack_sharing_enabled":true,"_links":{"self":[{"href":"https:\/\/jzi.org.pl\/en\/wp-json\/wp\/v2\/pages\/13189","targetHints":{"allow":["GET"]}}],"collection":[{"href":"https:\/\/jzi.org.pl\/en\/wp-json\/wp\/v2\/pages"}],"about":[{"href":"https:\/\/jzi.org.pl\/en\/wp-json\/wp\/v2\/types\/page"}],"author":[{"embeddable":true,"href":"https:\/\/jzi.org.pl\/en\/wp-json\/wp\/v2\/users\/1"}],"replies":[{"embeddable":true,"href":"https:\/\/jzi.org.pl\/en\/wp-json\/wp\/v2\/comments?post=13189"}],"version-history":[{"count":0,"href":"https:\/\/jzi.org.pl\/en\/wp-json\/wp\/v2\/pages\/13189\/revisions"}],"up":[{"embeddable":true,"href":"https:\/\/jzi.org.pl\/en\/wp-json\/wp\/v2\/pages\/1223"}],"wp:featuredmedia":[{"embeddable":true,"href":"https:\/\/jzi.org.pl\/en\/wp-json\/wp\/v2\/media\/1228"}],"wp:attachment":[{"href":"https:\/\/jzi.org.pl\/en\/wp-json\/wp\/v2\/media?parent=13189"}],"curies":[{"name":"wp","href":"https:\/\/api.w.org\/{rel}","templated":true}]}}